{"id":64,"date":"2014-11-24T12:11:08","date_gmt":"2014-11-24T10:11:08","guid":{"rendered":"https:\/\/timf.upg-ploiesti.ro\/wp\/?page_id=64"},"modified":"2024-12-10T16:32:07","modified_gmt":"2024-12-10T14:32:07","slug":"home","status":"publish","type":"page","link":"https:\/\/timf.upg-ploiesti.ro\/www\/home\/","title":{"rendered":"Home"},"content":{"rendered":"\n<p><strong>Departamentul Informatic\u0103, Tehnologia Informa\u021biei, Matematic\u0103 \u0219i Fizic\u0103<\/strong> a fost \u00eenfiin\u021bat \u00een anul 2011, prin unirea Colectivelor de Informatic\u0103, Matematic\u0103 \u0219i Fizic\u0103.<\/p>\n\n\n\n<p>Departamentul coordoneaz\u0103 programele de studii:<\/p>\n\n\n\n<ul><li>Program de <strong>licen\u021b\u0103 <\/strong>domeniul <strong>Informatic\u0103<\/strong>;<\/li><li>Program de <strong>master <\/strong>domeniul <strong>Informatic\u0103 <\/strong>\u2013 \u201c<strong>Tehnologii Avansate pentru Prelucrarea Informa\u021biei<\/strong>\u201d.<\/li><\/ul>\n\n\n\n<p>\u00cen urma reevalu\u0103rii periodice, f\u0103cute o dat\u0103 la 5 ani, ambele programe de studii universitare \u00een domeniul Informatic\u0103, coordonate de departamentul iTIMF, \u00ee\u0219i men\u021bin acreditarea, cu calificativul maxim:<\/p>\n\n\n\n<ul><li><strong>licen\u021b\u0103<\/strong>, specializarea <strong>Informatic\u0103<\/strong>, \u00eenfiin\u021bat\u0103 \u00een 1992, ultima re-acreditare 28 februarie 2023; detalii <strong><a href=\"https:\/\/www.aracis.ro\/wp-content\/uploads\/2023\/03\/28.02.2023Hotarari-ale-Consiliului-ARACIS.pdf\" target=\"_blank\" rel=\"noreferrer noopener\">aici<\/a><\/strong>.<\/li><li><strong>masterat<\/strong>, <strong>Tehnologii Avansate pentru Prelucrarea Informa\u021biei<\/strong>, \u00eenfiin\u021bat \u00een 2004, &nbsp;ultima re-acreditare 21 martie 2019; detalii <a href=\"https:\/\/www.aracis.ro\/wp-content\/uploads\/2019\/03\/21.03.2019Hotarari_ale_Consiliului_ARACIS_021.pdf\" target=\"_blank\" rel=\"noreferrer noopener\"><strong>aici<\/strong><\/a>.<\/li><\/ul>\n\n\n\n<hr class=\"wp-block-separator is-style-wide\"\/>\n\n\n\n<h4><strong>De ce s\u0103 fi\u0163i studen\u0163i la licen\u0163\u0103 \u00een Informatic\u0103 \/ la master \u00een Informatic\u0103 (Tehnologii Avansate pentru Prelucrarea Informa\u0163iei)?<\/strong><\/h4>\n\n\n\n<ul><li>pentru c\u0103 suntem o comunitate, unit\u0103, studen\u021bi, absolven\u021bi, cadre didactice, \u00een lumea real\u0103<\/li><li>pentru c\u0103 suntem o comunitate unit\u0103 \u0219i \u00een lumea online, pe infoAI &#8211; platforma noastr\u0103 de educa\u021bie formal\u0103 \u0219i informal\u0103, bazat\u0103 pe Discord<\/li><li>pentru c\u0103 studiem lucruri interesante \u0219i de folos, at\u00e2t la <strong><a href=\"https:\/\/timf.upg-ploiesti.ro\/www\/educatie\/licenta-informatica\/\">licen\u021b\u0103<\/a><\/strong>, c\u00e2t \u0219i la <strong><a href=\"https:\/\/timf.upg-ploiesti.ro\/www\/educatie\/master-informatica\/\">master<\/a><\/strong><\/li><li>pentru c\u0103 studen\u021bii no\u0219tri au multe <strong><a href=\"https:\/\/timf.upg-ploiesti.ro\/www\/realizari-studenti\/\">realiz\u0103ri<\/a><\/strong> \u0219i <strong><a href=\"https:\/\/timf.upg-ploiesti.ro\/www\/evenimente\/evenimente-studentesti\/\">experien\u021be<\/a><\/strong> interesante, inclusiv \u00eent\u00e2lniri periodice cu angajatori<\/li><li>pentru c\u0103 studen\u021bii no\u0219tri vor avea parte de o <a href=\"https:\/\/timf.upg-ploiesti.ro\/www\/evenimente\/evenimente-studentesti\/\"><strong>via\u021b\u0103 studen\u021beasc\u0103<\/strong><\/a> pl\u0103cut\u0103, cu <a href=\"https:\/\/www.upg-ploiesti.ro\/ro\/camine-studentesti\u00e2\"><strong>cazare la c\u0103min<\/strong><\/a> asigurat\u0103, cu posibilit\u0103\u021bi de <strong><a href=\"https:\/\/ls.upg-ploiesti.ro\/studenti\/#burse\">burse<\/a> <\/strong>diverse, cu activit\u0103\u021bi extra-curriculare<\/li><li>pentru c\u0103 studen\u021bii \u0219i <strong><a href=\"https:\/\/timf.upg-ploiesti.ro\/www\/testimoniale\/\">absolven\u021bii no\u0219tri<\/a><\/strong> apreciaz\u0103 mediul de \u00eenv\u0103\u021bare, cunoa\u0219terea dob\u00e2ndit\u0103 \u0219i oportunit\u0103\u021bile rezultate<\/li><li>pentru c\u0103&nbsp;absolven\u021bii no\u0219tri lucreaz\u0103 \u00een companii cu impact \u00een societate sau sunt antreprenori de succes<\/li><\/ul>\n\n\n\n<hr class=\"wp-block-separator is-style-wide\"\/>\n\n\n\n<h4><strong>Turul virtual al Departamentului ITIMF<\/strong>:<\/h4>\n\n\n<p><iframe src=\"https:\/\/app.lapentor.com\/sphere\/facultatea-de-litere-si-stiinte-1624866795\" width=\"100%\" height=\"400px\" frameborder=\"0\" scrolling=\"no\" allowfullscreen=\"allowfullscreen\"><\/iframe><\/p>\n<div class=\"entry-summary\"><hr \/>\n<h1>Colectiv<\/h1>\n<h3>\u00a0<\/h3>\n<h2><strong>Consiliul Departamentului<\/strong><\/h2>\n<ul>\n<li>Lector dr. fiz. Anca Baciu \u2013 director departament<\/li>\n<li>Conf. dr. inf. Gabriela Moise<\/li>\n<li>Lector dr. mat. Lidia Iancu<\/li>\n<li>Lector dr. inf. Elia Dragomir<\/li>\n<li>Lector dr. inf. Liviu Ioni\u021b\u0103<\/li>\n<\/ul>\n<h4>Contact<\/h4>\n<ul>\n<li><strong>E-mail departament: <a href=\"mailto:itimf@upg-ploiesti.ro\" target=\"_blank\" rel=\"noopener noreferrer\">itimf@upg-ploiesti.ro<\/a><\/strong><\/li>\n<\/ul>\n<h2><strong>Profesori<\/strong><\/h2>\n<figure class=\"wp-block-table\">\n<table>\n<tbody>\n<tr>\n<td><strong>Nr. crt.<\/strong><\/td>\n<td><strong>Nume \u0219i prenume<\/strong><\/td>\n<td><strong>E-mail<\/strong><\/td>\n<\/tr>\n<tr>\n<td>1.<\/td>\n<td style=\"text-align: left;\">Prof. univ. dr. Lambrescu Ionu\u021b<\/td>\n<td>ilambrescu@upg-ploiesti.ro<\/td>\n<\/tr>\n<tr>\n<td>2.<\/td>\n<td style=\"text-align: left;\">Conf.\u00a0 univ. dr. Constantinescu Zoran<\/td>\n<td>zoran@upg-ploiesti.ro<\/td>\n<\/tr>\n<tr>\n<td>3.<\/td>\n<td style=\"text-align: left;\">Conf.\u00a0 univ. dr. Moise Gabriela<\/td>\n<td>gmoise@upg-ploiesti.ro<\/td>\n<\/tr>\n<tr>\n<td>4.<\/td>\n<td style=\"text-align: left;\">Conf.\u00a0 univ. dr. Nicoar\u0103 Simona<\/td>\n<td>snicoara@upg-ploiesti.ro<\/td>\n<\/tr>\n<tr>\n<td>5.<\/td>\n<td style=\"text-align: left;\">Conf.\u00a0 univ. dr. V\u00eelcu Alina<\/td>\n<td>daniela.vilcu@upg-ploiesti.ro<\/td>\n<\/tr>\n<tr>\n<td>6.<\/td>\n<td style=\"text-align: left;\">Conf.\u00a0 univ. dr. Vl\u0103doiu Monica<\/td>\n<td>mvladoiu@upg-ploiesti.ro<\/td>\n<\/tr>\n<tr>\n<td>7.<\/td>\n<td style=\"text-align: left;\">Lect. univ. dr. Aldescu \u00a0Iuliana<\/td>\n<td>idobre@upg-ploiesti.ro<\/td>\n<\/tr>\n<tr>\n<td>8.<\/td>\n<td style=\"text-align: left;\">Lect. univ. dr. Baciu Anca<\/td>\n<td>abaciu@upg-ploiesti.ro<\/td>\n<\/tr>\n<tr>\n<td>9.<\/td>\n<td style=\"text-align: left;\">Lect. univ. dr. Boaca Tudor<\/td>\n<td>tboaca@upg-ploiesti.ro<\/td>\n<\/tr>\n<tr>\n<td>10.<\/td>\n<td style=\"text-align: left;\">Lect. univ. dr. Borsos Zoltan<\/td>\n<td>borzolh@upg-ploiesti.ro<\/td>\n<\/tr>\n<tr>\n<td>11.<\/td>\n<td style=\"text-align: left;\">Lect. univ. dr. Dragomir Elia<\/td>\n<td>elia.dragomir@upg-ploiesti.ro<\/td>\n<\/tr>\n<tr>\n<td>12.<\/td>\n<td style=\"text-align: left;\">Lect. univ. dr. Iancu Lidia<\/td>\n<td>lidia.iancu@upg-ploiesti.ro<\/td>\n<\/tr>\n<tr>\n<td>13.<\/td>\n<td style=\"text-align: left;\">Lect. univ. dr. Ioni\u021b\u0103 Irina<\/td>\n<td>irinat@upg-ploiesti.ro<\/td>\n<\/tr>\n<tr>\n<td>14.<\/td>\n<td style=\"text-align: left;\">Lect. univ. dr. Ioni\u021b\u0103 Liviu<\/td>\n<td>iliviu@upg-ploiesti.ro<\/td>\n<\/tr>\n<tr>\n<td>15.<\/td>\n<td style=\"text-align: left;\">Lect. univ. dr. Iosif Alina<\/td>\n<td>emilia.iosif@upg-ploiesti.ro<\/td>\n<\/tr>\n<tr>\n<td>16.<\/td>\n<td style=\"text-align: left;\">Lect. univ. dr. Maniu Georgeta<\/td>\n<td>georgeta.maniu@upg-ploiesti.ro<\/td>\n<\/tr>\n<tr>\n<td>17.<\/td>\n<td style=\"text-align: left;\">Lect. univ. dr. Nan Georgeta<\/td>\n<td>nangeorgeta@upg-ploiesti.ro<\/td>\n<\/tr>\n<tr>\n<td>18.<\/td>\n<td style=\"text-align: left;\">Lect. univ. dr. Necula Mihaela<\/td>\n<td>mnecula@upg-ploiesti.ro<\/td>\n<\/tr>\n<tr>\n<td>19.<\/td>\n<td style=\"text-align: left;\">Lect. univ. dr. \u0218chiopu Daniela<\/td>\n<td>dschiopu@upg-ploiesti.ro<\/td>\n<\/tr>\n<tr>\n<td>20.<\/td>\n<td style=\"text-align: left;\">Lect. univ. dr. \u0218tefan Alin<\/td>\n<td>nastefan@upg-ploiesti.ro<\/td>\n<\/tr>\n<tr>\n<td>21.<\/td>\n<td style=\"text-align: left;\">Lect. univ. dr. Tudor Liviana<\/td>\n<td>ltudor@upg-ploiesti.ro<\/td>\n<\/tr>\n<tr>\n<td>22.<\/td>\n<td style=\"text-align: left;\">Lect. univ. dr. Tudoric\u0103 Daniela<\/td>\n<td>dtudorica@upg-ploiesti.ro<\/td>\n<\/tr>\n<tr>\n<td>23.<\/td>\n<td style=\"text-align: left;\">Asist. univ. dr. Nicolae Mihai<\/td>\n<td>mihai.nicolae@upg-ploiesti.ro<\/td>\n<\/tr>\n<\/tbody>\n<\/table>\n<\/figure>\n<h3>\u00a0<\/h3>\n<h2><strong>Profesori asocia\u021bi<\/strong><\/h2>\n<figure class=\"wp-block-table\">\n<table>\n<tbody>\n<tr>\n<td><strong>Nr. crt.<\/strong><\/td>\n<td><strong>Nume \u0219i prenume<\/strong><\/td>\n<td><strong>E-mail<\/strong><\/td>\n<\/tr>\n<tr>\n<td>1.<\/td>\n<td style=\"text-align: left;\">Conf. univ. dr. Cristian Marinoiu &#8211; <em><strong>profesor emerit<\/strong><\/em><\/td>\n<td>cmarinoiu@upg-ploiesti.ro<\/td>\n<\/tr>\n<\/tbody>\n<\/table>\n<\/figure>\n<\/div>\n<h2><strong>Cadre didactice asociate pentru anul universitar 2024-2025, semestrul I<\/strong><\/h2>\n<figure class=\"wp-block-table\">\n<table>\n<tbody>\n<tr>\n<td>\n<p><strong>Nr. crt.<\/strong><\/p>\n<\/td>\n<td>\n<p><strong>Nume \u0219i prenume<\/strong><\/p>\n<\/td>\n<td>\n<p><strong>E-mail<\/strong><\/p>\n<\/td>\n<\/tr>\n<tr>\n<td>1.<\/td>\n<td style=\"text-align: left;\">Hasna\u0219 Isabela<\/td>\n<td>isabela.hasnas@upg-ploiesti.ro<\/td>\n<\/tr>\n<tr>\n<td>2.<\/td>\n<td style=\"text-align: left;\">Marin Costin<\/td>\n<td>costin.marin@outlook.com<\/td>\n<\/tr>\n<tr>\n<td>3.<\/td>\n<td style=\"text-align: left;\">Neac\u0219u Adrian<\/td>\n<td>neacsu.adrian.gabriel@gmail.com<\/td>\n<\/tr>\n<tr>\n<td>4.<\/td>\n<td style=\"text-align: left;\">R\u0103dulescu Adrian<\/td>\n<td>b.adrian10@yahoo.com<\/td>\n<\/tr>\n<tr>\n<td>5.<\/td>\n<td style=\"text-align: left;\">\u0218chiopu Drago\u0219<\/td>\n<td>dragos@nanotel.ro<\/td>\n<\/tr>\n<tr>\n<td>6.<\/td>\n<td style=\"text-align: left;\">Tcaciuc Gabriel<\/td>\n<td>gabi10tc@yahoo.com<\/td>\n<\/tr>\n<\/tbody>\n<\/table>\n<\/figure>\n<div class=\"entry-summary\">\n<h2><strong>Cadre didactice asociate pentru anul universitar 2023-2024, semestrul I<\/strong><\/h2>\n<figure class=\"wp-block-table\">\n<table>\n<tbody>\n<tr>\n<td><strong>Nr. crt.<\/strong><\/td>\n<td><strong>Nume \u0219i prenume<\/strong><\/td>\n<td><strong>E-mail<\/strong><\/td>\n<\/tr>\n<tr>\n<td>1.<\/td>\n<td style=\"text-align: left;\">Inf. George Condru\u021b<\/td>\n<td>alexandru.condrut@upg-ploiesti.ro<\/td>\n<\/tr>\n<tr>\n<td>2.<\/td>\n<td style=\"text-align: left;\">Inf. Drago\u0219 \u0218chiopu<\/td>\n<td>dragos@nanotel.ro<\/td>\n<\/tr>\n<tr>\n<td>3.<\/td>\n<td style=\"text-align: left;\">Inf. Stroe Felix<\/td>\n<td>stroeffeelliixx@gmail.com<\/td>\n<\/tr>\n<tr>\n<td>4.<\/td>\n<td style=\"text-align: left;\">Inf. Tudor Dan Mihail<\/td>\n<td>danmihailtudor@yahoo.com<\/td>\n<\/tr>\n<tr>\n<td>5.<\/td>\n<td style=\"text-align: left;\">Inf. Adrian R\u0103dulescu<\/td>\n<td>b.adrian10@yahoo.com<\/td>\n<\/tr>\n<\/tbody>\n<\/table>\n<\/figure>\n<h2><strong>Personal didactic auxiliar \u0219i nedidactic<\/strong><\/h2>\n<figure class=\"wp-block-table\">\n<table>\n<tbody>\n<tr>\n<td><strong>Nr. crt.<\/strong><\/td>\n<td><strong>Nume \u0219i prenume<\/strong><\/td>\n<td><strong>E-mail<\/strong><\/td>\n<\/tr>\n<tr>\n<td>1.<\/td>\n<td style=\"text-align: left;\">Mihai Elena (referent cu studii superioare)<\/td>\n<td>emihai@upg-ploiesti.ro<\/td>\n<\/tr>\n<tr>\n<td>2.<\/td>\n<td style=\"text-align: left;\">Pan\u0103 Iulia (secretar\u0103)<\/td>\n<td>ipana@upg-ploiesti.ro<\/td>\n<\/tr>\n<tr>\n<td>3.<\/td>\n<td style=\"text-align: left;\">Popa Vicen\u021biu (tehnician)<\/td>\n<td>vicen\u021biu.popa@upg-ploiesti.ro<\/td>\n<\/tr>\n<tr>\n<td>4.<\/td>\n<td style=\"text-align: left;\">Hasna\u0219 Isabela (tehnician)<\/td>\n<td>isabela.hasnas@upg-ploiesti.ro<\/td>\n<\/tr>\n<\/tbody>\n<\/table>\n<\/figure>\n<hr \/>\n<h2>Programul de licen\u021b\u0103 Informatic\u0103<\/h2>\n<\/div>\n<ul>\n<li><strong>Coordonator program: Conf. dr. Gabriela Moise<\/strong><\/li>\n<li><strong>Tutore an I: Lector dr. Iuliana Aldescu<br \/><\/strong><\/li>\n<li><strong>Tutore an II: Lector dr. Daniela \u0218chiopu <br \/><\/strong><\/li>\n<li><strong>Tutore an III: Lector dr. Elia Dragomir<br \/><\/strong><\/li>\n<\/ul>\n<div class=\"entry-summary\">\n<h2>Programul de masterat \u00een Informatic\u0103 &#8211; Tehnologii Avansate pentru Prelucrarea Informa\u021biei<\/h2>\n<\/div>\n<ul>\n<li><strong>Coordonator program: Conf. dr. Monica Vl\u0103doiu<br \/><\/strong><\/li>\n<li><strong>Tutore an I: Conf. dr. Simona Nicoar\u0103<br \/><\/strong><\/li>\n<li><strong>Tutore an II: Conf. dr. Zoran Constantinescu<br \/><\/strong><\/li>\n<\/ul>\n<div class=\"entry-summary\"><hr \/>\n<h2>Istoricul Departamentului ITIMF<\/h2>\n<p>Povestea Informaticii de la UPG Ploie\u0219ti a \u00eenceput \u00een 1992, apari\u021bia ei \u00eenscriindu-se \u00een evolu\u021biile pozitive din perioada care a urmat schimb\u0103rii de paradigm\u0103 din societatea rom\u00e2neasc\u0103, care a \u00eenceput \u00een decembrie 1989. Anterior, UPG (IPG, pe atunci) oferea doar specializ\u0103ri dedicate industriei de petrol \u015fi gaze, fiind unic \u00een acest sens, \u00een peisajul educa\u021bional rom\u00e2nesc \u015fi foarte bine cunoscut \u015fi recunoscut, \u00eentr-o bun\u0103 parte din \u021b\u0103rile lumii.<\/p>\n<p>A\u0219adar, \u00een 1992 a luat fiin\u021b\u0103 Facultatea de Litere \u015fi \u0218tiin\u021be \u015fi, \u00een cadrul ei, \u015fi specializarea Matematic\u0103-Informatic\u0103, pe 5 ani. \u00cenceputul a fost greu, pentru c\u0103 cea mai important\u0103 resurs\u0103 necesar\u0103, personalul didactic de specialitate, era foarte pu\u021bin numeroas\u0103. Entuziasmul \u015fi efortul sus\u021binut al celor care au pornit acest demers au \u00eempins \u00eens\u0103 lucrurile, \u00eentr-o direc\u021bie bun\u0103, mereu \u00eenainte. Specializarea a primit autoriza\u021bie provizorie de func\u021bionare, conform reglement\u0103rilor legale, \u015fi, ulterior, a fost acreditat\u0103 s\u0103 func\u021bioneze, similar tuturor celorlalte specializ\u0103ri similare din Rom\u00e2nia. Acest proces de &#8220;re-acreditare&#8221; are loc periodic, la fiecare 5 ani (<strong><a href=\"https:\/\/www.aracis.ro\/wp-content\/uploads\/2023\/03\/28.02.2023Hotarari-ale-Consiliului-ARACIS.pdf\" target=\"_blank\" rel=\"noopener noreferrer\">cea mai recent\u0103 fiind \u00een 2023<\/a><\/strong>).<\/p>\n<p>Dup\u0103 anul 2000, odat\u0103 cu trecerea la sistemul Bologna, care a avut ca scop crearea unui spa\u021biu european al \u00eenv\u0103\u021b\u0103m\u00e2ntului superior, sec\u021bia de Matematic\u0103-Informatic\u0103 a fost &#8220;spart\u0103&#8221; \u00een dou\u0103 sec\u0163ii, de Matematic\u0103, respectiv Informatic\u0103. Astfel, a ap\u0103rut specializarea Informatic\u0103, studii de licen\u021b\u0103, pe 3 ani, care exist\u0103 \u015fi acum. Conform sistemului Bologna, studiile de licen\u021b\u0103 pot fi continuate cu master \u0219i doctorat. \u00cen anul 2004, a fost \u00eenfiin\u021bat \u015fi programul de masterat \u00een domeniul informatic\u0103, denumit acum Tehnologii Avansate pentru Prelucrarea Informa\u021biei, care este, de asemenea, acreditat periodic (<strong><a href=\"https:\/\/www.aracis.ro\/wp-content\/uploads\/2024\/12\/05.12.2024Hotarari-ale-Consiliului-ARACIS.pdf\" target=\"_blank\" rel=\"noopener noreferrer\">cel mai recent \u00een 2024<\/a><\/strong>).<\/p>\n<p>\u00cen to\u021bi ace\u0219ti ani, noi, cadrele didactice, personalul didactic auxiliar \u015fi nedidactic, \u00eempreun\u0103 cu studen\u021bii no\u0219tri am continuat s\u0103 ducem mai departe povestea Informaticii, \u00een beneficiul nostru, individual \u015fi colectiv, \u015fi al societ\u0103\u021bii noastre, \u00een ansamblul s\u0103u. \u0218i suntem recunosc\u0103tori, pentru asta, tuturor celor care au contribuit!<\/p>\n<\/div>\n<hr \/>\n<h3><strong>Social media ITIMF<\/strong><\/h3>\n<ul>\n<li><strong><a href=\"https:\/\/www.facebook.com\/TIMF.UPG\/\" target=\"_blank\" rel=\"noopener noreferrer\">Pagina de Facebook a Departamentului ITIMF<\/a> <\/strong><\/li>\n<li><strong><a href=\"https:\/\/www.facebook.com\/groups\/190063274511307\/\" target=\"_blank\" rel=\"noopener noreferrer\">Pagina de Facebook Alumni<\/a> <\/strong><\/li>\n<\/ul>","protected":false},"excerpt":{"rendered":"<p>Departamentul Informatic\u0103, Tehnologia Informa\u021biei, Matematic\u0103 \u0219i Fizic\u0103 a fost \u00eenfiin\u021bat \u00een anul 2011, prin unirea Colectivelor de Informatic\u0103, Matematic\u0103 \u0219i Fizic\u0103. Departamentul coordoneaz\u0103 programele de studii: Program de licen\u021b\u0103 domeniul Informatic\u0103; Program de master domeniul Informatic\u0103 \u2013 \u201cTehnologii Avansate pentru <a href=\"https:\/\/timf.upg-ploiesti.ro\/www\/home\/\" class=\"read-more\">Cite\u0219te mai mult &#8230;<\/a><\/p>\n","protected":false},"author":1,"featured_media":0,"parent":0,"menu_order":0,"comment_status":"closed","ping_status":"closed","template":"","meta":[],"_links":{"self":[{"href":"https:\/\/timf.upg-ploiesti.ro\/www\/wp-json\/wp\/v2\/pages\/64"}],"collection":[{"href":"https:\/\/timf.upg-ploiesti.ro\/www\/wp-json\/wp\/v2\/pages"}],"about":[{"href":"https:\/\/timf.upg-ploiesti.ro\/www\/wp-json\/wp\/v2\/types\/page"}],"author":[{"embeddable":true,"href":"https:\/\/timf.upg-ploiesti.ro\/www\/wp-json\/wp\/v2\/users\/1"}],"replies":[{"embeddable":true,"href":"https:\/\/timf.upg-ploiesti.ro\/www\/wp-json\/wp\/v2\/comments?post=64"}],"version-history":[{"count":61,"href":"https:\/\/timf.upg-ploiesti.ro\/www\/wp-json\/wp\/v2\/pages\/64\/revisions"}],"predecessor-version":[{"id":2934,"href":"https:\/\/timf.upg-ploiesti.ro\/www\/wp-json\/wp\/v2\/pages\/64\/revisions\/2934"}],"wp:attachment":[{"href":"https:\/\/timf.upg-ploiesti.ro\/www\/wp-json\/wp\/v2\/media?parent=64"}],"curies":[{"name":"wp","href":"https:\/\/api.w.org\/{rel}","templated":true}]}}