{"id":6,"date":"2014-11-05T21:09:04","date_gmt":"2014-11-05T19:09:04","guid":{"rendered":"https:\/\/timf.upg-ploiesti.ro\/wp\/?page_id=6"},"modified":"2021-01-07T18:03:23","modified_gmt":"2021-01-07T16:03:23","slug":"educatie","status":"publish","type":"page","link":"https:\/\/timf.upg-ploiesti.ro\/www\/educatie\/","title":{"rendered":"Educa\u021bie"},"content":{"rendered":"<p><strong>Specializ\u0103rile coordonate de Departamentul ITIMF<\/strong> (<a href=\"http:\/\/ls.upg-ploiesti.ro\/\" target=\"_blank\" rel=\"noopener noreferrer\">Facultatea de Litere \u0219i \u0218tiin\u021be<\/a>) sunt:<\/p>\n<ul>\n<li><a href=\"https:\/\/timf.upg-ploiesti.ro\/www\/educatie\/licenta-informatica\/\">Licen\u021b\u0103 <em><strong>Informatic\u0103<\/strong><\/em><\/a><\/li>\n<li><a href=\"https:\/\/timf.upg-ploiesti.ro\/www\/educatie\/master-informatica\/\">Master <em><strong>Informatic\u0103<\/strong> <\/em><\/a>(<strong>TAPI<\/strong> &#8211; Tehnologii Avansate pentru Prelucrarea Informa\u021biei)<\/li>\n<\/ul>\n<p>&nbsp;<\/p>\n","protected":false},"excerpt":{"rendered":"<p>Specializ\u0103rile coordonate de Departamentul ITIMF (Facultatea de Litere \u0219i \u0218tiin\u021be) sunt: Licen\u021b\u0103 Informatic\u0103 Master Informatic\u0103 (TAPI &#8211; Tehnologii Avansate pentru Prelucrarea Informa\u021biei) &nbsp;<\/p>\n","protected":false},"author":1,"featured_media":0,"parent":0,"menu_order":3,"comment_status":"closed","ping_status":"closed","template":"","meta":[],"_links":{"self":[{"href":"https:\/\/timf.upg-ploiesti.ro\/www\/wp-json\/wp\/v2\/pages\/6"}],"collection":[{"href":"https:\/\/timf.upg-ploiesti.ro\/www\/wp-json\/wp\/v2\/pages"}],"about":[{"href":"https:\/\/timf.upg-ploiesti.ro\/www\/wp-json\/wp\/v2\/types\/page"}],"author":[{"embeddable":true,"href":"https:\/\/timf.upg-ploiesti.ro\/www\/wp-json\/wp\/v2\/users\/1"}],"replies":[{"embeddable":true,"href":"https:\/\/timf.upg-ploiesti.ro\/www\/wp-json\/wp\/v2\/comments?post=6"}],"version-history":[{"count":61,"href":"https:\/\/timf.upg-ploiesti.ro\/www\/wp-json\/wp\/v2\/pages\/6\/revisions"}],"predecessor-version":[{"id":1726,"href":"https:\/\/timf.upg-ploiesti.ro\/www\/wp-json\/wp\/v2\/pages\/6\/revisions\/1726"}],"wp:attachment":[{"href":"https:\/\/timf.upg-ploiesti.ro\/www\/wp-json\/wp\/v2\/media?parent=6"}],"curies":[{"name":"wp","href":"https:\/\/api.w.org\/{rel}","templated":true}]}}