{"id":325,"date":"2015-11-09T17:06:32","date_gmt":"2015-11-09T15:06:32","guid":{"rendered":"http:\/\/timf.upg-ploiesti.ro\/www\/?page_id=325"},"modified":"2024-07-16T08:59:45","modified_gmt":"2024-07-16T06:59:45","slug":"realizari-studenti","status":"publish","type":"page","link":"https:\/\/timf.upg-ploiesti.ro\/www\/realizari-studenti\/","title":{"rendered":"Realiz\u0103ri studen\u021bi"},"content":{"rendered":"\n<h4><strong><a rel=\"noreferrer noopener\" href=\"https:\/\/idp.upg-ploiesti.ro\/LIC-2024\/\" target=\"_blank\">Posterele cu lucr\u0103rile de licen\u021b\u0103<\/a><\/strong> ale studen\u021bilor de la licen\u021b\u0103 Informatic\u0103 &#8211; sesiunea var\u0103 2024.<\/h4>\n\n\n\n<h4><strong><a rel=\"noreferrer noopener\" href=\"https:\/\/idp.upg-ploiesti.ro\/DIS-2024\/\" target=\"_blank\">Posterele cu lucr\u0103rile de diserta\u021bie<\/a><\/strong> ale studen\u021bilor de la masterul TAPI &#8211; sesiunea var\u0103 2024.<\/h4>\n\n\n\n<hr class=\"wp-block-separator is-style-wide\"\/>\n\n\n\n<h3>Concursul UNbreakable Rom\u00e2nia 2024<\/h3>\n\n\n\n<p>Dumitru Alexandru, Taca Vlad-Mihail \u0219i Mihaela \u0218tefan, studen\u021bii no\u0219tri de la specializarea Informatic\u0103, respectiv Tehnologii Avansate pentru Prelucrarea Informa\u021biei, au reu\u0219it anul acesta s\u0103 pozi\u021bioneze Universitatea Petrol-Gaze din Ploie\u0219ti pe locul 12 \u00een <strong><a href=\"https:\/\/unbreakable.ro\/clasament\/\" target=\"_blank\" rel=\"noreferrer noopener\">clasamentul <\/a><\/strong>general al concursului UNbreakable Rom\u00e2nia! <\/p>\n\n\n\n<p>Felicit\u0103ri \u0219i la c\u00e2t mai multe reu\u0219ite!<\/p>\n\n\n\n<figure class=\"wp-block-image size-large is-style-default\"><img loading=\"lazy\" width=\"817\" height=\"267\" src=\"https:\/\/timf.upg-ploiesti.ro\/www\/wp-content\/uploads\/2024\/04\/Unbreakable_2024_top_UPG.jpg\" alt=\"\" class=\"wp-image-2567\" srcset=\"https:\/\/timf.upg-ploiesti.ro\/www\/wp-content\/uploads\/2024\/04\/Unbreakable_2024_top_UPG.jpg 817w, https:\/\/timf.upg-ploiesti.ro\/www\/wp-content\/uploads\/2024\/04\/Unbreakable_2024_top_UPG-300x98.jpg 300w, https:\/\/timf.upg-ploiesti.ro\/www\/wp-content\/uploads\/2024\/04\/Unbreakable_2024_top_UPG-768x251.jpg 768w, https:\/\/timf.upg-ploiesti.ro\/www\/wp-content\/uploads\/2024\/04\/Unbreakable_2024_top_UPG-360x118.jpg 360w\" sizes=\"(max-width: 817px) 100vw, 817px\" \/><\/figure>\n\n\n\n<figure class=\"wp-block-image size-large is-style-default\"><img loading=\"lazy\" width=\"1024\" height=\"381\" src=\"https:\/\/timf.upg-ploiesti.ro\/www\/wp-content\/uploads\/2024\/04\/Unbreakable_2024_top_studenti-1024x381.jpg\" alt=\"\" class=\"wp-image-2568\" srcset=\"https:\/\/timf.upg-ploiesti.ro\/www\/wp-content\/uploads\/2024\/04\/Unbreakable_2024_top_studenti-1024x381.jpg 1024w, https:\/\/timf.upg-ploiesti.ro\/www\/wp-content\/uploads\/2024\/04\/Unbreakable_2024_top_studenti-300x112.jpg 300w, https:\/\/timf.upg-ploiesti.ro\/www\/wp-content\/uploads\/2024\/04\/Unbreakable_2024_top_studenti-768x286.jpg 768w, https:\/\/timf.upg-ploiesti.ro\/www\/wp-content\/uploads\/2024\/04\/Unbreakable_2024_top_studenti-360x134.jpg 360w, https:\/\/timf.upg-ploiesti.ro\/www\/wp-content\/uploads\/2024\/04\/Unbreakable_2024_top_studenti.jpg 1282w\" sizes=\"(max-width: 1024px) 100vw, 1024px\" \/><\/figure>\n\n\n\n<hr class=\"wp-block-separator is-style-wide\"\/>\n\n\n\n<h3>Diplom\u0103 UPG &#8211; UNbreakable 2023<\/h3>\n\n\n\n<p>\u00cen urma ob\u021binerii de c\u0103tre studen\u021bii no\u0219tri de la Informatic\u0103, a rezultatelor foarte bune la concursul UNbreakable 2023, Universitatea Petrol-Gaze din Ploie\u0219ti a primit urm\u0103toarea diplom\u0103:<\/p>\n\n\n\n<figure class=\"wp-block-image size-large is-style-default\"><img loading=\"lazy\" width=\"1024\" height=\"724\" src=\"https:\/\/timf.upg-ploiesti.ro\/www\/wp-content\/uploads\/2023\/06\/Diploma-UPG_UNbreakable-2023-1024x724.png\" alt=\"\" class=\"wp-image-2409\" srcset=\"https:\/\/timf.upg-ploiesti.ro\/www\/wp-content\/uploads\/2023\/06\/Diploma-UPG_UNbreakable-2023-1024x724.png 1024w, https:\/\/timf.upg-ploiesti.ro\/www\/wp-content\/uploads\/2023\/06\/Diploma-UPG_UNbreakable-2023-300x212.png 300w, https:\/\/timf.upg-ploiesti.ro\/www\/wp-content\/uploads\/2023\/06\/Diploma-UPG_UNbreakable-2023-768x543.png 768w, https:\/\/timf.upg-ploiesti.ro\/www\/wp-content\/uploads\/2023\/06\/Diploma-UPG_UNbreakable-2023-1536x1086.png 1536w, https:\/\/timf.upg-ploiesti.ro\/www\/wp-content\/uploads\/2023\/06\/Diploma-UPG_UNbreakable-2023-360x255.png 360w, https:\/\/timf.upg-ploiesti.ro\/www\/wp-content\/uploads\/2023\/06\/Diploma-UPG_UNbreakable-2023.png 2000w\" sizes=\"(max-width: 1024px) 100vw, 1024px\" \/><\/figure>\n\n\n\n<hr class=\"wp-block-separator is-style-wide\"\/>\n\n\n\n<h3>Rezultate concurs UNbreakable 2023<\/h3>\n\n\n\n<p>Felicit\u0103ri studen\u021bilor de la Informatic\u0103 (anii II \u0219i III) pentru rezultatele foarte bune ob\u021binute la UNbreakable 2023:<\/p>\n\n\n\n<figure class=\"wp-block-image size-large is-style-default\"><img loading=\"lazy\" width=\"473\" height=\"786\" src=\"https:\/\/timf.upg-ploiesti.ro\/www\/wp-content\/uploads\/2023\/05\/rezultate_UNbreakable_2023-1.png\" alt=\"\" class=\"wp-image-2403\" srcset=\"https:\/\/timf.upg-ploiesti.ro\/www\/wp-content\/uploads\/2023\/05\/rezultate_UNbreakable_2023-1.png 473w, https:\/\/timf.upg-ploiesti.ro\/www\/wp-content\/uploads\/2023\/05\/rezultate_UNbreakable_2023-1-181x300.png 181w, https:\/\/timf.upg-ploiesti.ro\/www\/wp-content\/uploads\/2023\/05\/rezultate_UNbreakable_2023-1-162x270.png 162w\" sizes=\"(max-width: 473px) 100vw, 473px\" \/><\/figure>\n\n\n\n<hr class=\"wp-block-separator is-style-wide\"\/>\n\n\n\n<p><strong>Adrian R\u0103dulescu<\/strong> \u0219i <strong>Andrei-\u0218tefan Panait<\/strong>, studen\u021bi la Informatic\u0103 anul II (2022) au participat la concursul de securitate cibernetic\u0103 <strong><a rel=\"noreferrer noopener\" href=\"https:\/\/unbreakable.ro\/\" target=\"_blank\">UNbreakable<\/a><\/strong>, edi\u021bia 2022 \u0219i au ob\u021binut <a href=\"https:\/\/unbreakable.ro\/clasament\" target=\"_blank\" rel=\"noreferrer noopener\">rezultatele<\/a>:<\/p>\n\n\n\n<figure class=\"wp-block-image size-large is-style-default\"><img loading=\"lazy\" width=\"1024\" height=\"120\" src=\"https:\/\/timf.upg-ploiesti.ro\/www\/wp-content\/uploads\/2023\/03\/image-1-1024x120.png\" alt=\"\" class=\"wp-image-2374\" srcset=\"https:\/\/timf.upg-ploiesti.ro\/www\/wp-content\/uploads\/2023\/03\/image-1-1024x120.png 1024w, https:\/\/timf.upg-ploiesti.ro\/www\/wp-content\/uploads\/2023\/03\/image-1-300x35.png 300w, https:\/\/timf.upg-ploiesti.ro\/www\/wp-content\/uploads\/2023\/03\/image-1-768x90.png 768w, https:\/\/timf.upg-ploiesti.ro\/www\/wp-content\/uploads\/2023\/03\/image-1-360x42.png 360w, https:\/\/timf.upg-ploiesti.ro\/www\/wp-content\/uploads\/2023\/03\/image-1.png 1412w\" sizes=\"(max-width: 1024px) 100vw, 1024px\" \/><\/figure>\n\n\n\n<figure class=\"wp-block-image size-large is-style-default\"><img loading=\"lazy\" width=\"1024\" height=\"126\" src=\"https:\/\/timf.upg-ploiesti.ro\/www\/wp-content\/uploads\/2023\/03\/image-1024x126.png\" alt=\"\" class=\"wp-image-2373\" srcset=\"https:\/\/timf.upg-ploiesti.ro\/www\/wp-content\/uploads\/2023\/03\/image-1024x126.png 1024w, https:\/\/timf.upg-ploiesti.ro\/www\/wp-content\/uploads\/2023\/03\/image-300x37.png 300w, https:\/\/timf.upg-ploiesti.ro\/www\/wp-content\/uploads\/2023\/03\/image-768x94.png 768w, https:\/\/timf.upg-ploiesti.ro\/www\/wp-content\/uploads\/2023\/03\/image-360x44.png 360w, https:\/\/timf.upg-ploiesti.ro\/www\/wp-content\/uploads\/2023\/03\/image.png 1466w\" sizes=\"(max-width: 1024px) 100vw, 1024px\" \/><\/figure>\n\n\n\n<hr class=\"wp-block-separator is-style-wide\"\/>\n\n\n\n<p><strong>Valentin Rusanda<\/strong>, <strong>Adrian Neagu<\/strong> \u0219i <strong>\u0218tefania Podeanu<\/strong>, studen\u021bi la Informatic\u0103 anul I, au ob\u021binut <strong>ICDD AWARD IMAGINATION<\/strong> la <em>The International Conference on Applied Informatics Imagination, Creativity, Design, Development<\/em>, Sibiu, <strong>5-7 mai 2022<\/strong>.<\/p>\n\n\n\n<p><a rel=\"noreferrer noopener\" target=\"_blank\" href=\"https:\/\/conferences.ulbsibiu.ro\/icdd\/2022\/program.php?fbclid=IwAR3vT3UvE34sFW0uFmMOolT3-6kLdK9OVIDlmJxp2Xurs66vS7YglJ2CQZM\">https:\/\/conferences.ulbsibiu.ro\/icdd\/2022\/program.php<\/a><\/p>\n\n\n<hr \/>\n<div>\n<p><strong>Florin Sima<\/strong>, student la masterul TAPI, anul I, a realizat \u201eun software care permite s\u0103 \u00ee\u021bi utilizezi abilit\u0103\u021bile \u00eentr-un nou cadru de lucru care este foarte intuitiv \u0219i u\u0219or de utilizat chiar \u0219i pentru un nou utilizator al realit\u0103\u021bii virtuale\u201d.<\/p>\n<p>Mai multe detalii:<\/p>\n<ul>\n<li><a href=\"https:\/\/elitaromaniei.ro\/florin-sima-studentul-inspirat-de-matrix-si-avatar-autorul-unui-software-revolutionar-de-realitate-virtuala-pentru-picturi-digitale\" target=\"_blank\" rel=\"noopener noreferrer\">https:\/\/elitaromaniei.ro\/florin-sima-studentul-inspirat-de-matrix-si-avatar-autorul-unui-software-revolutionar-de-realitate-virtuala-pentru-picturi-digitale<\/a><\/li>\n<li><a href=\"https:\/\/www.observatorulph.ro\/video\/2570548-un-student-de-la-upg-ploiesti-a-realizat-un-software-de-realitate-virtuala-pentru-picturi-digitale-video\" target=\"_blank\" rel=\"noopener noreferrer\">presa local\u0103<\/a><\/li>\n<li><a href=\"https:\/\/www.facebook.com\/TIMF.UPG\/posts\/3232243413472517\" target=\"_blank\" rel=\"noopener noreferrer\">Facebook<\/a><\/li>\n<\/ul>\n<p style=\"text-align: right;\"><em>26.05.2020<\/em><\/p>\n<hr \/>\n<h3>C\u00e2\u0219tig\u0103torii concursului 3ITC edi\u021bia 2018:<\/h3>\n<h4>Premiul I<\/h4>\n<ul>\n<li>Com\u0103nescu Andrei<\/li>\n<li>Damian Flaviu R\u0103zvan<\/li>\n<li>\u021aibuleac Cosmin Alexandru<\/li>\n<li>Condru\u021b George Alexandru<\/li>\n<li>Ghi\u021b\u0103 Paula \u0218tefania<\/li>\n<\/ul>\n<h4>Premiul II<\/h4>\n<ul>\n<li>Cre\u021bu Adrian<\/li>\n<li>Dan Teodor Andrei<\/li>\n<li>Enescu Andreea Valentina<\/li>\n<li>Gegea Mihai C\u0103t\u0103lin<\/li>\n<li>Ghi\u021b\u0103 Andrei Cristian<\/li>\n<li>Mihai Robert Alexandru<\/li>\n<li>Ni\u021b\u0103 Andrei Cosmin<\/li>\n<li>Panait Ioan Daniel<\/li>\n<li>S\u00eerbu Andrei C\u0103t\u0103lin<\/li>\n<li>U\u0219urelu Cristinel<\/li>\n<\/ul>\n<h4>Premiul III<\/h4>\n<ul>\n<li>Coman Denisa Alexandra<\/li>\n<li>P\u0103un Florea<\/li>\n<li>Pl\u0103ia\u0219u Samuel Tiberiu<\/li>\n<li>Sima Georgian Florin<\/li>\n<li>Dinu Sebastian<\/li>\n<li>Voicu Ana Maria<\/li>\n<li>Z\u0103nescu Maria Alexandra<\/li>\n<li>Mardare Carmen Marye<\/li>\n<li>Alexe Daniel<\/li>\n<li>Chiru Marian<\/li>\n<\/ul>\n<hr \/>\n<p><strong>B\u0103rbuceanu Georgiana<\/strong>, student\u0103 la programul de master\u00a0<em>Tehnologii Avansate pentru Prelucrarea Informa\u021biei<\/em>, a ob\u021binut\u00a0<em>Premiul II<\/em>\u00a0pentru calitatea cercet\u0103rii \u00eentreprinse \u0219i a comunic\u0103rii lucr\u0103rii \u0219tiin\u021bifice \u00een cadrul\u00a0<em>Simpozionului Interna\u021bional \u201cBrainstorming \u00een Agora Cercurilor Studen\u021be\u0219ti\u201d BACStud2018<\/em>, Oradea, \u00een perioada 18-20 octombrie 2018, cu lucrarea &#8220;<em>Software \u00een sprijinul investigatorilor \u00een criminalitate informatic\u0103<\/em>&#8220;.<\/p>\n<hr \/>\n<p><strong>B\u0103rbuceanu Georgiana<\/strong>, student\u0103 la programul de master <em>Tehnologii Avansate pentru Prelucrarea Informa\u021biei<\/em>, a ob\u021binut <em>Premiul I<\/em> pentru calitatea cercet\u0103rii \u00eentreprinse \u0219i a comunic\u0103rii lucr\u0103rii \u0219tiin\u021bifice \u00een cadrul <em>Simpozionului Interna\u021bional &#8220;Brainstorming \u00een Agora Cercurilor Studen\u021be\u0219ti&#8221; BACStud2017<\/em>, Sec\u021biunea Inginerie\/Automatiz\u0103ri \u0219i informatic\u0103 aplicat\u0103, desf\u0103\u0219urat la Universitatea Agora din municipiul Oradea \u0219i la B\u0103ile Felix, \u00een perioada 19-21 octombrie 2017.<\/p>\n<hr \/>\n<p>\u00cen perioada <strong>10-28 iulie 2017<\/strong>, o parte din studen\u021bii de la specializarea <em>Informatic\u0103<\/em> anul II au participat, \u00een cadrul stagiului lor de practic\u0103, la\u00a0competi\u021bia <strong>Startup Summer Challenge 2017<\/strong> organizat\u0103 de <a href=\"https:\/\/hub23.ro\" target=\"_blank\" rel=\"noopener noreferrer\"><strong>HUB\/23<\/strong><\/a>.<\/p>\n<p>Cele 3 echipe care au participat la competi\u021bie au fost:<\/p>\n<ul>\n<li><strong>EvolutionX<\/strong> \u2013 cu aplica\u021bia <strong>Smart Alarm<\/strong>;<\/li>\n<li><strong>CodeBusters<\/strong> \u2013 cu aplica\u021bia <strong>Iron Health<\/strong>;<\/li>\n<li><strong>First Force<\/strong> \u2013 cu aplica\u021bia <strong>Airsoft Depot<\/strong>.<\/li>\n<\/ul>\n<p>\u00cen cadrul evenimentului au fost organizate o serie de workshop-uri cu scopul de a familiariza studen\u021bii cu arta vorbitului \u00een public, dar \u0219i cu bazele dezvolt\u0103rii antreprenoriale. Ideile proiectelor lor au fost expuse \u0219i\u00a0\u00een media local\u0103. Detalii g\u0103si\u021bi <a href=\"https:\/\/www.youtube.com\/watch?v=eKVxbqRzNLQ\" target=\"_blank\" rel=\"noopener noreferrer\">aici<\/a>\u00a0\u0219i <a href=\"http:\/\/www.vptv.ro\/competitia-studentilor-antreprenori\/\" target=\"_blank\" rel=\"noopener noreferrer\">aici<\/a>.<\/p>\n<p>\u00cen urma juriz\u0103rii care a avut loc pe 28 iulie 2017, echipa c\u00e2\u0219tig\u0103toare a fost First Force, cu aplica\u021bia Airsoft Depot. Din aceast\u0103 echip\u0103 au f\u0103cut parte <em>Jipa Valentin<\/em>, <em>Dragomir Cristian<\/em> \u0219i <em>Ioni\u021b\u0103 Cristian<\/em>.<\/p>\n<p>Felicit\u0103ri tuturor echipelor!<\/p>\n<p><strong>Sponsorii<\/strong> evenimentului au fost:<\/p>\n<ul>\n<li><strong>ALMO New Learning Concept<\/strong><\/li>\n<li><strong>Hollywood Beauty Academy<\/strong><\/li>\n<li><strong>Avon Ploie\u0219ti 007<\/strong><\/li>\n<li><strong><a href=\"https:\/\/nanotel.ro\/\" target=\"_blank\" rel=\"noopener noreferrer\">NANOTEL SRL<\/a><\/strong><\/li>\n<li><strong><a href=\"https:\/\/dociu.ro\/\" target=\"_blank\" rel=\"noopener noreferrer\">Claudius Dociu<\/a><\/strong><\/li>\n<\/ul>\n<p>Mai multe detalii despre competi\u021bie g\u0103si\u021bi pe pagina organizatorului <strong><a href=\"https:\/\/hub23.ro\" target=\"_blank\" rel=\"noopener noreferrer\">HUB\/23<\/a><\/strong><strong>,<\/strong> \u00een sec\u021biunea <strong>Blog<\/strong>.<\/p>\n<p>P\u0103reri despre eveniment, privit prin ochii organizatorului, g\u0103si\u021bi la Drago\u0219 pe <strong><a href=\"https:\/\/dragosschiopu.ro\/dupa-startup-summer-challenge-2017\/\" target=\"_blank\" rel=\"noopener noreferrer\">blog<\/a><\/strong>.<\/p>\n<div id='gallery-1' class='gallery galleryid-325 gallery-columns-3 gallery-size-thumbnail'><figure class='gallery-item'>\n\t\t\t<div class='gallery-icon landscape'>\n\t\t\t\t<a href='https:\/\/timf.upg-ploiesti.ro\/www\/realizari-studenti\/hub1\/'><img width=\"150\" height=\"150\" src=\"https:\/\/timf.upg-ploiesti.ro\/www\/wp-content\/uploads\/2015\/11\/hub1-150x150.jpg\" class=\"attachment-thumbnail size-thumbnail\" alt=\"\" loading=\"lazy\" \/><\/a>\n\t\t\t<\/div><\/figure><figure class='gallery-item'>\n\t\t\t<div class='gallery-icon landscape'>\n\t\t\t\t<a href='https:\/\/timf.upg-ploiesti.ro\/www\/realizari-studenti\/hub2\/'><img width=\"150\" height=\"150\" src=\"https:\/\/timf.upg-ploiesti.ro\/www\/wp-content\/uploads\/2015\/11\/hub2-150x150.jpg\" class=\"attachment-thumbnail size-thumbnail\" alt=\"\" loading=\"lazy\" \/><\/a>\n\t\t\t<\/div><\/figure><figure class='gallery-item'>\n\t\t\t<div class='gallery-icon landscape'>\n\t\t\t\t<a href='https:\/\/timf.upg-ploiesti.ro\/www\/realizari-studenti\/echipa-castigatoare\/'><img width=\"150\" height=\"150\" src=\"https:\/\/timf.upg-ploiesti.ro\/www\/wp-content\/uploads\/2015\/11\/echipa-castigatoare-150x150.jpg\" class=\"attachment-thumbnail size-thumbnail\" alt=\"\" loading=\"lazy\" \/><\/a>\n\t\t\t<\/div><\/figure>\n\t\t<\/div>\n\n<hr \/>\n<p>\u00cen perioada <strong>25-27 mai 2017<\/strong> studen\u021bii <strong>Cristian-Ionu\u021b Cazan<\/strong>, <strong>Ionu\u021b Stelian Nicoar\u0103<\/strong>, <strong>Monica-Andreea Ionescu<\/strong> (<em>master TAPI anul I<\/em>) au participat la <strong>International Conference on Applied Informatics Imagination, Creativity, Design, Development<\/strong> &#8211; <a href=\"http:\/\/conferences.ulbsibiu.ro\/icdd\/2017\/index.php\" target=\"_blank\" rel=\"noopener noreferrer\"><strong>ICDD<\/strong><\/a>\u00a0cu lucrarea <em><strong>Eco-Educational Game: Wedoo<\/strong><\/em>.<\/p>\n<hr \/>\n<p>Studen\u021bii <strong>Daniel Alexe<\/strong> \u0219i <strong>Valentin Jipa<\/strong>, <em>Informatic\u0103 anul II<\/em>, particip\u0103 s\u00e2mb\u0103t\u0103, <em>20 mai 2017<\/em>, la faza final\u0103 a concursului na\u021bional studen\u021besc &#8211;\u00a0<em>Celebrations and Festivities in Anglophone Culture<\/em>.<\/p>\n<p>Mai multe informa\u021bii g\u0103si\u021bi aici:\u00a0<a href=\"https:\/\/fils.utcb.ro\/index.php\/ro\/evenimente\" target=\"_blank\" rel=\"nofollow noopener noreferrer\">https:\/\/fils.utcb.ro\/index.php\/ro\/evenimente<\/a>\u00a0.<\/p>\n<p><strong>Actualizare: <\/strong>Cei doi studen\u021bi participan\u021bi au ob\u021binut <strong><em>premiul I<\/em><\/strong>(<strong>Valentin Jipa<\/strong>), respectiv <em><strong>premiul II<\/strong><\/em>(<strong>Daniel Alexe<\/strong>). Felicit\u0103ri!<br \/><a href=\"https:\/\/timf.upg-ploiesti.ro\/www\/wp-content\/uploads\/2015\/11\/1.jpg\"><img loading=\"lazy\" class=\"alignnone  wp-image-746\" src=\"https:\/\/timf.upg-ploiesti.ro\/www\/wp-content\/uploads\/2015\/11\/1-225x300.jpg\" alt=\"Premiul I\" width=\"180\" height=\"240\" srcset=\"https:\/\/timf.upg-ploiesti.ro\/www\/wp-content\/uploads\/2015\/11\/1-225x300.jpg 225w, https:\/\/timf.upg-ploiesti.ro\/www\/wp-content\/uploads\/2015\/11\/1.jpg 552w\" sizes=\"(max-width: 180px) 100vw, 180px\" \/><\/a>\u00a0\u00a0\u00a0\u00a0 <a href=\"https:\/\/timf.upg-ploiesti.ro\/www\/wp-content\/uploads\/2015\/11\/2.jpg\"><img loading=\"lazy\" class=\"alignnone  wp-image-747\" src=\"https:\/\/timf.upg-ploiesti.ro\/www\/wp-content\/uploads\/2015\/11\/2-225x300.jpg\" alt=\"Premiul II\" width=\"181\" height=\"241\" srcset=\"https:\/\/timf.upg-ploiesti.ro\/www\/wp-content\/uploads\/2015\/11\/2-225x300.jpg 225w, https:\/\/timf.upg-ploiesti.ro\/www\/wp-content\/uploads\/2015\/11\/2.jpg 720w\" sizes=\"(max-width: 181px) 100vw, 181px\" \/><\/a><\/p>\n<hr \/>\n<p><strong>C\u00e2\u0219tig\u0103torii concursului 3ITC (sec\u021biunea programare) &#8211; edi\u021bia 2016:<br \/><\/strong><\/p>\n<p><strong>Premiul I<\/strong><\/p>\n<ul>\n<li>Tarida George<\/li>\n<li>Oros Octavian<\/li>\n<li>Prica Ruhana<\/li>\n<\/ul>\n<p><strong>Premiul II<\/strong><\/p>\n<ul>\n<li>Nicoara Ionut<\/li>\n<li>Ionescu Monica<\/li>\n<li>Cazan Cristian<\/li>\n<\/ul>\n<p><strong>Premiul III<\/strong><\/p>\n<ul>\n<li>Alexe Daniel<\/li>\n<li>Soltaniuc Vlad<\/li>\n<li>Pircalabu Stefan<\/li>\n<\/ul>\n<p><strong>Premiul III<\/strong><\/p>\n<ul>\n<li>Cernat Cezar Adonius<\/li>\n<li>Usurelu Daniel<\/li>\n<li>Conete Lorena<\/li>\n<\/ul>\n<p><strong>Premiul de originalitate<\/strong><\/p>\n<ul>\n<li>Dovleac Andrei<\/li>\n<li>Jecu Mihaela<\/li>\n<li>Raduta Alice<\/li>\n<\/ul>\n<hr \/>\n<p><strong>C\u00e2\u0219tigarea de premii \u0219i men\u021biuni<\/strong> la concursurile <em>Cel Mai Bun Programator<\/em>; <em>Informatica, o carier\u0103 de succes!<\/em>; <em>3ITC Informatica, o carier\u0103 de succes!<\/em> organizate de Departamentul ITIMF (Catedra de Informatic\u0103).<\/p>\n<p>C\u00e2\u0219tig\u0103torii ultimei edi\u021bii (2014) <a href=\"https:\/\/timf.upg-ploiesti.ro\/3ITC\/\" target=\"_blank\" rel=\"noopener noreferrer\">aici<\/a>.<\/p>\n<hr \/>\n<h3><strong>Articole \u00een pres\u0103<\/strong>:<\/h3>\n<ul>\n<li><a href=\"http:\/\/www.ziarulprahova.ro\/stiri\/cultura\/193357\/asesoft-a-premiat-studentii-castigatori-ai-concursului-de-informatica-de-la-universitatea-petrol-gaze-editia-2014\">http:\/\/www.ziarulprahova.ro\/stiri\/cultura\/193357\/asesoft-a-premiat-studentii-castigatori-ai-concursului-de-informatica-de-la-universitatea-petrol-gaze-editia-2014<\/a><\/li>\n<li><a href=\"http:\/\/www.ziarulprahova.ro\/stiri\/cultura\/91295\/cei-mai-buni-studenti-programatori-premiati-de-asesoft\">http:\/\/www.ziarulprahova.ro\/stiri\/cultura\/91295\/cei-mai-buni-studenti-programatori-premiati-de-asesoft<\/a><\/li>\n<li><a href=\"http:\/\/www.ziare.com\/ploiesti\/stiri-actualitate\/asesoft-a-premiat-cei-mai-buni-studenti-in-domeniul-informaticii-1341824\">http:\/\/www.ziare.com\/ploiesti\/stiri-actualitate\/asesoft-a-premiat-cei-mai-buni-studenti-in-domeniul-informaticii-1341824<\/a><\/li>\n<li><a href=\"http:\/\/adevarul.ro\/locale\/ploiesti\/ploiesti-oferte-atractive-elevii-ploiesteni-1_50acadc87c42d5a663882f9a\/index.html\">http:\/\/adevarul.ro\/locale\/ploiesti\/ploiesti-oferte-atractive-elevii-ploiesteni-1_50acadc87c42d5a663882f9a\/index.html<\/a><\/li>\n<\/ul>\n<hr \/>\n<h3><strong>eLSE Bucuresti, 23-24 aprilie 2015<\/strong><\/h3>\n<p>Studen\u021bi participan\u021bi la <strong>eLSE 2015<\/strong> \u2013 International Scientific Conference eLearning and Software for Education, Bucuresti 23-24 aprilie 2015:<\/p>\n<ul>\n<li><strong>Florea Andrei George<\/strong> (master Informatica, anul II) cu articolul <em>Mobile robot d.i.y \u2013 A modern project based education<\/em><\/li>\n<li><strong>Ionu\u021b Marian<\/strong> <strong>Dragomir <\/strong>(master Informatica, anul I) cu articolul <em>Go!Code \u2013 A Web Educational Platform for Learning Programming<\/em><\/li>\n<\/ul>\n<hr \/>\n<h3><strong>iTEC 2015<\/strong><\/h3>\n<p>Studen\u021bii de la Informatic\u0103 anul I \u2013 <strong>Ene Daniel Sorin<\/strong> \u0219i <strong>\u021aaga George Justinian<\/strong> au participat la concursul <strong>iTEC<\/strong> (IT Engineering Contest) \u00een perioada <strong>3-5 aprilie 2015<\/strong> la <a href=\"https:\/\/itec.ligaac.ro\/content\/application-development\" target=\"_blank\" rel=\"noopener noreferrer\">sec\u021biunea Application Development<\/a> \u0219i au c\u00e2\u0219tigat premiul al III-lea. Felicit\u0103ri!<\/p>\n<div id='gallery-2' class='gallery galleryid-325 gallery-columns-4 gallery-size-thumbnail'><figure class='gallery-item'>\n\t\t\t<div class='gallery-icon landscape'>\n\t\t\t\t<a href='https:\/\/timf.upg-ploiesti.ro\/www\/realizari-studenti\/itec_2015_1\/'><img width=\"150\" height=\"150\" src=\"https:\/\/timf.upg-ploiesti.ro\/www\/wp-content\/uploads\/2015\/11\/ITEC_2015_1-150x150.jpg\" class=\"attachment-thumbnail size-thumbnail\" alt=\"\" loading=\"lazy\" \/><\/a>\n\t\t\t<\/div><\/figure><figure class='gallery-item'>\n\t\t\t<div class='gallery-icon landscape'>\n\t\t\t\t<a href='https:\/\/timf.upg-ploiesti.ro\/www\/realizari-studenti\/itec_2015_2\/'><img width=\"150\" height=\"150\" src=\"https:\/\/timf.upg-ploiesti.ro\/www\/wp-content\/uploads\/2015\/11\/ITEC_2015_2-150x150.jpg\" class=\"attachment-thumbnail size-thumbnail\" alt=\"\" loading=\"lazy\" \/><\/a>\n\t\t\t<\/div><\/figure>\n\t\t<\/div>\n\n<h3><strong>ICDD 2014, Sibiu<\/strong><\/h3>\n<p>Studen\u021bi participan\u021bi la Fourth International Students Conference on Informatics Imagination, Creativity, Design, Development <strong>ICDD 2014, Mai 15-17 Sibiu<\/strong>, Romania:<\/p>\n<ul>\n<li><strong>Florea Andrei George, Marica Constantin Ionu\u0163, Li\u0163\u0103 Alexandru Marian, Dragomir Ionu\u0163<\/strong> (master Informatic\u0103) cu articolul <em>Plagiarism detector \u2013 Document Processing<\/em><\/li>\n<\/ul>\n<h3><strong>ICDD 2013, Sibiu<\/strong><\/h3>\n<p>Studen\u021bi participan\u021bi la Third International Students Conference on Informatics Imagination, Creativity, Design, Development <strong>ICDD 2013, Mai 16-18 Sibiu<\/strong>, Romania:<\/p>\n<ul>\n<li><strong>Andreea Petre, Petre Nistor, Ionu\u021b Dragomir<\/strong> (licen\u021b\u0103 Informatic\u0103) cu articolul <em>Graphs and permutations based applications for planning a sports competition<\/em><\/li>\n<\/ul>\n<h3><strong>ICDD 2011, Sibiu<\/strong><\/h3>\n<p>Studen\u021bi participan\u021bi la First International Students Conference on Informatics Imagination, Creativity, Design, Development <strong>ICDD 2011, Aprilie 7-9 Sibiu<\/strong>, Romania:<\/p>\n<ul>\n<li><strong>Oana B\u0103lan, R\u0103zvan St\u0103nescu, Bogdan Ciorobea<\/strong> cu articolul <em>Face recognition using the Eigenface Algorithm<\/em><\/li>\n<li><strong>Bucur Bogdan Ion<\/strong> cu articolul <em>Securing stored passwords using cryptographic techniques<\/em><\/li>\n<\/ul>\n<h3><strong>Nokia Qt Developers 2011<\/strong><\/h3>\n<p>Absolven\u021bi ai specializ\u0103rii Informatic\u0103 au ob\u021binut premiul I la concursul organizat de <strong>Nokia<\/strong> sub denumirea <strong>Qt Developers<\/strong>. Echipa <strong>Fillr<\/strong> format\u0103 din <strong>Irinel Barb\u0103lat\u0103<\/strong>, <strong>Adriana Marica<\/strong>, <strong>Cristian Loloiu<\/strong> \u0219i <strong>Iulian Dima<\/strong> \u2013 absolven\u021bi ai specializ\u0103rii Informatic\u0103 \u2013 a c\u00e2\u0219tigat concursul cu jocul Fillr.<\/p>\n<h3><strong>Titulariz\u0103ri, grade didactice profesori<\/strong><\/h3>\n<p>Absolven\u021bii no\u0219tri au ob\u021binut titulariz\u0103ri \u0219i gradele didactice II, respectiv I, \u00een specializ\u0103rile Matematic\u0103 \u0219i Informatic\u0103.<\/p>\n<h3><strong>Finalist \u00een Gala Premiilor pentru Educa\u021bie, 2011<\/strong><\/h3>\n<p>Matematica succesului. Ploie\u0219teanul Andrei Dobre, printre cei mai buni profesori din \u0163ar\u0103.<\/p>\n<p>Articol \u00een presa na\u021bional\u0103: <a href=\"adevarul.ro\/locale\/ploiesti\/matematica-succesului-ploiesteanul-andrei-dobre-printre-cei-mai-buni-profesori-tara-fotogalerie-1_50acdca17c42d5a6638ac203\/index.html\" target=\"_blank\" rel=\"noopener noreferrer\">adevarul.ro<\/a> .<\/p>\n<\/div>","protected":false},"excerpt":{"rendered":"<p>Posterele cu lucr\u0103rile de licen\u021b\u0103 ale studen\u021bilor de la licen\u021b\u0103 Informatic\u0103 &#8211; sesiunea var\u0103 2024. Posterele cu lucr\u0103rile de diserta\u021bie ale studen\u021bilor de la masterul TAPI &#8211; sesiunea var\u0103 2024. Concursul UNbreakable Rom\u00e2nia 2024 Dumitru Alexandru, Taca Vlad-Mihail \u0219i Mihaela <a href=\"https:\/\/timf.upg-ploiesti.ro\/www\/realizari-studenti\/\" class=\"read-more\">Cite\u0219te mai mult &#8230;<\/a><\/p>\n","protected":false},"author":5,"featured_media":0,"parent":0,"menu_order":0,"comment_status":"closed","ping_status":"closed","template":"","meta":[],"_links":{"self":[{"href":"https:\/\/timf.upg-ploiesti.ro\/www\/wp-json\/wp\/v2\/pages\/325"}],"collection":[{"href":"https:\/\/timf.upg-ploiesti.ro\/www\/wp-json\/wp\/v2\/pages"}],"about":[{"href":"https:\/\/timf.upg-ploiesti.ro\/www\/wp-json\/wp\/v2\/types\/page"}],"author":[{"embeddable":true,"href":"https:\/\/timf.upg-ploiesti.ro\/www\/wp-json\/wp\/v2\/users\/5"}],"replies":[{"embeddable":true,"href":"https:\/\/timf.upg-ploiesti.ro\/www\/wp-json\/wp\/v2\/comments?post=325"}],"version-history":[{"count":40,"href":"https:\/\/timf.upg-ploiesti.ro\/www\/wp-json\/wp\/v2\/pages\/325\/revisions"}],"predecessor-version":[{"id":2724,"href":"https:\/\/timf.upg-ploiesti.ro\/www\/wp-json\/wp\/v2\/pages\/325\/revisions\/2724"}],"wp:attachment":[{"href":"https:\/\/timf.upg-ploiesti.ro\/www\/wp-json\/wp\/v2\/media?parent=325"}],"curies":[{"name":"wp","href":"https:\/\/api.w.org\/{rel}","templated":true}]}}