{"id":2991,"date":"2025-06-19T21:56:48","date_gmt":"2025-06-19T19:56:48","guid":{"rendered":"https:\/\/timf.upg-ploiesti.ro\/www\/?page_id=2991"},"modified":"2025-06-26T17:16:57","modified_gmt":"2025-06-26T15:16:57","slug":"tst-2025","status":"publish","type":"page","link":"https:\/\/timf.upg-ploiesti.ro\/www\/evenimente\/evenimente-stiintifice\/tst-2025\/","title":{"rendered":"Tendin\u021be \u00een \u0218tiin\u021b\u0103 \u0219i Tehnologie (TST 2025)"},"content":{"rendered":"\n<p>Departamentul Informatic\u0103, Tehnologia Informa\u021biei, Matematic\u0103 \u0219i Fizic\u0103  organizeaz\u0103 \u00een data de <strong>26 iunie 2025<\/strong> Conferin\u021ba Na\u021bional\u0103 \u201e<em>Tendin\u021be \u00een \u0218tiin\u021b\u0103 \u0219i Tehnologie. Confluen\u021ba Matematicii, Fizicii \u0219i Informaticii<\/em>\u201d \u2014 un forum interdisciplinar dedicat cercet\u0103rii, colabor\u0103rii \u0219i schimbului de idei \u00eentre domenii fundamentale \u0219i aplicate ale \u0219tiin\u021bei. <\/p>\n\n\n\n<p>\ud83d\udccc <strong>Tematici propuse<\/strong>: <\/p>\n\n\n\n<ul><li>Cercetare fundamental\u0103 \u0219i aplicativ\u0103 \u00een matematic\u0103 <\/li><li>Cercetare fundamental\u0103 \u0219i aplicativ\u0103 \u00een informatic\u0103 <\/li><li>Cercetare fundamental\u0103 \u0219i aplicativ\u0103 \u00een fizic\u0103 <\/li><li>Inova\u021bie \u0219i tehnologie \u00een inginerie <\/li><li>Tehnologia &#8211; motor al educa\u021biei STEM <\/li><\/ul>\n\n\n\n<p>\ud83d\uddd3\ufe0f <strong>Date importante<\/strong>: <\/p>\n\n\n\n<ul><li>\u00cenregistrarea \u0219i trimiterea rezumatelor: p\u00e2n\u0103 la <strong>15 iunie 2025<\/strong> <\/li><li>Desf\u0103\u0219urarea conferin\u021bei: <strong>26 iunie 2025<\/strong> <\/li><\/ul>\n\n\n\n<p>\ud83d\udce7 Contact, \u00eenregistrarea \u0219i trimiterea rezumatelor: <a href=\"mailto:TST_Conf_IMF@upg-ploiesti.ro\">TST_Conf_IMF@upg-ploiesti.ro<\/a> <\/p>\n\n\n\n<p>\ud83d\udd17 <strong>Linkuri utile<\/strong>:<\/p>\n\n\n\n<ul><li>\ud83d\uddbc\ufe0f <strong><a href=\"https:\/\/timf.upg-ploiesti.ro\/docs\/Afis_TST_2025.pdf\">Afi\u0219ul conferin\u021bei<\/a><\/strong><\/li><li>\ud83d\udd52 <strong><a href=\"https:\/\/timf.upg-ploiesti.ro\/docs\/Program Conferinta TST - 26 iunie 2025.pdf\">Programul conferin\u021bei<\/a><\/strong><\/li><li>\ud83d\udcc4 <strong><a href=\"https:\/\/timf.upg-ploiesti.ro\/docs\/TST25_Abstracts.pdf\">Lista lucr\u0103rilor<\/a><\/strong><\/li><\/ul>\n\n\n\n<hr class=\"wp-block-separator is-style-dots\"\/>\n\n\n\n<p>\ud83d\udccc <strong>Comitetul de organizare<\/strong>:<\/p>\n\n\n\n<ul><li>Conf. dr. Alina V\u00eelcu<\/li><li>Lector dr. Anca Baciu<\/li><li>\u0218ef lucr\u0103ri dr. Irina Ioni\u021b\u0103<\/li><li>Lector dr. Daniela \u0218chiopu<\/li><\/ul>\n\n\n\n<hr class=\"wp-block-separator is-style-dots\"\/>\n\n\n\n<p>\ud83d\udccc <strong>Comitetul \u0219tiin\u021bific<\/strong>:<\/p>\n\n\n\n<ul><li>Prof dr. ing. Ionu\u021b Lambrescu<\/li><li>Conf. dr. Gabriela Moise<\/li><li>Conf. dr. Simona Nicoar\u0103<\/li><li>Conf. dr. ing. Monica Vl\u0103doiu<\/li><li>Lector dr. Zoltan Borsos<\/li><li>Lector dr. Lidia Iancu<\/li><li>Lector dr. Liviu Ioni\u021b\u0103<\/li><li>Lector dr. Alina Iosif<\/li><li>Lector dr. Georgeta Nan<\/li><\/ul>\n","protected":false},"excerpt":{"rendered":"<p>Departamentul Informatic\u0103, Tehnologia Informa\u021biei, Matematic\u0103 \u0219i Fizic\u0103 organizeaz\u0103 \u00een data de 26 iunie 2025 Conferin\u021ba Na\u021bional\u0103 \u201eTendin\u021be \u00een \u0218tiin\u021b\u0103 \u0219i Tehnologie. Confluen\u021ba Matematicii, Fizicii \u0219i Informaticii\u201d \u2014 un forum interdisciplinar dedicat cercet\u0103rii, colabor\u0103rii \u0219i schimbului de idei \u00eentre domenii fundamentale <a href=\"https:\/\/timf.upg-ploiesti.ro\/www\/evenimente\/evenimente-stiintifice\/tst-2025\/\" class=\"read-more\">Cite\u0219te mai mult &#8230;<\/a><\/p>\n","protected":false},"author":5,"featured_media":0,"parent":281,"menu_order":0,"comment_status":"closed","ping_status":"closed","template":"","meta":[],"_links":{"self":[{"href":"https:\/\/timf.upg-ploiesti.ro\/www\/wp-json\/wp\/v2\/pages\/2991"}],"collection":[{"href":"https:\/\/timf.upg-ploiesti.ro\/www\/wp-json\/wp\/v2\/pages"}],"about":[{"href":"https:\/\/timf.upg-ploiesti.ro\/www\/wp-json\/wp\/v2\/types\/page"}],"author":[{"embeddable":true,"href":"https:\/\/timf.upg-ploiesti.ro\/www\/wp-json\/wp\/v2\/users\/5"}],"replies":[{"embeddable":true,"href":"https:\/\/timf.upg-ploiesti.ro\/www\/wp-json\/wp\/v2\/comments?post=2991"}],"version-history":[{"count":10,"href":"https:\/\/timf.upg-ploiesti.ro\/www\/wp-json\/wp\/v2\/pages\/2991\/revisions"}],"predecessor-version":[{"id":3003,"href":"https:\/\/timf.upg-ploiesti.ro\/www\/wp-json\/wp\/v2\/pages\/2991\/revisions\/3003"}],"up":[{"embeddable":true,"href":"https:\/\/timf.upg-ploiesti.ro\/www\/wp-json\/wp\/v2\/pages\/281"}],"wp:attachment":[{"href":"https:\/\/timf.upg-ploiesti.ro\/www\/wp-json\/wp\/v2\/media?parent=2991"}],"curies":[{"name":"wp","href":"https:\/\/api.w.org\/{rel}","templated":true}]}}