{"id":2,"date":"2014-11-05T20:42:36","date_gmt":"2014-11-05T18:42:36","guid":{"rendered":"https:\/\/timf.upg-ploiesti.ro\/wp\/?page_id=2"},"modified":"2024-10-27T16:07:16","modified_gmt":"2024-10-27T14:07:16","slug":"cercetare","status":"publish","type":"page","link":"https:\/\/timf.upg-ploiesti.ro\/www\/cercetare\/","title":{"rendered":"Cercetare"},"content":{"rendered":"<h3>Centrul de cercetare CerTIMF &#8211; director conf. dr. Zoran CONSTANTINESCU<\/h3>\n<h3>Descriere <a href=\"https:\/\/erris.gov.ro\/CerTIMF\">CerTIMF<\/a> <a href=\"https:\/\/erris.gov.ro\/CerTIMF\" target=\"_blank\" rel=\"noopener noreferrer\">https:\/\/erris.gov.ro\/CerTIMF<\/a><\/h3>\n<h3><a href=\"https:\/\/timf.upg-ploiesti.ro\/www\/proiecte\/\">Proiecte de cercetare<\/a><\/h3>\n<h3><a href=\"http:\/\/csed.upg-ploiesti.ro\/\" target=\"_blank\" rel=\"noopener noreferrer\"><strong>Laboratorul Computer Science&amp;Education<\/strong><\/a> (CSEd) &#8211; responsabili conf. dr. Gabriela MOISE \u0219i conf. dr. Monica VL\u0102DOIU<\/h3>\n<h3>Laboratorul Embedded Systems &#8211; responsabil conf. dr. Zoran\u00a0CONSTANTINESCU<\/h3>\n<h3>Laboratorul MathPole &#8211; responsabil conf. dr.\u00a0 Alina V\u00ceLCU<\/h3>\n<h2>Premii<\/h2>\n<h3><a href=\"https:\/\/acad.ro\/premiileAR\/liste\/2016.pdf\">Premiul &#8220;Gheorghe Munteanu-Murgoci&#8221; al Academiei Romane pentru anul 2016<\/a> pentru lucrarea\u00a0<em>New relations of water saturation&#8217;s Calculus from well logs<\/em>,\u00a0Acta Geophysica, 64, 5, 1542-1562, 2016. Autori: Ion Malureanu, <strong>Tudor Boaca<\/strong>, Daniela-Doina Neagu<\/h3>\n<hr \/>\n<h2><strong>Colectivul de INFORMATIC\u0102<\/strong><\/h2>\n<h3><strong>Direc\u021bii de cercetare:<\/strong><\/h3>\n<ul>\n<li>Analiza datelor \u015fi tehnici de data mining<\/li>\n<li>Criptarea si securitatea informa\u0163iei<\/li>\n<li>Modelarea \u0219i simularea sistemelor complexe<\/li>\n<li>Managementul informa\u021biei (biblioteci digitale, baze de date multimedia)<\/li>\n<li>Grafic\u0103\u00a0cu calculatorul<\/li>\n<li>Inteligen\u0163\u0103 artificial\u0103<\/li>\n<li>Proiectare asistat\u0103 de calculator, prelucrarea imaginilor, modelare geometric\u0103 3D, analiza cu element finit<\/li>\n<li>Machine Learning<\/li>\n<li>Tehnici de optimizare (clasice, optimizari avansate, metaeuristici)<\/li>\n<li>Tehnologii web \u00een comunicare intercultural\u0103<\/li>\n<li>Computer networking and Internet, protocols and applications<\/li>\n<li>Embedded intelligent systems, Internet of Things<\/li>\n<li>Parallel, distributed, desktop grid systems<\/li>\n<li>e-Society (e-learning, e-servicii, e-comert, e-guvernare, &#8230;)<\/li>\n<li>Open society (open education, open publishing, open source software, free software etc.)<\/li>\n<li>Affective Computing<\/li>\n<li>Creativity and collaborative working and learning<\/li>\n<li>Ethics in IT&amp;C<\/li>\n<\/ul>\n<hr \/>\n<h2><strong>Colectivul de MATEMATIC\u0102<\/strong><\/h2>\n<h3><strong>Direc\u021bii de cercetare:<\/strong><\/h3>\n<ul>\n<li>Operatori diferen\u021biali \u0219i pseudodiferen\u021biali.<\/li>\n<li>Inele semigrupale. Propriet\u0103\u021bi algebrice \u0219i combinatoriale.<\/li>\n<li>Geometrie diferen\u021bial\u0103 \u0219i aplica\u021biile ei.<\/li>\n<li>Mecanica Fluidelor \u0219i Mecanica solidelor. Elasto-plasticitate.<\/li>\n<li>Metode numerice.<\/li>\n<li>Mecanic\u0103 cereasc\u0103.<\/li>\n<li>Teoria m\u0103surii \u0219i integr\u0103rii.<\/li>\n<li>Teoria punctului fix.<\/li>\n<\/ul>\n<hr \/>\n<h2><strong>Colectivul de FIZIC\u0102<\/strong><\/h2>\n<h3><strong>Direc\u021bii de cercetare:<\/strong><\/h3>\n<ul>\n<li>Fizic\u0103 stocastic\u0103<\/li>\n<li>Fizica sistemelor complexe<\/li>\n<li>Fizica fluidelor nenewtoniene<\/li>\n<li>Fizica polimerilor<\/li>\n<li>Modelarea sistemelor \u0219i fenomenelor fizice<\/li>\n<\/ul>\n<hr \/>\n<h2><strong>PARTENERI \u00ceN CERCETAREA \u0218TIIN\u021aIFIC\u0102<\/strong><\/h2>\n<p>Departamentul ITIMF colaboreaz\u0103 cu firme de profil, universit\u0103\u021bi, centre de cercetare, inspectorate \u0219colare.<\/p>\n<p>Link-uri utile:<\/p>\n<ul>\n<li><a href=\"https:\/\/uefiscdi.gov.ro\/\">https:\/\/uefiscdi.gov.ro\/<\/a><\/li>\n<li><a href=\"https:\/\/www.edu.ro\/\">https:\/\/www.edu.ro\/<\/a><\/li>\n<li><a href=\"http:\/\/www.research.gov.ro\/\">http:\/\/www.research.gov.ro\/<\/a><\/li>\n<li><a href=\"https:\/\/www.upg-ploiesti.ro\/ro\/departamentul-de-cercetare\">https:\/\/www.upg-ploiesti.ro\/ro\/departamentul-de-cercetare<\/a><\/li>\n<\/ul>\n","protected":false},"excerpt":{"rendered":"<p>Centrul de cercetare CerTIMF &#8211; director conf. dr. Zoran CONSTANTINESCU Descriere CerTIMF https:\/\/erris.gov.ro\/CerTIMF Proiecte de cercetare Laboratorul Computer Science&amp;Education (CSEd) &#8211; responsabili conf. dr. Gabriela MOISE \u0219i conf. dr. Monica VL\u0102DOIU Laboratorul Embedded Systems &#8211; responsabil conf. dr. Zoran\u00a0CONSTANTINESCU Laboratorul <a href=\"https:\/\/timf.upg-ploiesti.ro\/www\/cercetare\/\" class=\"read-more\">Cite\u0219te mai mult &#8230;<\/a><\/p>\n","protected":false},"author":1,"featured_media":0,"parent":0,"menu_order":2,"comment_status":"closed","ping_status":"closed","template":"","meta":[],"_links":{"self":[{"href":"https:\/\/timf.upg-ploiesti.ro\/www\/wp-json\/wp\/v2\/pages\/2"}],"collection":[{"href":"https:\/\/timf.upg-ploiesti.ro\/www\/wp-json\/wp\/v2\/pages"}],"about":[{"href":"https:\/\/timf.upg-ploiesti.ro\/www\/wp-json\/wp\/v2\/types\/page"}],"author":[{"embeddable":true,"href":"https:\/\/timf.upg-ploiesti.ro\/www\/wp-json\/wp\/v2\/users\/1"}],"replies":[{"embeddable":true,"href":"https:\/\/timf.upg-ploiesti.ro\/www\/wp-json\/wp\/v2\/comments?post=2"}],"version-history":[{"count":47,"href":"https:\/\/timf.upg-ploiesti.ro\/www\/wp-json\/wp\/v2\/pages\/2\/revisions"}],"predecessor-version":[{"id":2834,"href":"https:\/\/timf.upg-ploiesti.ro\/www\/wp-json\/wp\/v2\/pages\/2\/revisions\/2834"}],"wp:attachment":[{"href":"https:\/\/timf.upg-ploiesti.ro\/www\/wp-json\/wp\/v2\/media?parent=2"}],"curies":[{"name":"wp","href":"https:\/\/api.w.org\/{rel}","templated":true}]}}