{"id":1565,"date":"2020-10-31T07:58:52","date_gmt":"2020-10-31T05:58:52","guid":{"rendered":"https:\/\/timf.upg-ploiesti.ro\/www\/?page_id=1565"},"modified":"2021-01-08T12:13:45","modified_gmt":"2021-01-08T10:13:45","slug":"proiect-fdi-2020-0034","status":"publish","type":"page","link":"https:\/\/timf.upg-ploiesti.ro\/www\/proiect-fdi-2020-0034\/","title":{"rendered":"Proiect FDI 2020 0034"},"content":{"rendered":"<h2>POLE4R&amp;D &#8211; Suport pentru cercetare de excelen\u0163\u0103 \u00een disciplinele din aria STEM (Science, Technology, Engineering and Mathematics)<\/h2>\n<table width=\"949\">\n<tbody>\n<tr>\n<td width=\"&quot;127\">Obiectivele proiectului<\/td>\n<td style=\"text-align: left;\" width=\"822\">Obiectivul general al proiectului \u00eel constituie furnizarea de suport pentru dezvoltarea unei cercet\u0103ri de excelen\u0163\u0103 \u00een disciplinele din aria STEM (Science, Technology, Engineering and Mathematics). Suportul va fi oferit printr-o infrastructur\u0103 specific\u0103 cercet\u0103rii fundamental\u0103 \u015fi aplicativ\u0103 \u015fi prin transfer the know-how \u00een realizarea unei cercet\u0103ri de excelen\u0163\u0103.Motto-ul echipei proiectului este: Dezvoltarea durabil\u0103 a unei universit\u0103\u0163ii nu se poate realiza f\u0103r\u0103 colaborare interna\u0163ional\u0103, cercetare de excelen\u0163\u0103 \u015fi deschis\u0103. Matematica este disciplin\u0103 fundamental\u0103 pentru zona STEM \u0219i vom construi poli de cercetare de excelen\u021b\u0103, care s\u0103 contribuie la un salt calitativ al universit\u0103\u021bii.O1 \u2013\u00a0Stimularea \u015fi dezvoltarea cercet\u0103rii de excelen\u0163\u0103 prin asigurarea at\u00e2t a unei infrastructuri adecvate, c\u00e2t \u015fi a\u00a0cunoa\u015fterii necesare \u00een ceea ce prive\u015fte modul \u00een care poate fi atins\u0103 cercetarea de excelen\u0163\u0103, \u00een vederea\u00a0particip\u0103rii at\u00e2t la viitoarele programe de cercetare na\u021bionale\/europene \u0219i efectu\u0103rii de analize\/\u00eencerc\u0103ri\/teste\u00a0pentru beneficiarii care doresc asisten\u021b\u0103 pentru programele de R&amp;D c\u00e2t \u0219i cre\u0219terea num\u0103rului de articole\u00a0publicate.<\/p>\n<p>O2 \u2013\u00a0Dezvoltarea personal\u0103 a cadrelor didactice, studen\u021bilor prin implicarea acestora \u00een realizarea unei cercet\u0103ri de excelen\u0163\u0103<\/p>\n<p>O3 \u2013\u00a0Crearea unui forum de discu\u0163ii, \u00een care s\u0103 fie prezentate rezultatele de top ale cercet\u0103rii din universitate; temele de cercetare fundamental\u0103 \u015fi aplicativ\u0103, care pot conduce la realizarea unei cercet\u0103ri de excelen\u0163\u0103.<\/td>\n<\/tr>\n<tr>\n<td width=\"&quot;127\">Bugetul proiectului<\/td>\n<td style=\"text-align: left;\" width=\"822\">316800 lei<\/td>\n<\/tr>\n<tr>\n<td width=\"&quot;127\">Echipa proiectului<\/td>\n<td style=\"text-align: left;\" width=\"822\">Conf. dr. inf. Gabriela MOISE &#8211; director proiectConf. dr. mat. Alina V\u00eelcu \u00a0&#8211;\u00a0responsabil implementare activit\u0103\u021bi<\/p>\n<p>\u0218ef lucr\u0103ri dr. ing. Alin DINI\u021a\u0102 &#8211; responsabil implementare activit\u0103\u021bi<\/p>\n<p>\u0218ef lucr\u0103ri dr. ing. Ramadan IBRAHIM &#8211; responsabil implementare activit\u0103\u021bi<\/p>\n<p>\u0218ef lucr\u0103ri dr. ing. Ca\u0219en PANAITESCU-\u00a0responsabil implementare activit\u0103\u021bi<\/p>\n<p>Iuliana NICULA &#8211; expert achizi\u021bii<\/p>\n<p>Ec. Georgiana B\u0102DOIU- responsabil financiar<\/p>\n<p>Elena MIHAI &#8211; operator date<\/td>\n<\/tr>\n<tr>\n<td style=\"text-align: left;\" width=\"&quot;127\">Activit\u0103\u021bi derulate<\/td>\n<td style=\"text-align: left;\" width=\"822\">Implementarea proiectului va avea urm\u0103toarele efecte de natur\u0103 tehnic\u0103 \u0219i social\u0103 la nivelul a 4 facult\u0103\u021bi din universitate: Litere \u015fi \u015etiin\u0163e, Facult\u0103\u0163ilor de Inginerie Mecanic\u0103 \u015fi Electric\u0103, Ingineria Petrolului \u015fi Gazelor, \u015etiin\u0163e Economice:<br \/>\n&#8211; Realizarea un pol de cercetare de excelen\u0163\u0103 \u00een matematic\u0103 (MathPole), care s\u0103 ofere un cadru favorabil de\u00a0dezvoltare \u015fi difuzare a experien\u0163ei \u00een cercetare fundamental\u0103;<br \/>\n&#8211; Amenajarea unui laborator de cercetare aplicativ\u0103 transdisciplinar. Laboratorul va func\u0163iona in domeniul protectiei mediului si coroziunii, domeniu de mare actualitate \u015fi interes \u00een cercetarea \u015ftiin\u0163ific\u0103;<br \/>\n&#8211; Amenajarea unui spa\u0163iu de cercetare dotat cu echipamente IT accesibil at\u00e2t cercet\u0103torilor invita\u0163i ai universit\u0103\u0163ii,dar \u015fi cadrelor didactice interne din domeniul STEM;<br \/>\n&#8211; Transfer de know-how \u00een ceea ce prive\u015fte experien\u0163a \u00een cercetarea de excelen\u0163\u0103;<br \/>\n&#8211; Sporirea capabilit\u0103\u021bii universit\u0103\u021bii \u0219i punerea la dispozi\u021bia clien\u021bilor a tuturor serviciilor de efectuare a celor mai moderne \u00eencerc\u0103ri de evaluare \u0219i certificare a conformit\u0103\u021bii cu standardele europene \u0219i interna\u021bionale a materialelor utilizate la realizarea produselor de tipul echipamentelor sub presiune;<br \/>\n&#8211; Crearea posibilit\u0103\u021bii ca universitatea s\u0103 participe la realizarea programelor europene de cercet\u0103ri experimentale \u00een domeniul materialelor metalice pentru echipamentele sub presiune;<br \/>\n&#8211; Cre\u0219terea volumului de activitate a universit\u0103\u021bii ca urmare a sporirii capabilit\u0103\u021bii acesteia \u0219i \u00eembun\u0103t\u0103\u021birea substan\u021bial\u0103 a veniturilor sale, premis\u0103 favorabil\u0103 pentru \u00eembun\u0103t\u0103\u021birea dot\u0103rilor, diversific\u0103rii serviciilor oferite \u0219i sporirii competitivit\u0103\u021bii.Activitate 0. Activit\u0103\u021bi de management: Constituirea echipei de proiect; Planificarea detaliat\u0103 a activit\u0103\u021bilor;\u00a0Monitorizarea \u0219i evaluarea implement\u0103rii proiectului; Preg\u0103tirea dosarelor de achizi\u021bii pentru echipamente,\u00a0materiale informative si derularea achizi\u021biilor; Analiza continu\u0103 \u0219i raportarea financiar\u0103 \u0219i tehnic\u0103 periodic\u0103 \u0219i final\u0103;\u00a0Informare \u0219i publicitate privind activit\u0103\u021bile din proiect \u00een conformitate cu prevederile legisla\u021biei rom\u00e2ne\u0219ti.<br \/>\nActivitatea 1. (O1) Amenajarea unui spa\u021biu nonconformist \u0219i creativ cu dot\u0103ri moderne de comunicare pentru\u00a0g\u0103zduirea unui pol de cercetare de excelen\u0163\u0103 \u00een matematic\u0103, liant \u00een cercetarea STEM din universitate<br \/>\nActivitate 1.1.Stabilirea necesarului de spa\u021biu, raportarea la cel existent, identificarea \u0219i dimensionarea logisticii,<br \/>\norganizarea de achizi\u021bii publice<br \/>\nActivitate 1.2. Renovarea \u015fi mobilarea spa\u021biului, preg\u0103tirea spa\u021biului pentru echipamentele care vor fi achizi\u021bionate.<br \/>\nSe vor realiza zone de lucru individual si o zon\u0103 de \u00eent\u00e2lniri<br \/>\nActivitatea 2. (O1) Amenajarea unui laborator de cercetare aplicativ\u0103 transdisciplinar \u00een domeniul protectiei\u00a0mediului si coroziunii<br \/>\nActivitate 2.1. Stabilirea necesarului de spa\u021biu, raportarea la cel existent, identificarea \u0219i dimensionarea logisticii,\u00a0organizarea de achizi\u021bii publice.<br \/>\nActivitate 2.2. Renovarea \u015fi mobilarea spa\u021biului<br \/>\nActivitatea 3. (O1) Amenajarea unui spa\u0163iu de lucru pentru cercet\u0103tori (interni \u015fi invita\u0163i)<br \/>\nActivitate 3.1. Stabilirea necesarului de spa\u021biu, raportarea la cel existent, identificarea \u0219i dimensionarea logisticii,\u00a0organizarea de achizi\u021bii publice<br \/>\nActivitate 3.2. Renovarea \u015fi completare mobilier spa\u021biu, preg\u0103tirea pentru dotarea acestuia cu echipamente<br \/>\nActivitatea 4. (O1) Dotarea cu tehnic\u0103 de calcul\/aparatur\u0103\/echipamente necesare implement\u0103rii obiectivelor\u00a0proiectului.<br \/>\nActivitatea 4.1 Realizarea caietelor de sarcini pentru achizi\u0163ia dot\u0103rii tehnice<br \/>\nActivitate 4.2. Achizi\u021bionarea echipamentelor selectate \u00een cadrul activit\u0103\u021bii 4.1.<br \/>\nActivitatea 5. (O2, O3) Organizarea de \u00eent\u00e2lniri online \u00eentre cadrele didactice ale universit\u0103\u0163ii \u015fi cercet\u0103tori de top,\u00a0\u00een care ace\u015ftia s\u0103-\u015fi \u00eemp\u0103rt\u0103\u015feasc\u0103 experien\u0163a \u00een cercetarea de excelen\u0163\u0103<br \/>\nActivitatea 6. (O3) Realizarea unui site \u015fi a unui forum de discu\u0163ii dedicat activit\u0103\u0163ilor ce se vor desf\u0103\u015fura \u00een cadrul\u00a0proiectului<br \/>\nActivitatea 7. (O3) Asigurarea vizibilit\u0103\u021bii proiectului \u0219i a rezultatelor atinse prin activit\u0103\u021bi de promovare online.<\/td>\n<\/tr>\n<tr>\n<td style=\"text-align: left;\" width=\"&quot;127\">Rezultate<\/td>\n<td style=\"text-align: left;\" width=\"822\">R0 \u2013 A0<br \/>\nEchipa de coordonare a proiectului<br \/>\nR1 \u2013 A1<br \/>\nUn spa\u021biu modern, competitiv \u0219i atractiv pentru a g\u0103zdui un pol de cercetare de excelen\u0163\u0103 \u00een matematic\u0103, ca liant\u00a0al disciplinelor STEM. MathPole va facilita at\u00e2t un mediu de lucru individual, dar \u015fi colaborativ.<br \/>\nR2 \u2013 A2<br \/>\nSpatiu de dedicat laboratorului transdisciplinar de cercetare in domeniul protectiei mediului si coroziunii.<br \/>\nR3- A3<br \/>\nSpa\u0163iu de lucru pentru cercet\u0103tori din domeniile STEM.<br \/>\nR4-A4<br \/>\nTehnic\u0103 de calcul\/aparatur\u0103\/echipamente necesare implement\u0103rii obiectivelor proiectului. Acestea vor intra \u00een\u00a0dotarea MathPole, laboratorului de cercetare, a zonei de lucru pentru cercet\u0103tori \u0219i a altor laboratoare de cercetare\u00a0din domeniile STEM: sisteme IT\/laptop, imprimante, dispozitive \u0219i alte elemente de re\u021bea, tv-monitor, sistem\u00a0all-in-one, sisteme audio-video, tablete grafice, sistem SCADA de monitorizare a trat\u0103rii apelor, reparare<br \/>\nextensometru axial pentru ma\u0219ina de \u00eencerc\u0103ri dinamice Walter Bay 300 kN, upgrade de software pentru\u00a0MicrodurimetruEmcotest, mentenan\u021b\u0103 WalterBay 300 kN; hartie pentru slefuire umeda ATM, non-adezive;\u00a0suspensie diamantat\u0103 policristalin\u0103 Dia-Complete Poly; p\u00e2sle poli\u0219at auto adezive 250 mm; discuri din Corundum\u00a0pentru debitare umed\u0103; accesorii pentru \u00eenglobare &#8211; matri\u021be din cauciuc siliconic; Ethanol 99%; ra\u0219in\u0103 fenolic\u0103\u00a0pentru \u00eenglobare la cald &#8211; Bakelite \u2013 neagr\u0103, birotic\u0103, consumabile, alte accesorii \u0219i elemente auxiliare.<br \/>\nR5 \u2013 A5<br \/>\nWorkshop-uri online prin care s\u0103 se fac\u0103 cunoscut\u0103 experien\u021ba \u00een cercetarea de excelen\u021b\u0103 a cadrelor didactice cu\u00a0rezultate remarcabile \u00een cercetare<br \/>\nR6 \u2013 A6<br \/>\nSite dedicat pentru diseminarea rezultatelor proiectului.<br \/>\nR7 \u2013 A7<br \/>\nAnunturi online \u0219i diseminarea online a rezultatelor activit\u0103\u021bilor derulate \u00een cadrul proiectului.<\/td>\n<\/tr>\n<tr>\n<td width=\"&quot;127\"><\/td>\n<td width=\"822\">\n<figure id=\"attachment_1577\" aria-describedby=\"caption-attachment-1577\" style=\"width: 300px\" class=\"wp-caption alignnone\"><a href=\"https:\/\/timf.upg-ploiesti.ro\/www\/wp-content\/uploads\/2020\/10\/20201029_105133.jpg\"><img loading=\"lazy\" class=\"wp-image-1577 size-medium\" src=\"https:\/\/timf.upg-ploiesti.ro\/www\/wp-content\/uploads\/2020\/10\/20201029_105133-300x168.jpg\" alt=\"MathPole\" width=\"300\" height=\"168\" srcset=\"https:\/\/timf.upg-ploiesti.ro\/www\/wp-content\/uploads\/2020\/10\/20201029_105133-300x168.jpg 300w, https:\/\/timf.upg-ploiesti.ro\/www\/wp-content\/uploads\/2020\/10\/20201029_105133-1024x576.jpg 1024w\" sizes=\"(max-width: 300px) 100vw, 300px\" \/><\/a><figcaption id=\"caption-attachment-1577\" class=\"wp-caption-text\">MathPole<\/figcaption><\/figure>\n<figure id=\"attachment_1576\" aria-describedby=\"caption-attachment-1576\" style=\"width: 300px\" class=\"wp-caption alignnone\"><a href=\"https:\/\/timf.upg-ploiesti.ro\/www\/wp-content\/uploads\/2020\/10\/20201029_104614.jpg\"><img loading=\"lazy\" class=\"wp-image-1576 size-medium\" src=\"https:\/\/timf.upg-ploiesti.ro\/www\/wp-content\/uploads\/2020\/10\/20201029_104614-300x168.jpg\" alt=\"MathPole\" width=\"300\" height=\"168\" srcset=\"https:\/\/timf.upg-ploiesti.ro\/www\/wp-content\/uploads\/2020\/10\/20201029_104614-300x168.jpg 300w, https:\/\/timf.upg-ploiesti.ro\/www\/wp-content\/uploads\/2020\/10\/20201029_104614-1024x576.jpg 1024w\" sizes=\"(max-width: 300px) 100vw, 300px\" \/><\/a><figcaption id=\"caption-attachment-1576\" class=\"wp-caption-text\">MathPole<\/figcaption><\/figure>\n<figure id=\"attachment_1616\" aria-describedby=\"caption-attachment-1616\" style=\"width: 300px\" class=\"wp-caption alignnone\"><img loading=\"lazy\" class=\"wp-image-1616 size-medium\" src=\"https:\/\/timf.upg-ploiesti.ro\/www\/wp-content\/uploads\/2020\/10\/20201112_105747-300x168.jpg\" alt=\"spatiu de lucru\" width=\"300\" height=\"168\" srcset=\"https:\/\/timf.upg-ploiesti.ro\/www\/wp-content\/uploads\/2020\/10\/20201112_105747-300x168.jpg 300w, https:\/\/timf.upg-ploiesti.ro\/www\/wp-content\/uploads\/2020\/10\/20201112_105747-1024x576.jpg 1024w\" sizes=\"(max-width: 300px) 100vw, 300px\" \/><figcaption id=\"caption-attachment-1616\" class=\"wp-caption-text\">Spatiu de lucru STEM<\/figcaption><\/figure>\n<figure id=\"attachment_1617\" aria-describedby=\"caption-attachment-1617\" style=\"width: 145px\" class=\"wp-caption alignnone\"><a href=\"https:\/\/timf.upg-ploiesti.ro\/www\/wp-content\/uploads\/2020\/10\/20201113_161103.jpg\"><img loading=\"lazy\" class=\"wp-image-1617 size-medium\" src=\"https:\/\/timf.upg-ploiesti.ro\/www\/wp-content\/uploads\/2020\/10\/20201113_161103-e1605517718313-145x300.jpg\" alt=\"20201113_161103\" width=\"145\" height=\"300\" srcset=\"https:\/\/timf.upg-ploiesti.ro\/www\/wp-content\/uploads\/2020\/10\/20201113_161103-e1605517718313-145x300.jpg 145w, https:\/\/timf.upg-ploiesti.ro\/www\/wp-content\/uploads\/2020\/10\/20201113_161103-e1605517718313-497x1024.jpg 497w\" sizes=\"(max-width: 145px) 100vw, 145px\" \/><\/a><figcaption id=\"caption-attachment-1617\" class=\"wp-caption-text\">Laborator de protectia mediului &amp; coroziune<\/figcaption><\/figure>\n<figure id=\"attachment_1618\" aria-describedby=\"caption-attachment-1618\" style=\"width: 145px\" class=\"wp-caption alignnone\"><img loading=\"lazy\" class=\"wp-image-1618 size-medium\" src=\"https:\/\/timf.upg-ploiesti.ro\/www\/wp-content\/uploads\/2020\/10\/20201113_161109-e1605517294381-145x300.jpg\" alt=\"20201113_161109\" width=\"145\" height=\"300\" srcset=\"https:\/\/timf.upg-ploiesti.ro\/www\/wp-content\/uploads\/2020\/10\/20201113_161109-e1605517294381-145x300.jpg 145w, https:\/\/timf.upg-ploiesti.ro\/www\/wp-content\/uploads\/2020\/10\/20201113_161109-e1605517294381-497x1024.jpg 497w\" sizes=\"(max-width: 145px) 100vw, 145px\" \/><figcaption id=\"caption-attachment-1618\" class=\"wp-caption-text\">Laborator de protectia mediului &amp; coroziune<\/figcaption><\/figure>\n<figure id=\"attachment_1619\" aria-describedby=\"caption-attachment-1619\" style=\"width: 145px\" class=\"wp-caption alignnone\"><a href=\"https:\/\/timf.upg-ploiesti.ro\/www\/wp-content\/uploads\/2020\/10\/20201113_161128.jpg\"><img loading=\"lazy\" class=\"wp-image-1619 size-medium\" src=\"https:\/\/timf.upg-ploiesti.ro\/www\/wp-content\/uploads\/2020\/10\/20201113_161128-e1605517252201-145x300.jpg\" alt=\"20201113_161128\" width=\"145\" height=\"300\" srcset=\"https:\/\/timf.upg-ploiesti.ro\/www\/wp-content\/uploads\/2020\/10\/20201113_161128-e1605517252201-145x300.jpg 145w, https:\/\/timf.upg-ploiesti.ro\/www\/wp-content\/uploads\/2020\/10\/20201113_161128-e1605517252201-497x1024.jpg 497w\" sizes=\"(max-width: 145px) 100vw, 145px\" \/><\/a><figcaption id=\"caption-attachment-1619\" class=\"wp-caption-text\">Laborator de protectia mediului &amp; coroziune<\/figcaption><\/figure>\n<figure id=\"attachment_1620\" aria-describedby=\"caption-attachment-1620\" style=\"width: 300px\" class=\"wp-caption alignnone\"><a href=\"https:\/\/timf.upg-ploiesti.ro\/www\/wp-content\/uploads\/2020\/10\/20201113_161224.jpg\"><img loading=\"lazy\" class=\"wp-image-1620 size-medium\" src=\"https:\/\/timf.upg-ploiesti.ro\/www\/wp-content\/uploads\/2020\/10\/20201113_161224-300x145.jpg\" alt=\"20201113_161224\" width=\"300\" height=\"145\" srcset=\"https:\/\/timf.upg-ploiesti.ro\/www\/wp-content\/uploads\/2020\/10\/20201113_161224-300x145.jpg 300w, https:\/\/timf.upg-ploiesti.ro\/www\/wp-content\/uploads\/2020\/10\/20201113_161224-1024x497.jpg 1024w\" sizes=\"(max-width: 300px) 100vw, 300px\" \/><\/a><figcaption id=\"caption-attachment-1620\" class=\"wp-caption-text\">Laborator de protectia mediului &amp; coroziune<\/figcaption><\/figure>\n<p><a href=\"https:\/\/timf.upg-ploiesti.ro\/www\/wp-content\/uploads\/2020\/10\/13_45_26.jpeg\"><img loading=\"lazy\" class=\"alignnone size-medium wp-image-1621\" src=\"https:\/\/timf.upg-ploiesti.ro\/www\/wp-content\/uploads\/2020\/10\/13_45_26-300x162.jpeg\" alt=\"13_45_26\" width=\"300\" height=\"162\" srcset=\"https:\/\/timf.upg-ploiesti.ro\/www\/wp-content\/uploads\/2020\/10\/13_45_26-300x162.jpeg 300w, https:\/\/timf.upg-ploiesti.ro\/www\/wp-content\/uploads\/2020\/10\/13_45_26-1024x556.jpeg 1024w, https:\/\/timf.upg-ploiesti.ro\/www\/wp-content\/uploads\/2020\/10\/13_45_26.jpeg 1081w\" sizes=\"(max-width: 300px) 100vw, 300px\" \/><\/a> <a href=\"https:\/\/timf.upg-ploiesti.ro\/www\/wp-content\/uploads\/2020\/10\/59679e386d53.jpg\"><img loading=\"lazy\" class=\"alignnone size-medium wp-image-1622\" src=\"https:\/\/timf.upg-ploiesti.ro\/www\/wp-content\/uploads\/2020\/10\/59679e386d53-300x145.jpg\" alt=\"59679e386d53\" width=\"300\" height=\"145\" srcset=\"https:\/\/timf.upg-ploiesti.ro\/www\/wp-content\/uploads\/2020\/10\/59679e386d53-300x145.jpg 300w, https:\/\/timf.upg-ploiesti.ro\/www\/wp-content\/uploads\/2020\/10\/59679e386d53-1024x497.jpg 1024w, https:\/\/timf.upg-ploiesti.ro\/www\/wp-content\/uploads\/2020\/10\/59679e386d53.jpg 1416w\" sizes=\"(max-width: 300px) 100vw, 300px\" \/><\/a> <a href=\"https:\/\/timf.upg-ploiesti.ro\/www\/wp-content\/uploads\/2020\/10\/20201113_114414.jpg\"><img loading=\"lazy\" class=\"alignnone size-medium wp-image-1623\" src=\"https:\/\/timf.upg-ploiesti.ro\/www\/wp-content\/uploads\/2020\/10\/20201113_114414-300x197.jpg\" alt=\"20201113_114414\" width=\"300\" height=\"197\" srcset=\"https:\/\/timf.upg-ploiesti.ro\/www\/wp-content\/uploads\/2020\/10\/20201113_114414-300x197.jpg 300w, https:\/\/timf.upg-ploiesti.ro\/www\/wp-content\/uploads\/2020\/10\/20201113_114414-1024x672.jpg 1024w, https:\/\/timf.upg-ploiesti.ro\/www\/wp-content\/uploads\/2020\/10\/20201113_114414-120x80.jpg 120w\" sizes=\"(max-width: 300px) 100vw, 300px\" \/><img loading=\"lazy\" class=\"alignnone size-medium wp-image-1627\" src=\"https:\/\/timf.upg-ploiesti.ro\/www\/wp-content\/uploads\/2020\/10\/20201116_110401-300x168.jpg\" alt=\"20201116_110401\" width=\"300\" height=\"168\" srcset=\"https:\/\/timf.upg-ploiesti.ro\/www\/wp-content\/uploads\/2020\/10\/20201116_110401-300x168.jpg 300w, https:\/\/timf.upg-ploiesti.ro\/www\/wp-content\/uploads\/2020\/10\/20201116_110401-1024x576.jpg 1024w\" sizes=\"(max-width: 300px) 100vw, 300px\" \/><\/a> <a href=\"https:\/\/timf.upg-ploiesti.ro\/www\/wp-content\/uploads\/2020\/10\/20201113_123142.jpg\"><img loading=\"lazy\" class=\"alignnone size-medium wp-image-1624\" src=\"https:\/\/timf.upg-ploiesti.ro\/www\/wp-content\/uploads\/2020\/10\/20201113_123142-297x300.jpg\" alt=\"20201113_123142\" width=\"297\" height=\"300\" srcset=\"https:\/\/timf.upg-ploiesti.ro\/www\/wp-content\/uploads\/2020\/10\/20201113_123142-297x300.jpg 297w, https:\/\/timf.upg-ploiesti.ro\/www\/wp-content\/uploads\/2020\/10\/20201113_123142-1015x1024.jpg 1015w\" sizes=\"(max-width: 297px) 100vw, 297px\" \/><\/a> <a href=\"https:\/\/timf.upg-ploiesti.ro\/www\/wp-content\/uploads\/2020\/10\/20201113_123208.jpg\"><img loading=\"lazy\" class=\"alignnone size-medium wp-image-1625\" src=\"https:\/\/timf.upg-ploiesti.ro\/www\/wp-content\/uploads\/2020\/10\/20201113_123208-300x225.jpg\" alt=\"20201113_123208\" width=\"300\" height=\"225\" srcset=\"https:\/\/timf.upg-ploiesti.ro\/www\/wp-content\/uploads\/2020\/10\/20201113_123208-300x225.jpg 300w, https:\/\/timf.upg-ploiesti.ro\/www\/wp-content\/uploads\/2020\/10\/20201113_123208-1024x768.jpg 1024w\" sizes=\"(max-width: 300px) 100vw, 300px\" \/><\/a><\/td>\n<\/tr>\n<tr>\n<td width=\"&quot;127\">Activit\u0103\u021bi Pole4R&amp;D<\/td>\n<td width=\"822\">\n<p style=\"text-align: left;\">\u00a05 noiembrie 2020, workshop online, Math Pole, invitat prof. univ. dr. Ariana Pitea<\/p>\n<p style=\"text-align: left;\"><a href=\"https:\/\/www.facebook.com\/TIMF.UPG\/\">https:\/\/www.facebook.com\/TIMF.UPG\/<\/a><\/p>\n<\/td>\n<\/tr>\n<\/tbody>\n<\/table>\n","protected":false},"excerpt":{"rendered":"<p>POLE4R&amp;D &#8211; Suport pentru cercetare de excelen\u0163\u0103 \u00een disciplinele din aria STEM (Science, Technology, Engineering and Mathematics) Obiectivele proiectului Obiectivul general al proiectului \u00eel constituie furnizarea de suport pentru dezvoltarea unei cercet\u0103ri de excelen\u0163\u0103 \u00een disciplinele din aria STEM (Science, <a href=\"https:\/\/timf.upg-ploiesti.ro\/www\/proiect-fdi-2020-0034\/\" class=\"read-more\">Cite\u0219te mai mult &#8230;<\/a><\/p>\n","protected":false},"author":2,"featured_media":0,"parent":0,"menu_order":0,"comment_status":"closed","ping_status":"closed","template":"","meta":[],"_links":{"self":[{"href":"https:\/\/timf.upg-ploiesti.ro\/www\/wp-json\/wp\/v2\/pages\/1565"}],"collection":[{"href":"https:\/\/timf.upg-ploiesti.ro\/www\/wp-json\/wp\/v2\/pages"}],"about":[{"href":"https:\/\/timf.upg-ploiesti.ro\/www\/wp-json\/wp\/v2\/types\/page"}],"author":[{"embeddable":true,"href":"https:\/\/timf.upg-ploiesti.ro\/www\/wp-json\/wp\/v2\/users\/2"}],"replies":[{"embeddable":true,"href":"https:\/\/timf.upg-ploiesti.ro\/www\/wp-json\/wp\/v2\/comments?post=1565"}],"version-history":[{"count":21,"href":"https:\/\/timf.upg-ploiesti.ro\/www\/wp-json\/wp\/v2\/pages\/1565\/revisions"}],"predecessor-version":[{"id":1778,"href":"https:\/\/timf.upg-ploiesti.ro\/www\/wp-json\/wp\/v2\/pages\/1565\/revisions\/1778"}],"wp:attachment":[{"href":"https:\/\/timf.upg-ploiesti.ro\/www\/wp-json\/wp\/v2\/media?parent=1565"}],"curies":[{"name":"wp","href":"https:\/\/api.w.org\/{rel}","templated":true}]}}