{"id":1347,"date":"2019-10-10T09:19:05","date_gmt":"2019-10-10T07:19:05","guid":{"rendered":"https:\/\/timf.upg-ploiesti.ro\/www\/?page_id=1347"},"modified":"2021-01-08T12:33:45","modified_gmt":"2021-01-08T10:33:45","slug":"proiect-fdi-2019-0048","status":"publish","type":"page","link":"https:\/\/timf.upg-ploiesti.ro\/www\/proiect-fdi-2019-0048\/","title":{"rendered":"Proiect FDI 2019 0048"},"content":{"rendered":"<h2><strong>Baz\u0103 de practic\u0103 pentru dezvoltarea creativit\u0103\u021bii <\/strong><strong>\u0219<\/strong><strong>i inov\u0103rii \u00een demersul educa\u021bional multidisciplinar \u2013informatic\u0103 \u0219i inginerie mecanic\u0103<\/strong><\/h2>\n<table>\n<tbody>\n<tr>\n<td><strong>Obiectivele proiectului<\/strong><\/td>\n<td style=\"text-align: left;\">\n<p><strong>Obiectivul general<\/strong> al proiectului const\u0103 \u00een realizarea unei baze de practic\u0103 multidisciplinar\u0103 pentru studen\u021bii de la programe de studii din domeniile \u015ftiin\u0163eloringinere\u015fti \u015fi informatic\u0103.<br \/>\nObiectivele\u00a0 specifice sunt impuse de dezvoltarea infrastructurii unei baze de practic\u0103 multidisciplinar\u0103 \u015fi au \u00een vedere integrarea de aplica\u0163ii \u015fi proiecte din domenii diferite dup\u0103 cum urmeaz\u0103: \u00a0industria petrolier\u0103, energetic\u0103 \u015fi automatiz\u0103ri avansate, \u00a0informatic\u0103 \u015fi tehnologia informa\u0163iei, mecatronic\u0103, robotic\u0103. Baza de practic\u0103 astfel creat\u0103 va oferi studen\u021bilor posibilitatea de a aprofunda cuno\u0219tin\u021bele acumulate \u00een timpul orelor \u0219i de a-\u015fi dezvolta at\u00e2t competen\u021be practice, c\u00e2t \u015fi cele de tip soft skills, capacitatea de a lucra \u00een echipe multidisciplinare.<br \/>\n<strong>O1<\/strong> \u2013 \u00cembun\u0103t\u0103\u021birea competen\u021belor \u0219i aptitudinilor practice ale studen\u021bilor prin facilitarea accesului acestora la o baz\u0103 de practic\u0103 multidisciplinar\u0103 dotat\u0103 cu tehnologii avansate<br \/>\n<strong>O2<\/strong> \u2013 Asigurarea unui ridicat nivel tehnic pentru stagiile de practic\u0103 ale studen\u021bilor de la domeniile inginere\u0219ti \u015fi informatic\u0103<br \/>\n<strong>O3<\/strong> \u2013 Eficientizarea transpunerii cuno\u0219tin\u021belor teoretice \u00een competen\u021be practice solicitate pe pia\u021ba muncii<br \/>\n<strong>O4<\/strong> \u2013 Crearea condi\u021biilor realiz\u0103rii unor lucr\u0103ri de finalizare a studiilor universitare cu o important\u0103 component\u0103 practic\u0103<br \/>\n<strong>O5<\/strong> \u2013 Asigurarea vizibilit\u0103\u021bii rezultatelor proiectului<\/td>\n<\/tr>\n<tr>\n<td width=\"&quot;127\"><strong>Bugetul proiectului<\/strong><\/td>\n<td style=\"text-align: left;\" width=\"822\">190482 lei<\/td>\n<\/tr>\n<tr>\n<td width=\"&quot;127\"><strong>Echipa proiectului<\/strong><\/td>\n<td style=\"text-align: left;\" width=\"822\">\n<p>Conf. dr.\u00a0Ioan POPA &#8211; director proiect<\/p>\n<p>Conf. dr. Gabriela MOISE &#8211; responsabil implementare activit\u0103\u021bi<\/p>\n<p>Conf. dr. Zoran CONSTANTINESCU &#8211; responsabil implementare activit\u0103\u021bi<\/p>\n<p>Prof. dr. Marius PETRESCU &#8211; responsabil implementare activit\u0103\u021bi<\/p>\n<p>\u0218ef lucr\u0103ri dr. ALin DINI\u021a\u0102 &#8211; responsabil implementare activit\u0103\u021bi<\/p>\n<p>Conf. dr. Monica VL\u0102DOIU &#8211; responsabil implementare activit\u0103\u021bi<\/p>\n<p>\u0218ef lucr\u0103ri dr. Eugen LAUDACESCU\u00a0&#8211; responsabil implementare activit\u0103\u021bi<\/p>\n<p>\u0218ef lucr\u0103ri dr.\u00a0Adrian Neac\u0219a &#8211; responsabil implementare activit\u0103\u021bi<\/p>\n<p>Sorin MIHAI &#8211; responsabil tehnic<\/p>\n<p>Claudia BULEARC\u0102 &#8211; expert achizi\u021bii<\/p>\n<p>Camelia BORCEA &#8211; expert salarizare<\/p>\n<p>Ec. Georgiana B\u0102DOIU &#8211; responsabil financiar<\/p>\n<p>Elena MIHAI &#8211; operator date<\/td>\n<\/tr>\n<tr>\n<td width=\"&quot;127\"><strong>Activit\u0103\u021bi derulate<\/strong><\/td>\n<td style=\"text-align: left;\" width=\"822\">\n<p><strong>Activitatea 0. <\/strong>Activit\u0103\u021bi de management: Constituirea echipei de proiect; Planificarea detaliat\u0103 a activit\u0103\u021bilor; Monitorizarea \u0219i evaluarea implement\u0103rii proiectului;Preg\u0103tirea dosarelor de achizi\u021bii pentru echipamente, materiale informative si derularea achizi\u021biilor; Analiza continu\u0103 \u0219i raportarea financiar\u0103 \u0219i tehnic\u0103 periodic\u0103 \u0219i final\u0103; Informare \u0219i publicitate privind activit\u0103\u021bile din proiect \u00een conformitate cu prevederile legisla\u021biei rom\u00e2ne\u0219ti.<\/p>\n<p><strong>Activitatea 1.<\/strong>\u00a0Amenajarea de \u00a0spa\u021bii ca baz\u0103 de practic\u0103 \u0219i dotarea cu tehnici moderne de comunicare profesor &#8211; studen\u021bi<\/p>\n<p>Activitatea 1.1. Stabilirea necesarului de spa\u021bii, raportarea la cel existent, identificarea \u0219i dimensionarea logisticii, organizarea de achizi\u021bii publice<\/p>\n<p>Activitatea 1.2. Renovarea spa\u021biilor \u0219i preg\u0103tirea bazei de practic\u0103 pentru echipamentele care vor fi achizi\u021bionate<\/p>\n<p><strong>Activitatea 2.<\/strong>\u00a0Dotarea\/completarea bazei de practic\u0103 cu echipamente, simulatoare pentru desf\u0103\u0219urarea unor stagii de practic\u0103 cu un \u00eenalt nivel tehnic \u0219i tehnologic precum \u0219i cu \u00a0re\u021bele de calculatoare \u015fi senzori. De asemenea, se vor achizi\u0163iona c\u0103r\u0163i \u015fi publica\u0163ii pentru completarea bibliotecilor existente \u00een cadrul departamentelor coordonatoare ale programelor de studii din domeniile \u015ftiin\u0163e inginere\u015fti \u015fi informatic\u0103<\/p>\n<p>Activitatea 2.1\u00a0Dotarea bazei de practic\u0103 cu echipamente existente din cadrul universit\u0103\u021bii (baza \u00a0de practic\u0103 va cuprinde, pe l\u00e2ng\u0103 echipamentele care vor fi achizi\u021bionate prin proiect \u0219i echipamentele din dotarea universit\u0103\u021bii care vor defini, la final, o baz\u0103 de practic\u0103 complet func\u021bional\u0103)<\/p>\n<p>Activitatea 2.2. Aplica\u0163ii multidisciplinare dezvoltate de studen\u0163ii programelor de studii din domeniile inginere\u015fti \u015fi informatic\u0103<\/p>\n<p>Activitatea 2.3. Identificarea specifica\u021biilor tehnice ale echipamentelor necesare dezvolt\u0103rii unei baze de practic\u0103 multidisciplinar\u0103, \u00een func\u0163ie de aplica\u0163iile proiectate<\/p>\n<p>Activitatea 2.4. Selectarea c\u0103r\u0163ilor \u015fi publica\u0163iilor necesare unei dezvolt\u0103ri complete ale studen\u0163ilor, at\u00e2t din punct de vedere profesional, c\u00e2t \u015fi personal<\/p>\n<p>Activitatea 2.5. Organizarea \u0219i realizarea de achizi\u021bii publice \u00een vederea dot\u0103rii corespunz\u0103toare a bazei de practic\u0103 cu echipamente, c\u0103r\u0163i \u015fi publica\u0163ii<\/p>\n<p><strong>Activitatea 3.<\/strong>\u00a0Asigurarea \u00a0 vizibilit\u0103\u021bii \u00a0 proiectului \u0219i a rezultatelor atinse \u00a0prin activit\u0103\u021bi de promovare \u0219i publicitate<\/td>\n<\/tr>\n<tr>\n<td width=\"&quot;127\"><strong>Rezultate<\/strong><\/td>\n<td width=\"822\">\n<p style=\"text-align: left;\"><strong>R0<\/strong> \u2013 A0<br \/>\nEchipa de coordonare a proiectului<br \/>\n<strong>R1<\/strong> \u2013 A1<br \/>\nLaboratoare renovate pentru asigurarea condi\u021biilor optime de desf\u0103\u0219urare a activit\u0103\u021bilor practice -aplicative ale studen\u021bilor<\/p>\n<p style=\"text-align: left;\"><strong>R2<\/strong> \u2013 A2<br \/>\nO baz\u0103 de practic\u0103 multidisciplinar\u0103 distribuit\u0103 \u00een spa\u0163iile universit\u0103\u0163ii, amenajat\u0103 cu echipamente din domeniile inginerie mecanic\u0103 \u0219i IT \u00a0moderne, mobilier, \u00a0care \u00a0s\u0103 \u00a0permit\u0103 o dezvoltare complet\u0103 a studen\u0163ilor atat pe plan profesional cat si in planul dezvoltarii personale;- cresterea abilitatilor practice, de comunicare, de lucrul \u00een echipe interdisciplinare ale studen\u021bilor \u00een scopul integr\u0103rii eficiente pe pia\u021ba muncii;<br \/>\n&#8211; actualizarea fondului de carte a bibliotecilor departamentelor;<br \/>\n&#8211; ini\u021bierea de proiecte interdisciplinare de practic\u0103;<br \/>\n&#8211; cre\u0219terea gradului de inovare \u0219i interdisciplinaritate a proiectelor de licen\u021b\u0103\/diplom\u0103 ale studentilor<\/p>\n<p style=\"text-align: left;\"><strong>C\u0103r\u021bi achizi\u021bionate<\/strong><\/p>\n<ul>\n<li style=\"text-align: left;\">Team Design: A Practitioner&#8217;s Guide to Collaborative Innovation \u2013 June 4, 2002,\u00a0by Peter H. Jones<\/li>\n<li style=\"text-align: left;\">Information Retrieval: Implementing and Evaluating Search Engines (The MIT Press) \u2013 February 12, 2016,\u00a0by Stefan B\u00fcttcher, Charles L. A. Clarke, Gordon V. Cormack<\/li>\n<li style=\"text-align: left;\">The Craft of Research, Fourth Edition (Chicago Guides to Writing, Editing, and Publishing) Fourth Edition,\u00a0by Wayne C. Booth, Gregory G. Colomb, Joseph M. Williams, Joseph Bizup, William T. FitzGerald<\/li>\n<li style=\"text-align: left;\">Ethical and Secure Computing: A Concise Module (Undergraduate Topics in Computer Science) 2nd ed. 2019 Edition,\u00a0by Joseph Migga Kizza<\/li>\n<li style=\"text-align: left;\">Ethics in Information Technology 6th Edition,\u00a0by George Reynolds<\/li>\n<li style=\"text-align: left;\">UNSCRIPTED: Life, Liberty, and the Pursuit of Entrepreneurship \u2013 May 23, 2017,\u00a0by MJ DeMarco<\/li>\n<li style=\"text-align: left;\">Semantic Web Programming 1st Edition,\u00a0by John Hebeler, Matthew Fisher, Ryan Blace, Andrew Perez-Lopez, Mike Dean (Foreword)<\/li>\n<li style=\"text-align: left;\">The Semantic Web Explained: The Technology And Mathematics Behind Web 3.0 1st Edition,\u00a0by P\u00e9ter Szeredi<\/li>\n<li style=\"text-align: left;\">Algorithms of the Intelligent Web 2nd Edition,\u00a0by Douglas McIlwraith, Haralambos Marmanis, Dmitry Babenko<\/li>\n<li style=\"text-align: left;\">How JavaScript Works\u00a0 \u2013 October 18, 2018,\u00a0by Douglas Crockford<\/li>\n<li style=\"text-align: left;\">CUDA by Example: An Introduction to General-Purpose GPU Programming 1st Edition,\u00a0by Jason Sanders (Author), Edward Kandrot (Author)<\/li>\n<li style=\"text-align: left;\">Metaheuristics for Big Data,\u00a0Clarisse Dhaenens, Laetitia Jourdan<\/li>\n<li style=\"text-align: left;\">Planning and Scheduling in Manufacturing and Services 2nd ed. 2009 Edition,\u00a0by Michael L. Pinedo<\/li>\n<li style=\"text-align: left;\">Planning Algorithms 1st Edition,\u00a0by Steven M. LaValle<\/li>\n<li style=\"text-align: left;\">Dynamic Resource Allocation in Embedded, High-Performance and Cloud Computing (River Publishers Series in Information Science and Technology) \u2013 October 25, 2016,\u00a0by Leandro Soares Indrusiak (Editor), Piotr Dziurzanski (Editor), Kumar Singh, Amit (Editor)<\/li>\n<li style=\"text-align: left;\">Fair Scheduling in High Performance Computing Environments 1st ed. 2019 Edition, Kindle Edition,\u00a0by Art Sedighi, Milton Smith<\/li>\n<li style=\"text-align: left;\">Guide to Teaching Computer Science, An Activity-Based Approach,\u00a0Authors: Hazzan, Orit, Lapidot, Tami, Ragonis, Noa<\/li>\n<\/ul>\n<p style=\"text-align: left;\"><strong>R3<\/strong> \u2013 A3<br \/>\nSite dedicat pentru diseminarea rezultatelor proiectului. Va fi organizata o sectiune dedicata studentilor pentru promovarea proiectelor realizate prin intermediul bazei de practica interdiscplinara<br \/>\nFlyere de prezentare \u0219i diseminare a rezultatelor activit\u0103\u021bilor derulate \u00een cadrul proiectului. Mape de prezentare a bazei de practic\u0103.<\/p>\n<p style=\"text-align: left;\"><a href=\"https:\/\/timf.upg-ploiesti.ro\/www\/proiect-fdi-2019-0048\/\">https:\/\/timf.upg-ploiesti.ro\/www\/proiect-fdi-2019-0048\/<\/a><\/p>\n<p style=\"text-align: left;\">Workshop lansare proiecte studen\u021bi<\/p>\n<\/td>\n<\/tr>\n<tr>\n<td width=\"&quot;127\"><strong>Album foto<\/strong><\/td>\n<td width=\"822\">\u00a0<a href=\"https:\/\/timf.upg-ploiesti.ro\/www\/wp-content\/uploads\/2019\/10\/s11.jpg\"><img loading=\"lazy\" class=\"alignnone size-medium wp-image-1383\" src=\"https:\/\/timf.upg-ploiesti.ro\/www\/wp-content\/uploads\/2019\/10\/s11-300x225.jpg\" alt=\"s1\" width=\"300\" height=\"225\" srcset=\"https:\/\/timf.upg-ploiesti.ro\/www\/wp-content\/uploads\/2019\/10\/s11-300x225.jpg 300w, https:\/\/timf.upg-ploiesti.ro\/www\/wp-content\/uploads\/2019\/10\/s11-1024x768.jpg 1024w\" sizes=\"(max-width: 300px) 100vw, 300px\" \/><\/a> <a href=\"https:\/\/timf.upg-ploiesti.ro\/www\/wp-content\/uploads\/2019\/10\/s2.jpg\"><img loading=\"lazy\" class=\"alignnone size-medium wp-image-1384\" src=\"https:\/\/timf.upg-ploiesti.ro\/www\/wp-content\/uploads\/2019\/10\/s2-300x225.jpg\" alt=\"s2\" width=\"300\" height=\"225\" srcset=\"https:\/\/timf.upg-ploiesti.ro\/www\/wp-content\/uploads\/2019\/10\/s2-300x225.jpg 300w, https:\/\/timf.upg-ploiesti.ro\/www\/wp-content\/uploads\/2019\/10\/s2-1024x768.jpg 1024w\" sizes=\"(max-width: 300px) 100vw, 300px\" \/><\/a> <a href=\"https:\/\/timf.upg-ploiesti.ro\/www\/wp-content\/uploads\/2019\/10\/s31.jpg\"><img loading=\"lazy\" class=\"alignnone size-medium wp-image-1385\" src=\"https:\/\/timf.upg-ploiesti.ro\/www\/wp-content\/uploads\/2019\/10\/s31-300x225.jpg\" alt=\"s3\" width=\"300\" height=\"225\" srcset=\"https:\/\/timf.upg-ploiesti.ro\/www\/wp-content\/uploads\/2019\/10\/s31-300x225.jpg 300w, https:\/\/timf.upg-ploiesti.ro\/www\/wp-content\/uploads\/2019\/10\/s31-1024x768.jpg 1024w\" sizes=\"(max-width: 300px) 100vw, 300px\" \/><\/a><\/td>\n<\/tr>\n<tr>\n<td width=\"&quot;127\"><strong>Proiecte studenti<\/strong><\/td>\n<td style=\"text-align: left;\" width=\"822\">\u00a0Prezentarea universit\u0103\u0163ii folosind realitatea virtual\u0103, responsabili proiect prof. dr. ing. Ionu\u021b LAMBRESCU \u0219i \u0219ef lucr\u0103ri dr. ing. Alin DINI\u021a\u0102<\/td>\n<\/tr>\n<\/tbody>\n<\/table>\n","protected":false},"excerpt":{"rendered":"<p>Baz\u0103 de practic\u0103 pentru dezvoltarea creativit\u0103\u021bii \u0219i inov\u0103rii \u00een demersul educa\u021bional multidisciplinar \u2013informatic\u0103 \u0219i inginerie mecanic\u0103 Obiectivele proiectului Obiectivul general al proiectului const\u0103 \u00een realizarea unei baze de practic\u0103 multidisciplinar\u0103 pentru studen\u021bii de la programe de studii din domeniile \u015ftiin\u0163eloringinere\u015fti <a href=\"https:\/\/timf.upg-ploiesti.ro\/www\/proiect-fdi-2019-0048\/\" class=\"read-more\">Cite\u0219te mai mult &#8230;<\/a><\/p>\n","protected":false},"author":2,"featured_media":0,"parent":0,"menu_order":0,"comment_status":"closed","ping_status":"closed","template":"","meta":[],"_links":{"self":[{"href":"https:\/\/timf.upg-ploiesti.ro\/www\/wp-json\/wp\/v2\/pages\/1347"}],"collection":[{"href":"https:\/\/timf.upg-ploiesti.ro\/www\/wp-json\/wp\/v2\/pages"}],"about":[{"href":"https:\/\/timf.upg-ploiesti.ro\/www\/wp-json\/wp\/v2\/types\/page"}],"author":[{"embeddable":true,"href":"https:\/\/timf.upg-ploiesti.ro\/www\/wp-json\/wp\/v2\/users\/2"}],"replies":[{"embeddable":true,"href":"https:\/\/timf.upg-ploiesti.ro\/www\/wp-json\/wp\/v2\/comments?post=1347"}],"version-history":[{"count":19,"href":"https:\/\/timf.upg-ploiesti.ro\/www\/wp-json\/wp\/v2\/pages\/1347\/revisions"}],"predecessor-version":[{"id":1802,"href":"https:\/\/timf.upg-ploiesti.ro\/www\/wp-json\/wp\/v2\/pages\/1347\/revisions\/1802"}],"wp:attachment":[{"href":"https:\/\/timf.upg-ploiesti.ro\/www\/wp-json\/wp\/v2\/media?parent=1347"}],"curies":[{"name":"wp","href":"https:\/\/api.w.org\/{rel}","templated":true}]}}