{"id":1342,"date":"2019-10-08T16:29:22","date_gmt":"2019-10-08T14:29:22","guid":{"rendered":"https:\/\/timf.upg-ploiesti.ro\/www\/?page_id=1342"},"modified":"2021-01-08T12:25:58","modified_gmt":"2021-01-08T10:25:58","slug":"proiect-fdi-2019-0066","status":"publish","type":"page","link":"https:\/\/timf.upg-ploiesti.ro\/www\/proiect-fdi-2019-0066\/","title":{"rendered":"Proiect FDI 2019 0066"},"content":{"rendered":"<h2>Hub pentru cercetare, dezvoltare \u015fi inovare multidisciplinar\u0103 \u00een contextul revolu\u021biei industriale 4.0<\/h2>\n<table>\n<tbody>\n<tr>\n<td width=\"&quot;127\"><strong>Obiectivele proiectului<\/strong><\/td>\n<td style=\"text-align: left;\"><strong>Obiectivul general<\/strong> al proiectului deriv\u0103 din premisele impuse de Revolu\u021bia Industrial\u0103 4.0 \u0219i const\u0103 \u00een stimularea<br \/>\ncercet\u0103rii \u015fi inov\u0103rii \u00een universitate prin realizarea unui hub inovativ, care s\u0103 reuneasc\u0103 cercet\u0103tori\/speciali\u0219ti din domenii diferite informatic\u0103, fizic\u0103, matematic\u0103,inginerie mecanic\u0103, inginerie chimica \u00een vederea dezvolt\u0103rii de teme de cercetare multidisciplinare, g\u0103sirea de solu\u0163ii optime la problemele din lumea real\u0103, cre\u015fterea vizibilit\u0103\u0163ii universit\u0103\u0163ii, colabor\u0103rii \u00eentre cadrele didactice \u015fi studen\u0163i din facult\u0103\u0163i diferite \u015fi disemin\u0103rii rezultatelor cercet\u0103rii.<br \/>\n<strong>O1<\/strong> \u2013 Stimularea cercet\u0103rii prin asigurarea unui cadru modern colaborativ<br \/>\n<strong>O2<\/strong> \u2013 Facilitarea valorific\u0103rii rezultatelor cercet\u0103rii prin publica\u0163ii de articole \u00een jurnale cu impact \u00een domeniile vizate \u015fi participarea la conferin\u0163e prestigioase<br \/>\n<strong>O3<\/strong> \u2013 Dezvoltarea abilit\u0103\u0163ilor de cercetare ale cadrelor didactice tinere \u015fi ale studen\u0163ilor prin facilitarea accesului la o infrastructur\u0103 multidisciplinar\u0103 dotat\u0103 cu tehnologii avansate<br \/>\n<strong>O4<\/strong> \u2013 Creare unui forum de discu\u0163ii, \u00een care s\u0103 fie prezentate articolele publicate, temele de cercetare abordate, problemele \u00eent\u00e2mpinate \u00een activitatea de cercetare, solu\u0163ii la acestea, etc.<br \/>\n<strong>O5<\/strong> \u2013 Dezvoltarea de echipe de cercetare mixte, care s\u0103 realizeze proiecte de cercetare de anvergur\u0103<\/td>\n<\/tr>\n<tr>\n<td width=\"&quot;127\"><strong>Bugetul proiectului<\/strong><\/td>\n<td style=\"text-align: left;\">216887 lei<\/td>\n<\/tr>\n<tr>\n<td width=\"&quot;127\"><strong>Echipa proiectului<\/strong><\/td>\n<td style=\"text-align: left;\">Conf. dr. Gabriela MOISE &#8211; director proiectConf. dr. Zoran CONSTANTINESCU &#8211; responsabil implementare activit\u0103\u021bi<\/p>\n<p>Prof. dr. Marius PETRESCU &#8211; responsabil implementare activit\u0103\u021bi<\/p>\n<p>\u0218ef lucr\u0103ri dr. Alin DINI\u021a\u0102 &#8211; responsabil implementare activit\u0103\u021bi<\/p>\n<p>Conf. dr. Monica VL\u0102DOIU &#8211; responsabil implementare activit\u0103\u021bi<\/p>\n<p>\u0218ef lucr\u0103ri dr. Adrian NEAC\u0218A &#8211; responsabil implementare activit\u0103\u021bi<\/p>\n<p>Sorin MIHAI &#8211; responsabil tehnic<\/p>\n<p>Claudia BULEARC\u0102 &#8211; expert achizi\u021bii<\/p>\n<p>Camelia BORCEA &#8211; expert salarizare<\/p>\n<p>Ec. Georgiana B\u0102DOIU &#8211; responsabil financiar<\/p>\n<p>Elena MIHAI &#8211; operator date<\/td>\n<\/tr>\n<tr>\n<td width=\"&quot;127\"><strong>Activit\u0103\u021bi derulate<\/strong><\/td>\n<td style=\"text-align: left;\">\n<p><strong>Activitatea 0. <\/strong>Activit\u0103\u021bi de management: Constituirea echipei de proiect; Planificarea detaliat\u0103 a activit\u0103\u021bilor;\u00a0Monitorizarea \u0219i evaluarea implement\u0103rii proiectului;Preg\u0103tirea dosarelor de achizi\u021bii pentru echipamente,\u00a0materiale informative si derularea achizi\u021biilor; Analiza continu\u0103 \u0219i raportarea financiar\u0103 \u0219i tehnic\u0103 periodic\u0103 \u0219i\u00a0final\u0103; Informare \u0219i publicitate privind activit\u0103\u021bile din proiect \u00een conformitate cu prevederile legisla\u021biei rom\u00e2ne\u0219ti.<\/p>\n<p><strong>Activitatea 1.<\/strong> Amenajarea unui spa\u021biu nonconformist \u0219i creativ cu dot\u0103ri moderne de comunicare care s\u0103 g\u0103zduiasc\u0103 HUB\u2013ul de interconecare \u0219tiin\u021bific\u0103.<br \/>\nActivitatea 1.1.Stabilirea necesarului de spa\u021biu, raportarea la cel existent, identificarea \u0219i dimensionarea logisticii,\u00a0organizarea de achizi\u021bii publice.<br \/>\nActivitate 1.2. Renovarea spa\u021biului \u0219i preg\u0103tirea hub-ului pentru echipamentele care vor fi achizi\u021bionate.<\/p>\n<p><strong>Activitatea 2.<\/strong> Dotarea hub-ului de interconectare \u0219tiin\u021bific\u0103<\/p>\n<p>Activitatea 2.1 Organizarea \u0219i realizarea de achizi\u021bii publice \u00een vederea dot\u0103rii corespunz\u0103toare hub-ului de interconectare \u0219tiin\u021bific\u0103 cu dispozitive moderne de comunicare \u0219i rela\u021bionare, \u00een vederea realiz\u0103rii unui mediu atractiv pentru realizarea de \u00eent\u00e2lniri pe teme de cercetare, precum \u0219i cu o minibibliotec\u0103 cu publica\u021bii\/c\u0103r\u021bi din domeniile de cercetare selectate.<br \/>\nActivitate 2.2. Achizi\u021bionarea echipamentelor \u0219i respectiv c\u0103r\u021bilor\/publica\u021biilor selectate \u00een cadrul activit\u0103\u021bii 2.1.<\/p>\n<p><strong>Activitatea 3.<\/strong> Renovarea si imbun\u0103t\u0103\u021birea dot\u0103rii\/capabilit\u0103\u021bii laboratoarelor de cercetare cu\u00a0echipamente, precum \u0219i cu re\u021bele de calculatoare \u015fi senzori.Laboratoarele de cercetare care vor fi implicate\u00a0ini\u021bial \u00een proiect sunt Laboratorul Computer Science&amp;Education, Laboratorul Embedded Systems, Laboratorul de\u00a0Examinari Distructive \u2013 LED, acreditat ISCIR DISPR\/CR6\/J,K,L,M\/1\/12.07.2016, Laborator de Sinteza \u0219i\u00a0Caracterizarea Nanomaterialelor.<\/p>\n<p>Activitatea 3.1. Identificarea specifica\u021biilor tehnice ale echipamentelor necesare dezvolt\u0103rii unui mediu de\u00a0cercetare multidisciplinar.<br \/>\nActivitatea 3.2. Organizarea \u0219i realizarea de achizi\u021bii publice \u00een vederea dot\u0103rii laboratoarelor cu echipamentele\u00a0identificate la activitatea 3.1.<\/p>\n<p><strong>Activitatea 4.<\/strong> Realizarea conexiuni laboratoarelor de cercetare cu hub-ul de interconectare\u00a0\u0219tiin\u021bific\u0103 \u00een scopul cre\u0103rii unui spa\u021biu de co-working.<\/p>\n<p>Activitatea 4.1. Realizarea unui site \u015fi a unui forum de discu\u0163ii dedicat activit\u0103\u0163ilor ce se vor desf\u0103\u015fura \u00een hub-ul de\u00a0interconectare \u0219tiin\u021bific\u0103.<\/p>\n<p><strong>Activitatea 5.<\/strong> Asigurarea vizibilit\u0103\u021bii proiectului \u0219i a rezultatelor atinse prin activit\u0103\u021bi de promovare \u0219i\u00a0publicitate.<\/td>\n<\/tr>\n<tr>\n<td width=\"&quot;127\"><strong>Rezultate<\/strong><\/td>\n<td style=\"text-align: left;\">\n<p><strong>R0<\/strong> \u2013 A0<br \/>\nEchipa de coordonare a proiectului<br \/>\n<strong>R1<\/strong> \u2013 A1, A2<br \/>\nUn spa\u021biu modern, competitiv \u0219i atractiv pentru \u00eent\u00e2lniri \u00eentre speciali\u0219ti din domeniile informatic\u0103, fizic\u0103,\u00a0matematic\u0103, inginerie mecanic\u0103, inginerie chimica. Hub-ul de interconectare \u0219tiin\u021bific\u0103 va oferi un mediu de\u00a0co-working \u015fi mentorat, la care vor avea acces at\u00e2t cadrele didactice \u015fi studen\u0163ii, c\u00e2t \u0219i reprezentan\u021bi ai mediul\u00a0economic\/industrial.<br \/>\n<strong>R2<\/strong> \u2013 A1, A2<br \/>\nRealizarea unei minibiblioteci prin actualizarea fondului de carte al universit\u0103\u021bii cu ultimele aparitii la nivel\u00a0international in domenii de cercetare de actualitate aferente laboratoarelor implicate \u00een proiect.<\/p>\n<p><strong>C\u0103r\u021bi achizi\u021bionate<\/strong><\/p>\n<p>Statistics and Data Analysis: From Elementary to Intermediate, by Ajit C. Tamhane, Dorothy D. DunlopSystems Science and Collaborative Information Systems: Theories, Practices and New Research, Emilia Curr\u00e1s\u00a0 and Nuria Lloret RomeroCollaborative Product Design: Help Any Team Build a Better Experience, by Austin Govella<\/p>\n<p>Python Machine Learning By Example: Implement machine learning algorithms and techniques to build intelligent systems, 2nd Edition,\u00a0by Yuxi (Hayden) Liu<\/p>\n<p>The Oxford Handbook of Affective Computing (Oxford Library of Psychology) 1st Edition\u00a0by Rafael A. Calvo (Editor), Sidney D&#8217;Mello (Editor), Jonathan Gratch (Editor), Arvid Kappas (Editor)<\/p>\n<p>Art, Design and Technology: Collaboration and Implementation (Springer Briefs in Computer Science) 1st ed. 2017 Edition,\u00a0by Rae Earnshaw<\/p>\n<p>Intelligent Big Multimedia Databases,\u00a0by Andreas Wichert<\/p>\n<p>Web Dragons: Inside the Myths of Search Engine Technology (The Morgan Kaufmann Series in Multimedia Information and Systems) 1st Edition<br \/>\nby Ian H. Witten, Gori, Marco, Teresa Numerico<\/p>\n<p>Introduction to Information Retrieval 1st Edition,\u00a0by Christopher D. Manning, Prabhakar Raghavan, Hinrich Sch\u00fctze<\/p>\n<p>Computer and Information Security Handbook 3rd Edition,\u00a0by John R. Vacca<\/p>\n<p>WTF?: What&#8217;s the Future and Why It&#8217;s Up to Us Hardcover,\u00a0by Tim O&#8217;Reilly<\/p>\n<p>DBA Survivor: Become a Rock Star DBA 1st ed. Edition,\u00a0by Thomas LaRock<\/p>\n<p>Researching Information Systems and Computing, First Edition,\u00a0by Briony J. Oates<\/p>\n<p>The Practice of Network Security Monitoring: Understanding Incident Detection and Response 1st Edition,\u00a0by Richard Bejtlich<\/p>\n<p>Don&#8217;t Make Me Think, Revisited: A Common Sense Approach to Web Usability (3rd Edition) (Voices That Matter) 3rd Edition,\u00a0by Steve Krug<\/p>\n<p>Big Data and Social Science: A Practical Guide to Methods and Tools (Chapman &amp; Hall\/CRC Statistics in the Social and Behavioral Sciences) 1st Edition,\u00a0by Ian Foster (Editor), Rayid Ghani (Editor), Ron S. Jarmin (Editor), Frauke Kreuter (Editor), Julia Lane (Editor)<\/p>\n<p><strong>R3<\/strong> \u2013 A3<br \/>\nRenovarea si completarea bazei materiale a laboratoarelor de cercetare (Laboratorul Computer\u00a0Science&amp;Education, Laboratorul Embedded Systems, Laboratorul de Examinari Distructive \u2013 LED, acreditat ISCIR\u00a0DISPR\/CR6\/J,K,L,M\/1\/12.07.2016, Laborator de Sinteza \u0219i Caracterizarea Nanomaterialelor) racordate \u00een cadrul\u00a0hub-ului de interconectare \u0219tiin\u021bific\u0103.<\/p>\n<p><strong>R4<\/strong> \u2013 A4<br \/>\nSite dedicat pentru diseminarea rezultatelor proiectului, administrarea hub-ului \u0219i pentru centralizarea\u00a0informa\u021biilor diseminate \u00een cadrul atelierelor de lucru ini\u021biate \u00een cadrul hub-ului.<\/p>\n<p><a href=\"https:\/\/timf.upg-ploiesti.ro\/www\/proiecte\/proiect-fdi-2019-0066\">https:\/\/timf.upg-ploiesti.ro\/www\/proiecte\/proiect-fdi-2019-0066<\/a><\/p>\n<p><strong>R5<\/strong> \u2013 A3, A4<br \/>\nList\u0103 propuneri de teme de cercetare \u0219i inovare multidisciplinare comune, list\u0103 actualizat\u0103 \u00een permanen\u021b\u0103 prin\u00a0realizarea atelierelor de lucru.<\/p>\n<p>List\u0103 teme de cercetare:<\/p>\n<p><a href=\"https:\/\/timf.upg-ploiesti.ro\/www\/educatie\/licenta-informatica\/#teme_licenta\">https:\/\/timf.upg-ploiesti.ro\/www\/educatie\/licenta-informatica\/#teme_licenta<\/a><\/p>\n<p><a href=\"https:\/\/timf.upg-ploiesti.ro\/www\/educatie\/master-informatica\/#teme_disertatie\">https:\/\/timf.upg-ploiesti.ro\/www\/educatie\/master-informatica\/#teme_disertatie<\/a><\/p>\n<p>Sinteza \u015fi caracterizarea nanomaterialelor pentru aplica\u0163ii catalitice, responsabil prof. dr, ing. Diana CURSARU<\/p>\n<p>Foto degrad\u0103ri catalizate de nanomateriale,\u00a0\u00a0responsabil prof. dr, ing. Diana CURSARU<\/p>\n<p>Straturi func\u0163ionale cu structuri nanometrice pentru diverse aplica\u0163ii,\u00a0\u00a0responsabil prof. dr, ing. Diana CURSARU<\/p>\n<p>Developing a computational model for students&#8217; emotions, PI Associate Professor PhD Gabriela\u00a0MOISE<\/p>\n<p>Modele liniare de clasificare. Analiz\u0103 discriminant\u0103 liniar\u0103. Regresie &#8211; responsabil \u0219ef lucr\u0103ri dr. ing. Irina IONI\u021a\u0102<\/p>\n<p>Clasificatorii NB, KNN &#8211; responsabil \u0219ef lucr\u0103ri dr. ing. Irina IONI\u021a\u0102<\/p>\n<p>Aplica\u021bii ale arborilor de decizii \u00een domenii diferite &#8211;\u00a0responsabil \u0219ef lucr\u0103ri dr. ing. Irina IONI\u021a\u0102<\/p>\n<p>Evaluarea unui model de clasificare &#8211;\u00a0responsabil \u0219ef lucr\u0103ri dr. ing. Irina IONI\u021a\u0102<\/p>\n<p><strong>R6<\/strong> \u2013 A5<br \/>\nFlyere\/mape de prezentare \u0219i diseminarea rezultatelor activit\u0103\u021bilor derulate \u00een cadrul proiectului.<\/p>\n<p>Workshop lansare proiect de cercetare\u00a0Developing a computational model for students&#8217; emotions, PI Associate Professor PhD Gabriela\u00a0MOISE<\/td>\n<\/tr>\n<tr>\n<td width=\"&quot;127\"><strong>Album foto<\/strong><\/td>\n<td width=\"822\">\n<figure id=\"attachment_1375\" aria-describedby=\"caption-attachment-1375\" style=\"width: 300px\" class=\"wp-caption alignnone\"><a href=\"https:\/\/timf.upg-ploiesti.ro\/www\/wp-content\/uploads\/2019\/10\/s5.jpg\"><img loading=\"lazy\" class=\"size-medium wp-image-1375\" src=\"https:\/\/timf.upg-ploiesti.ro\/www\/wp-content\/uploads\/2019\/10\/s5-300x225.jpg\" alt=\"Laboratorul Embedded Systems\" width=\"300\" height=\"225\" srcset=\"https:\/\/timf.upg-ploiesti.ro\/www\/wp-content\/uploads\/2019\/10\/s5-300x225.jpg 300w, https:\/\/timf.upg-ploiesti.ro\/www\/wp-content\/uploads\/2019\/10\/s5-1024x768.jpg 1024w\" sizes=\"(max-width: 300px) 100vw, 300px\" \/><\/a><figcaption id=\"caption-attachment-1375\" class=\"wp-caption-text\">Laboratorul Embedded Systems<\/figcaption><\/figure>\n<figure id=\"attachment_1373\" aria-describedby=\"caption-attachment-1373\" style=\"width: 300px\" class=\"wp-caption alignnone\"><a href=\"https:\/\/timf.upg-ploiesti.ro\/www\/wp-content\/uploads\/2019\/10\/s3.jpg\"><img loading=\"lazy\" class=\"size-medium wp-image-1373\" src=\"https:\/\/timf.upg-ploiesti.ro\/www\/wp-content\/uploads\/2019\/10\/s3-300x225.jpg\" alt=\"UPG-HUB4.0 Cercetare\" width=\"300\" height=\"225\" srcset=\"https:\/\/timf.upg-ploiesti.ro\/www\/wp-content\/uploads\/2019\/10\/s3-300x225.jpg 300w, https:\/\/timf.upg-ploiesti.ro\/www\/wp-content\/uploads\/2019\/10\/s3-1024x768.jpg 1024w\" sizes=\"(max-width: 300px) 100vw, 300px\" \/><\/a><figcaption id=\"caption-attachment-1373\" class=\"wp-caption-text\">UPG-HUB4.0 Cercetare<\/figcaption><\/figure>\n<p><figure id=\"attachment_1372\" aria-describedby=\"caption-attachment-1372\" style=\"width: 300px\" class=\"wp-caption alignnone\"><a href=\"https:\/\/timf.upg-ploiesti.ro\/www\/wp-content\/uploads\/2019\/10\/s1.jpg\"><img loading=\"lazy\" class=\"size-medium wp-image-1372\" src=\"https:\/\/timf.upg-ploiesti.ro\/www\/wp-content\/uploads\/2019\/10\/s1-300x225.jpg\" alt=\"Laboratorul Computer Science&amp;Education\" width=\"300\" height=\"225\" srcset=\"https:\/\/timf.upg-ploiesti.ro\/www\/wp-content\/uploads\/2019\/10\/s1-300x225.jpg 300w, https:\/\/timf.upg-ploiesti.ro\/www\/wp-content\/uploads\/2019\/10\/s1-1024x768.jpg 1024w\" sizes=\"(max-width: 300px) 100vw, 300px\" \/><\/a><figcaption id=\"caption-attachment-1372\" class=\"wp-caption-text\">Laboratorul Computer Science&amp;Education<\/figcaption><\/figure><\/td>\n<\/tr>\n<tr>\n<td width=\"&quot;127\"><strong>Activit\u0103\u021bi UPG-HUB Cercetare<\/strong><\/td>\n<td style=\"text-align: left;\" width=\"822\">\n<p>Saptamanal:<\/p>\n<ul>\n<li>marti 13.30-15.10, joi 19-19.50 TIC21, conf. dr. ing. Monica VL\u0102DOIU<\/li>\n<li>joi 13.30-15.10, Data mining, Laborator CSE, \u0219ef lucr\u0103ri Irina Ioni\u021b\u0103<\/li>\n<\/ul>\n<p>Evenimente:<\/p>\n<ul>\n<li style=\"text-align: left;\">8 noiembrie 2019, 10-12, lansare proiect cercetare, conf. dr. Gabriela MOISE<\/li>\n<li>28 noiembrie 2019, 13.30, Simpozion Computer Science &amp; Education<\/li>\n<li>CFP\u00a0<a href=\"https:\/\/timf.upg-ploiesti.ro\/www\/wp-content\/uploads\/2019\/11\/Call-for-Papers-for-The-Symposium-Computer-Science-in-Education-2019.pdf\">https:\/\/timf.upg-ploiesti.ro\/www\/wp-content\/uploads\/2019\/11\/Call-for-Papers-for-The-Symposium-Computer-Science-in-Education-2019.pdf<\/a><\/li>\n<li>Program\u00a0<a href=\"https:\/\/timf.upg-ploiesti.ro\/www\/wp-content\/uploads\/2019\/11\/program-SCSE-nov-2019.pdf\">https:\/\/timf.upg-ploiesti.ro\/www\/wp-content\/uploads\/2019\/11\/program-SCSE-nov-2019.pdf<\/a><\/li>\n<\/ul>\n<p>Proiect in cadrul programului de master Tehnologii Avansate pentru Prelucrarea Informa\u021biei:\u00a0Kreatix, un software de realitate virtual\u0103 pentru picturi digitale, realizat de Florin Sima, 2020. Articol in presa <a href=\"https:\/\/elitaromaniei.ro\/florin-sima-studentul-inspirat-de-matrix-si-avatar-autorul-unui-software-revolutionar-de-realitate-virtuala-pentru-picturi-digitale\/?amp&amp;fbclid=IwAR0vFzMTzjOLKkg0lX3bB5_flxl6bRr_V7TX7ZtfxmAjYKsCwwtYWCEndMU\">aici<\/a>.<\/td>\n<\/tr>\n<\/tbody>\n<\/table>\n","protected":false},"excerpt":{"rendered":"<p>Hub pentru cercetare, dezvoltare \u015fi inovare multidisciplinar\u0103 \u00een contextul revolu\u021biei industriale 4.0 Obiectivele proiectului Obiectivul general al proiectului deriv\u0103 din premisele impuse de Revolu\u021bia Industrial\u0103 4.0 \u0219i const\u0103 \u00een stimularea cercet\u0103rii \u015fi inov\u0103rii \u00een universitate prin realizarea unui hub inovativ, <a href=\"https:\/\/timf.upg-ploiesti.ro\/www\/proiect-fdi-2019-0066\/\" class=\"read-more\">Cite\u0219te mai mult &#8230;<\/a><\/p>\n","protected":false},"author":2,"featured_media":0,"parent":0,"menu_order":0,"comment_status":"closed","ping_status":"closed","template":"","meta":[],"_links":{"self":[{"href":"https:\/\/timf.upg-ploiesti.ro\/www\/wp-json\/wp\/v2\/pages\/1342"}],"collection":[{"href":"https:\/\/timf.upg-ploiesti.ro\/www\/wp-json\/wp\/v2\/pages"}],"about":[{"href":"https:\/\/timf.upg-ploiesti.ro\/www\/wp-json\/wp\/v2\/types\/page"}],"author":[{"embeddable":true,"href":"https:\/\/timf.upg-ploiesti.ro\/www\/wp-json\/wp\/v2\/users\/2"}],"replies":[{"embeddable":true,"href":"https:\/\/timf.upg-ploiesti.ro\/www\/wp-json\/wp\/v2\/comments?post=1342"}],"version-history":[{"count":39,"href":"https:\/\/timf.upg-ploiesti.ro\/www\/wp-json\/wp\/v2\/pages\/1342\/revisions"}],"predecessor-version":[{"id":1792,"href":"https:\/\/timf.upg-ploiesti.ro\/www\/wp-json\/wp\/v2\/pages\/1342\/revisions\/1792"}],"wp:attachment":[{"href":"https:\/\/timf.upg-ploiesti.ro\/www\/wp-json\/wp\/v2\/media?parent=1342"}],"curies":[{"name":"wp","href":"https:\/\/api.w.org\/{rel}","templated":true}]}}