{"id":1078,"date":"2018-09-04T11:19:33","date_gmt":"2018-09-04T09:19:33","guid":{"rendered":"https:\/\/timf.upg-ploiesti.ro\/www\/?page_id=1078"},"modified":"2024-12-03T18:50:05","modified_gmt":"2024-12-03T16:50:05","slug":"centrul-de-invatare-itimf","status":"publish","type":"page","link":"https:\/\/timf.upg-ploiesti.ro\/www\/educatie\/centrul-de-invatare-itimf\/","title":{"rendered":"Centrul de \u00eenv\u0103\u021bare ITIMF"},"content":{"rendered":"\n<p>\u00cen cadrul departamentului ITIMF func\u021bioneaz\u0103 <strong>Centrul de \u00eenv\u0103\u021bare informal\u0103<\/strong>.<\/p>\n\n\n\n<ul><li><strong>Responsabil<\/strong>: <em>conf. dr. Simona Nicoar\u0103<\/em> (<a rel=\"noopener noreferrer\" href=\"mailto:snicoara@upg-ploiesti.ro\" target=\"_blank\">snicoara@upg-ploiesti.ro<\/a>)<\/li><li><strong>Consiliere<\/strong>: Miercuri, orele 15.30-16.30, sala EIV8, cu anun\u021b prealabil<\/li><li><strong><a href=\"https:\/\/drive.google.com\/file\/d\/146rLsSVBpXkgOsN-wfnS7ErEnXdkoZh8\/view?usp=sharing\" target=\"_blank\" rel=\"noreferrer noopener\">Resurse<\/a> \u0219i <a href=\"https:\/\/drive.google.com\/file\/d\/1rU0VuuylUxjSkUIx_S5h_DGPLmJb69yc\/view?usp=sharing\" target=\"_blank\" rel=\"noreferrer noopener\">evenimente<\/a><\/strong><\/li><\/ul>\n\n\n\n<hr class=\"wp-block-separator is-style-wide\"\/>\n\n\n\n<ul><li><strong>Centrul de Consiliere \u0219i Orientare \u00een Carier\u0103<\/strong> (<strong><a rel=\"noreferrer noopener\" href=\"http:\/\/ccoc.upg-ploiesti.ro\/\" target=\"_blank\">CCOC<\/a><\/strong>) al Universit\u0103\u021bii Petrol-Gaze din Ploie\u0219ti<\/li><\/ul>\n\n\n\n<hr class=\"wp-block-separator is-style-wide\"\/>\n\n\n\n<h3><strong>Planificarea \u00eent\u00e2lnirilor tutorilor \u0219i coordonatorului programului de studii de master TAPI cu studen\u021bii<\/strong><\/h3>\n\n\n\n<p>Dac\u0103 sunt student la <strong>programul de studii de master Tehnologii Avansate pentru Prelucrarea Informa\u0163iei<\/strong> \u015fi &#8220;parc\u0103-mi vine s\u0103 m\u0103 las de \u015fcoal\u0103&#8221;, ar fi bine s\u0103 nu o fac \u00eenainte de a vedea ce solu\u0163ii personalizate exist\u0103 pentru a-mi putea continua studiile de master \ud83d\ude09<\/p>\n\n\n\n<p>\u00cen ultima joi, din fiecare lun\u0103, v\u0103 a\u015ftept\u0103m s\u0103 discut\u0103m aceste solu\u0163ii, la ora 17,00, \u00een sala L3.<\/p>\n\n\n\n<p><strong>Tutore an I<\/strong>: conf. dr. Simona Nicoar\u0103<br><strong>Tutore an II<\/strong>: conf. dr. Zoran Constantinescu<\/p>\n\n\n\n<p><strong>Coordonator program TAPI<\/strong>: conf. dr. Monica Vl\u0103doiu<\/p>\n\n\n\n<p>Desgur, sunte\u0163i bineveni\u0163i oric\u00e2nd s\u0103 vorbim fa\u0163\u0103-n fa\u0163\u0103, prin telefon\/e-mail sau pe Discord.<\/p>\n\n\n\n<hr class=\"wp-block-separator is-style-wide\"\/>\n\n\n\n<h3><strong>Planificarea \u00eent\u00e2lnirilor tutorilor \u0219i coordonatorului programului de studii de licen\u021b\u0103 Informatic\u0103 cu studen\u021bii<\/strong><\/h3>\n\n\n\n<p><strong>Tutore an I, lector dr. Daniela \u0218chiopu<\/strong><\/p>\n\n\n\n<ul><li>29 februarie 2024, 11.40-13.20 E IV 8<\/li><li>21 martie 2024, 11.40-13.20 E IV 8<\/li><li>18 aprilie 2024, 11.40-13.20 E IV 8<\/li><li>23 mai 2024, 11.40-13.20 E IV 8<\/li><\/ul>\n\n\n\n<p><strong>Tutore an II, lector dr. Elia Dragomir<\/strong><\/p>\n\n\n\n<ul><li>29 februarie joi 17.10-18.50 JI9<\/li><li>20 martie miercuri 13.30-15.10 L3<\/li><li>17 aprilie miercuri 13.30-15.10 L3<\/li><li>16 mai joi 17.10-18.50 JI9<\/li><\/ul>\n\n\n\n<p><strong>Tutore an III, lector dr. Iuliana Aldescu<\/strong><\/p>\n\n\n\n<ul><li>29 martie 15:20-17 L1<\/li><li>26 aprilie 15:20-17 L1<\/li><li>24 mai 15:20-17 L1<\/li><\/ul>\n\n\n\n<p><strong>Coordonator program de studiu Informatica, conf. dr. Gabriela Moise<\/strong><br>Laborator L2<\/p>\n\n\n\n<ul><li>29 februarie 2024, 13.30-15.10<\/li><li>21 martie 2024, 13.30-15.10<\/li><li>25 aprilie 2024, 13.30-15.10<\/li><li>30 mai 2024, 13.30-15.10<\/li><\/ul>\n\n\n\n<hr class=\"wp-block-separator is-style-wide\"\/>\n\n\n\n<h3><strong>Proiecte:<\/strong><\/h3>\n\n\n\n<p><strong>Soft skills pentru o carier\u0103 de succes (\u00een IT)<\/strong><br>Activit\u0103\u021bi de grup pentru dezvoltarea abilit\u0103\u021bilor transferabile necesare unei cariere de succes (\u00een IT).<br>Dintre temele abordate: managementul timpului, abilit\u0103\u021bi de organizare, motiva\u021bia, stima de sine, comunicarea, construirea unui CV \u0219i a unui profil profesional, perseveren\u021ba, rezilien\u021ba, lucrul \u00een echip\u0103, comportamentul organiza\u021bional, voca\u021bia, obiceiurile, abordarea conflictelor etc.<br>\u00cent\u00e2lnirile sunt op\u021bionale, studen\u021bii aleg \u00eent\u00e2lnirile la care vor s\u0103 participe, \u00een func\u021bie de interes.<br><br><em>Responsabil: Conf. dr. Simona Nicoar\u0103<\/em><\/p>\n\n\n\n<ul><li>2 aprilie 2024, 11.40, EIV9 &#8211; invitat ing. C\u0103lin Cebotaru, formator atestat de Ministerul Muncii \u0219i Solidarit\u0103\u021bii Sociale<ul><li>\u00eenzestr\u0103rile naturale &#8211; factor decisiv \u00een alegerea drumului \u00een via\u021b\u0103<\/li><li>eficien\u021ba &#8211; cheie a succesului \u00een parcurgerea drumului vie\u021bii<\/li><li>a\u0219tept\u0103ri versus d\u0103ruire &#8211; dou\u0103 atitudini polare \u00een via\u021b\u0103<\/li><\/ul><\/li><li>22 mai 2023, &#8220;Gestionarea emo\u021biilor, rezilien\u021b\u0103 emo\u021bional\u0103&#8221;.<\/li><li>24 aprilie 2023, &#8220;Comunicare&#8221;.<\/li><li>10 aprilie 2023, &#8220;Alegeri privind cariera, cursuri online, materiale de studiu. Comunicarea cu eventualii clien\u021bi pentru dezvoltarea de aplica\u021bii&#8221;.<\/li><li>27 martie 2023, &#8220;Organizare, time management (\u00een timpul examenelor), cum ne facem ordine \u00een g\u00e2nduri? etc.&#8221;.<\/li><li>18 ianuarie 2023, ora 15.30, EIV9, &#8220;Cum \u00eenv\u0103\u021b s\u0103 \u00eenv\u0103\u021b?&#8221;.<\/li><\/ul>\n\n\n\n<hr class=\"wp-block-separator is-style-wide\"\/>\n\n\n\n<p><strong>Proiectul privind \u00cenv\u0103\u021b\u0103m\u00e2ntul Secundar (ROSE)<\/strong><br>Schema de Granturi: SGNU<br>Beneficiar: Universitatea Petrol-Gaze din Ploie\u0219ti<br>Titlul subproiectului: <strong>Dezvoltare profesional\u0103 prin valorizarea competen\u021belor \u0219i informare (DEVIN)<\/strong><br>Acord de grant nr. AG\/176\/SGU\/NC\/II <\/p>\n\n\n\n<ul><li><a href=\"https:\/\/timf.upg-ploiesti.ro\/docs\/ORAR_ACTIVITATI_REMEDIALE_ian_2022.pdf\">Program luna ianuarie 2022<\/a><\/li><li><a href=\"https:\/\/timf.upg-ploiesti.ro\/docs\/ORAR_ACTIVITATI_REMEDIALE_dec_2021.pdf\">Program luna decembrie 2021<\/a><\/li><li><a href=\"https:\/\/timf.upg-ploiesti.ro\/docs\/ORAR_ACTIVITATI_REMEDIALE_nov_2021.pdf\">Program luna noiembrie 2021<\/a><\/li><li><a href=\"https:\/\/timf.upg-ploiesti.ro\/docs\/ORAR ACTIVITATI REMEDIALE, oct 2021.pdf\">Program luna octombrie 2021<\/a><\/li><li><a href=\"https:\/\/timf.upg-ploiesti.ro\/docs\/ORAR ACTIVITATI REMEDIALE, iunie 2021.pdf\">Program luna iunie 2021<\/a><\/li><li><a href=\"https:\/\/timf.upg-ploiesti.ro\/docs\/ORAR ACTIVITATI REMEDIALE, mai 2021.pdf\">Program luna mai 2021<\/a><\/li><li><a href=\"https:\/\/timf.upg-ploiesti.ro\/docs\/ORAR ACTIVITATI REMEDIALE, apr 2021.pdf\">Program luna aprilie 2021<\/a><\/li><li><a href=\"https:\/\/timf.upg-ploiesti.ro\/docs\/ORAR ACTIVITATI REMEDIALE, martie 2021.pdf\">Program luna martie 2021<\/a><\/li><li><a rel=\"noreferrer noopener\" href=\"https:\/\/timf.upg-ploiesti.ro\/docs\/ORAR ACTIVITATI REMEDIALE, ian 2021(1).pdf\" target=\"_blank\">Program luna ianuarie 2021<\/a><\/li><li><a rel=\"noreferrer noopener\" href=\"https:\/\/timf.upg-ploiesti.ro\/docs\/ORAR_ACTIVITATI_REMEDIALE_dec_2020.pdf\" target=\"_blank\">Program luna decembrie 2020<\/a><\/li><li><a rel=\"noreferrer noopener\" href=\"https:\/\/timf.upg-ploiesti.ro\/docs\/ORAR%20ACTIVITATI REMEDIALE, noi 2020.pdf\" target=\"_blank\">Program luna noiembrie 2020<\/a><\/li><li><a rel=\"noreferrer noopener\" href=\"https:\/\/timf.upg-ploiesti.ro\/docs\/ORAR%20ACTIVITATI REMEDIALE, oct 2020.pdf\" target=\"_blank\">Program luna octombrie 2020<\/a><\/li><\/ul>\n\n\n\n<hr class=\"wp-block-separator is-style-wide\"\/>\n\n\n\n<p><strong>Program de preg\u0103tire preliminar\u0103 pentru studen\u021bii anului I Informatic\u0103<\/strong><br><em>\u00cen luna septembrie 2019, Centrul de \u00cenv\u0103\u021bare iTIMF organizeaz\u0103 un program de preg\u0103tire preliminar\u0103 la Informatic\u0103. Detalii g\u0103si\u021bi <a rel=\"noreferrer noopener\" href=\"https:\/\/timf.upg-ploiesti.ro\/docs\/fluturas program v4 - 2019.pdf\" target=\"_blank\">aici<\/a>. \u00cen luna septembrie 2018, Centrul de \u00cenv\u0103\u021bare iTIMF organizeaz\u0103 un program de preg\u0103tire preliminar\u0103 la Informatic\u0103.<\/em><\/p>\n\n\n\n<hr class=\"wp-block-separator is-style-wide\"\/>\n\n\n\n<p><strong>Program de consiliere pentru studen\u021bii programului de master Tehnologii Avansate pentru Prelucrarea Informa\u021biei<\/strong>, <em>responsabil conf. dr. Simona Nicoar\u0103<\/em><\/p>\n\n\n\n<hr class=\"wp-block-separator is-style-wide\"\/>\n\n\n\n<p><strong>Proiectul privind \u00cenv\u0103\u021b\u0103m\u00e2ntul Secundar (ROSE)<\/strong><br>Schema de Granturi Competitive pentru Universit\u0103\u021bi&nbsp;\u2013 Centre de \u00cenv\u0103\u021bare (SGCU-CI)<br>Beneficiar: Universitatea Petrol-Gaze din Ploie\u0219ti<br>Titlul subproiectului &#8211; <strong>START UP &#8211; Ghidul t\u0103u de \u00eenv\u0103\u021bare<\/strong><br>Acord de grant nr. 80\/SGU\/CI\/I, <em>responsabil UPG &#8211; director de grant: prof. dr. Anca Mihaela Dobrinescu<\/em>, membrii Informatic\u0103: <em>lector dr. Daniela \u0218chiopu<\/em>, <em>lector dr. Elia Dragomir<\/em><br>Perioada de derulare: <em>aprilie 2018 \u2013 noiembrie 2020<\/em><\/p>\n","protected":false},"excerpt":{"rendered":"<p>\u00cen cadrul departamentului ITIMF func\u021bioneaz\u0103 Centrul de \u00eenv\u0103\u021bare informal\u0103. Responsabil: conf. dr. Simona Nicoar\u0103 (snicoara@upg-ploiesti.ro) Consiliere: Miercuri, orele 15.30-16.30, sala EIV8, cu anun\u021b prealabil Resurse \u0219i evenimente Centrul de Consiliere \u0219i Orientare \u00een Carier\u0103 (CCOC) al Universit\u0103\u021bii Petrol-Gaze din Ploie\u0219ti <a href=\"https:\/\/timf.upg-ploiesti.ro\/www\/educatie\/centrul-de-invatare-itimf\/\" class=\"read-more\">Cite\u0219te mai mult &#8230;<\/a><\/p>\n","protected":false},"author":5,"featured_media":0,"parent":6,"menu_order":0,"comment_status":"closed","ping_status":"closed","template":"","meta":[],"_links":{"self":[{"href":"https:\/\/timf.upg-ploiesti.ro\/www\/wp-json\/wp\/v2\/pages\/1078"}],"collection":[{"href":"https:\/\/timf.upg-ploiesti.ro\/www\/wp-json\/wp\/v2\/pages"}],"about":[{"href":"https:\/\/timf.upg-ploiesti.ro\/www\/wp-json\/wp\/v2\/types\/page"}],"author":[{"embeddable":true,"href":"https:\/\/timf.upg-ploiesti.ro\/www\/wp-json\/wp\/v2\/users\/5"}],"replies":[{"embeddable":true,"href":"https:\/\/timf.upg-ploiesti.ro\/www\/wp-json\/wp\/v2\/comments?post=1078"}],"version-history":[{"count":52,"href":"https:\/\/timf.upg-ploiesti.ro\/www\/wp-json\/wp\/v2\/pages\/1078\/revisions"}],"predecessor-version":[{"id":2925,"href":"https:\/\/timf.upg-ploiesti.ro\/www\/wp-json\/wp\/v2\/pages\/1078\/revisions\/2925"}],"up":[{"embeddable":true,"href":"https:\/\/timf.upg-ploiesti.ro\/www\/wp-json\/wp\/v2\/pages\/6"}],"wp:attachment":[{"href":"https:\/\/timf.upg-ploiesti.ro\/www\/wp-json\/wp\/v2\/media?parent=1078"}],"curies":[{"name":"wp","href":"https:\/\/api.w.org\/{rel}","templated":true}]}}