{"id":10,"date":"2014-11-05T21:09:54","date_gmt":"2014-11-05T19:09:54","guid":{"rendered":"https:\/\/timf.upg-ploiesti.ro\/wp\/?page_id=10"},"modified":"2026-03-06T14:13:05","modified_gmt":"2026-03-06T12:13:05","slug":"orare","status":"publish","type":"page","link":"https:\/\/timf.upg-ploiesti.ro\/www\/orare\/","title":{"rendered":"Orare"},"content":{"rendered":"\n<h2>Orare anul universitar 2025-2026 \/ semestrul II<\/h2>\n\n\n\n<figure class=\"wp-block-table\"><table class=\"has-subtle-pale-blue-background-color has-background\"><thead><tr><th><strong>Nr. crt.<\/strong><\/th><th><strong>Descriere document<\/strong><\/th><th><strong>Anii<\/strong><\/th><th><strong>Descarc\u0103 document<\/strong><\/th><\/tr><\/thead><tbody><tr><td>1<\/td><td>Licen\u021b\u0103 &#8211; Informatic\u0103<\/td><td>I, II, III<\/td><td><strong><a href=\"https:\/\/timf.upg-ploiesti.ro\/docs\/INFO-ORAR- Sem II - 2025-2026 v3.pdf\">Orar Informatic\u0103 sem. II 2025-2026<\/a><\/strong><\/td><\/tr><tr><td>2<\/td><td>Master &#8211; TAPI<\/td><td>I, II<\/td><td><strong><a href=\"https:\/\/timf.upg-ploiesti.ro\/docs\/TAPI - orar - sem II - 25 26 - v1.pdf\">Orar TAPI sem. II 2025-2026<\/a><\/strong><\/td><\/tr><\/tbody><\/table><\/figure>\n\n\n\n<h2>Orare anul universitar 2025-2026 \/ semestrul I<\/h2>\n\n\n\n<figure class=\"wp-block-table\"><table class=\"has-subtle-pale-blue-background-color has-background\"><thead><tr><th><strong>Nr. crt.<\/strong><\/th><th><strong>Descriere document<\/strong><\/th><th><strong>Anii<\/strong><\/th><th><strong>Descarc\u0103 document<\/strong><\/th><\/tr><\/thead><tbody><tr><td>1<\/td><td>Licen\u021b\u0103 &#8211; Informatic\u0103<\/td><td>I, II, III<\/td><td><strong><a href=\"https:\/\/timf.upg-ploiesti.ro\/docs\/INFO-ORAR- Sem I - 2025-2026 v9.pdf\">Orar Informatic\u0103 sem. I 2025-2026<\/a><\/strong><\/td><\/tr><tr><td>2<\/td><td>Master &#8211; TAPI<\/td><td>I, II<\/td><td><strong><a href=\"https:\/\/timf.upg-ploiesti.ro\/docs\/TAPI-ORAR-Sem I - anul I si II - 2025-2026 - v2.pdf\">Orar TAPI sem. I 2025-2026<\/a><\/strong><\/td><\/tr><\/tbody><\/table><\/figure>\n\n\n\n<hr class=\"wp-block-separator is-style-wide\"\/>\n\n\n\n<hr class=\"wp-block-separator is-style-dots\"\/>\n\n\n\n<h2>Orare anul universitar 2024-2025 \/ semestrul II<\/h2>\n\n\n\n<figure class=\"wp-block-table\"><table><thead><tr><th><strong>Nr. crt.<\/strong><\/th><th><strong>Descriere document<\/strong><\/th><th><strong>Anii<\/strong><\/th><th><strong>Descarc\u0103 document<\/strong><\/th><\/tr><\/thead><tbody><tr><td>1<\/td><td>Licen\u021b\u0103 &#8211; Informatic\u0103<\/td><td>I, II, III<\/td><td><strong><a href=\"https:\/\/timf.upg-ploiesti.ro\/docs\/INFO - orar - sem II - 24 25 - v15 - 24 martie.pdf\">Orar Informatic\u0103 sem. II 2024-2025<\/a><\/strong><\/td><\/tr><tr><td>2<\/td><td>Master &#8211; TAPI<\/td><td>I, II<\/td><td><strong><a href=\"https:\/\/timf.upg-ploiesti.ro\/docs\/TAPI_-_orar_-_sem_II_-_24_25_-_v1.pdf\">Orar TAPI sem. II 2024-2025<\/a><\/strong><br><a href=\"https:\/\/timf.upg-ploiesti.ro\/docs\/Orar_Consultatii_cadre_didactice_master TAPI - sem II 2024-2025.pdf\" target=\"_blank\" rel=\"noreferrer noopener\">Consulta\u021bii sem. II 2024-2025<\/a><\/td><\/tr><\/tbody><\/table><\/figure>\n\n\n\n<h2>Orare anul universitar 2024-2025 \/ semestrul I<\/h2>\n\n\n\n<figure class=\"wp-block-table\"><table><thead><tr><th><strong>Nr. crt.<\/strong><\/th><th><strong>Descriere document<\/strong><\/th><th><strong>Anii<\/strong><\/th><th><strong>Descarc\u0103 document<\/strong><\/th><\/tr><\/thead><tbody><tr><td>1<\/td><td>Licen\u021b\u0103 &#8211; Informatic\u0103<\/td><td>I, II, III<\/td><td><strong><a href=\"https:\/\/timf.upg-ploiesti.ro\/docs\/02-INFO-ORAR- Sem I - 2024 2025 - v10 - 10 oct 24.pdf\">Orar Informatic\u0103 sem. I 2024-2025<\/a><\/strong><\/td><\/tr><tr><td>2<\/td><td>Master &#8211; TAPI<\/td><td>I, II<\/td><td><strong><a href=\"https:\/\/timf.upg-ploiesti.ro\/docs\/01-TAPI-ORAR-Sem I - anul I si II - 2024-2025 - v5 - 15 oct 24.pdf\">Orar TAPI sem. I 2024-2025<\/a><\/strong><br><a rel=\"noreferrer noopener\" href=\"https:\/\/timf.upg-ploiesti.ro\/docs\/Orar_Consultatii_cadre_didactice_master TAPI - sem I 2023-2024.pdf\" target=\"_blank\">Consulta\u021bii sem. I 2024-2025<\/a><\/td><\/tr><\/tbody><\/table><\/figure>\n\n\n\n<h4><strong><a href=\"https:\/\/timf.upg-ploiesti.ro\/docs\/ITIMF_Program recuperari lab_Sem I_2024-2025.pdf\" target=\"_blank\" rel=\"noreferrer noopener\">Program recuper\u0103ri ITIMF Semestrul I, 2024-2025<\/a><\/strong><\/h4>\n\n\n\n<hr class=\"wp-block-separator is-style-wide\"\/>\n\n\n\n<h4><strong><a href=\"https:\/\/timf.upg-ploiesti.ro\/docs\/ITIMF_Program recuperari_Sem II_2023-2024.pdf\" target=\"_blank\" rel=\"noreferrer noopener\">Program recuper\u0103ri ITIMF Semestrul II, 2023-2024<\/a><\/strong><\/h4>\n\n\n\n<h2>Orare anul universitar 2023-2024 \/ semestrul II<\/h2>\n\n\n\n<figure class=\"wp-block-table\"><table><thead><tr><th><strong>Nr. crt.<\/strong><\/th><th><strong>Descriere document<\/strong><\/th><th><strong>Anii<\/strong><\/th><th><strong>Descarc\u0103 document<\/strong><\/th><\/tr><\/thead><tbody><tr><td>1<\/td><td>Licen\u021b\u0103 &#8211; Informatic\u0103<\/td><td>I, II, III<\/td><td><strong><a href=\"https:\/\/timf.upg-ploiesti.ro\/docs\/INFO - orar - 2023 2024 - sem II - v15.pdf\" target=\"_blank\" rel=\"noreferrer noopener\">Orar Informatic\u0103 sem. II 2023-2024<\/a><\/strong><\/td><\/tr><tr><td>2<\/td><td>Master &#8211; TAPI<\/td><td>I, II<\/td><td><strong><a rel=\"noreferrer noopener\" href=\"https:\/\/timf.upg-ploiesti.ro\/docs\/TAPI-ORAR-2023-2024 sem II - v4.pdf\" target=\"_blank\">Orar TAPI sem. II 2023-2024<\/a><\/strong><br><a href=\"https:\/\/timf.upg-ploiesti.ro\/docs\/Orar_Consultatii_cadre_didactice_master TAPI - sem II 2023-2024.pdf\" target=\"_blank\" rel=\"noreferrer noopener\">Consulta\u021bii sem. II 2023-2024<\/a><\/td><\/tr><\/tbody><\/table><\/figure>\n\n\n\n<h2>Orare anul universitar 2023-2024 \/ semestrul I<\/h2>\n\n\n\n<figure class=\"wp-block-table\"><table><thead><tr><th><strong>Nr. crt.<\/strong><\/th><th><strong>Descriere document<\/strong><\/th><th><strong>Anii<\/strong><\/th><th><strong>Descarc\u0103 document<\/strong><\/th><\/tr><\/thead><tbody><tr><td>1<\/td><td>Licen\u021b\u0103 &#8211; Informatic\u0103<\/td><td>I, II, III<\/td><td><strong><a href=\"https:\/\/timf.upg-ploiesti.ro\/docs\/Orar_INFO_ 2023 2024 - v14- 25 oct.pdf\" target=\"_blank\" rel=\"noreferrer noopener\">Orar Informatic\u0103 sem. I 2023-2024<\/a><\/strong><\/td><\/tr><tr><td>2<\/td><td>Master &#8211; TAPI<\/td><td>I, II<\/td><td><strong><a rel=\"noreferrer noopener\" href=\"https:\/\/timf.upg-ploiesti.ro\/docs\/ORAR-TAPI - Sem I - anul I si II - 2023-2024-v5.pdf\" target=\"_blank\">Orar TAPI sem. I 2023-2024<\/a><\/strong><br><a href=\"https:\/\/timf.upg-ploiesti.ro\/docs\/Orar_Consultatii_cadre_didactice_master TAPI - sem I 2023-2024.pdf\" target=\"_blank\" rel=\"noreferrer noopener\">Consulta\u021bii sem. I 2023-2024<\/a><\/td><\/tr><\/tbody><\/table><\/figure>\n\n\n\n<h6><\/h6>\n","protected":false},"excerpt":{"rendered":"<p>Orare anul universitar 2025-2026 \/ semestrul II Nr. crt. Descriere document Anii Descarc\u0103 document 1 Licen\u021b\u0103 &#8211; Informatic\u0103 I, II, III Orar Informatic\u0103 sem. II 2025-2026 2 Master &#8211; TAPI I, II Orar TAPI sem. II 2025-2026 Orare anul universitar <a href=\"https:\/\/timf.upg-ploiesti.ro\/www\/orare\/\" class=\"read-more\">Cite\u0219te mai mult &#8230;<\/a><\/p>\n","protected":false},"author":5,"featured_media":0,"parent":0,"menu_order":6,"comment_status":"closed","ping_status":"closed","template":"","meta":[],"_links":{"self":[{"href":"https:\/\/timf.upg-ploiesti.ro\/www\/wp-json\/wp\/v2\/pages\/10"}],"collection":[{"href":"https:\/\/timf.upg-ploiesti.ro\/www\/wp-json\/wp\/v2\/pages"}],"about":[{"href":"https:\/\/timf.upg-ploiesti.ro\/www\/wp-json\/wp\/v2\/types\/page"}],"author":[{"embeddable":true,"href":"https:\/\/timf.upg-ploiesti.ro\/www\/wp-json\/wp\/v2\/users\/5"}],"replies":[{"embeddable":true,"href":"https:\/\/timf.upg-ploiesti.ro\/www\/wp-json\/wp\/v2\/comments?post=10"}],"version-history":[{"count":179,"href":"https:\/\/timf.upg-ploiesti.ro\/www\/wp-json\/wp\/v2\/pages\/10\/revisions"}],"predecessor-version":[{"id":3114,"href":"https:\/\/timf.upg-ploiesti.ro\/www\/wp-json\/wp\/v2\/pages\/10\/revisions\/3114"}],"wp:attachment":[{"href":"https:\/\/timf.upg-ploiesti.ro\/www\/wp-json\/wp\/v2\/media?parent=10"}],"curies":[{"name":"wp","href":"https:\/\/api.w.org\/{rel}","templated":true}]}}