{"id":649,"date":"2018-05-07T13:17:48","date_gmt":"2018-05-07T10:17:48","guid":{"rendered":"https:\/\/timf.upg-ploiesti.ro\/ls\/?page_id=649"},"modified":"2020-05-02T15:24:29","modified_gmt":"2020-05-02T12:24:29","slug":"admitere","status":"publish","type":"page","link":"https:\/\/timf.upg-ploiesti.ro\/ls\/admitere-2\/admitere\/","title":{"rendered":"Admitere 2019"},"content":{"rendered":"<h3>ADMITERE 2019<\/h3>\n<p>Universitatea Petrol-Gaze din Ploie\u0219ti va organiza \u00een lunile <strong>iulie 2019<\/strong> (sesiunea de var\u0103) \u0219i <strong>septembrie 2019 (sesiunea de toamn\u0103) concursul de admitere la studii universitare de licen\u021b\u0103 \u0219i master.<\/strong><\/p>\n<p>Programele de studii universitare de licen\u021b\u0103 \u0219i master pentru domeniile <em>Limb\u0103 \u0219i Literatur\u0103\/Filologie, Informatic\u0103, \u0218tiin\u021be Administrative \u0219i \u0218tiin\u021be ale Educa\u021biei<\/em> sunt urm\u0103toarele:<\/p>\n<ul>\n<li><strong><a href=\"https:\/\/timf.upg-ploiesti.ro\/ls\/wp-content\/uploads\/2018\/05\/licenta_LS_2019.png\">licen\u021b\u0103<\/a>;<\/strong><\/li>\n<li><a href=\"https:\/\/timf.upg-ploiesti.ro\/ls\/wp-content\/uploads\/2018\/05\/master_LS_2019.png\"><strong>master<\/strong><\/a>.<\/li>\n<\/ul>\n<p>Detaliile referitoare la condi\u021biile, documentele necesare \u00eenscrierii, precum \u0219i calendarul sesiunii de admitere, sunt prezentate mai jos:<\/p>\n<ul>\n<li>Metodologia de organizare \u0219i desf\u0103\u0219urare a concursului de admitere la studii universitare de licen\u021b\u0103 2019, <strong><a href=\"https:\/\/www.upg-ploiesti.ro\/sites\/default\/files\/prezentare\/regulamente\/2019\/R%2004.01%20METODOLOGIE_ADMITERE_LICEN\u021a\u0102_2019_21.02.2019.pdf\">aici<\/a>.<\/strong><\/li>\n<li>Metodologia de organizare \u0219i desf\u0103\u0219urare a concursului de admitere la studii universitare de master 2019, <a href=\"https:\/\/www.upg-ploiesti.ro\/sites\/default\/files\/prezentare\/regulamente\/2019\/R%2004.02%20METODOLOGIE_ADMITERE_MASTER_2019_21.02.2019.pdf\"><strong>aici<\/strong><\/a>.<\/li>\n<\/ul>\n<h3>ADMITERE LICEN\u021a\u0102 &#8211; SESIUNEA SEPTEMBRIE II 2018<\/h3>\n<p>La Universitatea Petrol-Gaze din Ploie\u0219ti <span style=\"color: #ff0000;\"><strong>continu\u0103 \u00eenscrierile pentru concursul de admitere la studii universitare de licen\u021b\u0103<\/strong><\/span>, pe locurile neocupate din sesiunea septembrie I 2018, dup\u0103 urm\u0103torul program:<\/p>\n<p><strong>\u00censcrieri: <span style=\"color: #ff0000;\">18 -23 septembrie<\/span><\/strong>, \u00een intervalul orar:<\/p>\n<ul>\n<li><strong>de mar\u021bi p\u00e2n\u0103 vineri<\/strong> \u00eentre orele <strong><span style=\"color: #ff0000;\">9.00-15.00<\/span><\/strong>;<\/li>\n<li><strong>s\u00e2mb\u0103t\u0103 \u0219i duminic\u0103<\/strong> \u00eentre orele <strong><span style=\"color: #ff0000;\">9.00-13.00<\/span><\/strong>.<\/li>\n<\/ul>\n<p><strong>Afi\u0219area listelor<\/strong> cu numele candida\u021bilor declara\u021bi admi\u0219i se va face pe data de <strong><span style=\"color: #ff0000;\">24 septembrie 2018.<\/span><\/strong><\/p>\n<h3>ADMITERE MASTER &#8211; SESIUNEA SEPTEMBRIE II 2018<\/h3>\n<p>La Universitatea Petrol-Gaze din Ploie\u0219ti <strong><span style=\"color: #ff0000;\">continu\u0103 \u00eenscrierile pentru concursul de admitere la studii universitare de master<\/span><\/strong>, pe locurile neocupate din sesiunea septembrie I 2018, dup\u0103 urm\u0103torul program:<\/p>\n<p><strong>\u00censcrieri: <span style=\"color: #ff0000;\">18 -21 septembrie<\/span><\/strong>, \u00een intervalul orar <strong><span style=\"color: #ff0000;\">9.00-15.00.<\/span><\/strong><\/p>\n<p><strong>Sus\u021binerea<\/strong> <strong>concursului de admitere<\/strong>: <strong><span style=\"color: #ff0000;\">22 septembrie 2018<\/span><\/strong>.<\/p>\n<p><strong>IMPORTANT!<\/strong> <em><strong>\u00censcrierea candida\u021bilor la studii universitare de licen\u021b\u0103\/master se va efectua la Decanatul Facult\u0103\u021bii de Litere \u0219i \u0218tiin\u021be, Corpul A, etajul al II-lea.<\/strong><\/em><\/p>\n<h3>ADMITERE LICEN\u021a\u0102 \u0218I MASTER &#8211; SESIUNEA SEPTEMBRIE 2018<\/h3>\n<p>Concursul de admitere la master se va desf\u0103\u0219ura \u00een data de <strong>13 septembrie 2018,<\/strong> dup\u0103 cum urmeaz\u0103:<\/p>\n<ul>\n<li><strong>Filologie &#8211; Sala A.II.1 &#8211; ora 09.00<\/strong><\/li>\n<li><strong>\u0218tiin\u021be ale Educa\u021biei &#8211; Sala J.II.9 &#8211; ora 09.00<\/strong><\/li>\n<li><strong>\u0218tiin\u021be Administrative &#8211; Corp A.II (Catedra SSUJ) &#8211; ora 08.00.<\/strong><\/li>\n<\/ul>\n<p><span style=\"text-decoration: underline;\">Observa\u021bie:<\/span> <strong>La examen, candidatul trebuie s\u0103 se prezinte cu fi\u0219a de \u00eenscriere \u0219i cartea de identitate.<\/strong><\/p>\n<p>Situa\u021bia locurilor disponibile pentru <strong>Sesiunea Septembrie 2018<\/strong>:<\/p>\n<ul>\n<li><a href=\"https:\/\/timf.upg-ploiesti.ro\/ls\/wp-content\/uploads\/2018\/05\/LOCURI_LICENTA_UPG_4_sept_2018_LS.pdf\">studii universitare de licen\u021b\u0103<\/a>;<\/li>\n<li><a href=\"https:\/\/timf.upg-ploiesti.ro\/ls\/wp-content\/uploads\/2018\/05\/LOCURI_NEOCUPATE_MASTER_UPG_4_sept_2018_LS.pdf\">studii universitare de master<\/a>.<\/li>\n<\/ul>\n<p>Programul de desf\u0103\u0219urare a concursului de admitere &#8211; <strong>Sesiunea Septembrie 2018<\/strong>:<\/p>\n<ul>\n<li><a href=\"https:\/\/www.upg-ploiesti.ro\/sites\/default\/files\/admitere\/licenta\/2018\/septembrie\/Program_ADMITERE%20LICEN\u021a\u0102_SEPTEMBRIE%202018.pdf\">studii universitare de licen\u021b\u0103<\/a>;<\/li>\n<li><a href=\"https:\/\/www.upg-ploiesti.ro\/sites\/default\/files\/admitere\/master\/2018\/septembrie\/Program_ADMITERE%20MASTER_SEPTEMBRIE_2018.pdf\">studii universitare de master<\/a>.<\/li>\n<\/ul>\n<h3>ADMITERE LICEN\u021a\u0102 \u0218I MASTER 2018 &#8211; SESIUNEA VAR\u0102 II<\/h3>\n<p style=\"text-align: justify;\">\u00cen perioada <span style=\"color: #ff0000;\"><strong>01.08.2018 \u2013 01.09.2018<\/strong><\/span>, Universitatea Petrol-Gaze din Ploie\u0219ti <span style=\"color: #ff0000;\"><strong>continu\u0103 \u00eenscrierile pentru concursul de admitere, sesiunea var\u0103 II 2018<\/strong>,<\/span> pe locurile neocupate din sesiunea var\u0103 I 2018 la programele de studii universitare de<span style=\"color: #ff0000;\"><strong> licen\u021b\u0103<\/strong><\/span> \u0219i studii universitare de<span style=\"color: #ff0000;\"> <strong>master<\/strong> .\u00a0<\/span><\/p>\n<p style=\"text-align: justify;\">Mai multe detalii g\u0103si\u021bi<strong> <a href=\"https:\/\/www.upg-ploiesti.ro\/sites\/default\/files\/admitere\/licenta\/2018\/iulie\/anunt_inscrieri_vara_20.07.2018.pdf\">aici<\/a>.<\/strong><\/p>\n<p style=\"text-align: justify;\"><strong>Situa\u021bia locurilor neocupate<\/strong> \u00een urma concursului de admitere la studii universitare de <strong>licen\u021b\u0103<\/strong> sesiunea var\u0103 I -2018 este disponibil\u0103 <strong><a href=\"https:\/\/timf.upg-ploiesti.ro\/ls\/wp-content\/uploads\/2018\/05\/LOCURI_LICENTA_UPG_31-iulie2018LS.pdf\">aici<\/a>.<\/strong><\/p>\n<p style=\"text-align: justify;\"><strong>Situa\u021bia locurilor neocupate<\/strong> \u00een urma concursului de admitere la studii universitare de <strong>master<\/strong> sesiunea var\u0103 I -2018 este disponibil\u0103<a href=\"https:\/\/www.upg-ploiesti.ro\/sites\/default\/files\/admitere\/master\/2018\/iulie\/LOCURI_NEOCUPATE_MASTER_UPG_31%20iulie%202018_ls.pdf\"> <strong><span style=\"color: #ff0000;\">aici.<\/span><\/strong><\/a><\/p>\n<h3>ADMITERE MASTERAT 2018<\/h3>\n<h3>Concurs de admitere la master 2018<\/h3>\n<p>Concursul de admitere la master se va desf\u0103\u0219ura \u00een data de <strong>26 iulie 2018,<\/strong> astfel:<\/p>\n<ul>\n<li><strong>Domeniul Informatic\u0103<\/strong> &#8211;<strong><span style=\"color: #ff0000;\"> sala E.IV.9, ora 12.30<\/span><\/strong>;<\/li>\n<li><strong>Domeniul \u0218tiin\u021be ale Educa\u021biei<\/strong> &#8211; <strong><span style=\"color: #ff0000;\">sala J.II.9, ora 11.00<\/span><\/strong>;<\/li>\n<li><strong>Domeniul Filologie<\/strong> &#8211; <strong><span style=\"color: #ff0000;\">sala A.II.1, ora 9.00<\/span><\/strong>;<\/li>\n<li><strong>Domeniul \u0218tiin\u021be Administrative<\/strong> &#8211; <strong><span style=\"color: #ff0000;\">Corp A.II (Catedra SSUJ), ora 9.00.<\/span><\/strong><\/li>\n<\/ul>\n<p>Forma de examinare:<\/p>\n<ul>\n<li><strong><span style=\"color: #ff0000;\">examen oral &#8211; sus\u021binere eseu<\/span><\/strong>, pentru programele de master de la domeniile: <strong>\u0218tiin\u021be ale Educa\u021biei, Filologie, \u0218tiin\u021be Administrative;<\/strong><\/li>\n<li><strong><span style=\"color: #ff0000;\">examen oral pe baza tematicii<\/span><\/strong>, pentru programul Tehnologii Avansate pentru Prelucrarea Informa\u021biei, domeniul <strong>Informatic\u0103<\/strong>.<\/li>\n<\/ul>\n<h3>Tematica pentru concursul de admitere<\/h3>\n<ul>\n<li><a href=\"https:\/\/timf.upg-ploiesti.ro\/ls\/wp-content\/uploads\/2015\/10\/tapi.pdf\">Domeniul Informatic\u0103<\/a><\/li>\n<li><a href=\"https:\/\/timf.upg-ploiesti.ro\/ls\/wp-content\/uploads\/2015\/10\/meie-si-csdc.pdf\">Domeniul \u0218tiin\u021be ale Educa\u021biei<\/a><\/li>\n<li><a href=\"https:\/\/timf.upg-ploiesti.ro\/ls\/wp-content\/uploads\/2015\/10\/csci-si-scrce.pdf\">Domeniul Filologie<\/a><\/li>\n<li><a href=\"https:\/\/timf.upg-ploiesti.ro\/ls\/wp-content\/uploads\/2015\/10\/apie.pdf\">Domeniul \u0218tiin\u021be Administrative<\/a><\/li>\n<\/ul>\n<p>Not\u0103. Temele eseului pentru <strong><span style=\"text-decoration: underline;\">domeniul \u0218tiin\u021be ale Educa\u021biei<\/span> <\/strong>trebuie s\u0103 se subsumeze unuia dintre capitolele prezente \u00een tematica de concurs, care se g\u0103se\u0219te pe link-ul corespunz\u0103tor de mai sus.<\/p>\n<h3><strong>Admitere Facultatea de Litere \u0219i \u0218tiin\u021be 2018<\/strong><\/h3>\n<p><a href=\"https:\/\/timf.upg-ploiesti.ro\/ls\/wp-content\/uploads\/2018\/05\/LOCURI_LICENTA_LS-1.pdf\">Oferta educa\u021bional\u0103 &#8211; studii universitare de licen\u021b\u0103 2018<\/a><\/p>\n<p><a href=\"https:\/\/timf.upg-ploiesti.ro\/ls\/wp-content\/uploads\/2018\/05\/LOCURI_MASTER.pdf\">Oferta educa\u021bional\u0103 &#8211; studii universitare de master 2018<\/a><\/p>\n<p>Detaliile referitoare la condi\u021biile, documentele necesare \u00eenscrierii, precum \u0219i calendarul sesiunii de admitere, sunt prezentate mai jos:<\/p>\n<ul>\n<li>Metodologia de organizare \u0219i desf\u0103\u0219urare a concursului de admitere la studii universitare de licen\u021b\u0103 2018, <a href=\"https:\/\/www.upg-ploiesti.ro\/sites\/default\/files\/prezentare\/regulamente\/2018\/R%2004.01%20METODOLOGIE_ADMITERE_LICEN%C8%9A%C4%82_2018.pdf\">aici<\/a>.<\/li>\n<li>Metodologia de organizare \u0219i desf\u0103\u015furare a concursului de admitere la studii universitare de master 2018, <a href=\"https:\/\/www.upg-ploiesti.ro\/sites\/default\/files\/prezentare\/regulamente\/2018\/R%2004.02%20METODOLOGIE_ADMITERE_MASTER_2018.pdf\">aici<\/a>.<\/li>\n<\/ul>\n<div>\n<div style=\"text-align: center;\">\u00a0<a href=\"https:\/\/timf.upg-ploiesti.ro\/ls\/wp-content\/uploads\/2018\/05\/ls.png\"><img loading=\"lazy\" class=\"alignnone size-medium wp-image-658\" src=\"https:\/\/timf.upg-ploiesti.ro\/ls\/wp-content\/uploads\/2018\/05\/ls-300x300.png\" alt=\"ls\" width=\"300\" height=\"300\" srcset=\"https:\/\/timf.upg-ploiesti.ro\/ls\/wp-content\/uploads\/2018\/05\/ls-300x300.png 300w, https:\/\/timf.upg-ploiesti.ro\/ls\/wp-content\/uploads\/2018\/05\/ls-150x150.png 150w, https:\/\/timf.upg-ploiesti.ro\/ls\/wp-content\/uploads\/2018\/05\/ls.png 400w\" sizes=\"(max-width: 300px) 100vw, 300px\" \/><\/a><\/div>\n<p>&nbsp;<\/p>\n<\/div>\n","protected":false},"excerpt":{"rendered":"<p>ADMITERE 2019 Universitatea Petrol-Gaze din Ploie\u0219ti va organiza \u00een lunile iulie 2019 (sesiunea de var\u0103) \u0219i septembrie 2019 (sesiunea de toamn\u0103) concursul de admitere la studii universitare de licen\u021b\u0103 \u0219i master. Programele de studii universitare de licen\u021b\u0103 \u0219i master pentru domeniile Limb\u0103 \u0219i Literatur\u0103\/Filologie, Informatic\u0103, \u0218tiin\u021be Administrative \u0219i \u0218tiin\u021be ale Educa\u021biei sunt urm\u0103toarele: licen\u021b\u0103; master. &hellip; <a href=\"https:\/\/timf.upg-ploiesti.ro\/ls\/admitere-2\/admitere\/\" class=\"more-link\">Continue reading <span class=\"screen-reader-text\">Admitere 2019<\/span> <span class=\"meta-nav\">&rarr;<\/span><\/a><\/p>\n","protected":false},"author":3,"featured_media":0,"parent":2126,"menu_order":0,"comment_status":"closed","ping_status":"closed","template":"","meta":[],"_links":{"self":[{"href":"https:\/\/timf.upg-ploiesti.ro\/ls\/wp-json\/wp\/v2\/pages\/649"}],"collection":[{"href":"https:\/\/timf.upg-ploiesti.ro\/ls\/wp-json\/wp\/v2\/pages"}],"about":[{"href":"https:\/\/timf.upg-ploiesti.ro\/ls\/wp-json\/wp\/v2\/types\/page"}],"author":[{"embeddable":true,"href":"https:\/\/timf.upg-ploiesti.ro\/ls\/wp-json\/wp\/v2\/users\/3"}],"replies":[{"embeddable":true,"href":"https:\/\/timf.upg-ploiesti.ro\/ls\/wp-json\/wp\/v2\/comments?post=649"}],"version-history":[{"count":30,"href":"https:\/\/timf.upg-ploiesti.ro\/ls\/wp-json\/wp\/v2\/pages\/649\/revisions"}],"predecessor-version":[{"id":1424,"href":"https:\/\/timf.upg-ploiesti.ro\/ls\/wp-json\/wp\/v2\/pages\/649\/revisions\/1424"}],"up":[{"embeddable":true,"href":"https:\/\/timf.upg-ploiesti.ro\/ls\/wp-json\/wp\/v2\/pages\/2126"}],"wp:attachment":[{"href":"https:\/\/timf.upg-ploiesti.ro\/ls\/wp-json\/wp\/v2\/media?parent=649"}],"curies":[{"name":"wp","href":"https:\/\/api.w.org\/{rel}","templated":true}]}}