{"id":556,"date":"2018-02-11T16:45:19","date_gmt":"2018-02-11T14:45:19","guid":{"rendered":"https:\/\/timf.upg-ploiesti.ro\/ls\/?page_id=556"},"modified":"2018-02-11T22:49:08","modified_gmt":"2018-02-11T20:49:08","slug":"despreabout","status":"publish","type":"page","link":"https:\/\/timf.upg-ploiesti.ro\/ls\/despreabout\/","title":{"rendered":"Despre\/About"},"content":{"rendered":"<p><strong>Facultatea de Litere \u015fi \u015etiin\u0163e face din calitatea uman\u0103 \u015fi profesional\u0103 un deziderat permanent \u015fi un mod de via\u0163\u0103 al studen\u0163ilor s\u0103i, al cadrelor didactice \u015fi al \u00eentregului personal.<\/strong><\/p>\n<p>De 25 de ani, Facultatea de Litere \u015fi \u015etiin\u0163e este recunoscut\u0103 pentru calitatea educa\u021biei oferite \u0219i a cercet\u0103rii desf\u0103\u0219urate, prin care le asigur\u0103 studen\u0163ilor \u015fi absolven\u021bilor \u0219ansa de a dob\u00e2ndi cuno\u0219tin\u021be \u0219i competen\u0163e profesionale \u015fi personale corelate cu cerin\u0163ele actuale ale pie\u0163ei for\u0163ei de munc\u0103, precum \u0219i un sistem de valori \u00een acord cu evolu\u021bia societ\u0103\u021bii contemporane. Programele de studii sunt revizuite permanent \u00een func\u021bie de cerin\u021bele angajatorilor \u015fi av\u00e2nd \u00een vedere faptul c\u0103 educa\u021bia zilelor noastre este un proces continuu, care are loc at\u00e2t \u00een cadrul sistemelor formale de educa\u021bie, c\u00e2t \u0219i \u00een afara acestora, pe tot parcursul vie\u021bii.<\/p>\n<p>Programele de studii pe care le ofer\u0103 aceast\u0103 facultate beneficiaz\u0103 de experien\u0163a, profesionalismul \u015fi calitatea uman\u0103 a unui corp profesoral foarte bine preg\u0103tit din punct de vedere \u015ftiin\u0163ific \u015fi didactic, cu un palmares de cercetare \u0219tiin\u021bific\u0103 impresionant. Se pot men\u0163iona \u00een acest sens numeroase monografii, cursuri universitare, suporturi de seminar \u0219i de laborator publicate la edituri na\u0163ionale foarte bune \u0219i la edituri str\u0103ine bine cotate la nivel interna\u021bional, printre care putem aminti Springer-Verlag, The Johns Hopkins University Press, Fordham University Press, Edinburgh University Press,Palgrave Macmillan, Rodopi, Benjamins, L\u2019Harmattan, Peter Lang, InTechOpen \u0219i IGI Global.<\/p>\n<p>Cadrele didactice \u0219i studen\u021bii Facult\u0103\u021bii de Litere \u015fi \u015etiin\u0163e au colaborat \u0219i colaboreaz\u0103 \u00een echipe de cercetare cu distin\u015fi oameni de \u015ftiin\u0163\u0103, cum ar fi profesorii universitari Basarab Nicolescu de la CNRS Paris, Howard Gardner de la Universitatea Harvard, Eugen Simion de la Universitatea din Bucure\u0219ti, fost Pre\u0219edinte al Academiei Rom\u00e2ne, academicianul Florin Gheorghe Filip, Pre\u015fedinte al Sec\u0163iei de \u015etiin\u0163\u0103 \u015fi Tehnologia Informa\u0163iei al Academiei Rom\u00e2ne, Mircea Petrescu de la Universitatea Politehnica din Bucure\u0219ti, membru de onoare al Academiei Rom\u00e2ne, membru fondator al Academiei de \u0218tiin\u021be Tehnice din Rom\u00e2nia \u0219i fondator al \u0219colii rom\u00e2ne\u0219ti de calculatoare, to\u021bi cinci fiind de\u021bin\u0103tori ai titlului de Doctor Honoris Causa al UPG din Ploie\u015fti.<\/p>\n<p>Filologii au scris \u0219i au conferen\u021biat \u00eempreun\u0103 cu personalit\u0103\u021bi valoroase din Occident precum profesorii Chris Weedon de la Universitatea din Cardiff, Ivan Callus de la Universitatea din Malta, William Largede la Universitatea din Gloucester \u0219i cu regretata doamn\u0103 profesor Anne Marie Houdebine de la Universitatea din Sorbona, care au participat, \u00een mai multe r\u00e2nduri, la evenimentele \u0219tiin\u021bifice organizate de Facultatea de Litere \u015fi \u015etiin\u0163e.<\/p>\n<p>Cadrele didactice \u015fi studen\u0163ii de la programele de licen\u0163\u0103 \u015fi de masterat sunt implica\u0163i \u00een proiecte de cercetare-dezvoltare-inovare al\u0103turi de parteneri din \u0163ar\u0103 \u015fi din str\u0103in\u0103tate, ceea ce a contribuit la cre\u015fterea mobilit\u0103\u0163ii \u015fi a vizibilit\u0103\u0163ii acestei facult\u0103\u0163i.<\/p>\n<p>\u00cencep\u00e2nd cu anul 1992, se elaboreaz\u0103 cursuri universitare pentru discipline din domeniile Filologie, \u0218tiin\u021be administrative, \u0218tiin\u021be ale educa\u021biei \u0219i Informatic\u0103, acestea fiind publicate \u00een cea mai mare parte la editura universit\u0103\u021bii. Pentru domeniul filologic, editura a ob\u021binut performan\u021ba de a fi la fel de bine cotat\u0103 precum Editura Academiei Rom\u00e2ne sau Editura Humanitas. \u00cen cadrul facult\u0103\u021bii sunt editate 4 reviste, care sunt indexate \u00een numeroase baze de date interna\u021bionale, remarcabile fiind \u00een acest sens index\u0103rile \u00een SCOPUS \u0219i ERIH Plus ale revistei academice Word and Text, precum \u0219i indexarea \u00een Thomson Reuters \u2013 Emerging Sources Citation Index a revistei academice Journal of Educational Sciences and Psychology.<\/p>\n<p>\u00cen cadrul Facult\u0103\u0163ii de Litere \u015fi \u015etiin\u0163e au fost organizate manifest\u0103ri studen\u0163e\u015fti \u015fi conferin\u021be na\u0163ionale \u015fi interna\u0163ionale, acestea din urm\u0103 \u00een parteneriat cu universit\u0103\u021bi prestigioase din str\u0103in\u0103tate precum Universitatea din Cardiff, Universitatea din Berna, Universitatea din Cipru, Universitatea Bretagne-Sud, Universitatea din Novi-Sad, Universitatea din Helsinki \u015fi Universitatea din Turku, Universitatea Tehnologic\u0103 Delft, Universitatea Heidelberg, Universitatea din Floren\u0163a, Universitatea din Chicago \u0219i Institutul de Cercetare Tecminho din Portugalia.<\/p>\n<p>\u00cen cadrul facult\u0103\u0163ii, exist\u0103 mai multe cadre didactice care au oferit consultan\u021b\u0103 interna\u021bional\u0103 \u00een Republica Moldova, Tajikistan, Kuweit, Estonia \u0219i \u00een Statele Unite ale Americii.<\/p>\n<p>Studen\u021bii de la programele de licen\u0163\u0103 \u015fi masterat sunt implica\u0163i \u00een organizarea de ateliere, de conferin\u021be, \u00een granturile de cercetare \u015ftiin\u0163ific\u0103 ale facult\u0103\u0163ii \u015fi beneficiaz\u0103 de burse Erasmus \u0219i de alte tipuri de burse prin programe europene de mobilit\u0103\u0163i \u015fi de cercetare, \u00een \u0163\u0103ri precum Turcia, Anglia, Fran\u021ba, Spania, Bulgaria, Portugalia \u0219iItalia. Cadrele didactice ale facult\u0103\u021bii au predat\u00een cadrul unor mobilit\u0103\u021bi interna\u021bionale la Universitatea din Rouen, Universitatea Bretagne Sud, Universitatea din Malta, Universitatea din Porto, Universitatea din Ljubljana, Universitatea din Pamukkale, Universitatea din Izmir, Universitatea din Vilnius \u0219i Universitatea Norvegian\u0103 de \u0218tiin\u021b\u0103 \u0219i Tehnologie.\u00cen cadrul acestor programe de mobilitate, au avut \u0219ansa de a cunoa\u0219te studen\u021bi, masteranzi, doctoranzi \u0219i profesori de la universit\u0103\u021bi interna\u0163ionale \u0219i de a se perfec\u021biona al\u0103turi de ace\u0219tia.<\/p>\n<p>Prin Departamentul pentru Preg\u0103tirea Personalului Didactic se asigur\u0103 formarea didactic\u0103 ini\u021bial\u0103 a tuturor studen\u021bilor din universitate \u015fi se men\u021bine o conexiune permanent\u0103 cu cerin\u0163ele \u015fi stadiul \u00eenv\u0103\u021b\u0103m\u00e2ntul preuniversitar.<\/p>\n<p>Prin Departamentul de Limba Rom\u00e2n\u0103 pentru str\u0103ini, care func\u021bioneaz\u0103 \u00een cadrul facult\u0103\u021bii, se asigur\u0103 \u00eenv\u0103\u021barea limbii rom\u00e2ne ca limb\u0103 str\u0103in\u0103 de c\u0103tre studen\u021bii care vin din \u00eentreaga lume pentru a-\u0219i face studiile \u00een Rom\u00e2nia, la UPG sau la alte universit\u0103\u0163i din \u0163ar\u0103. \u00cen afara activit\u0103\u0163ilor curriculare, ace\u0219tia au oportunitatea de a socializa \u0219i de a colabora cu studen\u021bii rom\u00e2ni, \u00een diferite contexte care permit o educa\u0163ie intercultural\u0103 pentru ambele p\u0103r\u0163i.<\/p>\n<p>Unul dintre proiectele actuale de importan\u0163\u0103 major\u0103 \u00eel reprezint\u0103 constituirea \u0219i acreditarea de c\u0103tre Agen\u021bia Rom\u00e2n\u0103 de Asigurare a Calit\u0103\u021bii \u00een \u00cenv\u0103\u021b\u0103m\u00e2ntul Superior a unei \u0219coli doctorale \u00een domeniul \u0219tiin\u021bele educa\u021biei.<\/p>\n<p>Activit\u0103\u0163ile didactice \u015fi de cercetare, ac\u0163iunile de voluntariat, practica de specialitate \u015fi cea pedagogic\u0103 asigur\u0103 formarea \u015fi dezvoltarea de competen\u021be profesionale \u015fi personale ale studen\u0163ilor, precum \u015fi achizi\u0163ia de cuno\u015ftin\u0163e care s\u0103 le permit\u0103 practicarea cu succes a numeroase profesii. Ace\u015ftia \u00eenva\u021b\u0103, totodat\u0103, ce \u0219i cum s\u0103 comunice \u0219i sunt foarte greu, dac\u0103 nu imposibil, de manipulat \u00een societate, pentru c\u0103 deosebesc esen\u021ba de aparen\u021b\u0103. Absolven\u021bii Facult\u0103\u0163ii de Litere \u015fi \u015etiin\u0163e sunt profesori care predau limba \u0219i literatura rom\u00e2n\u0103, limba \u0219i literatura englez\u0103, limba \u0219i literatura francez\u0103, pedagogie, informatic\u0103, profesori pentru \u00eenv\u0103\u021b\u0103m\u00e2ntul primar \u0219i pre\u0219colar, referen\u021bi, consilieri \u0219colari, traduc\u0103tori, informaticieni, func\u021bionari publici, cercet\u0103tori \u0219tiin\u021bifici sau manageri \u00een domeniile specializ\u0103rilor noastre. Ei sunt, de asemenea, viitori speciali\u015fti \u00een domenii prioritare stabilite prin Strategia Na\u021bional\u0103 pentru Cercetare- Dezvoltare \u0219i Inovare 2015-2020, rezultat\u0103 din strategiile Uniunii Europene, respectiv un domeniu de specializare inteligent\u0103 (Tehnologia informa\u021biei \u0219i a comunica\u021biilor) \u0219i unul de prioritate public\u0103 (Patrimoniu \u0219i identitate cultural\u0103).<\/p>\n<p><strong>Within the Faculty of Letters and Sciences, both human and professional quality is a permanent desideratum and a way of being for students, faculty, and staff<\/strong>.<\/p>\n<p>For 25 years we have gained recognition through excellence in education and research, offering our graduates the chance to get knowledge and competences which are correlated with the present requests of the labor market as well as a system of values corresponding to the evolution of our society both professionally and personally. Our programmes of study are permanently revised in order to correspond both to the requests of the employers and to the reality of continuous education that takes place within formal and informal, long-life and life-wide educational systems. We collaborate with employers, researchers, and reputed professors to think through and develop our programmes of study. Our academics are extremely well prepared and we have an impressive research profile as well as thorough pedagogic training.<\/p>\n<p>We published monographs, courses, and seminar notes with very good Romanian presses and foreign presses among which Springer, The Johns Hopkins University Press, Fordham University Press, Edinburgh University Press, Palgrave Macmillan, Rodopi, Benjamins, L\u2019Harmattan, Peter Lang, InTechOpen, and IGI Global.<\/p>\n<p>We worked in research teams with distinguished professors such as Professor Basarab Nicolescu from CNRS Paris, with Professor Howard Gardner from Harvard University, with Professor Eugen Simion from University of Bucharest and former President of the Romanian Academy, with Academician Florin Gheorghe Filip, President of the Section Sciences and Information Technology of the Romanian Academy, and with Mircea Petrescu from Polytechnica University of Bucharest,\u00a0 one of the founding members of The Technical Sciences Academy from Romania and of the Romanian school of computers as well as an honorary member of The Romanian Academy. All the five professors have been awarded the title Doctor Honoris Causa by our university Senate.<\/p>\n<p>Our colleagues from the Philology Department collaborated with reputed professors and researchers such as Professor Chris Weedon from Cardiff University, Professor Ivan Callus from University of Malta, Professor William Large from University of Gloucester, the late Professor Anne Marie Houdebine from University of Sorbonne who participated on several occasions in different conferences as a keynote speaker.<\/p>\n<p>We have been continuously involved in research-development-innovation projects that we developed with students and partners from Romania and abroad. Starting with 1992, in addition to books published in the technical fields, books in fields such as educational sciences, philology, administrative sciences, and computer science and information technology have been published by our press. Nowadays we have a press that has obtained an absolutely remarkable result in the Philology field. The National Council of Research evaluated our press in 2011 and we obtained the same result as the most prestigious publishers in the country such as Romanian Academy Press or Humanitas Press. Nowadays we also edit four academic journals within our faculty, indexed in many international databases. Two of them are worth mentioning for their remarkable results: Word and Text \u2013 A Journal of Literary Studies and Linguistics included in SCOPUS and ERIH Plus among other international databases and Journal of Educational Sciences and Psychology, an open access journal that has recently been included in Thomson Reuters \u2013 Emerging Sources Citation Index.<\/p>\n<p>We organized conferences with prestigious foreign universities such as Cardiff University, University of Bern, University of Cyprus, Bretagne-Sud University, University of Novi-Sad, University of Helsinki and University of Turku, The Technological University of Delft, University of Heidelberg, University of Florence, University of Chicago and Tecminho Research Institute from Portugal.<\/p>\n<p>Our colleagues were involved in projects of international consultancy in the Republic of Moldavia, Tajikistan, Kuweit, Estonia\u00a0 and the United States of America.<\/p>\n<p>Our students help us organize workshops, conferences, they work with us in research grants and get Erasmus scholarships or other European mobility or research grants. We are happy for them when they return with very good results from universities from Turkey, Britain, France, Spain, Bulgaria, Portugal and Italy. Our academics had mobility grants and taught BA students, MA students and PhD students at University of Rouen, University Bretagne Sud, University of Malta, University of Porto, University of Ljubljana, University of Pamukkale, University of Izmir, University of Vilnius and Norwegian University of Science and Technology. Within these programmes, they\u00a0 were also involved in training programmes and had the opportunity to meet their foreign colleagues.<\/p>\n<p>Through the Department for Teacher Training we offer programmes of initial and continuous teacher training to all the students of our university. In this way we collaborate with our colleagues from secondary education.<\/p>\n<p>Through the Department of Romanian Language for foreign students within our faculty we teach Romanian to students who come from all over the world to participate in educational programmes in our university and who socialize or work in different common projects with our students.<\/p>\n<p>One of the major projects we are working on at the moment is setting up and accrediting a PhD programme in the field of Educational Sciences.<\/p>\n<p>The students of our faculty get knowledge, all the communication tools and the competences that they need in order to access a variety of jobs. They learn how to communicate and to make the difference between essence and appearance, an essential tool they need not to get manipulated. They are the future teachers who will teach Romanian language and literature, English language and literature, French language and literature, pedagogy, computer science, they are the future primary and preschool school teachers. They will also work as referees, school councillors, translators, information technology specialists, clerks, researchers and managers in the fields of our faculty. They are also the future specialists in priority fields of the National Strategy of Research-Development and Innovation 2015-2020 that was set up in concordance with similar strategies within the European Union, respectively one field of smart specialization (Information and Communication Technology) and one field of public priority (Patrimony and Cultural Identity).<\/p>\n<p>&nbsp;<\/p>\n","protected":false},"excerpt":{"rendered":"<p>Facultatea de Litere \u015fi \u015etiin\u0163e face din calitatea uman\u0103 \u015fi profesional\u0103 un deziderat permanent \u015fi un mod de via\u0163\u0103 al studen\u0163ilor s\u0103i, al cadrelor didactice \u015fi al \u00eentregului personal. De 25 de ani, Facultatea de Litere \u015fi \u015etiin\u0163e este recunoscut\u0103 pentru calitatea educa\u021biei oferite \u0219i a cercet\u0103rii desf\u0103\u0219urate, prin care le asigur\u0103 studen\u0163ilor \u015fi absolven\u021bilor &hellip; <a href=\"https:\/\/timf.upg-ploiesti.ro\/ls\/despreabout\/\" class=\"more-link\">Continue reading <span class=\"screen-reader-text\">Despre\/About<\/span> <span class=\"meta-nav\">&rarr;<\/span><\/a><\/p>\n","protected":false},"author":2,"featured_media":0,"parent":0,"menu_order":0,"comment_status":"closed","ping_status":"closed","template":"","meta":[],"_links":{"self":[{"href":"https:\/\/timf.upg-ploiesti.ro\/ls\/wp-json\/wp\/v2\/pages\/556"}],"collection":[{"href":"https:\/\/timf.upg-ploiesti.ro\/ls\/wp-json\/wp\/v2\/pages"}],"about":[{"href":"https:\/\/timf.upg-ploiesti.ro\/ls\/wp-json\/wp\/v2\/types\/page"}],"author":[{"embeddable":true,"href":"https:\/\/timf.upg-ploiesti.ro\/ls\/wp-json\/wp\/v2\/users\/2"}],"replies":[{"embeddable":true,"href":"https:\/\/timf.upg-ploiesti.ro\/ls\/wp-json\/wp\/v2\/comments?post=556"}],"version-history":[{"count":11,"href":"https:\/\/timf.upg-ploiesti.ro\/ls\/wp-json\/wp\/v2\/pages\/556\/revisions"}],"predecessor-version":[{"id":568,"href":"https:\/\/timf.upg-ploiesti.ro\/ls\/wp-json\/wp\/v2\/pages\/556\/revisions\/568"}],"wp:attachment":[{"href":"https:\/\/timf.upg-ploiesti.ro\/ls\/wp-json\/wp\/v2\/media?parent=556"}],"curies":[{"name":"wp","href":"https:\/\/api.w.org\/{rel}","templated":true}]}}