{"id":2861,"date":"2020-11-11T09:14:33","date_gmt":"2020-11-11T07:14:33","guid":{"rendered":"https:\/\/timf.upg-ploiesti.ro\/ls\/?page_id=2861"},"modified":"2020-11-11T10:51:26","modified_gmt":"2020-11-11T08:51:26","slug":"departamentul-filologie","status":"publish","type":"page","link":"https:\/\/timf.upg-ploiesti.ro\/ls\/prezentare\/departamente\/departamentul-filologie\/","title":{"rendered":"Departamentul Filologie"},"content":{"rendered":"<h5>Prezentare Departament Filologie<\/h5>\n<p style=\"text-align: justify;\">\u00a0 \u00a0 \u00a0 \u00a0 Departamentul de Filologie a luat fiin\u021b\u0103 \u00een anul 2011, prin fuzionarea celor dou\u0103 catedre deja existente din anul 1992, Catedra de Filologie \u0219i cea de Limbi \u0219i Literaturi Str\u0103ine. Aceast\u0103 fuziune a fost rezultatul firesc al unei colabor\u0103ri sus\u021binute \u00eentre membrii celor dou\u0103 catedre, cadre didactice de excep\u021bie a c\u0103ror activitate didactic\u0103 \u0219i de cercetare a avut drept scop permanent preg\u0103tirea noilor genera\u021bii de speciali\u0219ti prin programe de licen\u021b\u0103 \u0219i masterat.<\/p>\n<p style=\"text-align: justify;\">\u00a0 \u00a0 \u00a0 \u00a0Pe l\u00e2ng\u0103 programele coordonate, \u0219i anume: dou\u0103 programe de <strong>licen\u021b\u0103<\/strong> (Limba \u0219i literatura rom\u00e2n\u0103 \u2013 Limba \u0219i literatura englez\u0103 \/ RE \u0219i Limba \u0219i literatura englez\u0103 \u2013 Limba \u0219i literatura francez\u0103 \/ EF) \u0219i dou\u0103 de <strong>masterat<\/strong> (Studii culturale rom\u00e2ne\u0219ti \u00een context european \/ SCRCE \u0219i Concepte \u0219i strategii de comunicare intercultural\u0103 \/ CSCI), departamentul are un specific complex, membrii acestuia desf\u0103\u0219ur\u00e2nd activitate didactic\u0103 \u00een cadrul tuturor facult\u0103\u021bilor din universitate, la \u00eenv\u0103\u021b\u0103m\u00e2ntul de zi \u0219i la distan\u021b\u0103. De asemenea, o parte din membrii departamentului sus\u021bin ore de curs \u0219i seminar de limb\u0103 \u0219i literatur\u0103 rom\u00e2n\u0103 \u00een cadrul Anului Preg\u0103titor, structur\u0103 educa\u021bional\u0103 adresat\u0103 studen\u021bilor\u00a0 str\u0103ini care vor s\u0103-\u0219i continue studiile universitare \u00een \u021bara noastr\u0103.<\/p>\n<p style=\"text-align: justify;\">\u00a0\u00a0\u00a0\u00a0\u00a0\u00a0\u00a0\u00a0\u00a0\u00a0\u00a0 Misiunea departamentului este \u00een concordan\u021b\u0103 cu cerin\u021bele epocii globaliz\u0103rii \u00een care comunicarea \u0219i diversitatea cultural\u0103 \u0219i lingvistic\u0103 devin coordonate esen\u021biale. Membrii departamentului sunt \u00een permanen\u021b\u0103 implica\u021bi \u00een atragerea studen\u021bilor \u00een activit\u0103\u021bi didactice, de cercetare \u0219i extra-curriculare menite s\u0103 le faciliteze \u00een\u021belegerea fenomenelor complexe ale lumii contemporane dar \u0219i accesul pe pia\u021ba muncii \u00een contextul competi\u021biei din domeniile abordate.<\/p>\n<p style=\"text-align: justify;\">\u00a0 \u00a0 Un obiectiv asumat de membrii departamentului este cre\u0219terea vizibilit\u0103\u021bii performan\u021belor \u0219tiin\u021bifice \u0219i de creativitate pe plan na\u021bional \u0219i interna\u021bional prin publicarea de lucr\u0103ri \u0219tiin\u021bifice \u00een reviste \u0219i c\u0103r\u021bi de specialitate, precum \u0219i participarea cu lucr\u0103ri la manifest\u0103ri \u0219tiin\u021bifice de prestigiu din \u021bar\u0103 \u0219i str\u0103in\u0103tate. \u00cencep\u00e2nd din anul 2008 departamentul organizeaz\u0103 conferin\u021be \u0219tiin\u021bifice interna\u021bionale bienale, \u00een colaborare cu universit\u0103\u021bi de prestigiu din \u021bar\u0103 \u0219i str\u0103in\u0103tate, contribuind astfel la promovarea imaginii universit\u0103\u021bii \u00een mediul academic na\u021bional \u0219i interna\u021bional.<\/p>\n<p style=\"text-align: justify;\">\u00a0 \u00a0 \u00a0 Direc\u021biile de cercetare \u0219tiin\u021bific\u0103 ale departamentului (identitate \u0219i comunicare intercultural\u0103, etnologie \u0219i folclor, literatur\u0103 \u0219i teoria criticii, lingvistic\u0103, didactic\u0103, etc.) au suscitat interesul studen\u021bilor \u0219i au facilitat organizarea unor conferin\u021be studen\u021be\u0219ti cu ecou deosebit \u00een mediul academic.<\/p>\n<p style=\"text-align: justify;\">\u00a0 \u00a0 \u00a0 \u00a0Membrii departamentului au fost \u0219i sunt \u00een continuare implica\u021bi \u00een numeroase mobilit\u0103\u021bi Erasmus, burse interna\u021bionale \u0219i lectorate de limba rom\u00e2n\u0103, activit\u0103\u021bi prin intermediul c\u0103rora contribuie \u00een mod esen\u021bial la promovarea imaginii Universit\u0103\u021bii Petrol \u2013 Gaze din Ploie\u0219ti pe plan\u00a0 na\u021bional \u0219i interna\u021bional.<\/p>\n<h5 style=\"text-align: justify;\">\u00a0Conducerea departamentului<\/h5>\n<table>\n<tbody>\n<tr>\n<td>Director departament<\/td>\n<td>Conf. univ. dr. Toma Irina<\/td>\n<\/tr>\n<tr>\n<td>Consiliul departamentului<\/td>\n<td>Conf. univ. dr. Iridon Cristina<br \/>\nConf. univ. dr. Costea Diana<br \/>\nConf. univ. dr. Neagu Maria Ionela<br \/>\nConf. univ. dr. R\u00eenciog Diana<\/td>\n<\/tr>\n<\/tbody>\n<\/table>\n<h5>Lista cadrelor didactice<\/h5>\n<table>\n<tbody>\n<tr>\n<td>Conf.univ. dr. Toma Irina<\/td>\n<td>itoma55@yahoo.com<\/td>\n<\/tr>\n<tr>\n<td>Prof.univ. dr. Dobrinescu Anca Mihaela<\/td>\n<td>adobrinescu63@yahoo.com<\/td>\n<\/tr>\n<tr>\n<td>Prof.univ. dr. Ionescu Arleen Nerissa<\/td>\n<td>arleen_ionescu@yahoo.com<\/td>\n<\/tr>\n<tr>\n<td>Conf.univ. dr. B\u0103lu Andi<\/td>\n<td>mihailescuadrianstefan812@gmail.com<\/td>\n<\/tr>\n<tr>\n<td>Conf. univ. dr. Costea Diana<\/td>\n<td>dianacostea2001@hotmail.com<\/td>\n<\/tr>\n<tr>\n<td>Conf.univ. dr. Gafu Cristina<\/td>\n<td>cristina_gafu@yahoo.com<\/td>\n<\/tr>\n<tr>\n<td>Conf. univ. dr. Ghi\u0163eanu Serenela<\/td>\n<td>serenela.ghiteanu@gmail.com<\/td>\n<\/tr>\n<tr>\n<td>Conf. univ. dr. Iridon Cristina<\/td>\n<td>cristinairidon@yahoo.com<\/td>\n<\/tr>\n<tr>\n<td>Conf. univ. dr. Neagu Ionela<\/td>\n<td>ionela.neagu06@yahoo.com<\/td>\n<\/tr>\n<tr>\n<td>Conf. \u00a0univ. dr. Nica Marius<\/td>\n<td>mariusnica7@yahoo.com<\/td>\n<\/tr>\n<tr>\n<td>Conf. univ. dr. Nicolae Adina<\/td>\n<td>adina.nicolae@romanianmetaphorresearch.org<\/td>\n<\/tr>\n<tr>\n<td>Conf. univ. dr. Presad\u0103 Diana<\/td>\n<td>dianapresada@yahoo.com<\/td>\n<\/tr>\n<tr>\n<td>Conf. \u00a0univ. dr. R\u00eenciog Diana<\/td>\n<td>diana_rinciog@yahoo.com<\/td>\n<\/tr>\n<tr>\n<td>Conf. univ. dr. Stoian Silvia<\/td>\n<td>silviagks@yahoo.com<\/td>\n<\/tr>\n<tr>\n<td>Conf. univ. dr. Stoica Loredana<\/td>\n<td>loredana_upg@yahoo.com<\/td>\n<\/tr>\n<tr>\n<td>Lector univ. dr. Duma Mihaela<\/td>\n<td>mihaela.duma@ymail.com<\/td>\n<\/tr>\n<tr>\n<td>Lector\u00a0 univ. dr. Dumitrescu Irina<\/td>\n<td>irinadumitrescuupg@yahoo.com<\/td>\n<\/tr>\n<tr>\n<td>Lector univ. dr. Farias Adelina<\/td>\n<td>adelina_farias@yahoo.fr<\/td>\n<\/tr>\n<tr>\n<td>Lector univ. dr. Ilie Loredana<\/td>\n<td>ilie_loredana_nicoleta@yahoo.com<\/td>\n<\/tr>\n<tr>\n<td>Lector\u00a0 univ. dr. Ispas Lucia<\/td>\n<td>lucia_ispas@yahoo.com<\/td>\n<\/tr>\n<tr>\n<td>Lector\u00a0 univ. dr. Jieanu Ioana<\/td>\n<td>ioanajieanu@hotmail.com<\/td>\n<\/tr>\n<tr>\n<td>Lector univ. dr. Netedu Loredana<\/td>\n<td>lorenetedu@yahoo.com<\/td>\n<\/tr>\n<tr>\n<td>Lector\u00a0 univ. dr. Paraschiv Diana<\/td>\n<td>dianaenescu@yahoo.com<\/td>\n<\/tr>\n<tr>\n<td>Lector\u00a0 univ. dr. Ro\u015fca Alina Elena<\/td>\n<td>alinarosca82@yahoo.com<\/td>\n<\/tr>\n<tr>\n<td>Lector \u00a0univ. dr.\u00a0 Tolomei\u00a0 Ana Maria<\/td>\n<td>persanam@yahoo.com<\/td>\n<\/tr>\n<tr>\n<td>Lector univ. dr. Trifan Mihaela<\/td>\n<td>mihaela_claudia_iancu@yahoo.com<\/td>\n<\/tr>\n<tr>\n<td>Asist. univ. dr. Stavre Anca<\/td>\n<td>ancastavre@yahoo.com<\/td>\n<\/tr>\n<\/tbody>\n<\/table>\n<h5 style=\"text-align: justify;\">\u00a0Personal didactic auxiliar<\/h5>\n<table>\n<tbody>\n<tr>\n<td>Secretar Departament Filologie<\/td>\n<td>Cosma Klarisa Elena<\/td>\n<td>cosmaklarisa@yahoo.com<\/td>\n<\/tr>\n<tr>\n<td>Tehnician Departament Filologie<\/td>\n<td>Dobri\u021b\u0103 Marius Ioan<\/td>\n<td>marius.dobrita@yahoo.com<\/td>\n<\/tr>\n<\/tbody>\n<\/table>\n<h5>Contact<\/h5>\n<p>Telefon:\u00a00244 573171 int. 293<\/p>\n","protected":false},"excerpt":{"rendered":"<p>Prezentare Departament Filologie \u00a0 \u00a0 \u00a0 \u00a0 Departamentul de Filologie a luat fiin\u021b\u0103 \u00een anul 2011, prin fuzionarea celor dou\u0103 catedre deja existente din anul 1992, Catedra de Filologie \u0219i cea de Limbi \u0219i Literaturi Str\u0103ine. Aceast\u0103 fuziune a fost rezultatul firesc al unei colabor\u0103ri sus\u021binute \u00eentre membrii celor dou\u0103 catedre, cadre didactice de excep\u021bie &hellip; <a href=\"https:\/\/timf.upg-ploiesti.ro\/ls\/prezentare\/departamente\/departamentul-filologie\/\" class=\"more-link\">Continue reading <span class=\"screen-reader-text\">Departamentul Filologie<\/span> <span class=\"meta-nav\">&rarr;<\/span><\/a><\/p>\n","protected":false},"author":3,"featured_media":0,"parent":2852,"menu_order":0,"comment_status":"closed","ping_status":"closed","template":"","meta":[],"_links":{"self":[{"href":"https:\/\/timf.upg-ploiesti.ro\/ls\/wp-json\/wp\/v2\/pages\/2861"}],"collection":[{"href":"https:\/\/timf.upg-ploiesti.ro\/ls\/wp-json\/wp\/v2\/pages"}],"about":[{"href":"https:\/\/timf.upg-ploiesti.ro\/ls\/wp-json\/wp\/v2\/types\/page"}],"author":[{"embeddable":true,"href":"https:\/\/timf.upg-ploiesti.ro\/ls\/wp-json\/wp\/v2\/users\/3"}],"replies":[{"embeddable":true,"href":"https:\/\/timf.upg-ploiesti.ro\/ls\/wp-json\/wp\/v2\/comments?post=2861"}],"version-history":[{"count":11,"href":"https:\/\/timf.upg-ploiesti.ro\/ls\/wp-json\/wp\/v2\/pages\/2861\/revisions"}],"predecessor-version":[{"id":2894,"href":"https:\/\/timf.upg-ploiesti.ro\/ls\/wp-json\/wp\/v2\/pages\/2861\/revisions\/2894"}],"up":[{"embeddable":true,"href":"https:\/\/timf.upg-ploiesti.ro\/ls\/wp-json\/wp\/v2\/pages\/2852"}],"wp:attachment":[{"href":"https:\/\/timf.upg-ploiesti.ro\/ls\/wp-json\/wp\/v2\/media?parent=2861"}],"curies":[{"name":"wp","href":"https:\/\/api.w.org\/{rel}","templated":true}]}}