{"id":2859,"date":"2020-11-11T09:14:02","date_gmt":"2020-11-11T07:14:02","guid":{"rendered":"https:\/\/timf.upg-ploiesti.ro\/ls\/?page_id=2859"},"modified":"2020-11-15T08:59:17","modified_gmt":"2020-11-15T06:59:17","slug":"departamentul-itimf","status":"publish","type":"page","link":"https:\/\/timf.upg-ploiesti.ro\/ls\/prezentare\/departamente\/departamentul-itimf\/","title":{"rendered":"Departamentul ITIMF"},"content":{"rendered":"<h5>Istoric Departamentul Informatic\u0103, Tehnologia Informa\u021biei, Matematic\u0103 \u0219i Fizic\u0103<\/h5>\n<p style=\"text-align: justify;\">\u201c\u00cen anul 2011 ia fiin\u021b\u0103, \u00een cadrul Facult\u0103\u021bii de Litere \u015fi \u0218tiin\u021be, departamentul TIMF (Tehnologia Informa\u021biei, Matematic\u0103 \u015fi Fizic\u0103). Noul departament se formeaz\u0103 prin fuziunea catedrelor de Matematic\u0103, Informatic\u0103 \u015fi Fizic\u0103, la propunerea conf. dr. Cristian Marinoiu, decanul facult\u0103\u021bii, \u00een cadrul unui amplu proces desf\u0103\u0219urat la nivel na\u021bional de reorganizare a structurii facult\u0103\u021bilor pe \u00a0departamente. \u00cen timp ce catedrele de Matematic\u0103 \u015fi Fizic\u0103 au func\u021bionat \u00een institu\u021bie \u00eenc\u0103 de la \u00eenfiin\u021barea sa, catedra de Informatic\u0103 a luat fiin\u021b\u0103, \u00een 1990, prin st\u0103ruin\u021ba \u015fi efortul prof. dr. ing. Liviu Dumitra\u015fcu, pe atunci\u00a0 \u0219eful colectivului de Informatic\u0103, din cadrul catedrei FEAI (Fizic\u0103, Electrotehnic\u0103, Automatic\u0103, Informatic\u0103). Cu aceast\u0103 ocazie au fost repartizate catedrei de Informatic\u0103 spa\u021biile de lucru ale fostului Centru de Calcul al IPG (Institutul de Petrol-Gaze din Ploie\u0219ti). Un sprijin consistent \u00een acest sens a fost acordat de domnul profesor dr. ing. Stelian Dumitrescu, \u0219eful catedrei FEAI \u015fi fost rector al universit\u0103\u021bii. \u00cen perioada 1990-2011, cele trei catedre au fost conduse de urm\u0103torii \u0219efi de catedr\u0103:<\/p>\n<ul style=\"text-align: justify;\">\n<li>La catedra de Matematic\u0103: lector dr. Ion Nec\u015fulescu, conf. dr. Miron Oprea, prof. dr. Alexandru Petcu, conf. dr. Dinu T\u0103nase, conf. dr. Rafail Mihai Pascu;<\/li>\n<li>La catedra de Fizic\u0103: \u0219ef lucr\u0103ri dr. Stelian Ioni\u0163\u0103, conf. dr. Mo\u015fescu Nicolae, lector dr. Mihai Hotinceanu;<\/li>\n<li>La catedra de Informatic\u0103: prof dr. ing. Liviu Dumitra\u015fcu, prof. dr. ing. Ionu\u0163 Lambrescu, conf. dr. Gabriela Moise.<\/li>\n<\/ul>\n<p style=\"text-align: justify;\">\u00cen anul 2014, la propunerea directorului de departament, doamna conf. dr. Gabriela Moise, este ad\u0103ugat \u00een titulatura departamentului \u015fi cuv\u00e2ntul <em>Informatic\u0103<\/em>, noul nume fiind <em>Informatic\u0103, Tehnologia Informa\u021biei, Matematic\u0103 \u0219i Fizic\u0103<\/em> (ITIMF). Motiva\u021bia acestui demers a fost aceea de a reflecta \u00een denumirea departamentului responsabilitatea sa \u00een coordonarea programelor de studii <em>Informatic\u0103<\/em> (licen\u021b\u0103) \u015fi <em>Tehnologii Avansate pentru Prelucrarea Informa\u021biei<\/em> (master), precum \u0219i relevan\u021ba activit\u0103\u021bii didactice \u015fi de cercetare a membrilor s\u0103i \u00een domeniul informatic. Membrii departamentului ITIMF desf\u0103\u0219oar\u0103 activit\u0103\u021bi didactice pe domeniile specifice de competen\u021b\u0103, Matematic\u0103, Fizic\u0103, Informatic\u0103, la toate cele cinci facult\u0103\u021bi ale universit\u0103\u021bii.\u201d<\/p>\n<p style=\"text-align: right;\"><em>Conf. dr. inf. Cristian MARINOIU<\/em><\/p>\n<p style=\"text-align: justify;\">\u00cen prezent, departamentul este coordonator a dou\u0103 programe de studii:<\/p>\n<ul style=\"text-align: justify;\">\n<li><strong>licen\u021b\u0103<\/strong>, specializarea <strong>Informatic\u0103<\/strong>, \u00eenfiin\u021bat\u0103 \u00een 1992, ultima reacreditare 30 mai 2017;<\/li>\n<li><strong>masterat<\/strong>,\u00a0<strong>Tehnologii Avansate pentru Prelucrarea Informa\u021biei<\/strong>, \u00eenfiin\u021bat \u00een 2004, ultima reacreditare 21 martie 2019.<\/li>\n<\/ul>\n<p style=\"text-align: justify;\">Departamentul a fost onorat s\u0103 colaboreze cu distin\u0219i oameni de \u0219tiin\u021b\u0103: Prof. dr. Fizician Basarab Nicolescu, Doctor Honoris Causa al UPG Ploie\u0219ti, CS I Dr. Mat. Popa Nicolae, CS I Dr. Inf. Diaconescu R\u0103zvan, Prof. Dr. Habil. Ariana Pitea.<\/p>\n<p style=\"text-align: justify;\">Direc\u021biile de cercetare ale membrilor departamentului sunt \u00een domeniile Informatic\u0103, Matematic\u0103 \u0219i Fizic\u0103 \u0219i rezultatele cercet\u0103rilor sunt publicate \u00een articole \u0219tiin\u021bifice, c\u0103r\u021bi sau prezentate la manifest\u0103ri \u0219tiin\u021bifice de prestigiu din \u021bar\u0103 sau str\u0103in\u0103tate. \u00cen cadrul departamentului sunt \u00eenfiin\u021bate Centrul de Cercetare CerTIMF (<a href=\"https:\/\/erris.gov.ro\/CerTIMF\">https:\/\/erris.gov.ro\/CerTIMF<\/a>) \u0219i laboratoare de cercetare \u00een care se deruleaz\u0103 proiecte de cercetare, dezvoltare \u0219i inovare cu implicarea cadrelor didactice ale departamentului \u0219i colaboratorilor acestora, studen\u021bilor \u0219i masteranzilor universit\u0103\u021bii. Departamentul colaboreaz\u0103 cu universit\u0103\u021bi \u0219i institute de cercetare \u0219i organizeaz\u0103 periodic conferen\u021be, workshop-uri \u0219i alte manifest\u0103ri \u0219tiin\u021bifice na\u021bionale \u015fi interna\u021bionale, cum ar fi: Simpozionul Computer Science &amp; Education, Conferin\u021ba Interna\u021bional\u0103 de Geometrie Diferen\u021bial\u0103 \u015fi Aplica\u021bii, concursul studen\u021besc 3ITC.<\/p>\n<h5>Conducerea departamentului<\/h5>\n<table>\n<tbody>\n<tr>\n<td>Director departament<\/td>\n<td>Conf. univ. dr. inf. Moise Gabriela<\/td>\n<\/tr>\n<tr>\n<td>Consiliul departamentului<\/td>\n<td>Conf. univ. dr. mat. V\u00eelcu Alina<br \/>\nLect. univ. dr. fiz. Baciu Anca<br \/>\nLect. univ. dr. inf. Ioni\u021b\u0103 Liviu<br \/>\nLect. univ. dr. inf. \u0218chiopu Daniela<\/td>\n<\/tr>\n<\/tbody>\n<\/table>\n<h5>Lista cadrelor didactice<\/h5>\n<table>\n<tbody>\n<tr>\n<td>Prof. univ. dr. Lambrescu Ionu\u021b<\/td>\n<td>ilambrescu@upg-ploiesti.ro<\/td>\n<\/tr>\n<tr>\n<td>Conf.\u00a0 univ. dr. Constantinescu Zoran<\/td>\n<td>zoran@upg-ploiesti.ro<\/td>\n<\/tr>\n<tr>\n<td>Conf.\u00a0 univ. dr. Moise Gabriela<\/td>\n<td>gmoise@upg-ploiesti.ro<\/td>\n<\/tr>\n<tr>\n<td>Conf.\u00a0 univ. dr. Nicoara Simona<\/td>\n<td>snicoara@upg-ploiesti.ro<\/td>\n<\/tr>\n<tr>\n<td>Conf.\u00a0 univ. dr. Pascu Mihai<\/td>\n<td>mpascu@upg-ploiesti.ro<\/td>\n<\/tr>\n<tr>\n<td>Conf.\u00a0 univ. dr. V\u00eelcu Alina<\/td>\n<td>daniela.vilcu@upg-ploiesti.ro<\/td>\n<\/tr>\n<tr>\n<td>Conf.\u00a0 univ. dr. Vl\u0103doiu Monica<\/td>\n<td>mvladoiu@upg-ploiesti.ro<\/td>\n<\/tr>\n<tr>\n<td>Lect. univ. dr. Aldescu \u00a0Iuliana<\/td>\n<td>idobre@upg-ploiesti.ro<\/td>\n<\/tr>\n<tr>\n<td>Lect. univ. dr. Baciu Anca<\/td>\n<td>abaciu@upg-ploiesti.ro<\/td>\n<\/tr>\n<tr>\n<td>Lect. univ. dr. Boaca Tudor<\/td>\n<td>tboaca@upg-ploiesti.ro<\/td>\n<\/tr>\n<tr>\n<td>Lect. univ. dr. Borsos Zoltan<\/td>\n<td>borzolh@upg-ploiesti.ro<\/td>\n<\/tr>\n<tr>\n<td>Lect. univ. dr. Dragomir Elia<\/td>\n<td>elia.dragomir@upg-ploiesti.ro<\/td>\n<\/tr>\n<tr>\n<td>Lect. univ. dr. Iancu Lidia<\/td>\n<td>lidia.iancu@upg-ploiesti.ro<\/td>\n<\/tr>\n<tr>\n<td>\u0218ef lucr. dr. Ioni\u021b\u0103 Irina<\/td>\n<td>irinat@upg-ploiesti.ro<\/td>\n<\/tr>\n<tr>\n<td>Lect. univ. dr. Ioni\u021b\u0103 Liviu<\/td>\n<td>iliviu@upg-ploiesti.ro<\/td>\n<\/tr>\n<tr>\n<td>Lect. univ. dr. Iosif Alina<\/td>\n<td>emilia.iosif@upg-ploiesti.ro<\/td>\n<\/tr>\n<tr>\n<td>Lect. univ. dr. Maniu Georgeta<\/td>\n<td>georgeta.maniu@upg-ploiesti.ro<\/td>\n<\/tr>\n<tr>\n<td>Lect. univ. dr. Nan Georgeta<\/td>\n<td>nangeorgeta@upg-ploiesti.ro<\/td>\n<\/tr>\n<tr>\n<td>Lect. univ. dr. Necula Mihaela<\/td>\n<td>mnecula@upg-ploiesti.ro<\/td>\n<\/tr>\n<tr>\n<td>Lect. univ. dr. \u00a0\u0218chiopu Daniela<\/td>\n<td>dschiopu@upg-ploiesti.ro<\/td>\n<\/tr>\n<tr>\n<td>Lect. univ. dr. \u0218tefan Alin<\/td>\n<td>nastefan@upg-ploiesti.ro<\/td>\n<\/tr>\n<tr>\n<td>Lect. univ. dr. Tudor Liviana<\/td>\n<td>ltudor@upg-ploiesti.ro<\/td>\n<\/tr>\n<tr>\n<td>Lect. univ. dr. Tudoric\u0103 Daniela<\/td>\n<td>dtudorica@upg-ploiesti.ro<\/td>\n<\/tr>\n<tr>\n<td>Asist. univ. dr. Nicolae Mihai<\/td>\n<td>mihai.nicolae@upg-ploiesti.ro<\/td>\n<\/tr>\n<\/tbody>\n<\/table>\n<h5>Profesori asocia\u021bi<\/h5>\n<table>\n<tbody>\n<tr>\n<td>Conf. univ. dr. Cristian Marinoiu<\/td>\n<td>cmarinoiu@upg-ploiesti.ro<\/td>\n<\/tr>\n<\/tbody>\n<\/table>\n<h5>Personal didactic auxiliar<\/h5>\n<table>\n<tbody>\n<tr>\n<td>Mihai Elena<\/td>\n<td>emihai@upg-ploiesti.ro<\/td>\n<\/tr>\n<tr>\n<td>Pan\u0103 Iulia<\/td>\n<td>ipana@upg-ploiesti.ro<\/td>\n<\/tr>\n<tr>\n<td>Popa Vicen\u021biu<\/td>\n<td>vicen\u021biu.popa@upg-ploiesti.ro<\/td>\n<\/tr>\n<\/tbody>\n<\/table>\n<h6>Contact<\/h6>\n<ul>\n<li>Adresa email:\u00a0itimf@upg-ploiesti.ro<\/li>\n<li>Site-ul departamentului:\u00a0<a href=\"https:\/\/timf.upg-ploiesti.ro\/www\/\">https:\/\/timf.upg-ploiesti.ro\/www\/<\/a><\/li>\n<li>Pagina de Facebook:\u00a0<a href=\"https:\/\/www.facebook.com\/TIMF.UPG\">https:\/\/www.facebook.com\/TIMF.UPG<\/a><\/li>\n<\/ul>\n<p>&nbsp;<\/p>\n","protected":false},"excerpt":{"rendered":"<p>Istoric Departamentul Informatic\u0103, Tehnologia Informa\u021biei, Matematic\u0103 \u0219i Fizic\u0103 \u201c\u00cen anul 2011 ia fiin\u021b\u0103, \u00een cadrul Facult\u0103\u021bii de Litere \u015fi \u0218tiin\u021be, departamentul TIMF (Tehnologia Informa\u021biei, Matematic\u0103 \u015fi Fizic\u0103). Noul departament se formeaz\u0103 prin fuziunea catedrelor de Matematic\u0103, Informatic\u0103 \u015fi Fizic\u0103, la propunerea conf. dr. Cristian Marinoiu, decanul facult\u0103\u021bii, \u00een cadrul unui amplu proces desf\u0103\u0219urat la nivel &hellip; <a href=\"https:\/\/timf.upg-ploiesti.ro\/ls\/prezentare\/departamente\/departamentul-itimf\/\" class=\"more-link\">Continue reading <span class=\"screen-reader-text\">Departamentul ITIMF<\/span> <span class=\"meta-nav\">&rarr;<\/span><\/a><\/p>\n","protected":false},"author":3,"featured_media":0,"parent":2852,"menu_order":0,"comment_status":"closed","ping_status":"closed","template":"","meta":[],"_links":{"self":[{"href":"https:\/\/timf.upg-ploiesti.ro\/ls\/wp-json\/wp\/v2\/pages\/2859"}],"collection":[{"href":"https:\/\/timf.upg-ploiesti.ro\/ls\/wp-json\/wp\/v2\/pages"}],"about":[{"href":"https:\/\/timf.upg-ploiesti.ro\/ls\/wp-json\/wp\/v2\/types\/page"}],"author":[{"embeddable":true,"href":"https:\/\/timf.upg-ploiesti.ro\/ls\/wp-json\/wp\/v2\/users\/3"}],"replies":[{"embeddable":true,"href":"https:\/\/timf.upg-ploiesti.ro\/ls\/wp-json\/wp\/v2\/comments?post=2859"}],"version-history":[{"count":5,"href":"https:\/\/timf.upg-ploiesti.ro\/ls\/wp-json\/wp\/v2\/pages\/2859\/revisions"}],"predecessor-version":[{"id":2910,"href":"https:\/\/timf.upg-ploiesti.ro\/ls\/wp-json\/wp\/v2\/pages\/2859\/revisions\/2910"}],"up":[{"embeddable":true,"href":"https:\/\/timf.upg-ploiesti.ro\/ls\/wp-json\/wp\/v2\/pages\/2852"}],"wp:attachment":[{"href":"https:\/\/timf.upg-ploiesti.ro\/ls\/wp-json\/wp\/v2\/media?parent=2859"}],"curies":[{"name":"wp","href":"https:\/\/api.w.org\/{rel}","templated":true}]}}