{"id":2841,"date":"2020-11-09T16:28:28","date_gmt":"2020-11-09T14:28:28","guid":{"rendered":"https:\/\/timf.upg-ploiesti.ro\/ls\/?page_id=2841"},"modified":"2020-11-09T17:00:39","modified_gmt":"2020-11-09T15:00:39","slug":"practica-de-specialitate","status":"publish","type":"page","link":"https:\/\/timf.upg-ploiesti.ro\/ls\/studenti\/practica-de-specialitate\/","title":{"rendered":"Practica de specialitate"},"content":{"rendered":"<h5>An universitar 2020 &#8211; 2021<\/h5>\n<ul>\n<li><em>\u00cendrum\u0103tori de practic\u0103 pentru studen\u021bii programelor de studii de licen\u021b\u0103 \u0219i master<\/em><\/li>\n<li><em><a href=\"https:\/\/timf.upg-ploiesti.ro\/ls\/wp-content\/uploads\/2020\/11\/F_038_Conventie_pentru_practica_studentilor-1.doc\">Conven\u021bii de practic\u0103<\/a><\/em><\/li>\n<li><em><a href=\"https:\/\/www.upg-ploiesti.ro\/sites\/default\/files\/prezentare\/regulamente\/2017\/REGULAMENT_PRACTICA_UPG.pdf\">Regulament privind cadrul general de organizare \u0219i desf\u0103\u0219urare a practicii \u00een cadrul programelor de studii de licen\u021b\u0103 sau masterat\u00a0<\/a><\/em><\/li>\n<\/ul>\n","protected":false},"excerpt":{"rendered":"<p>An universitar 2020 &#8211; 2021 \u00cendrum\u0103tori de practic\u0103 pentru studen\u021bii programelor de studii de licen\u021b\u0103 \u0219i master Conven\u021bii de practic\u0103 Regulament privind cadrul general de organizare \u0219i desf\u0103\u0219urare a practicii \u00een cadrul programelor de studii de licen\u021b\u0103 sau masterat\u00a0<\/p>\n","protected":false},"author":3,"featured_media":0,"parent":31,"menu_order":0,"comment_status":"closed","ping_status":"closed","template":"","meta":[],"_links":{"self":[{"href":"https:\/\/timf.upg-ploiesti.ro\/ls\/wp-json\/wp\/v2\/pages\/2841"}],"collection":[{"href":"https:\/\/timf.upg-ploiesti.ro\/ls\/wp-json\/wp\/v2\/pages"}],"about":[{"href":"https:\/\/timf.upg-ploiesti.ro\/ls\/wp-json\/wp\/v2\/types\/page"}],"author":[{"embeddable":true,"href":"https:\/\/timf.upg-ploiesti.ro\/ls\/wp-json\/wp\/v2\/users\/3"}],"replies":[{"embeddable":true,"href":"https:\/\/timf.upg-ploiesti.ro\/ls\/wp-json\/wp\/v2\/comments?post=2841"}],"version-history":[{"count":3,"href":"https:\/\/timf.upg-ploiesti.ro\/ls\/wp-json\/wp\/v2\/pages\/2841\/revisions"}],"predecessor-version":[{"id":2846,"href":"https:\/\/timf.upg-ploiesti.ro\/ls\/wp-json\/wp\/v2\/pages\/2841\/revisions\/2846"}],"up":[{"embeddable":true,"href":"https:\/\/timf.upg-ploiesti.ro\/ls\/wp-json\/wp\/v2\/pages\/31"}],"wp:attachment":[{"href":"https:\/\/timf.upg-ploiesti.ro\/ls\/wp-json\/wp\/v2\/media?parent=2841"}],"curies":[{"name":"wp","href":"https:\/\/api.w.org\/{rel}","templated":true}]}}