{"id":28,"date":"2015-10-03T13:12:04","date_gmt":"2015-10-03T13:12:04","guid":{"rendered":"https:\/\/timf.upg-ploiesti.ro\/ls\/?page_id=28"},"modified":"2021-03-02T12:04:27","modified_gmt":"2021-03-02T10:04:27","slug":"calitate","status":"publish","type":"page","link":"https:\/\/timf.upg-ploiesti.ro\/ls\/calitate\/","title":{"rendered":"Managementul calit\u0103\u021bii"},"content":{"rendered":"<h6>RAPORT PRIVIND EVALUAREA CADRELOR DIDACTICE DE C\u0102TRE STUDEN\u021aI<\/h6>\n<ul>\n<li><a href=\"https:\/\/timf.upg-ploiesti.ro\/ls\/wp-content\/uploads\/2021\/03\/Raport_LS_2019-2020_Evaluarea-cadrelor-didactice-de-catre-studenti.pdf\">An universitar 2019 &#8211; 2020<\/a><\/li>\n<li><a href=\"https:\/\/timf.upg-ploiesti.ro\/ls\/wp-content\/uploads\/2015\/10\/Raport_LS_2018-2019_Evaluarea-cadrelor-didactice-de-catre-studenti.pdf\">An universitar 2018 &#8211; 2019<\/a><\/li>\n<li><a href=\"https:\/\/timf.upg-ploiesti.ro\/ls\/wp-content\/uploads\/2015\/10\/Raport_LS_2017-2018_Evaluarea-cadrelor-didactice-de-catre-studenti-1.pdf\">An universitar 2017 &#8211; 2018<\/a><\/li>\n<li><a href=\"https:\/\/timf.upg-ploiesti.ro\/ls\/wp-content\/uploads\/2015\/10\/Raport_LS_2016-2017_Evaluarea-cadrelor-didactice-de-catre-studenti.pdf\">An universitar 2016 &#8211; 2017<\/a><\/li>\n<li><a href=\"https:\/\/timf.upg-ploiesti.ro\/ls\/wp-content\/uploads\/2015\/10\/Raport_LS_2015-2016_Evaluarea-cadrelor-didactice-de-catre-studenti.pdf\">An universitar 2015 &#8211; 2016<\/a><\/li>\n<\/ul>\n<h6>ANALIZE DE DISCIPLIN\u0102<\/h6>\n<p>Calendarul analizelor de disciplin\u0103\u00a0 &#8211; <strong>an universitar 2019 &#8211; 2020<\/strong><\/p>\n<ul>\n<li><a href=\"https:\/\/timf.upg-ploiesti.ro\/ls\/wp-content\/uploads\/2015\/10\/ITIMF.pdf\">Departamentul Informatic\u0103, Tehnologia Informa\u021biei, Matematic\u0103 \u0219i Fizic\u0103;<\/a><\/li>\n<li><a href=\"https:\/\/timf.upg-ploiesti.ro\/ls\/wp-content\/uploads\/2015\/10\/SED.pdf\">Departamentul \u0218tiin\u021bele Educa\u021biei;<\/a><\/li>\n<li><a href=\"https:\/\/timf.upg-ploiesti.ro\/ls\/wp-content\/uploads\/2015\/10\/FILOLOGIE.pdf\">Departamentul Filologie;<\/a><\/li>\n<li><a href=\"https:\/\/timf.upg-ploiesti.ro\/ls\/wp-content\/uploads\/2015\/10\/an_pregatitor_2019_2020.jpg\">Departamentul Filologie &#8211; Programul preg\u0103titor de limba rom\u00e2n\u0103 pentru cet\u0103\u021benii str\u0103ini.<\/a><\/li>\n<\/ul>\n<p>Calendarul analizelor de disciplin\u0103\u00a0 &#8211; <strong>an universitar 2018 &#8211; 2019<\/strong><\/p>\n<ul>\n<li><a href=\"https:\/\/timf.upg-ploiesti.ro\/ls\/wp-content\/uploads\/2015\/10\/F_319_Anexa_1_R17_Lista_discipline_si_comisii_analiza_ITIMF_2018_2019.pdf\">Departamentul Informatic\u0103, Tehnologia Informa\u021biei, Matematic\u0103 \u0219i Fizic\u0103<\/a>;<\/li>\n<li><a href=\"https:\/\/timf.upg-ploiesti.ro\/ls\/wp-content\/uploads\/2015\/10\/SEd-analiza-discipline-2018-2019.pdf\">Departamentul \u0218tiin\u021bele Educa\u021biei;<\/a><\/li>\n<li><a href=\"https:\/\/timf.upg-ploiesti.ro\/ls\/wp-content\/uploads\/2015\/10\/Calendar_analiza_discipline_Filologie_2018_2019.pdf\">Departamentul Filologie;<\/a><\/li>\n<li><a href=\"https:\/\/timf.upg-ploiesti.ro\/ls\/wp-content\/uploads\/2015\/10\/Comisii-analiza-disciplina-APR-2018-2019.pdf\">Departamentul Filologie &#8211; Programul preg\u0103titor de limba rom\u00e2n\u0103 pentru cet\u0103\u021benii str\u0103ini<\/a>.<\/li>\n<\/ul>\n<p>Calendarul analizelor de disciplin\u0103\u00a0 &#8211; <strong>an universitar 2017 &#8211; 2018<\/strong><\/p>\n<ul>\n<li><a href=\"https:\/\/timf.upg-ploiesti.ro\/ls\/wp-content\/uploads\/2015\/10\/Analiza_discipline_ITIMF.pdf\">Departamentul Informatic\u0103, Tehnologia Informa\u021biei, Matematic\u0103 \u0219i Fizic\u0103<\/a>;<\/li>\n<li><a href=\"https:\/\/timf.upg-ploiesti.ro\/ls\/wp-content\/uploads\/2015\/10\/Analiza_discipline_Stiintele_Educatiei.pdf\">Departamentul \u0218tiin\u021bele Educa\u021biei<\/a>;<\/li>\n<li><a href=\"https:\/\/timf.upg-ploiesti.ro\/ls\/wp-content\/uploads\/2015\/10\/Analiza_discipline_Filologie.pdf\">Departamentul Filologie<\/a>;<\/li>\n<li>Departamentul Filologie &#8211; <a href=\"https:\/\/timf.upg-ploiesti.ro\/ls\/wp-content\/uploads\/2015\/10\/Lista_discipline_comisii_analiza_calendar_An_pregatitor_2017_2018.pdf\">Programul preg\u0103titor de limba rom\u00e2n\u0103 pentru cet\u0103\u021benii str\u0103ini<\/a>.<\/li>\n<\/ul>\n<h6>PLANUL OPERA\u0162IONAL privind activitatea de cercetare \u0219tiin\u021bific\u0103<\/h6>\n<ul>\n<li><a href=\"https:\/\/timf.upg-ploiesti.ro\/ls\/wp-content\/uploads\/2015\/10\/LS_plan-operational_2021.pdf\">anul 2021<\/a><\/li>\n<li><a href=\"https:\/\/timf.upg-ploiesti.ro\/ls\/wp-content\/uploads\/2021\/03\/Plan-operational-cercetare-2020.pdf\">anul 2020<\/a><\/li>\n<li><a href=\"https:\/\/timf.upg-ploiesti.ro\/ls\/wp-content\/uploads\/2019\/01\/LS-Plan-operational-cercetare-2019.pdf\">anul 2019<\/a><\/li>\n<li><a href=\"https:\/\/timf.upg-ploiesti.ro\/ls\/files2\/plan%20operational%20cercetare%202018.pdf\">anul 2018<\/a><\/li>\n<li><a href=\"https:\/\/timf.upg-ploiesti.ro\/ls\/wp-content\/uploads\/2015\/10\/LS-Plan-operational-cercetare-2017.pdf\">anul 2017<\/a><\/li>\n<li><a href=\"https:\/\/timf.upg-ploiesti.ro\/ls\/wp-content\/uploads\/2015\/10\/LS-Plan-operational-cercetare-2016.pdf\">anul 2016<\/a><\/li>\n<li><a href=\"https:\/\/timf.upg-ploiesti.ro\/ls\/wp-content\/uploads\/2015\/10\/LS-Plan-operational-cercetare-2015.pdf\">anul 2015<\/a><\/li>\n<\/ul>\n<h6>OBIECTIVELE DIN DOMENIUL CALIT\u0102\u021aII<\/h6>\n<ul>\n<li>An universitar 2020 &#8211; 2021<\/li>\n<li><a href=\"https:\/\/timf.upg-ploiesti.ro\/ls\/wp-content\/uploads\/2015\/10\/F_130_Obiective_din_domeniul_calitatii-2019-2020.pdf\">An universitar 2019 &#8211; 2020<\/a><\/li>\n<li><a href=\"https:\/\/timf.upg-ploiesti.ro\/ls\/wp-content\/uploads\/2015\/10\/LS_Obiective_din_domeniul_calitatii_2018-2019.pdf\">An universitar 2018 &#8211; 2019<\/a><\/li>\n<li><a href=\"https:\/\/timf.upg-ploiesti.ro\/ls\/wp-content\/uploads\/2015\/10\/obiective-calitate-2017-2018.pdf\">An universitar 2017 &#8211; 2018<\/a><\/li>\n<li><a href=\"https:\/\/timf.upg-ploiesti.ro\/ls\/wp-content\/uploads\/2015\/10\/obiective-calitate-2016-2017.pdf\">An universitar 2016 &#8211; 2017<\/a><\/li>\n<li><a href=\"https:\/\/timf.upg-ploiesti.ro\/ls\/wp-content\/uploads\/2015\/10\/Obiective-si-indicatori-managementul-calitatii-2015-2016.pdf\">An universitar 2015 &#8211; 2016<\/a><\/li>\n<li><a href=\"https:\/\/timf.upg-ploiesti.ro\/ls\/wp-content\/uploads\/2015\/10\/Obiective-calitate-2014-2015.pdf\">An universitar 2014 &#8211; 2015<\/a><\/li>\n<\/ul>\n<h6>STADIUL REALIZ\u0102RII OBIECTIVELOR DIN DOMENIUL MANAGEMENTUL CALIT\u0102\u021aII<\/h6>\n<ul>\n<li><a href=\"https:\/\/timf.upg-ploiesti.ro\/ls\/wp-content\/uploads\/2015\/10\/LS_stadiul-realizarii_2019_2020.pdf\">An universitar 2019 &#8211; 2020<\/a><\/li>\n<li><a href=\"https:\/\/timf.upg-ploiesti.ro\/ls\/wp-content\/uploads\/2015\/10\/FINAL-1-Stadiul-realizarii-Obiective-2018-2019-Copy.pdf\">An universitar 2018 &#8211; 2019<\/a><\/li>\n<li><a href=\"https:\/\/timf.upg-ploiesti.ro\/ls\/wp-content\/uploads\/2015\/10\/LS_stadiul_realizarii_obiective_calitate_2017_2018.pdf\">An universitar 2017 &#8211; 2018<\/a><\/li>\n<li><a href=\"https:\/\/timf.upg-ploiesti.ro\/ls\/wp-content\/uploads\/2015\/10\/stadiul-realizarii-obiectivelor-managementul-calitatii-2016-2017.pdf\">An universitar 2016 &#8211; 2017<\/a><\/li>\n<li><a href=\"https:\/\/timf.upg-ploiesti.ro\/ls\/wp-content\/uploads\/2015\/10\/stadiul-realizarii-obiectivelor-2015-2016.pdf\">An universitar 2015 &#8211; 2016<\/a><\/li>\n<li><a href=\"https:\/\/timf.upg-ploiesti.ro\/ls\/wp-content\/uploads\/2015\/10\/Stadiu-realizare-obiective-managementul-calitatii-2014-2015.pdf\">An universitar 2014 &#8211; 2015<\/a><\/li>\n<\/ul>\n<h6>OBIECTIVE SPECIFICE ALE FACULT\u0102\u021aII\/<span style=\"color: #0b2000;\">DEPARTAMENTULUI\/SERVICIULUI\/BIROULUI<\/span><\/h6>\n<ul>\n<li><a href=\"https:\/\/timf.upg-ploiesti.ro\/ls\/wp-content\/uploads\/2015\/10\/LS_obiective-specifice_2021.pdf\">anul 2021<\/a><\/li>\n<li><a href=\"https:\/\/timf.upg-ploiesti.ro\/ls\/wp-content\/uploads\/2015\/10\/F_461_Obiective_specifice_facultate_departament_serviciu_birou-2020.pdf\">anul 2020<\/a><\/li>\n<li><a href=\"https:\/\/timf.upg-ploiesti.ro\/ls\/wp-content\/uploads\/2015\/10\/LS_obiective_specifice_anul_2019.pdf\">anul 2019<\/a><\/li>\n<li><a href=\"https:\/\/timf.upg-ploiesti.ro\/ls\/wp-content\/uploads\/2015\/10\/obiective-calitate-2017-2018.pdf\">anul 2018<\/a><\/li>\n<li><a href=\"https:\/\/timf.upg-ploiesti.ro\/ls\/wp-content\/uploads\/2015\/10\/obiective-calitate-2016-2017.pdf\">anul 2017<\/a><\/li>\n<\/ul>\n<h6>RAPORT <span style=\"color: #0b2000;\">PRIVIND EVALUAREA \u015eI ASIGURAREA <\/span><span style=\"color: #0b2000;\">CALIT\u0102\u0162II \u00ceN\u00a0 FACULTATEA DE LITERE \u015eI \u015eTIIN\u0162E<\/span><\/h6>\n<ul>\n<li>an universitar 2019 &#8211; 2020<\/li>\n<li>an universitar 2018 &#8211; 2019<\/li>\n<li><a href=\"https:\/\/timf.upg-ploiesti.ro\/ls\/wp-content\/uploads\/2015\/10\/Raport-CEAC_LS_2017-2018.pdf\">an universitar 2017 &#8211; 2018<\/a><\/li>\n<li><a href=\"https:\/\/timf.upg-ploiesti.ro\/ls\/files2\/Raport%20CEAC_LS_2017.pdf\">an universitar 2016 &#8211; 2017<\/a><\/li>\n<li><a href=\"https:\/\/timf.upg-ploiesti.ro\/ls\/wp-content\/uploads\/2015\/10\/Raport-CEAC_LS_2016.pdf\">an universitar 2015 &#8211; 2016<\/a><\/li>\n<\/ul>\n<h6>REGISTRUL RISCURILOR<\/h6>\n<ul>\n<li><a href=\"https:\/\/timf.upg-ploiesti.ro\/ls\/wp-content\/uploads\/2021\/03\/F_243_Registrul-riscurilor-2020-2021-site.pdf\">Registrul riscurilor &#8211; an universitar 2020 &#8211; 2021<\/a><\/li>\n<li><a href=\"https:\/\/timf.upg-ploiesti.ro\/ls\/wp-content\/uploads\/2015\/10\/F_243_Registrul-riscurilor-2019-2020.pdf\">Registrul riscurilor &#8211; an universitar 2019 &#8211; 2020<\/a><\/li>\n<li><a href=\"https:\/\/timf.upg-ploiesti.ro\/ls\/wp-content\/uploads\/2015\/10\/F_243_Registrul_riscurilor-2018-2019.pdf\">Registrul riscurilor &#8211; an universitar 2018 &#8211; 2019<\/a><\/li>\n<li><a href=\"https:\/\/timf.upg-ploiesti.ro\/ls\/files2\/F_243_Registrul_riscurilor.pdf\">Registrul riscurilor &#8211; an universitar 2017 &#8211; 2018<\/a><\/li>\n<li><a href=\"https:\/\/timf.upg-ploiesti.ro\/ls\/wp-content\/uploads\/2015\/10\/F_243_Registrul_riscurilor_LS_trim.1_2_2016.pdf\">Registrul riscurilor &#8211; 2016<\/a><\/li>\n<li><a href=\"https:\/\/timf.upg-ploiesti.ro\/ls\/wp-content\/uploads\/2015\/10\/F_243_Registrul_riscurilor_LS_trim.1_2_2015.pdf\">Registrul riscurilor &#8211; 2015<\/a><\/li>\n<\/ul>\n<h6>COMISIA DE CALITATE A FACULT\u0102\u021aII DE LITERE \u0218I \u0218TIIN\u021aE<\/h6>\n<p><a href=\"https:\/\/timf.upg-ploiesti.ro\/ls\/wp-content\/uploads\/2015\/10\/Comisie-CEAC_LS.pdf\">Componen\u021ba Comisiei de Calitate a Facult\u0103\u021bii de Litere \u0219i \u0218tiin\u021be<\/a><\/p>\n","protected":false},"excerpt":{"rendered":"<p>RAPORT PRIVIND EVALUAREA CADRELOR DIDACTICE DE C\u0102TRE STUDEN\u021aI An universitar 2019 &#8211; 2020 An universitar 2018 &#8211; 2019 An universitar 2017 &#8211; 2018 An universitar 2016 &#8211; 2017 An universitar 2015 &#8211; 2016 ANALIZE DE DISCIPLIN\u0102 Calendarul analizelor de disciplin\u0103\u00a0 &#8211; an universitar 2019 &#8211; 2020 Departamentul Informatic\u0103, Tehnologia Informa\u021biei, Matematic\u0103 \u0219i Fizic\u0103; Departamentul \u0218tiin\u021bele &hellip; <a href=\"https:\/\/timf.upg-ploiesti.ro\/ls\/calitate\/\" class=\"more-link\">Continue reading <span class=\"screen-reader-text\">Managementul calit\u0103\u021bii<\/span> <span class=\"meta-nav\">&rarr;<\/span><\/a><\/p>\n","protected":false},"author":2,"featured_media":0,"parent":0,"menu_order":0,"comment_status":"closed","ping_status":"closed","template":"","meta":[],"_links":{"self":[{"href":"https:\/\/timf.upg-ploiesti.ro\/ls\/wp-json\/wp\/v2\/pages\/28"}],"collection":[{"href":"https:\/\/timf.upg-ploiesti.ro\/ls\/wp-json\/wp\/v2\/pages"}],"about":[{"href":"https:\/\/timf.upg-ploiesti.ro\/ls\/wp-json\/wp\/v2\/types\/page"}],"author":[{"embeddable":true,"href":"https:\/\/timf.upg-ploiesti.ro\/ls\/wp-json\/wp\/v2\/users\/2"}],"replies":[{"embeddable":true,"href":"https:\/\/timf.upg-ploiesti.ro\/ls\/wp-json\/wp\/v2\/comments?post=28"}],"version-history":[{"count":71,"href":"https:\/\/timf.upg-ploiesti.ro\/ls\/wp-json\/wp\/v2\/pages\/28\/revisions"}],"predecessor-version":[{"id":3079,"href":"https:\/\/timf.upg-ploiesti.ro\/ls\/wp-json\/wp\/v2\/pages\/28\/revisions\/3079"}],"wp:attachment":[{"href":"https:\/\/timf.upg-ploiesti.ro\/ls\/wp-json\/wp\/v2\/media?parent=28"}],"curies":[{"name":"wp","href":"https:\/\/api.w.org\/{rel}","templated":true}]}}