{"id":25,"date":"2015-10-03T13:11:45","date_gmt":"2015-10-03T13:11:45","guid":{"rendered":"https:\/\/timf.upg-ploiesti.ro\/ls\/?page_id=25"},"modified":"2020-06-18T18:30:38","modified_gmt":"2020-06-18T15:30:38","slug":"cercetare","status":"publish","type":"page","link":"https:\/\/timf.upg-ploiesti.ro\/ls\/cercetare\/","title":{"rendered":"Cercetare"},"content":{"rendered":"<p>\u00cen cadrul Facult\u0103\u021bii de Litere \u0219i \u0218tiin\u021be func\u021bioneaz\u0103 trei centre de cercetare, ale c\u0103ror obiective sunt subsumate obiectivelor din Programul de cercetare al Universit\u0103\u021bii Petrol-Gaze din Ploie\u0219ti \u0219i din planul strategic \u015fi opera\u0163ional al Facult\u0103\u021bii de Litere \u0219i \u015etiin\u021be. Activitatea de cercetare vizeaz\u0103 \u0219i \u00eendeplinirea unor obiective prev\u0103zute \u00een cadrul unor programe na\u021bionale \u0219i interna\u021bionale de cercetare, precum \u0219i colaborarea cu alte institu\u021bii de \u00eenv\u0103\u021b\u0103m\u00e2nt \u0219i de cercetare din Rom\u00e2nia \u0219i din afara acesteia, \u021bin\u00e2nd seama de cerin\u021bele mediului academic.<\/p>\n<p><strong>Departamentul de Filologie<\/strong><\/p>\n<ul>\n<li>\u00cenc\u0103 din 2009, departamentul a reu\u0219it ob\u021binerea cota\u021biei B+\/CNCSIS pentru <em>Buletinul Universit\u0103\u0163ii Petrol-Gaze din Ploie\u015fti, Seria Filologie<\/em>. In anul 2011, revista a trecut prin schimb\u0103ri majore, viz\u00e2nd \u00een principal o mai mare vizibilitate \u015ftiin\u0163ific\u0103, na\u021bional\u0103 \u0219i interna\u021bional\u0103. \u00cen acela\u0219i an, revista \u015fi-a schimbat numele \u00een <em>Word and Text \u2013 A Journal of Literary Studies and Linguistics<\/em> \u015fi a reu\u015fit performan\u0163a de a se men\u0163ine printre foarte pu\u0163inele reviste B, selectate de CNCS. <a href=\"http:\/\/jlsl.upg-ploiesti.ro\/\"><em>Word and Text- A Journal of Literary Studies and Linguistics<\/em><\/a> (ISSN 2069-9271) este indexat\u0103 \u00een EBSCO Academic Search Complete, Ulrich Web of Science, CEEOL, Scopus, MLA (Modern Language Association, una dintre cele mai vizibile baze de date interna\u0163ionale din spa\u0163iul anglo-american) \u015fi este \u00een ultima faz\u0103 a procesului de evaluare la Thomson Reuters &#8211; Arts and Humanities Index.<\/li>\n<\/ul>\n<ul>\n<li>a ob\u0163inut calificativul B pentru Domeniul Filologie al Editurii UPG Ploie\u0219ti (<a href=\"http:\/\/www.cncs-nrc.ro\/wp-content\/uploads\/2012\/12\/edituri-11-dec-2012.pdf\">http:\/\/www.cncs-nrc.ro\/wp-content\/uploads\/2012\/12\/edituri-11-dec-2012.pdf<\/a>).<\/li>\n<li>a organizat propriile <a href=\"https:\/\/timf.upg-ploiesti.ro\/images\/files\/cercet\/03Arhiva_conferinte%20Filo.pdf\">conferin\u0163e<\/a>:\n<ul>\n<li>2008, \u00een colaborare cu Universit\u00e9 Bretagne Sud, <em>De la Panteonul Na\u0163ional la Panteonul European<\/em>;<\/li>\n<li>2010, \u00een colaborare cu Universitatea Pamukkale, <em>Globalizare \u015fi\/ sau tradi\u0163ie cultural\u0103<\/em>;<\/li>\n<li>2012, \u00een colaborare cu Centre for Critical and Cultural Theory (Universitatea din Cardiff) \u015fi cu Institute of Advanced Study in the Humanities and the Social Sciences (Universitatea din Berna), <em>Ethos\/ Pathos\/ Logos. The Sense and Place of Persuasiveness in Linguistic, Literary and Philosophical Discourse.<\/em><\/li>\n<\/ul>\n<\/li>\n<\/ul>\n<p><strong>CONFERIN\u021aE INTERNA\u021aIONALE ORGANIZATE PENTRU CADRE DIDACTICE LA DEPARTAMENTUL DE FILOLOGIE<\/strong><\/p>\n<ol>\n<li>\u00cen colaborare cu Universitatea din Novi-Sad, Serbia, Conferin\u021ba interna\u021bional\u0103, <a href=\"https:\/\/conferenceupg2014.wordpress.com\/\"><em>THE DIALOGUE OF CULTURES\/ THE CULTURE OF DIALOGUE<\/em>,<\/a>13-15 November 2014, <a href=\"https:\/\/euagenda.eu\/events\/2014\/11\/13\/the-dialogue-of-cultures-the-culture-of-dialogue\">https:\/\/euagenda.eu\/events\/2014\/11\/13\/the-dialogue-of-cultures-the-culture-of-dialogue<\/a><\/li>\n<li>\u00cen colaborare cu Filozofska Fakulteta din Ljubliana \u0219i Institutul Limbii rom\u00e2ne, \u201e<em>PREDAREA, RECEPTAREA \u0218I EVALUAREA LIMBII ROM\u00c2NE CA LIMB\u0102 STR\u0102IN\u0102 \u2013 DIMENSIUNE A INTERCULTURALIT\u0102\u021aII<strong>\u02ee<\/strong>, Edi\u021bia a I, 15 iulie, 2016<\/em><\/li>\n<li>\u00cen colaborare cu Universitatea din Cipru, <a href=\"http:\/\/artsofhealing.wixsite.com\/conferenceupg\"><em>ARTS OF HEALING: CULTURAL NARRATIVES OF TRAUMA<\/em><\/a>, 3-5 November 2016<\/li>\n<li>\u00cen colaborare cu Filozofska Fakulteta din Ljubliana \u0219i Institutul Limbii rom\u00e2ne, \u201e<em>PREDAREA, RECEPTAREA \u0218I EVALUAREA LIMBII ROM\u00c2NE CA LIMB\u0102 STR\u0102IN\u0102 \u2013 DIMENSIUNE A INTERCULTURALIT\u0102\u021aII<strong>\u02ee<\/strong>, Edi\u021bia a II-a, 13 iulie, 2018<\/em><\/li>\n<li>\u00cen colaborare cu Universitatea din Lodz, Polonia, Universitatea Bretagne-Sud, <em>THE DYNAMICS OF VOYAGE AND EMOTIONS<\/em> \u2013 22- 23 November 2018, <a href=\"https:\/\/voyageandemotionupg.wordpress.com\/\">https:\/\/voyageandemotionupg.wordpress.com\/<\/a><\/li>\n<li>WORKSHOP\u00a0<a href=\"https:\/\/ealtaworkshop.files.wordpress.com\/2018\/03\/anunt-ealta-workshop.pdf\">EALTA Workshop<\/a><a href=\"https:\/\/ealtaworkshop.files.wordpress.com\/2018\/03\/anunt-ealta-workshop.pdf\">CEFR Companion Volume<\/a>\u00a0<a href=\"https:\/\/ealtaworkshop.files.wordpress.com\/2018\/03\/anunt-ealta-workshop.pdf\">Piloting the New Descriptors in Romania<\/a>\u00a0https:\/\/ealtaworkshop.wordpress.com\/\u00a0 9-10 March 2018<\/li>\n<\/ol>\n<p>Departamentul beneficiaz\u0103 de experien\u0163a profesional\u0103 a unor magi\u015ftri, printre care <a href=\"https:\/\/timf.upg-ploiesti.ro\/images\/files\/cercet\/04Laudatio%20dl%20prof%20Ion%20Balu.pdf\">Ion B\u0103lu<\/a> \u0219i <a href=\"https:\/\/timf.upg-ploiesti.ro\/images\/files\/cercet\/06Laudatio_Domnita%20Tomescu.pdf\">Domni\u021ba Tomescu<\/a>.<\/p>\n<p>In cadrul departamentului functioneaza<strong> Centrul de Cercetare \u00een Studii Literare, Lingvistic\u0103, Teoria Criticii \u0219i Culturii<\/strong>, care cuprinde \u00een structura sa mai multe colective de cercetare care desf\u0103\u0219oar\u0103 activit\u0103\u021bi de cercetare \u0219tiin\u021bific\u0103 \u00een Domeniul \u015etiin\u021be Umaniste (cu subdomeniile Filologie, Studii culturale, Filosofie \u0219i Teologie). \u00a0Activitatea centrului se desf\u0103\u0219oar\u0103 \u00een sfera cercet\u0103rilor fundamentale \u0219i aplicative din domeniul \u015etiin\u021belor Umaniste, detalii put\u00e2nd fi consultate \u00een <a href=\"https:\/\/timf.upg-ploiesti.ro\/images\/files\/ANEXA%20A%20Centrul%20de%20cercetare%20Filo.pdf\">Regulament<\/a>.<\/p>\n<p><strong>Departamentul Tehnologia Informa\u0163iei, Matematic\u0103 \u015fi Fizic\u0103<\/strong><\/p>\n<p>Activitatea de cercetare \u0219tiin\u021bific\u0103 a departamentului se concretizeaz\u0103 \u00een elaborarea \u015fi publicarea de c\u0103r\u0163i, cursuri \u015fi alte materiale didactice, articole, particip\u0103ri la manifest\u0103ri \u015ftiin\u0163ifice na\u0163ionale \u015fi interna\u0163ionale, precum \u0219i particip\u0103ri la contracte de cercetare-dezvoltare-inovare na\u0163ionale \u015fi interna\u0163ionale. Principalele direc\u021bii \u0219i teme de cercetare abordate sunt: <em>fundamente ale Informaticii, infrastructuri performante pentru procesarea informa\u021biei, modele \u0219i metode matematice aplicate \u00een informatic\u0103, inteligen\u021b\u0103 artificial\u0103 \u0219i aplica\u021bii, analiza datelor \u0219i data mining, dezvoltarea de sisteme software \u0219i instrumente IT&amp;C specifice \u0219i aplica\u021bii, criptare \u0219i securitate, IT&amp;C \u00een educa\u021bie (formal\u0103, informal\u0103, pe tot parcursul vietii) \u0219i \u00een carier\u0103, Optimizare\/Scheduling, Matematic\u0103 \u0219i Astronomie<\/em>.<\/p>\n<p>\u00cen cadrul departamentului este \u00eenfiin\u021bat Centrul de Cercetare CerTIMF (<a href=\"https:\/\/erris.gov.ro\/CerTIMF\">https:\/\/erris.gov.ro\/CerTIMF<\/a>), \u00een care se deruleaz\u0103 proiecte de cercetare cu implicarea cadrelor didactice, studen\u021bilor \u0219i masteranzilor specializ\u0103rilor coordonate. Mai multe detalii privind statutul \u0219i regulamentul pot fi consultate aici <a href=\"https:\/\/timf.upg-ploiesti.ro\/images\/files\/ANEXA%20C%20Centrul%20de%20cercetare%20Info%20CerTIMF.pdf\">Statut,regulament<\/a>.<\/p>\n<p>Departamentul organizeaz\u0103 periodic conferin\u0163e, workshop-uri \u0219i alte manifest\u0103ri \u015ftiin\u0163ifice na\u0163ionale \u015fi interna\u0163ionale, cum ar fi:<\/p>\n<ul>\n<li>Simpozionul Computer Science in Education (<a href=\"https:\/\/timf.upg-ploiesti.ro\/www\/2016\/11\/20\/the-symposium-computer-science-in-education-2016\/\">https:\/\/timf.upg-ploiesti.ro\/www\/2016\/11\/20\/the-symposium-computer-science-in-education-2016\/<\/a>);<\/li>\n<li>A XII-a Conferin\u0163\u0103 Interna\u0163ional\u0103 de Geometrie Diferen\u0163ial\u0103 \u015fi Aplica\u0163ii, 23 \u0219i 26 septembrie 2015 (<a href=\"http:\/\/ssmr.ro\/files\/newsletter\/news5\/conferinta_geometrie.php\">http:\/\/ssmr.ro\/files\/newsletter\/news5\/conferinta_geometrie.php<\/a>);<\/li>\n<li>Conferin\u021ba \u201cApplication of the operational matrices of fractional polynomial series to fractional differential equations\u201d sus\u021binut\u0103 de\u00a0Dr. Mohsen Razzaghi\u00a0(Statistics, Mississippi State University, USA),\u00a024 noiembrie 2015;<\/li>\n<li>\u00een colaborare cu Institutul de Matematic\u0103 Simion Stoilow al Academiei Rom\u00e2ne, 11th International Workshop<em> on Differential Geometry and Its Applications, 2013<\/em>, (<a href=\"http:\/\/www.imar.ro\/%7Epurice\/Inst\/2013\/dif-geom-13.htm\">http:\/\/www.imar.ro\/~purice\/Inst\/2013\/dif-geom-13.htm<\/a>);<\/li>\n<li>\u00een colaborare cu Societatea de \u015etiin\u0163e Matematice din Rom\u00e2nia \u015fi cu Inspectoratul Scolar Judetean Prahova, <em>A XVI-a Conferin\u0163\u0103 Anual\u0103 a Societ\u0103\u0163ii de Stiin\u0163e Matematice din Romania<\/em> &#8211; 19.10-21.10.2012, (<a href=\"http:\/\/ssmr.ro\/activitati\/conferinte\/conferinta_ssmr\">http:\/\/ssmr.ro\/activitati\/conferinte\/conferinta_ssmr<\/a>);<\/li>\n<li>\u00een colaborare cu Institutul de Matematic\u0103 Simion Stoilow al Academiei Rom\u00e2ne, Facultatea de Matematic\u0103 \u015fi Informatic\u0103 a Universit\u0103\u0163ii din Bucure\u015fti, Universit\u0103\u021bile din Helsinki \u015fi Turku din Finlanda, <em>Conference on Complex Analysis and Related Topics, The 13<sup>th<\/sup> Romanian-Finnish Seminar, 2012<\/em>, (<a href=\"http:\/\/www.imar.ro\/RoFinSem2012\/conf.php\">http:\/\/www.imar.ro\/RoFinSem2012\/conf.php<\/a>);<\/li>\n<li><em>Informatica<\/em><em>, o carier\u0103 de succes<\/em> \u2013 manifestare \u015ftiin\u0163ific\u0103 periodic\u0103 dedicat\u0103 studen\u0163ilor, <a href=\"http:\/\/informatica.upg-ploiesti.ro\/concurs2013\/fisiere\/afis_mediu.jpg\">http:\/\/informatica.upg-ploiesti.ro\/concurs2013\/fisiere\/afis_mediu.jpg<\/a><\/li>\n<\/ul>\n<p><strong>CONFERIN\u021aE ORGANIZATE PENTRU CADRE DIDACTICE ORGANIZATE DE C\u0102TRE DEPARTAMENTUL ITIMF\u00a0<\/strong><\/p>\n<ol>\n<li>Application of the operational matrices of fractional polynomial series to fractional differential equations\u201d sus\u021binut\u0103 de\u00a0 Mohsen Razzaghi, 24 noiembrie 2015<\/li>\n<li>The Symposium Computer Science in Education (SCSE), 9 februarie 2017<\/li>\n<li>13th International Workshop on Differential Geometry and its Applications, 26-28 septembrie 2017.<\/li>\n<li>Hour of Code, 6 decembrie 2018<\/li>\n<li>The 14th International Workshop on Differential Geometry and Its Applications (DGA) 2019, 9-11 iulie, 2019<\/li>\n<li>The Symposium Computer Science and Education (SCSE) \u2013 28 noiembrie 2019<\/li>\n<\/ol>\n<p>\u00cen anul 2009, departamentul a ob\u021binut cota\u021bia B+\/CNCSIS pentru revista de specialitate, care este indexat\u0103 \u00een mai multe baze de date interna\u021bionale recunoscute CNCSIS<\/p>\n<p><a href=\"http:\/\/bmif.unde.ro\"><em>Buletinul Universit\u0103\u0163ii Petrol-Gaze din Ploie\u015fti, Seria Matematica, Informatica, Fizica<\/em><\/a>.<\/p>\n<p>Departamentul este onorat s\u0103 colaboreze cu distin\u015fi oameni de \u015ftiin\u0163\u0103: Prof. dr. Fizician <a href=\"http:\/\/basarab-nicolescu.fr\/\">Basarab Nicolescu<\/a>, <em>Doctor Honoris Causa<\/em> al UPG Ploie\u015fti, CS I Dr. Mat. <a href=\"http:\/\/www.imar.ro\/%7Enpopa\/\">Popa Nicolae<\/a> \u0219i CS I Dr. Inf <a href=\"http:\/\/imar.ro\/%7Ediacon\">Diaconescu R\u0103zvan<\/a>.<\/p>\n<p><strong>Departamentul \u015etiin\u0163ele Educa\u021biei <\/strong>se remarc\u0103 prin performan\u0163e deosebite precum:<\/p>\n<ul>\n<li>organizarea conferin\u0163elor interna\u0163ionale de \u00eenalt\u0103 \u0163inut\u0103 academic\u0103 <em>Teachers for the Knowledge Society-TK<\/em>S, 2011 (<a href=\"http:\/\/conference2011.masterprof.ro\">http:\/\/conference2011.masterprof.ro<\/a>) \u015fi <em>Education and Psychology Challenges- Teachers for the Knowledge Society EPC-TKS<\/em>, 2013 (<a href=\"http:\/\/edupsy.ro\">http:\/\/edupsy.ro<\/a>). Lucr\u0103rile conferin\u0163elor au fost publicate \u00een <em>Procedia Social and Behavioral Sciences Journal<\/em>, Elsevier (<a href=\"http:\/\/www.elsevier.com\">http:\/\/www.elsevier.com<\/a>), indexate ScienceDirect, Scopus \u015fi Thomson Reuters Conference Proceedings Citation Index (ISI Web of Science);<\/li>\n<li>editarea unei publica\u0163ii extrem de dinamice, <em>Journal of Educational Sciences &amp; Psychology <\/em>(<a href=\"http:\/\/jesp.upg-ploiesti.ro\">http:\/\/jesp.upg-ploiesti.ro<\/a>), care \u00een 2011 a continuat <em>Buletinul Universit\u0103\u0163ii Petrol-Gaze din Ploie\u015fti \u2013 Seria \u015etiin\u0163ele Educa\u0163iei<\/em>, \u0219i care are o ascensiune rapid\u0103 datorat\u0103 exclusiv calit\u0103\u0163ii \u015ftiin\u0163ifice (revista fiind indexat\u0103 \u00een 5 baze de date academice internationale recunoscute (EBSCO, Proquest, Scipio, DOAJ, Index Copernicus) \u015fi \u00een evaluare pentru includerea \u00een Thomson Reuters \u2013 Social Sciences Citation Index;<\/li>\n<li>coordonarea a numeroase proiecte de dezvoltare na\u0163ionale \u015fi interna\u0163ionale (<a href=\"http:\/\/www.dse.upg-ploiesti.ro\">http:\/\/www.dse.upg-ploiesti.ro<\/a>);<\/li>\n<li>colaborarea cu numeroase institu\u0163ii de \u00eenv\u0103\u021b\u0103m\u00e2nt superior \u015fi de cercetare na\u0163ionale (Universitatea din Bucure\u015fti, Institutul de \u015etiin\u0163e ale Educa\u0163iei, Universitatea Politehnic\u0103 din Bucure\u015fti, Universitatea Transilvania Bra\u015fov, Universitatea Alexandru Ioan Cuza Ia\u015fi) \u015fi interna\u0163ionale: (Universitatea Harvard, Universitatea Tehnologic\u0103 Delft, Universitatea Heidelberg, Universitatea din Floren\u0163a, Universitatea Bretagne-Sud), dar \u015fi cu institu\u0163ii publice na\u0163ionale \u015fi interna\u0163ionale cu atribu\u0163ii \u00een domeniul educa\u0163iei \u015fi consilierii (<em>Orientation a 12<\/em>-Belgia, <em>Amiti\u00e9<\/em>, Cermet \u2013 Bologna, COSP-Verona, ASPIR &#8211; Floren\u0163a)\u00a0;<\/li>\n<li>existen\u021ba Centrului de cercet\u0103ri interdisciplinare pentru strategii de implementare a politicilor Uniunii Europene \u00een \u021b\u0103rile din zona M\u0103rii Negre care desf\u0103\u0219oar\u0103 activit\u0103\u021bi de cercetare interdisciplinar\u0103, cu subdomenii precum Administra\u021bie Public\u0103, Drept interna\u021bional \u0219i Stiin\u0163ele Educa\u0163iei. (<a href=\"https:\/\/timf.upg-ploiesti.ro\/images\/files\/ANEXA%20B%20Centrul%20de%20cercetare%20inerdisciplinar.pdf\">Statut<\/a>)<\/li>\n<\/ul>\n<p><strong>CONFERIN\u021aE PENTRU CADRE DIDACTICE ORGANIZATE DE C\u0102TRE DEPARTAMENTUL \u0218TIIN\u021aELE EDUCA\u021aIEI<\/strong><\/p>\n<ol>\n<li>The International Conference, <em>Education and Psychology Challenges. Teachers for the Knowledge Society<\/em>, 2<sup>nd<\/sup> Edition, (EPC-TKS), 24-27 September, 2013<\/li>\n<li>The International Conference, <em>Education and Psychology Challenges. Teachers for the Knowledge Society<\/em>, 3<sup>rd<\/sup> Edition, (EPC-TKS), 8-10 May, 2015<\/li>\n<li>The International Conference, <em>Education and Psychology Challenges. Teachers for the Knowledge Society<\/em>, 4<sup>th<\/sup> Edition, (EPC-TKS), 19 \u2013 20 May, 2017<\/li>\n<li>The International Conference, <em>Education and Psychology Challenges. Teachers for the Knowledge Society<\/em>, 5<sup>th<\/sup> Edition, (EPC-TKS), 24 -25 May, 2019<\/li>\n<li>Workshop EALTA,\u00a0<em>27 Martie 1918 \u2013 Ziua Unirii Basarabiei cu Rom\u00e2nia \u2013Primul pas al unific\u0103rii administrative\u00a0 a Rom\u00e2niei \u00eentregite, 28 martie 2018<\/em><\/li>\n<li>Simpozionul festiv interna\u021bional \u201cCentenarul Marii Uniri\u201d, 29 noiembrie 2018<\/li>\n<\/ol>\n<p>\u00cencep\u00e2nd cu 2011, departamentul se bucur\u0103 de colaborarea cu distinsul psiholog <a href=\"https:\/\/timf.upg-ploiesti.ro\/images\/files\/cercet\/07LAUDATIO-rom_Dr_Honoris_Causa_Prof%20Gardner.pdf\">Howard Gardner<\/a>, profesor la Universitatea Harvard, invitat de onoare permanent la edi\u0163iile conferin\u0163elor men\u0163ionate \u0219i <em>Doctor Honoris Causa<\/em> al UPG Ploie\u015fti.<\/p>\n<p><strong>RAPOARTE DE CERCETARE<\/strong><\/p>\n<p>Rapoartele privind cercetarea \u015ftiin\u0163ific\u0103 a celor trei departamente pot fi vizualizate pentru anii:<\/p>\n<ul>\n<li><a href=\"https:\/\/timf.upg-ploiesti.ro\/images\/files\/cercet\/01_Cercetare%202011.pdf\"> 2011<\/a>, <a href=\"https:\/\/timf.upg-ploiesti.ro\/images\/files\/cercet\/02_Cercetare%202012.pdf\">2012,<\/a> <a href=\"https:\/\/timf.upg-ploiesti.ro\/images\/files\/Tabel_cercetare_2013_Facultatea%20de%20%20Litere%20si%20Stiinte.pdf\">2013<\/a> \u0219i <a href=\"https:\/\/timf.upg-ploiesti.ro\/ls\/files2\/Cercetare%20LS%202014.pdf\">2014<\/a>.<\/li>\n<li><a href=\"https:\/\/timf.upg-ploiesti.ro\/ls\/wp-content\/uploads\/2015\/10\/RAPORT-PRIVIND-ACTIVITATEA-DE-CERCETARE-2018.pdf\">2018<\/a><\/li>\n<li><a href=\"https:\/\/timf.upg-ploiesti.ro\/ls\/wp-content\/uploads\/2015\/10\/Raport-activitate-de-cercetare-2019.pdf\">2019<\/a><\/li>\n<\/ul>\n<p><strong>CONFERIN\u021aE ORGANIZATE PENTRU STUDEN\u021aI <\/strong><strong>\u00a0<\/strong><\/p>\n<ol>\n<li>Sesiunea na\u021bional\u0103 de comunic\u0103ri \u0219tiin\u021bifice studen\u021be\u0219ti \u201eConfluen\u021be etnologice, estetice, literare \u0219i lingvistice\u201d, edi\u021bia I, 22 \u2013 23 aprilie 2016<\/li>\n<li>Conferin\u021ba na\u021bional\u0103 studen\u021beasc\u0103 \u201eEduca\u021bia \u00eentre \u0218coal\u0103 \u0219i Societate\u201d, edi\u021bia a II a, 21 -22 aprilie 2016.<\/li>\n<li>Conferin\u021ba na\u021bional\u0103 studen\u021beasc\u0103 \u201eEduca\u021bia \u00eentre \u0218coal\u0103 \u0219i Societate\u201d, edi\u021bia a III a, 20 -2aprilie 2017.<\/li>\n<li>Sesiunea na\u021bional\u0103 de comunic\u0103ri \u0219tiin\u021bifice studen\u021be\u0219ti \u201eConfluen\u021be etnologice, estetice, literare \u0219i lingvistice. Mythos \u0219i logos\u201d, edi\u021bia a II-a 22 \u2013 23 aprilie 2017<\/li>\n<li>Workshop dedicat Elevilor participan\u0163i la Olimpiada Na\u0163ional\u0103 de Tehnologia Informa\u021biei, Universitatea Petrol Gaze-Ploie\u0219ti,\u00a0 20 mai 2017<\/li>\n<li>Workshop INTEL \u2013 Inteligen\u021b\u0103 Artificial\u0103 \/ Deep Learning, 8 noiembrie 2017<\/li>\n<li>Sesiunea na\u021bional\u0103 de comunic\u0103ri \u0219tiin\u021bifice studen\u021be\u0219ti \u201eConfluen\u021be etnologice, estetice, literare \u0219i lingvistice. Epos \u0219i Pathos\u201d, edi\u021bia a II-a 27 aprilie 2018<\/li>\n<li>Sesiunea na\u021bional\u0103 de comunic\u0103ri \u0219tiin\u021bifice studen\u021be\u0219ti \u201eConfluen\u021be etnologice, estetice, literare \u0219i lingvistice. Cronos \u0219i Topos\u201d, edi\u021bia a II-a 18 &#8211; 19 aprilie 2019<\/li>\n<li>Workshop na\u021bional. <em>Diversitate cultural\u0103 \u00een spa\u021biul academic rom\u00e2nesc<\/em><strong>, <\/strong>30 -31 mai 2019<\/li>\n<li>W<em>orkshop-ul \u201cInformatica \u00een Ingineria rachetelor\u201d<\/em>, 14 noiembrie 2018.<\/li>\n<li>Proiect educa\u021bional \u201c<em>Pedagogia, prioritatea noastr\u0103<\/em>\u201c, 27 februarie 2019<\/li>\n<li>Workshop-ul <em>CORELAREA COMPETEN\u021aELOR DOB\u00c2NDITE DE MASTERANZII DOMENIULUI \u0218TIIN\u021aE UMANISTE CU NEVOILE \u0218I EXIGEN\u021aELE ANGAJATORILOR<\/em>, 16 mai 2019<\/li>\n<\/ol>\n<ol start=\"13\">\n<li><em>Sesiunea Na\u0163ional\u0103 de Comunic\u0103ri \u015etiin\u0163ifice Studen\u0163e\u0219ti<\/em><em>Education Between School and Society<\/em><em>, 11-12 aprilie 2019<\/em><\/li>\n<li>Workshop-ul online al studen\u021bilor \u201cEduca\u021bia \u0219i provoc\u0103rile ei \u00een pandemie\u201d, 7 mai 2020<\/li>\n<\/ol>\n<p><strong>CONCURSURI STUDEN\u021aE\u0218TI<\/strong><strong>\u00a0<\/strong><\/p>\n<ol>\n<li>Concursul studen\u0163esc\u00a0 de programare 3ITC, edi\u0163ia 32, noiembrie, 2016<\/li>\n<li>Concursul na\u021bional <em>Celebrations and Festivities in Anglophone Cultures &#8211; Theme: \u201cSaint Patrick\u2019s Day<\/em><em>\u201d <\/em>pentru studen\u021bii de la profil NON-FILOLOGIC, 22 martie 2017<\/li>\n<li>Concursul na\u021bional studen\u021besc de dezvoltare de aplica\u021bii software 3ITC, 13-16 noiembrie 2018<\/li>\n<li>Elevii \u0219i studen\u021bii UPG-i\u0219ti fa\u021b\u0103 cu\u2026 I. L. Caragiale sau Reac\u021biunea culturii, <em>26 februarie 2019<\/em><\/li>\n<li>Concursul de traducere din proza scurt\u0103 a lui I. L. Caragiale \u2013 Triumful talentului \u2013 edi\u021bia a III \u2013 a, 27 februarie 2019<\/li>\n<li>Ziua Francofoniei, Les Visages de la France, <em>20 martie 2019<\/em><\/li>\n<li>Concursul Na\u021bional \u201cMot \u00e0 monde 2020\u201d, faza local\u0103, 14 aprilie 2020<\/li>\n<\/ol>\n","protected":false},"excerpt":{"rendered":"<p>\u00cen cadrul Facult\u0103\u021bii de Litere \u0219i \u0218tiin\u021be func\u021bioneaz\u0103 trei centre de cercetare, ale c\u0103ror obiective sunt subsumate obiectivelor din Programul de cercetare al Universit\u0103\u021bii Petrol-Gaze din Ploie\u0219ti \u0219i din planul strategic \u015fi opera\u0163ional al Facult\u0103\u021bii de Litere \u0219i \u015etiin\u021be. Activitatea de cercetare vizeaz\u0103 \u0219i \u00eendeplinirea unor obiective prev\u0103zute \u00een cadrul unor programe na\u021bionale \u0219i interna\u021bionale &hellip; <a href=\"https:\/\/timf.upg-ploiesti.ro\/ls\/cercetare\/\" class=\"more-link\">Continue reading <span class=\"screen-reader-text\">Cercetare<\/span> <span class=\"meta-nav\">&rarr;<\/span><\/a><\/p>\n","protected":false},"author":2,"featured_media":0,"parent":0,"menu_order":0,"comment_status":"closed","ping_status":"closed","template":"","meta":[],"_links":{"self":[{"href":"https:\/\/timf.upg-ploiesti.ro\/ls\/wp-json\/wp\/v2\/pages\/25"}],"collection":[{"href":"https:\/\/timf.upg-ploiesti.ro\/ls\/wp-json\/wp\/v2\/pages"}],"about":[{"href":"https:\/\/timf.upg-ploiesti.ro\/ls\/wp-json\/wp\/v2\/types\/page"}],"author":[{"embeddable":true,"href":"https:\/\/timf.upg-ploiesti.ro\/ls\/wp-json\/wp\/v2\/users\/2"}],"replies":[{"embeddable":true,"href":"https:\/\/timf.upg-ploiesti.ro\/ls\/wp-json\/wp\/v2\/comments?post=25"}],"version-history":[{"count":17,"href":"https:\/\/timf.upg-ploiesti.ro\/ls\/wp-json\/wp\/v2\/pages\/25\/revisions"}],"predecessor-version":[{"id":2343,"href":"https:\/\/timf.upg-ploiesti.ro\/ls\/wp-json\/wp\/v2\/pages\/25\/revisions\/2343"}],"wp:attachment":[{"href":"https:\/\/timf.upg-ploiesti.ro\/ls\/wp-json\/wp\/v2\/media?parent=25"}],"curies":[{"name":"wp","href":"https:\/\/api.w.org\/{rel}","templated":true}]}}