{"id":2307,"date":"2020-06-15T17:27:25","date_gmt":"2020-06-15T14:27:25","guid":{"rendered":"https:\/\/timf.upg-ploiesti.ro\/ls\/?page_id=2307"},"modified":"2020-06-25T00:08:00","modified_gmt":"2020-06-24T21:08:00","slug":"taxe","status":"publish","type":"page","link":"https:\/\/timf.upg-ploiesti.ro\/ls\/admitere-2\/admitere-2020\/master\/taxe\/","title":{"rendered":"Taxe"},"content":{"rendered":"<p><i>\u00a0<\/i>Taxa de \u00eenscriere la concursul de admitere din anul 2020, ciclul universitar de master, aprobat\u0103 de Senatul universitar, este de <em><strong>100 lei pentru primul dintre programele de studii<\/strong> <\/em>pentru care candidatul opteaz\u0103 \u015fi de <em><strong>50 de lei pentru fiecare din celelalte programe<\/strong><\/em>.<i> <\/i><\/p>\n<p>Categoriile de candida\u0163i care beneficiaz\u0103 de <em><strong>scutire de tax\u0103 de \u00eenscriere<\/strong><\/em> pentru o singur\u0103 specializare sunt:<\/p>\n<ul>\n<li>copiii personalului didactic \u015fi didactic auxiliar aflat \u00een activitate sau pensionat;<\/li>\n<li>candida\u0163ii care sunt copii ai salaria\u0163ilor Universit\u0103\u0163ii Petrol-Gaze din Ploie\u015fti;<\/li>\n<li>candida\u0163ii care sunt salaria\u0163i ai Universit\u0103\u0163ii Petrol \u2013 Gaze din Ploie\u015fti;<\/li>\n<li>cadrele didactice din cadrul Universit\u0103\u0163ii Petrol &#8211; Gaze din Ploie\u015fti, care particip\u0103 pentru prima dat\u0103 la concursul de admitere la programele de studii universitare de master.<\/li>\n<\/ul>\n<p>Candida\u0163ii care sunt cadre didactice titulare \u00een \u00eenv\u0103\u0163\u0103m\u00e2ntul de stat beneficiaz\u0103 de o <em><strong>reducere de 50% a taxei de \u00eenscriere<\/strong> pentru un singur program de studii. <\/em><\/p>\n","protected":false},"excerpt":{"rendered":"<p>\u00a0Taxa de \u00eenscriere la concursul de admitere din anul 2020, ciclul universitar de master, aprobat\u0103 de Senatul universitar, este de 100 lei pentru primul dintre programele de studii pentru care candidatul opteaz\u0103 \u015fi de 50 de lei pentru fiecare din celelalte programe. Categoriile de candida\u0163i care beneficiaz\u0103 de scutire de tax\u0103 de \u00eenscriere pentru o &hellip; <a href=\"https:\/\/timf.upg-ploiesti.ro\/ls\/admitere-2\/admitere-2020\/master\/taxe\/\" class=\"more-link\">Continue reading <span class=\"screen-reader-text\">Taxe<\/span> <span class=\"meta-nav\">&rarr;<\/span><\/a><\/p>\n","protected":false},"author":3,"featured_media":0,"parent":2288,"menu_order":0,"comment_status":"closed","ping_status":"closed","template":"","meta":[],"_links":{"self":[{"href":"https:\/\/timf.upg-ploiesti.ro\/ls\/wp-json\/wp\/v2\/pages\/2307"}],"collection":[{"href":"https:\/\/timf.upg-ploiesti.ro\/ls\/wp-json\/wp\/v2\/pages"}],"about":[{"href":"https:\/\/timf.upg-ploiesti.ro\/ls\/wp-json\/wp\/v2\/types\/page"}],"author":[{"embeddable":true,"href":"https:\/\/timf.upg-ploiesti.ro\/ls\/wp-json\/wp\/v2\/users\/3"}],"replies":[{"embeddable":true,"href":"https:\/\/timf.upg-ploiesti.ro\/ls\/wp-json\/wp\/v2\/comments?post=2307"}],"version-history":[{"count":3,"href":"https:\/\/timf.upg-ploiesti.ro\/ls\/wp-json\/wp\/v2\/pages\/2307\/revisions"}],"predecessor-version":[{"id":2385,"href":"https:\/\/timf.upg-ploiesti.ro\/ls\/wp-json\/wp\/v2\/pages\/2307\/revisions\/2385"}],"up":[{"embeddable":true,"href":"https:\/\/timf.upg-ploiesti.ro\/ls\/wp-json\/wp\/v2\/pages\/2288"}],"wp:attachment":[{"href":"https:\/\/timf.upg-ploiesti.ro\/ls\/wp-json\/wp\/v2\/media?parent=2307"}],"curies":[{"name":"wp","href":"https:\/\/api.w.org\/{rel}","templated":true}]}}