{"id":2305,"date":"2020-06-15T17:27:10","date_gmt":"2020-06-15T14:27:10","guid":{"rendered":"https:\/\/timf.upg-ploiesti.ro\/ls\/?page_id=2305"},"modified":"2020-09-03T12:35:13","modified_gmt":"2020-09-03T09:35:13","slug":"numar-locuri-scoase-la-concurs","status":"publish","type":"page","link":"https:\/\/timf.upg-ploiesti.ro\/ls\/admitere-2\/admitere-2020\/master\/numar-locuri-scoase-la-concurs\/","title":{"rendered":"Num\u0103r locuri scoase la concurs"},"content":{"rendered":"<h4>Sesiunea de toamn\u0103 2020<\/h4>\n<p><a href=\"https:\/\/www.upg-ploiesti.ro\/ro\/admitere-2020-master\">Num\u0103r locuri disponibile &#8211; sesiunea de toamn\u0103 2020<\/a><\/p>\n<h4>Sesiunea de var\u0103 2020<\/h4>\n<p><a href=\"https:\/\/timf.upg-ploiesti.ro\/ls\/wp-content\/uploads\/2020\/05\/LOCURI_IULIE_MASTER2020_LS_4iunie.png\"><img loading=\"lazy\" class=\"size-full wp-image-2211 aligncenter\" src=\"https:\/\/timf.upg-ploiesti.ro\/ls\/wp-content\/uploads\/2020\/05\/LOCURI_IULIE_MASTER2020_LS_4iunie.png\" alt=\"LOCURI_IULIE_MASTER2020_LS_4iunie\" width=\"2339\" height=\"1654\" srcset=\"https:\/\/timf.upg-ploiesti.ro\/ls\/wp-content\/uploads\/2020\/05\/LOCURI_IULIE_MASTER2020_LS_4iunie.png 2339w, https:\/\/timf.upg-ploiesti.ro\/ls\/wp-content\/uploads\/2020\/05\/LOCURI_IULIE_MASTER2020_LS_4iunie-300x212.png 300w, https:\/\/timf.upg-ploiesti.ro\/ls\/wp-content\/uploads\/2020\/05\/LOCURI_IULIE_MASTER2020_LS_4iunie-1024x724.png 1024w\" sizes=\"(max-width: 2339px) 100vw, 2339px\" \/><\/a><\/p>\n","protected":false},"excerpt":{"rendered":"<p>Sesiunea de toamn\u0103 2020 Num\u0103r locuri disponibile &#8211; sesiunea de toamn\u0103 2020 Sesiunea de var\u0103 2020<\/p>\n","protected":false},"author":3,"featured_media":0,"parent":2288,"menu_order":0,"comment_status":"closed","ping_status":"closed","template":"","meta":[],"_links":{"self":[{"href":"https:\/\/timf.upg-ploiesti.ro\/ls\/wp-json\/wp\/v2\/pages\/2305"}],"collection":[{"href":"https:\/\/timf.upg-ploiesti.ro\/ls\/wp-json\/wp\/v2\/pages"}],"about":[{"href":"https:\/\/timf.upg-ploiesti.ro\/ls\/wp-json\/wp\/v2\/types\/page"}],"author":[{"embeddable":true,"href":"https:\/\/timf.upg-ploiesti.ro\/ls\/wp-json\/wp\/v2\/users\/3"}],"replies":[{"embeddable":true,"href":"https:\/\/timf.upg-ploiesti.ro\/ls\/wp-json\/wp\/v2\/comments?post=2305"}],"version-history":[{"count":4,"href":"https:\/\/timf.upg-ploiesti.ro\/ls\/wp-json\/wp\/v2\/pages\/2305\/revisions"}],"predecessor-version":[{"id":2583,"href":"https:\/\/timf.upg-ploiesti.ro\/ls\/wp-json\/wp\/v2\/pages\/2305\/revisions\/2583"}],"up":[{"embeddable":true,"href":"https:\/\/timf.upg-ploiesti.ro\/ls\/wp-json\/wp\/v2\/pages\/2288"}],"wp:attachment":[{"href":"https:\/\/timf.upg-ploiesti.ro\/ls\/wp-json\/wp\/v2\/media?parent=2305"}],"curies":[{"name":"wp","href":"https:\/\/api.w.org\/{rel}","templated":true}]}}