{"id":2303,"date":"2020-06-15T17:26:45","date_gmt":"2020-06-15T14:26:45","guid":{"rendered":"https:\/\/timf.upg-ploiesti.ro\/ls\/?page_id=2303"},"modified":"2020-09-03T12:27:30","modified_gmt":"2020-09-03T09:27:30","slug":"calendarul-admiterii","status":"publish","type":"page","link":"https:\/\/timf.upg-ploiesti.ro\/ls\/admitere-2\/admitere-2020\/master\/calendarul-admiterii\/","title":{"rendered":"Calendarul admiterii"},"content":{"rendered":"<h4>Sesiunea de toamn\u0103 2020<\/h4>\n<p style=\"text-align: left;\"><strong>Programul de desf\u0103\u015furare a concursului de admitere la studiile universitare de master &#8211; Sesiunea de toamn\u0103 2020 la Facultatea de Litere \u015fi \u015etiin\u0163e\u00a0<\/strong>este urm\u0103torul:\u00a0<a href=\"https:\/\/www.upg-ploiesti.ro\/sites\/default\/files\/admitere\/master\/2020\/Calendar_admitere_2020_septembrie_master.pdf\">https:\/\/www.upg-ploiesti.ro\/sites\/default\/files\/admitere\/master\/2020\/Calendar_admitere_2020_septembrie_master.pdf<\/a><\/p>\n<h4>Sesiunea de var\u0103 2020<\/h4>\n<p><strong><a href=\"https:\/\/www.upg-ploiesti.ro\/sites\/default\/files\/admitere\/ADMITERE%20ONLINE\/calendar_admitere_2020_iulie_master.pdf\">Programul de desf\u0103\u015furare a concursului de admitere la studiile universitare de master &#8211; Sesiunea de var\u0103 2020 la Facultatea de Litere \u015fi \u015etiin\u0163e<\/a> <\/strong>este urm\u0103torul:<\/p>\n<p><a href=\"https:\/\/timf.upg-ploiesti.ro\/ls\/wp-content\/uploads\/2020\/06\/calendar_master_2020.png\"><img loading=\"lazy\" class=\"alignleft size-full wp-image-2366\" src=\"https:\/\/timf.upg-ploiesti.ro\/ls\/wp-content\/uploads\/2020\/06\/calendar_master_2020.png\" alt=\"calendar_master_2020\" width=\"1396\" height=\"806\" srcset=\"https:\/\/timf.upg-ploiesti.ro\/ls\/wp-content\/uploads\/2020\/06\/calendar_master_2020.png 1396w, https:\/\/timf.upg-ploiesti.ro\/ls\/wp-content\/uploads\/2020\/06\/calendar_master_2020-300x173.png 300w, https:\/\/timf.upg-ploiesti.ro\/ls\/wp-content\/uploads\/2020\/06\/calendar_master_2020-1024x591.png 1024w\" sizes=\"(max-width: 1396px) 100vw, 1396px\" \/><\/a><\/p>\n<p>&nbsp;<\/p>\n","protected":false},"excerpt":{"rendered":"<p>Sesiunea de toamn\u0103 2020 Programul de desf\u0103\u015furare a concursului de admitere la studiile universitare de master &#8211; Sesiunea de toamn\u0103 2020 la Facultatea de Litere \u015fi \u015etiin\u0163e\u00a0este urm\u0103torul:\u00a0https:\/\/www.upg-ploiesti.ro\/sites\/default\/files\/admitere\/master\/2020\/Calendar_admitere_2020_septembrie_master.pdf Sesiunea de var\u0103 2020 Programul de desf\u0103\u015furare a concursului de admitere la studiile universitare de master &#8211; Sesiunea de var\u0103 2020 la Facultatea de Litere \u015fi \u015etiin\u0163e &hellip; <a href=\"https:\/\/timf.upg-ploiesti.ro\/ls\/admitere-2\/admitere-2020\/master\/calendarul-admiterii\/\" class=\"more-link\">Continue reading <span class=\"screen-reader-text\">Calendarul admiterii<\/span> <span class=\"meta-nav\">&rarr;<\/span><\/a><\/p>\n","protected":false},"author":3,"featured_media":0,"parent":2288,"menu_order":0,"comment_status":"closed","ping_status":"closed","template":"","meta":[],"_links":{"self":[{"href":"https:\/\/timf.upg-ploiesti.ro\/ls\/wp-json\/wp\/v2\/pages\/2303"}],"collection":[{"href":"https:\/\/timf.upg-ploiesti.ro\/ls\/wp-json\/wp\/v2\/pages"}],"about":[{"href":"https:\/\/timf.upg-ploiesti.ro\/ls\/wp-json\/wp\/v2\/types\/page"}],"author":[{"embeddable":true,"href":"https:\/\/timf.upg-ploiesti.ro\/ls\/wp-json\/wp\/v2\/users\/3"}],"replies":[{"embeddable":true,"href":"https:\/\/timf.upg-ploiesti.ro\/ls\/wp-json\/wp\/v2\/comments?post=2303"}],"version-history":[{"count":5,"href":"https:\/\/timf.upg-ploiesti.ro\/ls\/wp-json\/wp\/v2\/pages\/2303\/revisions"}],"predecessor-version":[{"id":2581,"href":"https:\/\/timf.upg-ploiesti.ro\/ls\/wp-json\/wp\/v2\/pages\/2303\/revisions\/2581"}],"up":[{"embeddable":true,"href":"https:\/\/timf.upg-ploiesti.ro\/ls\/wp-json\/wp\/v2\/pages\/2288"}],"wp:attachment":[{"href":"https:\/\/timf.upg-ploiesti.ro\/ls\/wp-json\/wp\/v2\/media?parent=2303"}],"curies":[{"name":"wp","href":"https:\/\/api.w.org\/{rel}","templated":true}]}}