{"id":2301,"date":"2020-06-15T17:26:26","date_gmt":"2020-06-15T14:26:26","guid":{"rendered":"https:\/\/timf.upg-ploiesti.ro\/ls\/?page_id=2301"},"modified":"2020-07-01T14:09:10","modified_gmt":"2020-07-01T11:09:10","slug":"acte-de-inscriere","status":"publish","type":"page","link":"https:\/\/timf.upg-ploiesti.ro\/ls\/admitere-2\/admitere-2020\/master\/acte-de-inscriere\/","title":{"rendered":"Acte de \u00eenscriere"},"content":{"rendered":"<p style=\"text-align: justify;\"><em><strong>ACTELE NECESARE PENTRU \u00ceNSCRIEREA LA CONCURSUL DE ADMITERE PENTRU STUDII UNIVERSITARE DE MASTER &#8211; 2020<\/strong><\/em><\/p>\n<p>Pentru \u00eenscrierea la concursul de admitere la studii universitare de master, la una sau mai multe facult\u0103\u021bi din cadrul Universit\u0103\u0163ii, la unul sau mai multe programe de studii de master, candida\u0163ii trebuie s\u0103 \u00eencarce pe platforma de admitere on-line <a href=\"https:\/\/e-admitere.upg-ploiesti.ro\/\">(https:\/\/e-admitere.upg-ploiesti.ro<\/a>) sau s\u0103 depun\u0103, sub semn\u0103tur\u0103 proprie, \u00eentr-un dosar plic (unic), urm\u0103toarele acte:<\/p>\n<ul>\n<li style=\"text-align: justify;\"><b>diploma de bacalaureat,<\/b> <em>\u00een original sau \u00een copie simpl\u0103<\/em>. Nu sunt acceptate documente originale plastifiate;<\/li>\n<li style=\"text-align: justify;\"><strong>diploma de licen\u0163\u0103<\/strong> sau <strong>diploma de finalizare a studiilor universitare de lung\u0103 durat\u0103<\/strong>, \u00eenso\u0163it\u0103 de anexa acesteia (<strong>Foaia matricol\u0103 sau Suplimentul la diplom\u0103<\/strong>), \u00een original sau \u00een copie simpl\u0103. Nu sunt acceptate documente originale plastifiate.<\/li>\n<li style=\"text-align: justify;\">Absolven\u0163ii promo\u0163iei 2020 c\u0103rora nu li s-a eliberat diploma de licen\u0163\u0103 sau echivalent\u0103 se pot \u00eenscrie pe baza <strong>adeverin\u0163ei de absolvire<\/strong> a studiilor universitare de licen\u0163\u0103 eliberat\u0103 de o institu\u0163ie de \u00eenv\u0103\u0163\u0103m\u00e2nt superior acreditat\u0103, \u00een original sau \u00een\u00a0 copie simpl\u0103;<\/li>\n<li><strong>copie dup\u0103 cartea de identitate\/pa\u015faport,<\/strong> scanat\u0103 sau \u00een copie simpl\u0103;<\/li>\n<li><strong>certificat de na\u015ftere,<\/strong> scanat sau \u00een copie simpl\u0103;<\/li>\n<li><strong>certificat de c\u0103s\u0103torie<\/strong>, scanat sau \u00een copie simpl\u0103, pentru candida\u0163ii care \u015fi-au schimbat numele prin c\u0103s\u0103torie;<\/li>\n<li style=\"text-align: justify;\"><strong>adeverin\u0163\u0103 medical\u0103<\/strong>, scanat\u0103 sau \u00een copie simpl\u0103, eliberat\u0103 de medicul de familie sau de medicul institu\u0163iei de \u00eenv\u0103\u0163\u0103m\u00e2nt superior absolvite, cu cel mult o lun\u0103 \u00eenainte de data \u00eenscrierii (cu preciz\u0103rile: <em>clinic s\u0103n\u0103tos<\/em>; <em>este\/nu este \u00een eviden\u0163\u0103 cu o boal\u0103 cronic\u0103<\/em>);<\/li>\n<li><strong>3(trei) fotografii 3&#215;4 cm sau o fotografie digital\u0103 portret, \u00een format .jpg<\/strong>;<\/li>\n<li style=\"text-align: justify;\"><strong> certificat de competen\u021b\u0103 lingvistic\u0103,<\/strong> pentru candida\u021bii care se \u00eenscriu la programele cu predare \u00een limba str\u0103in\u0103, eliberat de institu\u021bii abilitate a c\u0103ror list\u0103 va fi afi\u0219at\u0103 pe pagina web a facult\u0103\u021bii p\u00e2n\u0103 la data de 31 mai 2020 sau de Departamentul de Filologie al Facult\u0103\u021bii de Litere \u0219i \u0218tiin\u021be din cadrul Universit\u0103\u021bii Petrol-Gaze din Ploie\u0219ti \u00een urma unui test on-line, care se va sus\u021bine \u00een perioada admiterii.<\/li>\n<\/ul>\n<p><strong><a href=\"https:\/\/www.edu.ro\/sites\/default\/files\/anexa%20ordin%205543_2019.pdf\">LISTA examenelor cu recunoa\u0219tere interna\u021bional\u0103 pentru certificarea competen\u021belor lingvistice \u00een limbi str\u0103ine<\/a><\/strong><\/p>\n<p><strong><a href=\"https:\/\/www.upg-ploiesti.ro\/sites\/default\/files\/admitere\/ADMITERE%20ONLINE\/acte%20necesare%20master%202020.pdf\">Cazuri speciale<\/a><\/strong><\/p>\n","protected":false},"excerpt":{"rendered":"<p>ACTELE NECESARE PENTRU \u00ceNSCRIEREA LA CONCURSUL DE ADMITERE PENTRU STUDII UNIVERSITARE DE MASTER &#8211; 2020 Pentru \u00eenscrierea la concursul de admitere la studii universitare de master, la una sau mai multe facult\u0103\u021bi din cadrul Universit\u0103\u0163ii, la unul sau mai multe programe de studii de master, candida\u0163ii trebuie s\u0103 \u00eencarce pe platforma de admitere on-line (https:\/\/e-admitere.upg-ploiesti.ro) &hellip; <a href=\"https:\/\/timf.upg-ploiesti.ro\/ls\/admitere-2\/admitere-2020\/master\/acte-de-inscriere\/\" class=\"more-link\">Continue reading <span class=\"screen-reader-text\">Acte de \u00eenscriere<\/span> <span class=\"meta-nav\">&rarr;<\/span><\/a><\/p>\n","protected":false},"author":3,"featured_media":0,"parent":2288,"menu_order":0,"comment_status":"closed","ping_status":"closed","template":"","meta":[],"_links":{"self":[{"href":"https:\/\/timf.upg-ploiesti.ro\/ls\/wp-json\/wp\/v2\/pages\/2301"}],"collection":[{"href":"https:\/\/timf.upg-ploiesti.ro\/ls\/wp-json\/wp\/v2\/pages"}],"about":[{"href":"https:\/\/timf.upg-ploiesti.ro\/ls\/wp-json\/wp\/v2\/types\/page"}],"author":[{"embeddable":true,"href":"https:\/\/timf.upg-ploiesti.ro\/ls\/wp-json\/wp\/v2\/users\/3"}],"replies":[{"embeddable":true,"href":"https:\/\/timf.upg-ploiesti.ro\/ls\/wp-json\/wp\/v2\/comments?post=2301"}],"version-history":[{"count":7,"href":"https:\/\/timf.upg-ploiesti.ro\/ls\/wp-json\/wp\/v2\/pages\/2301\/revisions"}],"predecessor-version":[{"id":2419,"href":"https:\/\/timf.upg-ploiesti.ro\/ls\/wp-json\/wp\/v2\/pages\/2301\/revisions\/2419"}],"up":[{"embeddable":true,"href":"https:\/\/timf.upg-ploiesti.ro\/ls\/wp-json\/wp\/v2\/pages\/2288"}],"wp:attachment":[{"href":"https:\/\/timf.upg-ploiesti.ro\/ls\/wp-json\/wp\/v2\/media?parent=2301"}],"curies":[{"name":"wp","href":"https:\/\/api.w.org\/{rel}","templated":true}]}}