{"id":2299,"date":"2020-06-15T17:26:08","date_gmt":"2020-06-15T14:26:08","guid":{"rendered":"https:\/\/timf.upg-ploiesti.ro\/ls\/?page_id=2299"},"modified":"2020-06-21T08:52:14","modified_gmt":"2020-06-21T05:52:14","slug":"metodologie-admitere-licenta","status":"publish","type":"page","link":"https:\/\/timf.upg-ploiesti.ro\/ls\/admitere-2\/admitere-2020\/licenta\/metodologie-admitere-licenta\/","title":{"rendered":"Metodologie admitere licen\u021b\u0103"},"content":{"rendered":"<p><strong><a href=\"https:\/\/www.upg-ploiesti.ro\/sites\/default\/files\/prezentare\/regulamente\/2020\/R%2004.01_14.0.pdf\">Metodologia de organizare \u0219i desf\u0103\u015furare a concursului de admitere la studii universitare de licen\u0163\u0103 2020<\/a><\/strong><\/p>\n","protected":false},"excerpt":{"rendered":"<p>Metodologia de organizare \u0219i desf\u0103\u015furare a concursului de admitere la studii universitare de licen\u0163\u0103 2020<\/p>\n","protected":false},"author":3,"featured_media":0,"parent":2286,"menu_order":0,"comment_status":"closed","ping_status":"closed","template":"","meta":[],"_links":{"self":[{"href":"https:\/\/timf.upg-ploiesti.ro\/ls\/wp-json\/wp\/v2\/pages\/2299"}],"collection":[{"href":"https:\/\/timf.upg-ploiesti.ro\/ls\/wp-json\/wp\/v2\/pages"}],"about":[{"href":"https:\/\/timf.upg-ploiesti.ro\/ls\/wp-json\/wp\/v2\/types\/page"}],"author":[{"embeddable":true,"href":"https:\/\/timf.upg-ploiesti.ro\/ls\/wp-json\/wp\/v2\/users\/3"}],"replies":[{"embeddable":true,"href":"https:\/\/timf.upg-ploiesti.ro\/ls\/wp-json\/wp\/v2\/comments?post=2299"}],"version-history":[{"count":3,"href":"https:\/\/timf.upg-ploiesti.ro\/ls\/wp-json\/wp\/v2\/pages\/2299\/revisions"}],"predecessor-version":[{"id":2347,"href":"https:\/\/timf.upg-ploiesti.ro\/ls\/wp-json\/wp\/v2\/pages\/2299\/revisions\/2347"}],"up":[{"embeddable":true,"href":"https:\/\/timf.upg-ploiesti.ro\/ls\/wp-json\/wp\/v2\/pages\/2286"}],"wp:attachment":[{"href":"https:\/\/timf.upg-ploiesti.ro\/ls\/wp-json\/wp\/v2\/media?parent=2299"}],"curies":[{"name":"wp","href":"https:\/\/api.w.org\/{rel}","templated":true}]}}