{"id":2297,"date":"2020-06-15T17:25:40","date_gmt":"2020-06-15T14:25:40","guid":{"rendered":"https:\/\/timf.upg-ploiesti.ro\/ls\/?page_id=2297"},"modified":"2020-06-24T18:34:50","modified_gmt":"2020-06-24T15:34:50","slug":"taxe","status":"publish","type":"page","link":"https:\/\/timf.upg-ploiesti.ro\/ls\/admitere-2\/admitere-2020\/licenta\/taxe\/","title":{"rendered":"Taxe"},"content":{"rendered":"<p>Taxa de \u00eenscriere la concursul de admitere din anul 2020, ciclul universitar de licen\u0163\u0103, aprobat\u0103 de Senatul universitar, este de<strong> 100 lei pentru primul program de studii\/specializare<\/strong>, la care se \u00eenscrie un candidat \u015fi de <strong>50 de lei pentru fiecare din restul programelor pentru care opteaz\u0103 candidatul.<\/strong><\/p>\n<p>Categoriile de candida\u0163i care beneficiaz\u0103 de <strong>scutire de tax\u0103 de \u00eenscriere pentru un singur program de studii<\/strong> sunt:<\/p>\n<ul>\n<li style=\"text-align: justify;\">candida\u0163ii orfani de ambii p\u0103rin\u0163i;<\/li>\n<li style=\"text-align: justify;\">candida\u0163ii proveni\u0163i din casele de copii sau plasamente familiale;<\/li>\n<li style=\"text-align: justify;\">copiii personalului didactic \u015fi didactic auxiliar aflat \u00een activitate sau pensionat;<\/li>\n<li style=\"text-align: justify;\">candida\u0163ii care sunt copii ai salaria\u0163ilor Universit\u0103\u0163ii Petrol-Gaze din Ploie\u015fti;<\/li>\n<li style=\"text-align: justify;\">candida\u0163ii care sunt salaria\u0163i ai Universit\u0103\u0163ii Petrol \u2013 Gaze din Ploie\u015fti.<\/li>\n<\/ul>\n<p>Scutirea de la plata acestor taxe se face numai pe baza documentelor doveditoare, prev\u0103zute \u00een metodologia de admitere, care vor fi \u00eenc\u0103rcate de candida\u0163i, \u00een copie scanat\u0103, pe platforma de admitere. Aprobarea scutirii se face de c\u0103tre comisiile tehnice de \u00eenscriere pe facult\u0103\u0163i, care vor ata\u015fa men\u0163iunea \u201escutit de tax\u0103 de \u00eenscriere\u201d \u00een dosarul electronic al candidatului.<\/p>\n<p style=\"text-align: justify;\">Candida\u021bii care sunt cadre didactice titulare \u00een \u00eenv\u0103\u021b\u0103m\u00e2ntul de stat beneficiaz\u0103 de <strong>reducere de tax\u0103 de \u00eenscriere 50% pentru un singur program de studii.<\/strong> Reducerea de tax\u0103 se face numai pe baza documentelor doveditoare prezentate de candida\u0163i \u00een form\u0103 scanat\u0103 \u015fi prev\u0103zute \u00een metodologia de admitere. Aprobarea reducerii se face de c\u0103tre comisiile tehnice de \u00eenscriere pe facult\u0103\u0163i care vor valida men\u0163iunea \u201ereducere tax\u0103 \u00eenscriere 50%\u201d \u00een dosarul electronic al candidatului odat\u0103 cu validarea acestuia.<\/p>\n","protected":false},"excerpt":{"rendered":"<p>Taxa de \u00eenscriere la concursul de admitere din anul 2020, ciclul universitar de licen\u0163\u0103, aprobat\u0103 de Senatul universitar, este de 100 lei pentru primul program de studii\/specializare, la care se \u00eenscrie un candidat \u015fi de 50 de lei pentru fiecare din restul programelor pentru care opteaz\u0103 candidatul. Categoriile de candida\u0163i care beneficiaz\u0103 de scutire de &hellip; <a href=\"https:\/\/timf.upg-ploiesti.ro\/ls\/admitere-2\/admitere-2020\/licenta\/taxe\/\" class=\"more-link\">Continue reading <span class=\"screen-reader-text\">Taxe<\/span> <span class=\"meta-nav\">&rarr;<\/span><\/a><\/p>\n","protected":false},"author":3,"featured_media":0,"parent":2286,"menu_order":0,"comment_status":"closed","ping_status":"closed","template":"","meta":[],"_links":{"self":[{"href":"https:\/\/timf.upg-ploiesti.ro\/ls\/wp-json\/wp\/v2\/pages\/2297"}],"collection":[{"href":"https:\/\/timf.upg-ploiesti.ro\/ls\/wp-json\/wp\/v2\/pages"}],"about":[{"href":"https:\/\/timf.upg-ploiesti.ro\/ls\/wp-json\/wp\/v2\/types\/page"}],"author":[{"embeddable":true,"href":"https:\/\/timf.upg-ploiesti.ro\/ls\/wp-json\/wp\/v2\/users\/3"}],"replies":[{"embeddable":true,"href":"https:\/\/timf.upg-ploiesti.ro\/ls\/wp-json\/wp\/v2\/comments?post=2297"}],"version-history":[{"count":3,"href":"https:\/\/timf.upg-ploiesti.ro\/ls\/wp-json\/wp\/v2\/pages\/2297\/revisions"}],"predecessor-version":[{"id":2356,"href":"https:\/\/timf.upg-ploiesti.ro\/ls\/wp-json\/wp\/v2\/pages\/2297\/revisions\/2356"}],"up":[{"embeddable":true,"href":"https:\/\/timf.upg-ploiesti.ro\/ls\/wp-json\/wp\/v2\/pages\/2286"}],"wp:attachment":[{"href":"https:\/\/timf.upg-ploiesti.ro\/ls\/wp-json\/wp\/v2\/media?parent=2297"}],"curies":[{"name":"wp","href":"https:\/\/api.w.org\/{rel}","templated":true}]}}