{"id":2295,"date":"2020-06-15T17:25:21","date_gmt":"2020-06-15T14:25:21","guid":{"rendered":"https:\/\/timf.upg-ploiesti.ro\/ls\/?page_id=2295"},"modified":"2020-09-03T12:23:17","modified_gmt":"2020-09-03T09:23:17","slug":"numar-de-locuri-scoase-la-concurs","status":"publish","type":"page","link":"https:\/\/timf.upg-ploiesti.ro\/ls\/admitere-2\/admitere-2020\/licenta\/numar-de-locuri-scoase-la-concurs\/","title":{"rendered":"Num\u0103r de locuri scoase la concurs"},"content":{"rendered":"<h5>Sesiunea de toamn\u0103 2020<\/h5>\n<p><a href=\"https:\/\/www.upg-ploiesti.ro\/ro\/admitere-2020-licenta\">Num\u0103rul de locuri disponibile<\/a><\/p>\n<h5>Sesiunea de var\u0103 2020<\/h5>\n<p><a href=\"https:\/\/timf.upg-ploiesti.ro\/ls\/wp-content\/uploads\/2020\/05\/LOCURI_LICENTA_LS2020_4iunie.png\"><img loading=\"lazy\" class=\"size-full wp-image-2210 aligncenter\" src=\"https:\/\/timf.upg-ploiesti.ro\/ls\/wp-content\/uploads\/2020\/05\/LOCURI_LICENTA_LS2020_4iunie.png\" alt=\"LOCURI_LICENTA_LS2020_4iunie\" width=\"2339\" height=\"1654\" srcset=\"https:\/\/timf.upg-ploiesti.ro\/ls\/wp-content\/uploads\/2020\/05\/LOCURI_LICENTA_LS2020_4iunie.png 2339w, https:\/\/timf.upg-ploiesti.ro\/ls\/wp-content\/uploads\/2020\/05\/LOCURI_LICENTA_LS2020_4iunie-300x212.png 300w, https:\/\/timf.upg-ploiesti.ro\/ls\/wp-content\/uploads\/2020\/05\/LOCURI_LICENTA_LS2020_4iunie-1024x724.png 1024w\" sizes=\"(max-width: 2339px) 100vw, 2339px\" \/><\/a><\/p>\n","protected":false},"excerpt":{"rendered":"<p>Sesiunea de toamn\u0103 2020 Num\u0103rul de locuri disponibile Sesiunea de var\u0103 2020<\/p>\n","protected":false},"author":3,"featured_media":0,"parent":2286,"menu_order":0,"comment_status":"closed","ping_status":"closed","template":"","meta":[],"_links":{"self":[{"href":"https:\/\/timf.upg-ploiesti.ro\/ls\/wp-json\/wp\/v2\/pages\/2295"}],"collection":[{"href":"https:\/\/timf.upg-ploiesti.ro\/ls\/wp-json\/wp\/v2\/pages"}],"about":[{"href":"https:\/\/timf.upg-ploiesti.ro\/ls\/wp-json\/wp\/v2\/types\/page"}],"author":[{"embeddable":true,"href":"https:\/\/timf.upg-ploiesti.ro\/ls\/wp-json\/wp\/v2\/users\/3"}],"replies":[{"embeddable":true,"href":"https:\/\/timf.upg-ploiesti.ro\/ls\/wp-json\/wp\/v2\/comments?post=2295"}],"version-history":[{"count":3,"href":"https:\/\/timf.upg-ploiesti.ro\/ls\/wp-json\/wp\/v2\/pages\/2295\/revisions"}],"predecessor-version":[{"id":2579,"href":"https:\/\/timf.upg-ploiesti.ro\/ls\/wp-json\/wp\/v2\/pages\/2295\/revisions\/2579"}],"up":[{"embeddable":true,"href":"https:\/\/timf.upg-ploiesti.ro\/ls\/wp-json\/wp\/v2\/pages\/2286"}],"wp:attachment":[{"href":"https:\/\/timf.upg-ploiesti.ro\/ls\/wp-json\/wp\/v2\/media?parent=2295"}],"curies":[{"name":"wp","href":"https:\/\/api.w.org\/{rel}","templated":true}]}}