{"id":2292,"date":"2020-06-15T17:23:44","date_gmt":"2020-06-15T14:23:44","guid":{"rendered":"https:\/\/timf.upg-ploiesti.ro\/ls\/?page_id=2292"},"modified":"2020-09-03T12:09:46","modified_gmt":"2020-09-03T09:09:46","slug":"calendarul-inscrierii","status":"publish","type":"page","link":"https:\/\/timf.upg-ploiesti.ro\/ls\/admitere-2\/admitere-2020\/licenta\/calendarul-inscrierii\/","title":{"rendered":"Calendarul admiterii"},"content":{"rendered":"<p>Programul de desf\u0103\u015furare a concursului de admitere la studii universitare de licen\u0163\u0103 <strong>Sesiunea de toamn\u0103 2020<\/strong> este urm\u0103torul:\u00a0<a href=\"https:\/\/www.upg-ploiesti.ro\/sites\/default\/files\/admitere\/licenta\/2020\/Calendar_admitere_licenta_septembrie_2020.pdf\">https:\/\/www.upg-ploiesti.ro\/sites\/default\/files\/admitere\/licenta\/2020\/Calendar_admitere_licenta_septembrie_2020.pdf<\/a><\/p>\n<p>Programul de desf\u0103\u015furare a concursului de admitere la studii universitare de licen\u0163\u0103 Sesiunea de var\u0103 2020 este urm\u0103torul:<\/p>\n<p><a href=\"https:\/\/timf.upg-ploiesti.ro\/ls\/wp-content\/uploads\/2020\/06\/calendar_licenta_2020.png\"><img loading=\"lazy\" class=\"size-full wp-image-2363 aligncenter\" src=\"https:\/\/timf.upg-ploiesti.ro\/ls\/wp-content\/uploads\/2020\/06\/calendar_licenta_2020.png\" alt=\"calendar_licenta_2020\" width=\"1399\" height=\"836\" srcset=\"https:\/\/timf.upg-ploiesti.ro\/ls\/wp-content\/uploads\/2020\/06\/calendar_licenta_2020.png 1399w, https:\/\/timf.upg-ploiesti.ro\/ls\/wp-content\/uploads\/2020\/06\/calendar_licenta_2020-300x179.png 300w, https:\/\/timf.upg-ploiesti.ro\/ls\/wp-content\/uploads\/2020\/06\/calendar_licenta_2020-1024x612.png 1024w\" sizes=\"(max-width: 1399px) 100vw, 1399px\" \/><\/a><\/p>\n","protected":false},"excerpt":{"rendered":"<p>Programul de desf\u0103\u015furare a concursului de admitere la studii universitare de licen\u0163\u0103 Sesiunea de toamn\u0103 2020 este urm\u0103torul:\u00a0https:\/\/www.upg-ploiesti.ro\/sites\/default\/files\/admitere\/licenta\/2020\/Calendar_admitere_licenta_septembrie_2020.pdf Programul de desf\u0103\u015furare a concursului de admitere la studii universitare de licen\u0163\u0103 Sesiunea de var\u0103 2020 este urm\u0103torul:<\/p>\n","protected":false},"author":3,"featured_media":0,"parent":2286,"menu_order":0,"comment_status":"closed","ping_status":"closed","template":"","meta":[],"_links":{"self":[{"href":"https:\/\/timf.upg-ploiesti.ro\/ls\/wp-json\/wp\/v2\/pages\/2292"}],"collection":[{"href":"https:\/\/timf.upg-ploiesti.ro\/ls\/wp-json\/wp\/v2\/pages"}],"about":[{"href":"https:\/\/timf.upg-ploiesti.ro\/ls\/wp-json\/wp\/v2\/types\/page"}],"author":[{"embeddable":true,"href":"https:\/\/timf.upg-ploiesti.ro\/ls\/wp-json\/wp\/v2\/users\/3"}],"replies":[{"embeddable":true,"href":"https:\/\/timf.upg-ploiesti.ro\/ls\/wp-json\/wp\/v2\/comments?post=2292"}],"version-history":[{"count":8,"href":"https:\/\/timf.upg-ploiesti.ro\/ls\/wp-json\/wp\/v2\/pages\/2292\/revisions"}],"predecessor-version":[{"id":2577,"href":"https:\/\/timf.upg-ploiesti.ro\/ls\/wp-json\/wp\/v2\/pages\/2292\/revisions\/2577"}],"up":[{"embeddable":true,"href":"https:\/\/timf.upg-ploiesti.ro\/ls\/wp-json\/wp\/v2\/pages\/2286"}],"wp:attachment":[{"href":"https:\/\/timf.upg-ploiesti.ro\/ls\/wp-json\/wp\/v2\/media?parent=2292"}],"curies":[{"name":"wp","href":"https:\/\/api.w.org\/{rel}","templated":true}]}}