{"id":2290,"date":"2020-06-15T17:23:13","date_gmt":"2020-06-15T14:23:13","guid":{"rendered":"https:\/\/timf.upg-ploiesti.ro\/ls\/?page_id=2290"},"modified":"2020-07-01T13:53:36","modified_gmt":"2020-07-01T10:53:36","slug":"acte-de-inscriere","status":"publish","type":"page","link":"https:\/\/timf.upg-ploiesti.ro\/ls\/admitere-2\/admitere-2020\/licenta\/acte-de-inscriere\/","title":{"rendered":"Acte de \u00eenscriere"},"content":{"rendered":"<p style=\"text-align: justify;\"><em><strong>ACTELE NECESARE PENTRU \u00ceNSCRIEREA LA CONCURSUL DE ADMITERE PENTRU STUDII UNIVERSITARE DE LICEN\u021a\u0102 &#8211; 2020<\/strong><\/em><\/p>\n<p style=\"text-align: justify;\">Pentru \u00eenscrierea la concursul de admitere la \u00eenv\u0103\u0163\u0103m\u00e2ntul universitar de licen\u0163\u0103, la una sau mai multe facult\u0103\u0163i din cadrul Universit\u0103\u0163ii Petrol-Gaze din Ploie\u0219ti, la unul sau mai multe domenii programe de studii\/specializ\u0103ri, candida\u0163ii trebuie s\u0103 \u00eencarce \u00een platforma on-line pentru admitere <a href=\"https:\/\/e-admitere.upg-ploiesti.ro\">(https:\/\/e-admitere.upg-ploiesti.ro.<\/a>) urm\u0103toarele acte (scanate \u00een format .pdf sau .jpg) :<\/p>\n<ul>\n<li style=\"text-align: justify;\"><strong><em>diploma de bacalaureat<\/em> <\/strong>sau <strong><em>adeverin\u0163a de promovare a examenului na\u0163ional de bacalaureat (pentru absolven\u0163ii din promo\u0163ia 2020<\/em>)<\/strong> sau diploma echivalent\u0103 cu aceasta, \u00een copie simpl\u0103;<\/li>\n<li style=\"text-align: justify;\"><strong><em>buletinul\/cartea de identitate<\/em><\/strong> \u00een copie;<\/li>\n<li style=\"text-align: justify;\"><strong><em>certificatul de na\u015ftere<\/em><\/strong> \u00een copie simpl\u0103;<\/li>\n<li style=\"text-align: justify;\"><strong><em>certificatul de c\u0103s\u0103torie<\/em><\/strong> \u00een copie simpl\u0103, pentru candida\u0163ii care \u015fi-au schimbat numele prin c\u0103s\u0103torie;<\/li>\n<li style=\"text-align: justify;\"><strong><em>o fotografie portret \u00een format .jpg sau 3 (trei) fotografii 3&#215;4 cm<\/em><\/strong>;<\/li>\n<li style=\"text-align: justify;\"><strong><em>adeverin\u0163a medical\u0103<\/em><\/strong>, \u00een copie simpl\u0103, cu precizarea \u201e<strong><em>clinic s\u0103n\u0103tos<\/em>\u201d<\/strong>, eliberat\u0103 de medicul de familie sau de c\u0103tre medicul liceului absolvit, cu cel mult o lun\u0103 \u00eenainte de data \u00eenscrierii. Candida\u0163ii cu afec\u0163iuni cronice vor prezenta adeverin\u0163e medicale vizate de medicul de familie; \u00een aceste adeverin\u0163e se va men\u0163iona \u00een mod expres gradul deficien\u0163elor, \u00een func\u0163ie de localizarea acestora \u015fi se va preciza dac\u0103 exist\u0103 avizul favorabil al medicilor de specialitate pentru op\u0163iunea educa\u0163ional\u0103 a candidatului. Candida\u0163ii care nu declar\u0103 afec\u0163iunile cronice sau prezint\u0103 adeverin\u0163e medicale neconforme cu starea lor de s\u0103n\u0103tate risc\u0103 s\u0103 suporte toate consecin\u0163ele prev\u0103zute de lege pentru astfel de fapte.<\/li>\n<li style=\"text-align: justify;\"><strong><em>certificat de competen\u021b\u0103 lingvistic\u0103<\/em><\/strong>, pentru candida\u021bii care se \u00eenscriu la programele cu predare \u00een limba str\u0103in\u0103, eliberat de institu\u021bii abilitate a c\u0103ror list\u0103 va fi afi\u0219at\u0103 pe pagina web a Facult\u0103\u021bii de Litere \u0219i \u0218tiin\u021be, p\u00e2n\u0103 la data de 31 mai 2020 sau de Departamentul de Filologie al Facult\u0103\u021bii de Litere \u0219i \u0218tiin\u021be din cadrul Universit\u0103\u021bii Petrol-Gaze din Ploie\u0219ti \u00een urma unui test care se va sus\u021bine \u00een perioada admiterii, conform calendarului admiterii.<\/li>\n<li style=\"text-align: justify;\"><strong><em>un text (100 de cuvinte)<\/em><\/strong> prin care s\u0103 motiveze op\u021biunea <strong><em>pentru programul Pedagogia \u00cenv\u0103\u0163\u0103m\u00e2ntului Primar \u015fi Pre\u015fcolar\/Pedagogie<\/em><\/strong>, <em>pentru candida\u0163ii la domeniul \u015etiin\u0163e ale educa\u0163iei<\/em>. Textul va fi scris de m\u00e2n\u0103, va con\u0163ine numele candidatului \u00een col\u0163ul din dreapta sus, \u015fi va fi \u00eenc\u0103rcat pe platforma de admitere \u00een format *.jpg sau, \u00een cazul candida\u0163ilor care depun personal dosarul, va fi inclus \u00een dosar.<\/li>\n<\/ul>\n<p><strong><a href=\"https:\/\/www.edu.ro\/sites\/default\/files\/anexa%20ordin%205543_2019.pdf\">LISTA examenelor cu recunoa\u0219tere interna\u021bional\u0103 pentru certificarea competen\u021belor lingvistice \u00een limbi str\u0103ine<\/a><\/strong><\/p>\n<p><strong><a href=\"https:\/\/www.upg-ploiesti.ro\/sites\/default\/files\/admitere\/ADMITERE%20ONLINE\/acte%20necesare%20licenta%202020.pdf\">Cazuri speciale<\/a><\/strong><\/p>\n","protected":false},"excerpt":{"rendered":"<p>ACTELE NECESARE PENTRU \u00ceNSCRIEREA LA CONCURSUL DE ADMITERE PENTRU STUDII UNIVERSITARE DE LICEN\u021a\u0102 &#8211; 2020 Pentru \u00eenscrierea la concursul de admitere la \u00eenv\u0103\u0163\u0103m\u00e2ntul universitar de licen\u0163\u0103, la una sau mai multe facult\u0103\u0163i din cadrul Universit\u0103\u0163ii Petrol-Gaze din Ploie\u0219ti, la unul sau mai multe domenii programe de studii\/specializ\u0103ri, candida\u0163ii trebuie s\u0103 \u00eencarce \u00een platforma on-line pentru &hellip; <a href=\"https:\/\/timf.upg-ploiesti.ro\/ls\/admitere-2\/admitere-2020\/licenta\/acte-de-inscriere\/\" class=\"more-link\">Continue reading <span class=\"screen-reader-text\">Acte de \u00eenscriere<\/span> <span class=\"meta-nav\">&rarr;<\/span><\/a><\/p>\n","protected":false},"author":3,"featured_media":0,"parent":2286,"menu_order":0,"comment_status":"closed","ping_status":"closed","template":"","meta":[],"_links":{"self":[{"href":"https:\/\/timf.upg-ploiesti.ro\/ls\/wp-json\/wp\/v2\/pages\/2290"}],"collection":[{"href":"https:\/\/timf.upg-ploiesti.ro\/ls\/wp-json\/wp\/v2\/pages"}],"about":[{"href":"https:\/\/timf.upg-ploiesti.ro\/ls\/wp-json\/wp\/v2\/types\/page"}],"author":[{"embeddable":true,"href":"https:\/\/timf.upg-ploiesti.ro\/ls\/wp-json\/wp\/v2\/users\/3"}],"replies":[{"embeddable":true,"href":"https:\/\/timf.upg-ploiesti.ro\/ls\/wp-json\/wp\/v2\/comments?post=2290"}],"version-history":[{"count":8,"href":"https:\/\/timf.upg-ploiesti.ro\/ls\/wp-json\/wp\/v2\/pages\/2290\/revisions"}],"predecessor-version":[{"id":2418,"href":"https:\/\/timf.upg-ploiesti.ro\/ls\/wp-json\/wp\/v2\/pages\/2290\/revisions\/2418"}],"up":[{"embeddable":true,"href":"https:\/\/timf.upg-ploiesti.ro\/ls\/wp-json\/wp\/v2\/pages\/2286"}],"wp:attachment":[{"href":"https:\/\/timf.upg-ploiesti.ro\/ls\/wp-json\/wp\/v2\/media?parent=2290"}],"curies":[{"name":"wp","href":"https:\/\/api.w.org\/{rel}","templated":true}]}}