{"id":2288,"date":"2020-06-15T17:22:13","date_gmt":"2020-06-15T14:22:13","guid":{"rendered":"https:\/\/timf.upg-ploiesti.ro\/ls\/?page_id=2288"},"modified":"2020-09-21T19:17:11","modified_gmt":"2020-09-21T16:17:11","slug":"master","status":"publish","type":"page","link":"https:\/\/timf.upg-ploiesti.ro\/ls\/admitere-2\/admitere-2020\/master\/","title":{"rendered":"Master"},"content":{"rendered":"<h3>Sesiunea septembrie 2 &#8211; 2020<\/h3>\n<p><strong>ANUN\u021a PENTRU CANDIDA\u021aII \u00ceNSCRI\u0218I LA PROGRAMUL DE MASTER<a href=\"https:\/\/timf.upg-ploiesti.ro\/ls\/wp-content\/uploads\/2020\/06\/anunt-master-TAPI_21_septembrie.pdf\">\u00a0Tehnologii Avansate pentru Prelucrarea Informa\u021biei\u00a0\u2013 DOMENIUL INFORMATIC\u0102<\/a><\/strong><\/p>\n<h3>Sesiunea septembrie 2020<\/h3>\n<p>\u00cen aten\u021bia candida\u021bilor la concursul de admitere master &#8211;\u00a0<strong>sesiunea toamn\u0103 2020!<\/strong><\/p>\n<p style=\"text-align: justify;\"><strong>ANUN\u021a PENTRU CANDIDA\u021aII \u00ceNSCRI\u0218I LA PROGRAMUL DE MASTER\u00a0<a href=\"https:\/\/timf.upg-ploiesti.ro\/ls\/wp-content\/uploads\/2020\/09\/anunt-master-TAPI_3_septembrie.pdf\">Tehnologii Avansate pentru Prelucrarea Informa\u021biei\u00a0\u2013 DOMENIUL INFORMATIC\u0102<\/a><\/strong><\/p>\n<p style=\"text-align: justify;\"><strong>ANUN\u021a PENTRU CANDIDA\u021aII \u00ceNSCRI\u0218I LA PROGRAMELE DE MASTER\u00a0<a href=\"https:\/\/timf.upg-ploiesti.ro\/ls\/wp-content\/uploads\/2020\/09\/anunt-master-SED-FILO_3_septembrie.pdf\">Studii Culturale Rom\u00e2ne\u0219ti \u00een Context European \u0219i Concepte \u015fi Strategii de Comunicare Intercultural\u0103\u00a0\u2013 DOMENIUL FILOLOGIE\u00a0<\/a><\/strong><\/p>\n<p style=\"text-align: justify;\"><strong>ANUN\u021a PENTRU CANDIDA\u021aII \u00ceNSCRI\u0218I LA PROGRAMELE DE MASTER<\/strong>\u00a0<a href=\"https:\/\/timf.upg-ploiesti.ro\/ls\/wp-content\/uploads\/2020\/09\/anunt-master-SED-FILO_3_septembrie.pdf\"><strong>Consiliere \u0218colar\u0103 \u0219i Dezvoltarea Carierei \u0219i Management Educa\u021bional \u0219i Integrare European\u0103<\/strong>\u00a0\u2013\u00a0<strong>DOMENIUL \u0218TIIN\u021aE ALE EDUCA\u021aIEI<\/strong><\/a><\/p>\n<p style=\"text-align: justify;\"><strong>ANUN\u021a PENTRU CANDIDA\u021aII \u00ceNSCRI\u0218I LA PROGRAMUL DE MASTER\u00a0<a href=\"https:\/\/timf.upg-ploiesti.ro\/ls\/wp-content\/uploads\/2020\/09\/anunt-master-SED-FILO_3_septembrie.pdf\">Administra\u021bie Public\u0103 \u0219i Integrare European\u0103\u00a0\u2013 DOMENIUL \u0218TIIN\u021aE ADMINISTRATIVE<\/a><\/strong><\/p>\n<h3>Sesiunea iulie 2020<\/h3>\n<p style=\"text-align: justify;\"><strong>ANUN\u021a PENTRU CANDIDA\u021aII \u00ceNSCRI\u0218I LA PROGRAMUL DE MASTER <span style=\"color: #ff0000;\"><a href=\"https:\/\/timf.upg-ploiesti.ro\/ls\/wp-content\/uploads\/2020\/06\/anunt-master-TAPI.pdf\">Tehnologii Avansate pentru Prelucrarea Informa\u021biei<\/a> <span style=\"color: #000000;\">&#8211; DOMENIUL INFORMATIC\u0102<\/span><\/span><\/strong><\/p>\n<p style=\"text-align: justify;\"><strong>ANUN\u021a PENTRU CANDIDA\u021aII \u00ceNSCRI\u0218I LA PROGRAMELE DE MASTER <span style=\"color: #ff0000;\"><a href=\"https:\/\/timf.upg-ploiesti.ro\/ls\/wp-content\/uploads\/2020\/06\/anunt-master-SED-FILO.pdf\">Studii Culturale Rom\u00e2ne\u0219ti \u00een Context European \u0219i Concepte \u015fi Strategii de Comunicare Intercultural\u0103<\/a> <span style=\"color: #000000;\">&#8211; DOMENIUL FILOLOGIE<\/span>\u00a0<\/span><\/strong><\/p>\n<p style=\"text-align: justify;\"><strong>ANUN\u021a PENTRU CANDIDA\u021aII \u00ceNSCRI\u0218I LA PROGRAMELE DE MASTER<\/strong><a href=\"https:\/\/timf.upg-ploiesti.ro\/ls\/wp-content\/uploads\/2020\/06\/anunt-master-SED-FILO.pdf\"> <span style=\"color: #ff0000;\"><strong>Consiliere \u0218colar\u0103 \u0219i Dezvoltarea Carierei \u0219i Management Educa\u021bional \u0219i Integrare European\u0103<\/strong><\/span><\/a> &#8211; <strong>DOMENIUL \u0218TIIN\u021aE ALE EDUCA\u021aIEI<\/strong><\/p>\n<p style=\"text-align: justify;\"><strong>ANUN\u021a PENTRU CANDIDA\u021aII \u00ceNSCRI\u0218I LA PROGRAMUL DE MASTER <span style=\"color: #ff0000;\"><a href=\"https:\/\/timf.upg-ploiesti.ro\/ls\/wp-content\/uploads\/2020\/06\/anunt-master-SED-FILO.pdf\">Administra\u021bie Public\u0103 \u0219i Integrare European\u0103<\/a> <span style=\"color: #000000;\">&#8211; DOMENIUL \u0218TIIN\u021aE ADMINISTRATIVE<\/span><\/span><\/strong><\/p>\n<p>&nbsp;<\/p>\n<p><strong>\u00ceNSCRIEREA CANDIDA\u021aILOR<\/strong><\/p>\n<p>\u00censcrierea candida\u0163ilor la concursul de admitere se face on-line pe platforma de admitere a Universit\u0103\u0163ii Petrol-Gaze din Ploie\u015fti (<a href=\"https:\/\/e-admitere.upg-ploiesti.ro\/\">https:\/\/e-admitere.upg-ploiesti.ro<\/a>) sau prin depunerea dosarului \u015fi completarea fi\u015fei de \u00eenscriere la sediul Universit\u0103\u0163ii Petrol-Gaze din Ploie\u015fti.<\/p>\n<p>Detalii referitoare la calendarul admiterii, actele necesare \u00eenscrierii, taxele aferente \u0219i metodologia de organizare \u0219i desf\u0103\u015furare a concursului de admitere la studii universitare de master 2020 g\u0103si\u021bi \u00een sec\u021biunile dedicate acestor subiecte, ce pot fi accesate din mediul Admitere 2020 \u2013 Master.<\/p>\n<p><strong><em>Facultatea de Litere \u0219i \u0218tiin\u021be<\/em><\/strong><\/p>\n<p>Date de contact:<\/p>\n<ul>\n<li>Telefon: +<strong>40762244662<\/strong><\/li>\n<li>Email: <strong>ls.admitere@upg-ploiesti.ro<\/strong><\/li>\n<\/ul>\n","protected":false},"excerpt":{"rendered":"<p>Sesiunea septembrie 2 &#8211; 2020 ANUN\u021a PENTRU CANDIDA\u021aII \u00ceNSCRI\u0218I LA PROGRAMUL DE MASTER\u00a0Tehnologii Avansate pentru Prelucrarea Informa\u021biei\u00a0\u2013 DOMENIUL INFORMATIC\u0102 Sesiunea septembrie 2020 \u00cen aten\u021bia candida\u021bilor la concursul de admitere master &#8211;\u00a0sesiunea toamn\u0103 2020! ANUN\u021a PENTRU CANDIDA\u021aII \u00ceNSCRI\u0218I LA PROGRAMUL DE MASTER\u00a0Tehnologii Avansate pentru Prelucrarea Informa\u021biei\u00a0\u2013 DOMENIUL INFORMATIC\u0102 ANUN\u021a PENTRU CANDIDA\u021aII \u00ceNSCRI\u0218I LA PROGRAMELE DE MASTER\u00a0Studii &hellip; <a href=\"https:\/\/timf.upg-ploiesti.ro\/ls\/admitere-2\/admitere-2020\/master\/\" class=\"more-link\">Continue reading <span class=\"screen-reader-text\">Master<\/span> <span class=\"meta-nav\">&rarr;<\/span><\/a><\/p>\n","protected":false},"author":3,"featured_media":0,"parent":2130,"menu_order":0,"comment_status":"closed","ping_status":"closed","template":"","meta":[],"_links":{"self":[{"href":"https:\/\/timf.upg-ploiesti.ro\/ls\/wp-json\/wp\/v2\/pages\/2288"}],"collection":[{"href":"https:\/\/timf.upg-ploiesti.ro\/ls\/wp-json\/wp\/v2\/pages"}],"about":[{"href":"https:\/\/timf.upg-ploiesti.ro\/ls\/wp-json\/wp\/v2\/types\/page"}],"author":[{"embeddable":true,"href":"https:\/\/timf.upg-ploiesti.ro\/ls\/wp-json\/wp\/v2\/users\/3"}],"replies":[{"embeddable":true,"href":"https:\/\/timf.upg-ploiesti.ro\/ls\/wp-json\/wp\/v2\/comments?post=2288"}],"version-history":[{"count":9,"href":"https:\/\/timf.upg-ploiesti.ro\/ls\/wp-json\/wp\/v2\/pages\/2288\/revisions"}],"predecessor-version":[{"id":2645,"href":"https:\/\/timf.upg-ploiesti.ro\/ls\/wp-json\/wp\/v2\/pages\/2288\/revisions\/2645"}],"up":[{"embeddable":true,"href":"https:\/\/timf.upg-ploiesti.ro\/ls\/wp-json\/wp\/v2\/pages\/2130"}],"wp:attachment":[{"href":"https:\/\/timf.upg-ploiesti.ro\/ls\/wp-json\/wp\/v2\/media?parent=2288"}],"curies":[{"name":"wp","href":"https:\/\/api.w.org\/{rel}","templated":true}]}}