{"id":2286,"date":"2020-06-15T17:21:53","date_gmt":"2020-06-15T14:21:53","guid":{"rendered":"https:\/\/timf.upg-ploiesti.ro\/ls\/?page_id=2286"},"modified":"2020-07-14T09:29:07","modified_gmt":"2020-07-14T06:29:07","slug":"licenta","status":"publish","type":"page","link":"https:\/\/timf.upg-ploiesti.ro\/ls\/admitere-2\/admitere-2020\/licenta\/","title":{"rendered":"Licen\u021b\u0103"},"content":{"rendered":"<p>\u00censcrierea candida\u0163ilor la concursul de admitere se face on-line pe platforma de admitere a Universit\u0103\u0163ii Petrol-Gaze din Ploie\u015fti (<a href=\"https:\/\/e-admitere.upg-ploiesti.ro\">https:\/\/e-admitere.upg-ploiesti.ro<\/a>) sau prin depunerea dosarului \u015fi completarea fi\u015fei de \u00eenscriere la sediul Universit\u0103\u0163ii Petrol-Gaze din Ploie\u015fti.<\/p>\n<p>Detalii referitoare la calendarul admiterii, actele necesare \u00eenscrierii, taxele aferente \u0219i metodologia de organizare \u0219i desf\u0103\u015furare a concursului de admitere la studii universitare de licen\u0163\u0103 2020 g\u0103si\u021bi \u00een sec\u021biunile dedicate acestor subiecte, ce pot fi accesate din mediul Admitere 2020 &#8211; Licen\u021b\u0103.<\/p>\n<p><strong><em>Facultatea de Litere \u0219i \u0218tiin\u021be<\/em><\/strong><\/p>\n<p>Date de contact:<\/p>\n<ul>\n<li>Telefon: +<strong>40762244662<\/strong><\/li>\n<li>Email: <strong>ls.admitere@upg-ploiesti.ro<\/strong><\/li>\n<\/ul>\n","protected":false},"excerpt":{"rendered":"<p>\u00censcrierea candida\u0163ilor la concursul de admitere se face on-line pe platforma de admitere a Universit\u0103\u0163ii Petrol-Gaze din Ploie\u015fti (https:\/\/e-admitere.upg-ploiesti.ro) sau prin depunerea dosarului \u015fi completarea fi\u015fei de \u00eenscriere la sediul Universit\u0103\u0163ii Petrol-Gaze din Ploie\u015fti. Detalii referitoare la calendarul admiterii, actele necesare \u00eenscrierii, taxele aferente \u0219i metodologia de organizare \u0219i desf\u0103\u015furare a concursului de admitere la &hellip; <a href=\"https:\/\/timf.upg-ploiesti.ro\/ls\/admitere-2\/admitere-2020\/licenta\/\" class=\"more-link\">Continue reading <span class=\"screen-reader-text\">Licen\u021b\u0103<\/span> <span class=\"meta-nav\">&rarr;<\/span><\/a><\/p>\n","protected":false},"author":3,"featured_media":0,"parent":2130,"menu_order":0,"comment_status":"closed","ping_status":"closed","template":"","meta":[],"_links":{"self":[{"href":"https:\/\/timf.upg-ploiesti.ro\/ls\/wp-json\/wp\/v2\/pages\/2286"}],"collection":[{"href":"https:\/\/timf.upg-ploiesti.ro\/ls\/wp-json\/wp\/v2\/pages"}],"about":[{"href":"https:\/\/timf.upg-ploiesti.ro\/ls\/wp-json\/wp\/v2\/types\/page"}],"author":[{"embeddable":true,"href":"https:\/\/timf.upg-ploiesti.ro\/ls\/wp-json\/wp\/v2\/users\/3"}],"replies":[{"embeddable":true,"href":"https:\/\/timf.upg-ploiesti.ro\/ls\/wp-json\/wp\/v2\/comments?post=2286"}],"version-history":[{"count":5,"href":"https:\/\/timf.upg-ploiesti.ro\/ls\/wp-json\/wp\/v2\/pages\/2286\/revisions"}],"predecessor-version":[{"id":2506,"href":"https:\/\/timf.upg-ploiesti.ro\/ls\/wp-json\/wp\/v2\/pages\/2286\/revisions\/2506"}],"up":[{"embeddable":true,"href":"https:\/\/timf.upg-ploiesti.ro\/ls\/wp-json\/wp\/v2\/pages\/2130"}],"wp:attachment":[{"href":"https:\/\/timf.upg-ploiesti.ro\/ls\/wp-json\/wp\/v2\/media?parent=2286"}],"curies":[{"name":"wp","href":"https:\/\/api.w.org\/{rel}","templated":true}]}}