{"id":2256,"date":"2020-06-09T19:45:09","date_gmt":"2020-06-09T16:45:09","guid":{"rendered":"https:\/\/timf.upg-ploiesti.ro\/ls\/?page_id=2256"},"modified":"2020-11-10T19:51:01","modified_gmt":"2020-11-10T17:51:01","slug":"consiliul-facultatii","status":"publish","type":"page","link":"https:\/\/timf.upg-ploiesti.ro\/ls\/prezentare\/consiliul-facultatii\/","title":{"rendered":"Consiliul Facult\u0103\u021bii de Litere \u0219i \u0218tiin\u021be"},"content":{"rendered":"<h3 style=\"text-align: left;\">2020 &#8211; 2024<\/h3>\n<table>\n<tbody>\n<tr>\n<td style=\"text-align: center;\">\n<h5>Cadre didactice:<\/h5>\n<\/td>\n<td style=\"text-align: center;\">\n<h5>Studen\u021bi:<\/h5>\n<\/td>\n<\/tr>\n<tr>\n<td style=\"vertical-align: top;\">\n<ul>\n<li>Prof. univ. dr. Dobrinescu\u00a0 Anca\u00a0 Mihaela<\/li>\n<li>Prof. univ. dr. Stan Emil Costic\u0103<\/li>\n<li>Prof. univ. dr. Suditu Mihaela<\/li>\n<li>Conf. univ. dr. Apostolache Mihaela Adina<\/li>\n<li>\u00a0Conf. univ. dr. Badea Mihaela Gabriela<\/li>\n<li>\u00a0Conf. univ. dr. Costea Diana<\/li>\n<li>\u00a0Conf. univ. dr. Iridon Cristina<\/li>\n<li>\u00a0Conf. univ. dr. M\u0103rg\u0103ri\u021boiu Alina<\/li>\n<li>\u00a0Conf. univ. dr. inf. Moise Gabriela<\/li>\n<li>\u00a0Conf. univ. dr. Neagu Maria Ionela<\/li>\n<li>\u00a0Conf. univ. dr. inf. Nicoar\u0103 Elena Simona<\/li>\n<li>\u00a0Conf. univ. dr. R\u00eenciog Diana<\/li>\n<li>\u00a0Conf. univ. dr. Szekely C\u0103t\u0103lina \u015etefania<\/li>\n<li>\u00a0Conf. univ. dr. Toma Irina<\/li>\n<li>\u00a0\u015eef lucr. dr. ing. Ioni\u021b\u0103 Irina<\/li>\n<li>Lector univ. dr. fiz. Baciu Anca<\/li>\n<li>\u00a0Lector univ. dr. Ioni\u021b\u0103 Liviu<\/li>\n<li>\u00a0Lector univ. dr. Netedu Loredana Florina<\/li>\n<li>\u00a0Lector univ. dr. Ro\u0219ca Alina Elena<\/li>\n<li>\u00a0Lector univ. dr. \u0218chiopu Daniela<\/li>\n<\/ul>\n<\/td>\n<td style=\"vertical-align: top;\">\n<ul>\n<li>Babaneac\u0219a Paul Alexandru<\/li>\n<li>Com\u0103nescu Andrei Marian<\/li>\n<li>Cristescu Miruna Andreea<\/li>\n<li>D\u0103n\u0103il\u0103 Vasilica Valentina<\/li>\n<li>Diaconi\u021b\u0103 Georgiana Adina<\/li>\n<li>Ion Andreea Laura<\/li>\n<li>Stan \u0218tefania Gabriela<\/li>\n<li>Toma (N\u0103stase) Loredana<\/li>\n<\/ul>\n<\/td>\n<\/tr>\n<\/tbody>\n<\/table>\n<p>&nbsp;<\/p>\n<p>&nbsp;<\/p>\n","protected":false},"excerpt":{"rendered":"<p>2020 &#8211; 2024 Cadre didactice: Studen\u021bi: Prof. univ. dr. Dobrinescu\u00a0 Anca\u00a0 Mihaela Prof. univ. dr. Stan Emil Costic\u0103 Prof. univ. dr. Suditu Mihaela Conf. univ. dr. Apostolache Mihaela Adina \u00a0Conf. univ. dr. Badea Mihaela Gabriela \u00a0Conf. univ. dr. Costea Diana \u00a0Conf. univ. dr. Iridon Cristina \u00a0Conf. univ. dr. M\u0103rg\u0103ri\u021boiu Alina \u00a0Conf. univ. dr. inf. Moise &hellip; <a href=\"https:\/\/timf.upg-ploiesti.ro\/ls\/prezentare\/consiliul-facultatii\/\" class=\"more-link\">Continue reading <span class=\"screen-reader-text\">Consiliul Facult\u0103\u021bii de Litere \u0219i \u0218tiin\u021be<\/span> <span class=\"meta-nav\">&rarr;<\/span><\/a><\/p>\n","protected":false},"author":3,"featured_media":0,"parent":10,"menu_order":0,"comment_status":"closed","ping_status":"closed","template":"","meta":[],"_links":{"self":[{"href":"https:\/\/timf.upg-ploiesti.ro\/ls\/wp-json\/wp\/v2\/pages\/2256"}],"collection":[{"href":"https:\/\/timf.upg-ploiesti.ro\/ls\/wp-json\/wp\/v2\/pages"}],"about":[{"href":"https:\/\/timf.upg-ploiesti.ro\/ls\/wp-json\/wp\/v2\/types\/page"}],"author":[{"embeddable":true,"href":"https:\/\/timf.upg-ploiesti.ro\/ls\/wp-json\/wp\/v2\/users\/3"}],"replies":[{"embeddable":true,"href":"https:\/\/timf.upg-ploiesti.ro\/ls\/wp-json\/wp\/v2\/comments?post=2256"}],"version-history":[{"count":7,"href":"https:\/\/timf.upg-ploiesti.ro\/ls\/wp-json\/wp\/v2\/pages\/2256\/revisions"}],"predecessor-version":[{"id":2855,"href":"https:\/\/timf.upg-ploiesti.ro\/ls\/wp-json\/wp\/v2\/pages\/2256\/revisions\/2855"}],"up":[{"embeddable":true,"href":"https:\/\/timf.upg-ploiesti.ro\/ls\/wp-json\/wp\/v2\/pages\/10"}],"wp:attachment":[{"href":"https:\/\/timf.upg-ploiesti.ro\/ls\/wp-json\/wp\/v2\/media?parent=2256"}],"curies":[{"name":"wp","href":"https:\/\/api.w.org\/{rel}","templated":true}]}}