{"id":2130,"date":"2020-05-02T15:27:34","date_gmt":"2020-05-02T12:27:34","guid":{"rendered":"https:\/\/timf.upg-ploiesti.ro\/ls\/?page_id=2130"},"modified":"2020-09-03T19:06:56","modified_gmt":"2020-09-03T16:06:56","slug":"admitere-2020","status":"publish","type":"page","link":"https:\/\/timf.upg-ploiesti.ro\/ls\/admitere-2\/admitere-2020\/","title":{"rendered":"Admitere 2020"},"content":{"rendered":"<h5>Admitere 2020<\/h5>\n<p>Facultatea de Litere \u0219i \u0218tiin\u021be<\/p>\n<p>Date de contact:<\/p>\n<ul>\n<li>Telefon: +<strong>40762244662<\/strong><\/li>\n<li>Email: <strong>ls.admitere@upg-ploiesti.ro<\/strong><\/li>\n<\/ul>\n<h5>Admitere 2020 &#8211; Septembrie 2020<\/h5>\n<ul>\n<li><strong>Licen\u021b\u0103<\/strong>\n<ul>\n<li><a href=\"https:\/\/www.upg-ploiesti.ro\/sites\/default\/files\/admitere\/licenta\/2020\/Calendar_admitere_licenta_septembrie_2020.pdf\">Calendar<\/a><\/li>\n<li><a href=\"https:\/\/www.upg-ploiesti.ro\/ro\/admitere-2020-licenta\">Locuri disponibile<\/a><\/li>\n<\/ul>\n<\/li>\n<li><strong>Master<\/strong>\n<ul>\n<li><a href=\"https:\/\/www.upg-ploiesti.ro\/sites\/default\/files\/admitere\/master\/2020\/Calendar_admitere_2020_septembrie_master.pdf\">Calendar<\/a><\/li>\n<li><a href=\"https:\/\/www.upg-ploiesti.ro\/ro\/admitere-2020-master\">Locuri disponibile<\/a><\/li>\n<\/ul>\n<\/li>\n<\/ul>\n<h5>Programul de desf\u0103\u015furare a concursului de pre admitere la studii universitare de licen\u0163\u0103\/masterat Sesiunea de var\u0103 2020<\/h5>\n<p style=\"text-align: justify;\">\u00cen perioada <strong>1-29 iunie 2020,<\/strong> Universitatea Petrol-Gaze din Ploie\u0219ti organizeaz\u0103 pre admiterea la studii universitare de licen\u021b\u0103\/masterat &#8211; sesiunea de var\u0103 2020. Programul de lucru cu candida\u0163ii este <strong>24\/24 \u0219apte zile din \u0219apte<\/strong> pe platforma de \u00eenscriere a Universit\u0103\u021bii Petrol \u2013 Gaze din\u00a0 Ploie\u0219ti,\u00a0<a href=\"https:\/\/e-admitere.upg-ploiesti.ro\/\">https:\/\/e-admitere.upg-ploiesti.ro\/<\/a><\/p>\n<p style=\"text-align: justify;\">Candida\u021bii vor complete on line urm\u0103toarele informa\u021bii:<\/p>\n<ul>\n<li>Facultatea, specializarea dorit\u0103 \u0219i forma de \u00eenv\u0103\u021b\u0103m\u00e2nt cu tax\u0103 sau f\u0103r\u0103 tax\u0103.<\/li>\n<li>Sec\u021biunea I. Datele personale ale candidatului.<\/li>\n<li>Sec\u021biunea II.a. Datele privind preg\u0103tirea anterioar\u0103 a candidatului (absolvent de liceu) sau<\/li>\n<li>Sec\u021biunea II.b.\u00a0 Datele privind preg\u0103tirea anterioar\u0103 a candidatului (absolvent de facultate)<\/li>\n<li>Men\u021biuni speciale: romi, absolven\u021bi ai liceelor din mediul rural.<\/li>\n<\/ul>\n<p>Mai multe detalii privind <em><strong>calendarul pre admiterii<\/strong><\/em> g\u0103si\u021bi pe site-ul UPG, <strong><a href=\"https:\/\/www.upg-ploiesti.ro\/sites\/default\/files\/admitere\/ADMITERE%20ONLINE\/calendar_pre_admitere_2020_licenta_iunie.pdf\">calendar pre admitere licen\u021b\u0103. <\/a><\/strong><\/p>\n<h5>Programul de desf\u0103\u015furare a concursului de admitere la studii universitare de licen\u0163\u0103\/master Sesiunea de var\u0103 2020<\/h5>\n<p>\u00cen perioada <strong>1-24 iulie 2020,<\/strong> Universitatea Petrol-Gaze din Ploie\u0219ti organizeaz\u0103 <em><strong>concursul de admiterea la studii universitare de licen\u021b\u0103\/masterat &#8211; sesiunea de var\u0103 2020.<\/strong><\/em><\/p>\n<p><em><strong>Calendarul admiterii la<\/strong><\/em> <em><strong>studii universitare de licen\u021b\u0103\/master <\/strong><\/em>este disponibil pe site-ul UPG:<\/p>\n<ul>\n<li><strong><span style=\"color: #0b2000;\"><a href=\"https:\/\/www.upg-ploiesti.ro\/sites\/default\/files\/admitere\/ADMITERE%20ONLINE\/calendar_admitere_2020_licenta_iulie.pdf\">calendar admitere licen\u021b\u0103 2020<\/a><\/span><\/strong><\/li>\n<li><strong><a href=\"https:\/\/www.upg-ploiesti.ro\/sites\/default\/files\/admitere\/ADMITERE%20ONLINE\/calendar_admitere_2020_iulie_master.pdf\">calendar admitere master 2020.<\/a><\/strong><\/li>\n<\/ul>\n<p><a href=\"https:\/\/www.upg-ploiesti.ro\/ro\/admitere-2020-licenta\">Metodologia de organizare \u0219i desf\u0103\u015furare a concursului de admitere la studii universitare de licen\u0163\u0103 2020<\/a><\/p>\n<p><a href=\"https:\/\/www.upg-ploiesti.ro\/ro\/admitere-2020-master\">Metodologia de organizare \u0219i desf\u0103\u015furare a concursului de admitere la studii universitare de master 2020<\/a><\/p>\n<h4>Oferta educa\u021bional\u0103 pentru anul universitar 2020-2021<\/h4>\n<ul>\n<li><em><strong>programele de studii universitare de licen\u021b\u0103<\/strong><\/em><\/li>\n<\/ul>\n<p><a href=\"https:\/\/timf.upg-ploiesti.ro\/ls\/wp-content\/uploads\/2020\/05\/LOCURI_LICENTA_LS2020_4iunie.png\"><img loading=\"lazy\" class=\"size-full wp-image-2210 alignnone\" src=\"https:\/\/timf.upg-ploiesti.ro\/ls\/wp-content\/uploads\/2020\/05\/LOCURI_LICENTA_LS2020_4iunie.png\" alt=\"LOCURI_LICENTA_LS2020_4iunie\" width=\"2339\" height=\"1654\" srcset=\"https:\/\/timf.upg-ploiesti.ro\/ls\/wp-content\/uploads\/2020\/05\/LOCURI_LICENTA_LS2020_4iunie.png 2339w, https:\/\/timf.upg-ploiesti.ro\/ls\/wp-content\/uploads\/2020\/05\/LOCURI_LICENTA_LS2020_4iunie-300x212.png 300w, https:\/\/timf.upg-ploiesti.ro\/ls\/wp-content\/uploads\/2020\/05\/LOCURI_LICENTA_LS2020_4iunie-1024x724.png 1024w\" sizes=\"(max-width: 2339px) 100vw, 2339px\" \/><\/a><\/p>\n<ul>\n<li><em><strong>programele de studii universitare de master<\/strong><\/em><\/li>\n<\/ul>\n<p><u><span style=\"color: #004000;\"><a href=\"https:\/\/timf.upg-ploiesti.ro\/ls\/wp-content\/uploads\/2020\/05\/LOCURI_IULIE_MASTER2020_LS_4iunie.png\"><img loading=\"lazy\" class=\"alignleft size-full wp-image-2211\" src=\"https:\/\/timf.upg-ploiesti.ro\/ls\/wp-content\/uploads\/2020\/05\/LOCURI_IULIE_MASTER2020_LS_4iunie.png\" alt=\"LOCURI_IULIE_MASTER2020_LS_4iunie\" width=\"2339\" height=\"1654\" srcset=\"https:\/\/timf.upg-ploiesti.ro\/ls\/wp-content\/uploads\/2020\/05\/LOCURI_IULIE_MASTER2020_LS_4iunie.png 2339w, https:\/\/timf.upg-ploiesti.ro\/ls\/wp-content\/uploads\/2020\/05\/LOCURI_IULIE_MASTER2020_LS_4iunie-300x212.png 300w, https:\/\/timf.upg-ploiesti.ro\/ls\/wp-content\/uploads\/2020\/05\/LOCURI_IULIE_MASTER2020_LS_4iunie-1024x724.png 1024w\" sizes=\"(max-width: 2339px) 100vw, 2339px\" \/><\/a><\/span><\/u><\/p>\n","protected":false},"excerpt":{"rendered":"<p>Admitere 2020 Facultatea de Litere \u0219i \u0218tiin\u021be Date de contact: Telefon: +40762244662 Email: ls.admitere@upg-ploiesti.ro Admitere 2020 &#8211; Septembrie 2020 Licen\u021b\u0103 Calendar Locuri disponibile Master Calendar Locuri disponibile Programul de desf\u0103\u015furare a concursului de pre admitere la studii universitare de licen\u0163\u0103\/masterat Sesiunea de var\u0103 2020 \u00cen perioada 1-29 iunie 2020, Universitatea Petrol-Gaze din Ploie\u0219ti organizeaz\u0103 pre &hellip; <a href=\"https:\/\/timf.upg-ploiesti.ro\/ls\/admitere-2\/admitere-2020\/\" class=\"more-link\">Continue reading <span class=\"screen-reader-text\">Admitere 2020<\/span> <span class=\"meta-nav\">&rarr;<\/span><\/a><\/p>\n","protected":false},"author":3,"featured_media":0,"parent":2126,"menu_order":0,"comment_status":"closed","ping_status":"closed","template":"","meta":[],"_links":{"self":[{"href":"https:\/\/timf.upg-ploiesti.ro\/ls\/wp-json\/wp\/v2\/pages\/2130"}],"collection":[{"href":"https:\/\/timf.upg-ploiesti.ro\/ls\/wp-json\/wp\/v2\/pages"}],"about":[{"href":"https:\/\/timf.upg-ploiesti.ro\/ls\/wp-json\/wp\/v2\/types\/page"}],"author":[{"embeddable":true,"href":"https:\/\/timf.upg-ploiesti.ro\/ls\/wp-json\/wp\/v2\/users\/3"}],"replies":[{"embeddable":true,"href":"https:\/\/timf.upg-ploiesti.ro\/ls\/wp-json\/wp\/v2\/comments?post=2130"}],"version-history":[{"count":13,"href":"https:\/\/timf.upg-ploiesti.ro\/ls\/wp-json\/wp\/v2\/pages\/2130\/revisions"}],"predecessor-version":[{"id":2586,"href":"https:\/\/timf.upg-ploiesti.ro\/ls\/wp-json\/wp\/v2\/pages\/2130\/revisions\/2586"}],"up":[{"embeddable":true,"href":"https:\/\/timf.upg-ploiesti.ro\/ls\/wp-json\/wp\/v2\/pages\/2126"}],"wp:attachment":[{"href":"https:\/\/timf.upg-ploiesti.ro\/ls\/wp-json\/wp\/v2\/media?parent=2130"}],"curies":[{"name":"wp","href":"https:\/\/api.w.org\/{rel}","templated":true}]}}