{"id":2013,"date":"2020-03-11T18:08:43","date_gmt":"2020-03-11T16:08:43","guid":{"rendered":"https:\/\/timf.upg-ploiesti.ro\/ls\/?page_id=2013"},"modified":"2020-03-20T21:31:32","modified_gmt":"2020-03-20T19:31:32","slug":"consiliere-scolara-si-dezvoltarea-carierei","status":"publish","type":"page","link":"https:\/\/timf.upg-ploiesti.ro\/ls\/resurse-educationale\/master\/consiliere-scolara-si-dezvoltarea-carierei\/","title":{"rendered":"Consiliere \u0218colar\u0103 \u015fi Dezvoltarea Carierei"},"content":{"rendered":"<h4>Resurse educa\u021bionale<\/h4>\n<div>\n<p>\u00cen perioada <b>11.03.2020 \u2013 29.03.2020, <\/b>activit\u0103\u021bile didactice vor continua \u00een regim online. Resursele educa\u021bionale pentru studen\u021bii specializ\u0103rii Consiliere \u0218colar\u0103 \u015fi Dezvoltarea Carierei se g\u0103sesc la adresa:\u00a0<a href=\"http:\/\/edu.upg-elearning.ro\/\">http:\/\/edu.upg-elearning.ro\/<\/a><\/p>\n<p>Studen\u021bii vor primi prin intermediul reprezentan\u021bilor lor parolele corespunz\u0103toare pentru accesarea materialelor didactice aferente perioadei men\u021bionate mai sus (suport de curs, suport de seminar, teme de lucru etc.).<\/p>\n<p>\u00cen aceast\u0103 perioad\u0103 studen\u021bii trebuie s\u0103 comunice \u00een permanen\u021b\u0103 cu titularii cursurilor, laboratoarelor etc. prin email, platforme e-learning sau alt mijloc de comunicare.<\/p>\n<\/div>\n","protected":false},"excerpt":{"rendered":"<p>Resurse educa\u021bionale \u00cen perioada 11.03.2020 \u2013 29.03.2020, activit\u0103\u021bile didactice vor continua \u00een regim online. Resursele educa\u021bionale pentru studen\u021bii specializ\u0103rii Consiliere \u0218colar\u0103 \u015fi Dezvoltarea Carierei se g\u0103sesc la adresa:\u00a0http:\/\/edu.upg-elearning.ro\/ Studen\u021bii vor primi prin intermediul reprezentan\u021bilor lor parolele corespunz\u0103toare pentru accesarea materialelor didactice aferente perioadei men\u021bionate mai sus (suport de curs, suport de seminar, teme de lucru &hellip; <a href=\"https:\/\/timf.upg-ploiesti.ro\/ls\/resurse-educationale\/master\/consiliere-scolara-si-dezvoltarea-carierei\/\" class=\"more-link\">Continue reading <span class=\"screen-reader-text\">Consiliere \u0218colar\u0103 \u015fi Dezvoltarea Carierei<\/span> <span class=\"meta-nav\">&rarr;<\/span><\/a><\/p>\n","protected":false},"author":3,"featured_media":0,"parent":1989,"menu_order":0,"comment_status":"closed","ping_status":"closed","template":"","meta":[],"_links":{"self":[{"href":"https:\/\/timf.upg-ploiesti.ro\/ls\/wp-json\/wp\/v2\/pages\/2013"}],"collection":[{"href":"https:\/\/timf.upg-ploiesti.ro\/ls\/wp-json\/wp\/v2\/pages"}],"about":[{"href":"https:\/\/timf.upg-ploiesti.ro\/ls\/wp-json\/wp\/v2\/types\/page"}],"author":[{"embeddable":true,"href":"https:\/\/timf.upg-ploiesti.ro\/ls\/wp-json\/wp\/v2\/users\/3"}],"replies":[{"embeddable":true,"href":"https:\/\/timf.upg-ploiesti.ro\/ls\/wp-json\/wp\/v2\/comments?post=2013"}],"version-history":[{"count":3,"href":"https:\/\/timf.upg-ploiesti.ro\/ls\/wp-json\/wp\/v2\/pages\/2013\/revisions"}],"predecessor-version":[{"id":2091,"href":"https:\/\/timf.upg-ploiesti.ro\/ls\/wp-json\/wp\/v2\/pages\/2013\/revisions\/2091"}],"up":[{"embeddable":true,"href":"https:\/\/timf.upg-ploiesti.ro\/ls\/wp-json\/wp\/v2\/pages\/1989"}],"wp:attachment":[{"href":"https:\/\/timf.upg-ploiesti.ro\/ls\/wp-json\/wp\/v2\/media?parent=2013"}],"curies":[{"name":"wp","href":"https:\/\/api.w.org\/{rel}","templated":true}]}}