{"id":2011,"date":"2020-03-11T18:08:27","date_gmt":"2020-03-11T16:08:27","guid":{"rendered":"https:\/\/timf.upg-ploiesti.ro\/ls\/?page_id=2011"},"modified":"2020-03-20T21:11:05","modified_gmt":"2020-03-20T19:11:05","slug":"administratie-publica-si-integrare-europeana","status":"publish","type":"page","link":"https:\/\/timf.upg-ploiesti.ro\/ls\/resurse-educationale\/master\/administratie-publica-si-integrare-europeana\/","title":{"rendered":"Administra\u021bie Public\u0103 \u015fi Integrare European\u0103"},"content":{"rendered":"<h4>Resurse educa\u021bionale<\/h4>\n<div>\n<p style=\"text-align: justify;\">\u00cen perioada <b>11.03.2020 &#8211; 29.03.2020, <\/b>activit\u0103\u021bile didactice vor continua \u00een regim online. Resursele educa\u021bionale pentru studen\u021bii specializ\u0103rii Administra\u021bie Public\u0103 \u015fi Integrare European\u0103 se g\u0103sesc la adresa:\u00a0<a href=\"http:\/\/adm.upg-elearning.ro\/\">http:\/\/adm.upg-elearning.ro\/<\/a><\/p>\n<p style=\"text-align: justify;\">Studen\u021bii vor primi prin intermediul reprezentan\u021bilor lor parolele corespunz\u0103toare pentru accesarea materialelor didactice aferente perioadei men\u021bionate mai sus (suport de curs, suport de seminar, teme de lucru etc.).<\/p>\n<p style=\"text-align: justify;\">\u00cen aceast\u0103 perioad\u0103 studen\u021bii trebuie s\u0103 comunice \u00een permanen\u021b\u0103 cu titularii cursurilor, laboratoarelor etc. prin email, platforme e-learning sau alt mijloc de comunicare.<\/p>\n<\/div>\n","protected":false},"excerpt":{"rendered":"<p>Resurse educa\u021bionale \u00cen perioada 11.03.2020 &#8211; 29.03.2020, activit\u0103\u021bile didactice vor continua \u00een regim online. Resursele educa\u021bionale pentru studen\u021bii specializ\u0103rii Administra\u021bie Public\u0103 \u015fi Integrare European\u0103 se g\u0103sesc la adresa:\u00a0http:\/\/adm.upg-elearning.ro\/ Studen\u021bii vor primi prin intermediul reprezentan\u021bilor lor parolele corespunz\u0103toare pentru accesarea materialelor didactice aferente perioadei men\u021bionate mai sus (suport de curs, suport de seminar, teme de lucru &hellip; <a href=\"https:\/\/timf.upg-ploiesti.ro\/ls\/resurse-educationale\/master\/administratie-publica-si-integrare-europeana\/\" class=\"more-link\">Continue reading <span class=\"screen-reader-text\">Administra\u021bie Public\u0103 \u015fi Integrare European\u0103<\/span> <span class=\"meta-nav\">&rarr;<\/span><\/a><\/p>\n","protected":false},"author":3,"featured_media":0,"parent":1989,"menu_order":0,"comment_status":"closed","ping_status":"closed","template":"","meta":[],"_links":{"self":[{"href":"https:\/\/timf.upg-ploiesti.ro\/ls\/wp-json\/wp\/v2\/pages\/2011"}],"collection":[{"href":"https:\/\/timf.upg-ploiesti.ro\/ls\/wp-json\/wp\/v2\/pages"}],"about":[{"href":"https:\/\/timf.upg-ploiesti.ro\/ls\/wp-json\/wp\/v2\/types\/page"}],"author":[{"embeddable":true,"href":"https:\/\/timf.upg-ploiesti.ro\/ls\/wp-json\/wp\/v2\/users\/3"}],"replies":[{"embeddable":true,"href":"https:\/\/timf.upg-ploiesti.ro\/ls\/wp-json\/wp\/v2\/comments?post=2011"}],"version-history":[{"count":2,"href":"https:\/\/timf.upg-ploiesti.ro\/ls\/wp-json\/wp\/v2\/pages\/2011\/revisions"}],"predecessor-version":[{"id":2083,"href":"https:\/\/timf.upg-ploiesti.ro\/ls\/wp-json\/wp\/v2\/pages\/2011\/revisions\/2083"}],"up":[{"embeddable":true,"href":"https:\/\/timf.upg-ploiesti.ro\/ls\/wp-json\/wp\/v2\/pages\/1989"}],"wp:attachment":[{"href":"https:\/\/timf.upg-ploiesti.ro\/ls\/wp-json\/wp\/v2\/media?parent=2011"}],"curies":[{"name":"wp","href":"https:\/\/api.w.org\/{rel}","templated":true}]}}