{"id":2005,"date":"2020-03-11T18:07:14","date_gmt":"2020-03-11T16:07:14","guid":{"rendered":"https:\/\/timf.upg-ploiesti.ro\/ls\/?page_id=2005"},"modified":"2020-03-20T21:13:48","modified_gmt":"2020-03-20T19:13:48","slug":"studii-culturale-romanesti-in-context-european","status":"publish","type":"page","link":"https:\/\/timf.upg-ploiesti.ro\/ls\/resurse-educationale\/master\/studii-culturale-romanesti-in-context-european\/","title":{"rendered":"Studii Culturale Rom\u00e2ne\u0219ti \u00een Context European"},"content":{"rendered":"<h4>Resurse educa\u021bionale<\/h4>\n<div>\n<p style=\"text-align: justify;\">\u00cen perioada <b>11.03.2020 &#8211; 29.03.2020, <\/b>activit\u0103\u021bile didactice vor continua \u00een regim online. Resursele educa\u021bionale pentru studen\u021bii specializ\u0103rii\u00a0Studii Culturale Rom\u00e2ne\u0219ti \u00een Context European se g\u0103sesc la adresa:\u00a0<a href=\"http:\/\/filo.upg-elearning.ro\/\">http:\/\/filo.upg-elearning.ro\/<\/a><\/p>\n<p style=\"text-align: justify;\">Studen\u021bii vor primi prin intermediul reprezentan\u021bilor lor parolele corespunz\u0103toare pentru accesarea materialelor didactice aferente perioadei men\u021bionate mai sus (suport de curs, suport de seminar, teme de lucru etc.).<\/p>\n<p style=\"text-align: justify;\">\u00cen aceast\u0103 perioad\u0103 studen\u021bii trebuie s\u0103 comunice \u00een permanen\u021b\u0103 cu titularii cursurilor, laboratoarelor etc. prin email, platforme e-learning sau alt mijloc de comunicare.<\/p>\n<\/div>\n","protected":false},"excerpt":{"rendered":"<p>Resurse educa\u021bionale \u00cen perioada 11.03.2020 &#8211; 29.03.2020, activit\u0103\u021bile didactice vor continua \u00een regim online. Resursele educa\u021bionale pentru studen\u021bii specializ\u0103rii\u00a0Studii Culturale Rom\u00e2ne\u0219ti \u00een Context European se g\u0103sesc la adresa:\u00a0http:\/\/filo.upg-elearning.ro\/ Studen\u021bii vor primi prin intermediul reprezentan\u021bilor lor parolele corespunz\u0103toare pentru accesarea materialelor didactice aferente perioadei men\u021bionate mai sus (suport de curs, suport de seminar, teme de lucru &hellip; <a href=\"https:\/\/timf.upg-ploiesti.ro\/ls\/resurse-educationale\/master\/studii-culturale-romanesti-in-context-european\/\" class=\"more-link\">Continue reading <span class=\"screen-reader-text\">Studii Culturale Rom\u00e2ne\u0219ti \u00een Context European<\/span> <span class=\"meta-nav\">&rarr;<\/span><\/a><\/p>\n","protected":false},"author":3,"featured_media":0,"parent":1989,"menu_order":0,"comment_status":"closed","ping_status":"closed","template":"","meta":[],"_links":{"self":[{"href":"https:\/\/timf.upg-ploiesti.ro\/ls\/wp-json\/wp\/v2\/pages\/2005"}],"collection":[{"href":"https:\/\/timf.upg-ploiesti.ro\/ls\/wp-json\/wp\/v2\/pages"}],"about":[{"href":"https:\/\/timf.upg-ploiesti.ro\/ls\/wp-json\/wp\/v2\/types\/page"}],"author":[{"embeddable":true,"href":"https:\/\/timf.upg-ploiesti.ro\/ls\/wp-json\/wp\/v2\/users\/3"}],"replies":[{"embeddable":true,"href":"https:\/\/timf.upg-ploiesti.ro\/ls\/wp-json\/wp\/v2\/comments?post=2005"}],"version-history":[{"count":2,"href":"https:\/\/timf.upg-ploiesti.ro\/ls\/wp-json\/wp\/v2\/pages\/2005\/revisions"}],"predecessor-version":[{"id":2085,"href":"https:\/\/timf.upg-ploiesti.ro\/ls\/wp-json\/wp\/v2\/pages\/2005\/revisions\/2085"}],"up":[{"embeddable":true,"href":"https:\/\/timf.upg-ploiesti.ro\/ls\/wp-json\/wp\/v2\/pages\/1989"}],"wp:attachment":[{"href":"https:\/\/timf.upg-ploiesti.ro\/ls\/wp-json\/wp\/v2\/media?parent=2005"}],"curies":[{"name":"wp","href":"https:\/\/api.w.org\/{rel}","templated":true}]}}