{"id":2003,"date":"2020-03-11T18:06:22","date_gmt":"2020-03-11T16:06:22","guid":{"rendered":"https:\/\/timf.upg-ploiesti.ro\/ls\/?page_id=2003"},"modified":"2020-03-20T21:03:21","modified_gmt":"2020-03-20T19:03:21","slug":"an-pregatitor","status":"publish","type":"page","link":"https:\/\/timf.upg-ploiesti.ro\/ls\/resurse-educationale\/licenta\/an-pregatitor\/","title":{"rendered":"An Preg\u0103titor"},"content":{"rendered":"<p style=\"text-align: justify;\">\u00cen perioada <b>11.03.2020 &#8211; 29.03.2020, <\/b>activit\u0103\u021bile didactice vor continua \u00een regim online. Resursele educa\u021bionale pentru studen\u021bii de la Anul Preg\u0103titor se g\u0103sesc la adresa:<a href=\"http:\/\/adm.upg-elearning.ro\/\">\u00a0http:\/\/filo.upg-elearning.ro\/<\/a><\/p>\n<p style=\"text-align: justify;\">Studen\u021bii vor primi prin intermediul reprezentan\u021bilor lor parolele corespunz\u0103toare pentru accesarea materialelor didactice aferente perioadei men\u021bionate mai sus (suport de curs, suport de seminar, teme de lucru etc.).<\/p>\n<p style=\"text-align: justify;\">\u00cen aceast\u0103 perioad\u0103 studen\u021bii trebuie s\u0103 comunice \u00een permanen\u021b\u0103 cu titularii cursurilor, laboratoarelor etc. prin email, platforme e-learning sau alt mijloc de comunicare.<\/p>\n","protected":false},"excerpt":{"rendered":"<p>\u00cen perioada 11.03.2020 &#8211; 29.03.2020, activit\u0103\u021bile didactice vor continua \u00een regim online. Resursele educa\u021bionale pentru studen\u021bii de la Anul Preg\u0103titor se g\u0103sesc la adresa:\u00a0http:\/\/filo.upg-elearning.ro\/ Studen\u021bii vor primi prin intermediul reprezentan\u021bilor lor parolele corespunz\u0103toare pentru accesarea materialelor didactice aferente perioadei men\u021bionate mai sus (suport de curs, suport de seminar, teme de lucru etc.). \u00cen aceast\u0103 perioad\u0103 &hellip; <a href=\"https:\/\/timf.upg-ploiesti.ro\/ls\/resurse-educationale\/licenta\/an-pregatitor\/\" class=\"more-link\">Continue reading <span class=\"screen-reader-text\">An Preg\u0103titor<\/span> <span class=\"meta-nav\">&rarr;<\/span><\/a><\/p>\n","protected":false},"author":3,"featured_media":0,"parent":1987,"menu_order":0,"comment_status":"closed","ping_status":"closed","template":"","meta":[],"_links":{"self":[{"href":"https:\/\/timf.upg-ploiesti.ro\/ls\/wp-json\/wp\/v2\/pages\/2003"}],"collection":[{"href":"https:\/\/timf.upg-ploiesti.ro\/ls\/wp-json\/wp\/v2\/pages"}],"about":[{"href":"https:\/\/timf.upg-ploiesti.ro\/ls\/wp-json\/wp\/v2\/types\/page"}],"author":[{"embeddable":true,"href":"https:\/\/timf.upg-ploiesti.ro\/ls\/wp-json\/wp\/v2\/users\/3"}],"replies":[{"embeddable":true,"href":"https:\/\/timf.upg-ploiesti.ro\/ls\/wp-json\/wp\/v2\/comments?post=2003"}],"version-history":[{"count":4,"href":"https:\/\/timf.upg-ploiesti.ro\/ls\/wp-json\/wp\/v2\/pages\/2003\/revisions"}],"predecessor-version":[{"id":2077,"href":"https:\/\/timf.upg-ploiesti.ro\/ls\/wp-json\/wp\/v2\/pages\/2003\/revisions\/2077"}],"up":[{"embeddable":true,"href":"https:\/\/timf.upg-ploiesti.ro\/ls\/wp-json\/wp\/v2\/pages\/1987"}],"wp:attachment":[{"href":"https:\/\/timf.upg-ploiesti.ro\/ls\/wp-json\/wp\/v2\/media?parent=2003"}],"curies":[{"name":"wp","href":"https:\/\/api.w.org\/{rel}","templated":true}]}}