{"id":2001,"date":"2020-03-11T18:05:19","date_gmt":"2020-03-11T16:05:19","guid":{"rendered":"https:\/\/timf.upg-ploiesti.ro\/ls\/?page_id=2001"},"modified":"2020-03-20T21:06:25","modified_gmt":"2020-03-20T19:06:25","slug":"pedagogia-invatamantului-primar-si-prescolar","status":"publish","type":"page","link":"https:\/\/timf.upg-ploiesti.ro\/ls\/resurse-educationale\/licenta\/pedagogia-invatamantului-primar-si-prescolar\/","title":{"rendered":"Pedagogia \u00cenv\u0103\u021b\u0103m\u00e2ntului Primar \u0219i Pre\u0219colar"},"content":{"rendered":"<h4 style=\"text-align: justify;\"><strong>Resurse educa\u021bionale\u00a0<\/strong><\/h4>\n<p style=\"text-align: justify;\">\u00cen perioada <b>11.03.2020 &#8211; 29.03.2020, <\/b>activit\u0103\u021bile didactice vor continua \u00een regim online. Resursele educa\u021bionale pentru studen\u021bii specializ\u0103rii Pedagogia \u00cenv\u0103\u021b\u0103m\u00e2ntului Primar \u0219i Pre\u0219colar la adresa:\u00a0<a href=\"http:\/\/edu.upg-elearning.ro\/\">http:\/\/edu.upg-elearning.ro\/<\/a><\/p>\n<p style=\"text-align: justify;\">Studen\u021bii vor primi prin intermediul reprezentan\u021bilor lor parolele corespunz\u0103toare pentru accesarea materialelor didactice aferente perioadei men\u021bionate mai sus (suport de curs, suport de seminar, teme de lucru etc.).<\/p>\n<p style=\"text-align: justify;\">\u00cen aceast\u0103 perioad\u0103 studen\u021bii trebuie s\u0103 comunice \u00een permanen\u021b\u0103 cu titularii cursurilor, laboratoarelor etc. prin email, platforme e-learning sau alt mijloc de comunicare.<\/p>\n","protected":false},"excerpt":{"rendered":"<p>Resurse educa\u021bionale\u00a0 \u00cen perioada 11.03.2020 &#8211; 29.03.2020, activit\u0103\u021bile didactice vor continua \u00een regim online. Resursele educa\u021bionale pentru studen\u021bii specializ\u0103rii Pedagogia \u00cenv\u0103\u021b\u0103m\u00e2ntului Primar \u0219i Pre\u0219colar la adresa:\u00a0http:\/\/edu.upg-elearning.ro\/ Studen\u021bii vor primi prin intermediul reprezentan\u021bilor lor parolele corespunz\u0103toare pentru accesarea materialelor didactice aferente perioadei men\u021bionate mai sus (suport de curs, suport de seminar, teme de lucru etc.). \u00cen &hellip; <a href=\"https:\/\/timf.upg-ploiesti.ro\/ls\/resurse-educationale\/licenta\/pedagogia-invatamantului-primar-si-prescolar\/\" class=\"more-link\">Continue reading <span class=\"screen-reader-text\">Pedagogia \u00cenv\u0103\u021b\u0103m\u00e2ntului Primar \u0219i Pre\u0219colar<\/span> <span class=\"meta-nav\">&rarr;<\/span><\/a><\/p>\n","protected":false},"author":3,"featured_media":0,"parent":1987,"menu_order":0,"comment_status":"closed","ping_status":"closed","template":"","meta":[],"_links":{"self":[{"href":"https:\/\/timf.upg-ploiesti.ro\/ls\/wp-json\/wp\/v2\/pages\/2001"}],"collection":[{"href":"https:\/\/timf.upg-ploiesti.ro\/ls\/wp-json\/wp\/v2\/pages"}],"about":[{"href":"https:\/\/timf.upg-ploiesti.ro\/ls\/wp-json\/wp\/v2\/types\/page"}],"author":[{"embeddable":true,"href":"https:\/\/timf.upg-ploiesti.ro\/ls\/wp-json\/wp\/v2\/users\/3"}],"replies":[{"embeddable":true,"href":"https:\/\/timf.upg-ploiesti.ro\/ls\/wp-json\/wp\/v2\/comments?post=2001"}],"version-history":[{"count":4,"href":"https:\/\/timf.upg-ploiesti.ro\/ls\/wp-json\/wp\/v2\/pages\/2001\/revisions"}],"predecessor-version":[{"id":2080,"href":"https:\/\/timf.upg-ploiesti.ro\/ls\/wp-json\/wp\/v2\/pages\/2001\/revisions\/2080"}],"up":[{"embeddable":true,"href":"https:\/\/timf.upg-ploiesti.ro\/ls\/wp-json\/wp\/v2\/pages\/1987"}],"wp:attachment":[{"href":"https:\/\/timf.upg-ploiesti.ro\/ls\/wp-json\/wp\/v2\/media?parent=2001"}],"curies":[{"name":"wp","href":"https:\/\/api.w.org\/{rel}","templated":true}]}}