{"id":1997,"date":"2020-03-11T18:04:04","date_gmt":"2020-03-11T16:04:04","guid":{"rendered":"https:\/\/timf.upg-ploiesti.ro\/ls\/?page_id=1997"},"modified":"2020-03-20T21:01:30","modified_gmt":"2020-03-20T19:01:30","slug":"asistenta-manageriala-si-administrativa","status":"publish","type":"page","link":"https:\/\/timf.upg-ploiesti.ro\/ls\/resurse-educationale\/licenta\/asistenta-manageriala-si-administrativa\/","title":{"rendered":"Asisten\u021b\u0103 Managerial\u0103 \u0219i Administrativ\u0103"},"content":{"rendered":"<h4 style=\"text-align: justify;\"><strong>Resurse educa\u021bionale\u00a0<\/strong><\/h4>\n<p style=\"text-align: justify;\">\u00cen perioada <b>11.03.2020 &#8211; 29.03.2020, <\/b>activit\u0103\u021bile didactice vor continua \u00een regim online. Resursele educa\u021bionale pentru studen\u021bii specializ\u0103rii\u00a0Asisten\u021b\u0103 Managerial\u0103 \u0219i Administrativ\u0103 se g\u0103sesc la adresa:<a href=\"http:\/\/adm.upg-elearning.ro\/\"> http:\/\/adm.upg-elearning.ro\/<\/a><\/p>\n<p style=\"text-align: justify;\">Studen\u021bii vor primi prin intermediul reprezentan\u021bilor lor parolele corespunz\u0103toare pentru accesarea materialelor didactice aferente perioadei men\u021bionate mai sus (suport de curs, suport de seminar, teme de lucru etc.).<\/p>\n<p style=\"text-align: justify;\">\u00cen aceast\u0103 perioad\u0103 studen\u021bii trebuie s\u0103 comunice \u00een permanen\u021b\u0103 cu titularii cursurilor, laboratoarelor etc. prin email, platforme e-learning sau alt mijloc de comunicare.<\/p>\n","protected":false},"excerpt":{"rendered":"<p>Resurse educa\u021bionale\u00a0 \u00cen perioada 11.03.2020 &#8211; 29.03.2020, activit\u0103\u021bile didactice vor continua \u00een regim online. Resursele educa\u021bionale pentru studen\u021bii specializ\u0103rii\u00a0Asisten\u021b\u0103 Managerial\u0103 \u0219i Administrativ\u0103 se g\u0103sesc la adresa: http:\/\/adm.upg-elearning.ro\/ Studen\u021bii vor primi prin intermediul reprezentan\u021bilor lor parolele corespunz\u0103toare pentru accesarea materialelor didactice aferente perioadei men\u021bionate mai sus (suport de curs, suport de seminar, teme de lucru etc.). &hellip; <a href=\"https:\/\/timf.upg-ploiesti.ro\/ls\/resurse-educationale\/licenta\/asistenta-manageriala-si-administrativa\/\" class=\"more-link\">Continue reading <span class=\"screen-reader-text\">Asisten\u021b\u0103 Managerial\u0103 \u0219i Administrativ\u0103<\/span> <span class=\"meta-nav\">&rarr;<\/span><\/a><\/p>\n","protected":false},"author":3,"featured_media":0,"parent":1987,"menu_order":0,"comment_status":"closed","ping_status":"closed","template":"","meta":[],"_links":{"self":[{"href":"https:\/\/timf.upg-ploiesti.ro\/ls\/wp-json\/wp\/v2\/pages\/1997"}],"collection":[{"href":"https:\/\/timf.upg-ploiesti.ro\/ls\/wp-json\/wp\/v2\/pages"}],"about":[{"href":"https:\/\/timf.upg-ploiesti.ro\/ls\/wp-json\/wp\/v2\/types\/page"}],"author":[{"embeddable":true,"href":"https:\/\/timf.upg-ploiesti.ro\/ls\/wp-json\/wp\/v2\/users\/3"}],"replies":[{"embeddable":true,"href":"https:\/\/timf.upg-ploiesti.ro\/ls\/wp-json\/wp\/v2\/comments?post=1997"}],"version-history":[{"count":4,"href":"https:\/\/timf.upg-ploiesti.ro\/ls\/wp-json\/wp\/v2\/pages\/1997\/revisions"}],"predecessor-version":[{"id":2074,"href":"https:\/\/timf.upg-ploiesti.ro\/ls\/wp-json\/wp\/v2\/pages\/1997\/revisions\/2074"}],"up":[{"embeddable":true,"href":"https:\/\/timf.upg-ploiesti.ro\/ls\/wp-json\/wp\/v2\/pages\/1987"}],"wp:attachment":[{"href":"https:\/\/timf.upg-ploiesti.ro\/ls\/wp-json\/wp\/v2\/media?parent=1997"}],"curies":[{"name":"wp","href":"https:\/\/api.w.org\/{rel}","templated":true}]}}