{"id":1989,"date":"2020-03-11T18:01:29","date_gmt":"2020-03-11T16:01:29","guid":{"rendered":"https:\/\/timf.upg-ploiesti.ro\/ls\/?page_id=1989"},"modified":"2020-03-20T20:46:46","modified_gmt":"2020-03-20T18:46:46","slug":"master","status":"publish","type":"page","link":"https:\/\/timf.upg-ploiesti.ro\/ls\/resurse-educationale\/master\/","title":{"rendered":"Master"},"content":{"rendered":"<p>\u00cen perioada <b>11.03.2020 &#8211; 29.03.2020, <\/b>activit\u0103\u021bile didactice vor continua \u00een regim online. Studen\u021bii vor primi prin intermediul reprezentan\u021bilor lor adresele site-urilor \u0219i parolele corespunz\u0103toare pentru accesarea materialelor didactice aferente perioadei men\u021bionate mai sus (suport de curs, suport de seminar, teme de lucru etc.).<\/p>\n<p>Adresele site-urilor se g\u0103sesc pe fiecare pagin\u0103 din meniul Master.<\/p>\n<p>\u00cen aceast\u0103 perioad\u0103 studen\u021bii trebuie s\u0103 comunice \u00een permanen\u021b\u0103 cu titularii cursurilor, seminarelor, laboratoarelor etc. prin email, platforme e-learning sau alt mijloc de comunicare.<\/p>\n","protected":false},"excerpt":{"rendered":"<p>\u00cen perioada 11.03.2020 &#8211; 29.03.2020, activit\u0103\u021bile didactice vor continua \u00een regim online. Studen\u021bii vor primi prin intermediul reprezentan\u021bilor lor adresele site-urilor \u0219i parolele corespunz\u0103toare pentru accesarea materialelor didactice aferente perioadei men\u021bionate mai sus (suport de curs, suport de seminar, teme de lucru etc.). Adresele site-urilor se g\u0103sesc pe fiecare pagin\u0103 din meniul Master. \u00cen aceast\u0103 &hellip; <a href=\"https:\/\/timf.upg-ploiesti.ro\/ls\/resurse-educationale\/master\/\" class=\"more-link\">Continue reading <span class=\"screen-reader-text\">Master<\/span> <span class=\"meta-nav\">&rarr;<\/span><\/a><\/p>\n","protected":false},"author":3,"featured_media":0,"parent":1980,"menu_order":0,"comment_status":"closed","ping_status":"closed","template":"","meta":[],"_links":{"self":[{"href":"https:\/\/timf.upg-ploiesti.ro\/ls\/wp-json\/wp\/v2\/pages\/1989"}],"collection":[{"href":"https:\/\/timf.upg-ploiesti.ro\/ls\/wp-json\/wp\/v2\/pages"}],"about":[{"href":"https:\/\/timf.upg-ploiesti.ro\/ls\/wp-json\/wp\/v2\/types\/page"}],"author":[{"embeddable":true,"href":"https:\/\/timf.upg-ploiesti.ro\/ls\/wp-json\/wp\/v2\/users\/3"}],"replies":[{"embeddable":true,"href":"https:\/\/timf.upg-ploiesti.ro\/ls\/wp-json\/wp\/v2\/comments?post=1989"}],"version-history":[{"count":2,"href":"https:\/\/timf.upg-ploiesti.ro\/ls\/wp-json\/wp\/v2\/pages\/1989\/revisions"}],"predecessor-version":[{"id":2060,"href":"https:\/\/timf.upg-ploiesti.ro\/ls\/wp-json\/wp\/v2\/pages\/1989\/revisions\/2060"}],"up":[{"embeddable":true,"href":"https:\/\/timf.upg-ploiesti.ro\/ls\/wp-json\/wp\/v2\/pages\/1980"}],"wp:attachment":[{"href":"https:\/\/timf.upg-ploiesti.ro\/ls\/wp-json\/wp\/v2\/media?parent=1989"}],"curies":[{"name":"wp","href":"https:\/\/api.w.org\/{rel}","templated":true}]}}