{"id":1689,"date":"2019-11-14T14:34:31","date_gmt":"2019-11-14T12:34:31","guid":{"rendered":"https:\/\/timf.upg-ploiesti.ro\/ls\/?page_id=1689"},"modified":"2019-12-12T10:01:06","modified_gmt":"2019-12-12T08:01:06","slug":"ghid-de-studii","status":"publish","type":"page","link":"https:\/\/timf.upg-ploiesti.ro\/ls\/ghid-de-studii\/","title":{"rendered":"Ghid de studii"},"content":{"rendered":"<h5>Ghid de studii\/ Course catalogue<\/h5>\n<ul>\n<li><strong>Licen\u021b\u0103\/Bachelor Degree<\/strong>\n<ul>\n<li><strong><a href=\"https:\/\/timf.upg-ploiesti.ro\/ls\/wp-content\/uploads\/2019\/11\/ghid_studii_licenta_informatica.pdf\">Informatic\u0103<\/a><\/strong><\/li>\n<li><strong><a href=\"https:\/\/timf.upg-ploiesti.ro\/ls\/wp-content\/uploads\/2019\/11\/ghid_studii_facultati_Filologie_RE.pdf\">Limba \u0219i literatura rom\u00e2n\u0103 &#8211; Limba \u0219i literatura englez\u0103<\/a><\/strong><\/li>\n<li><strong><a href=\"https:\/\/timf.upg-ploiesti.ro\/ls\/wp-content\/uploads\/2019\/11\/ghid_studii_facultati_Licenta_12dec2019.pdf\">Limba \u0219i literatura englez\u0103 &#8211; Limba \u0219i literatura francez\u0103<\/a><\/strong><\/li>\n<li><strong><a href=\"https:\/\/timf.upg-ploiesti.ro\/ls\/wp-content\/uploads\/2019\/11\/GHID-STUDII-Adm-Publica.pdf\">Administra\u021bie public\u0103<\/a><\/strong><\/li>\n<li><strong><a href=\"https:\/\/timf.upg-ploiesti.ro\/ls\/wp-content\/uploads\/2019\/11\/ghid_studii_facultati_AMA.pdf\">Asisten\u021b\u0103 managerial\u0103 \u0219i administrativ\u0103<\/a><\/strong><\/li>\n<li><strong><a href=\"https:\/\/timf.upg-ploiesti.ro\/ls\/wp-content\/uploads\/2019\/11\/ghid_studii_SED_Pedagogie.pdf\">Pedagogie<\/a><\/strong><\/li>\n<li><strong><a href=\"https:\/\/timf.upg-ploiesti.ro\/ls\/wp-content\/uploads\/2019\/11\/ghid_studii_SED_PIPP.pdf\">Pedagogia \u00eenv\u0103\u021b\u0103m\u00e2ntului primar \u0219i pre\u0219colar<\/a><\/strong><\/li>\n<\/ul>\n<\/li>\n<li><strong>Master\/Master Degree<\/strong>\n<ul>\n<li><strong><a href=\"https:\/\/timf.upg-ploiesti.ro\/ls\/wp-content\/uploads\/2019\/11\/ghid_studii_master_Tehnologii-Avansate-pt-Prelucrarea-Informatiei.pdf\">Tehnologii avansate pentru prelucrarea informa\u021biei<\/a><\/strong><\/li>\n<li><strong><a href=\"https:\/\/timf.upg-ploiesti.ro\/ls\/wp-content\/uploads\/2019\/11\/ghid-studii-SCRCE-1.pdf\">Studii culturale rom\u00e2ne\u0219ti \u00een context european<\/a><\/strong><\/li>\n<li><strong><a href=\"https:\/\/timf.upg-ploiesti.ro\/ls\/wp-content\/uploads\/2019\/11\/ghid_studii_Master-CSCI.pdf\">Concepte \u015fi strategii de comunicare intercultural\u0103<\/a><\/strong><\/li>\n<li><strong><a href=\"https:\/\/timf.upg-ploiesti.ro\/ls\/wp-content\/uploads\/2019\/11\/GHID-DE-STUDII-APIE.pdf\">Administra\u021bie public\u0103 \u015fi integrare european\u0103<\/a><\/strong><\/li>\n<li><strong><a href=\"https:\/\/timf.upg-ploiesti.ro\/ls\/wp-content\/uploads\/2019\/11\/ghid_studii_SED_CSDC.pdf\">Consiliere \u0219colar\u0103 \u015fi dezvoltarea carierei<\/a><\/strong><\/li>\n<li><strong><a href=\"https:\/\/timf.upg-ploiesti.ro\/ls\/wp-content\/uploads\/2019\/11\/ghid_studii_SED_MEIE.pdf\">Management educa\u021bional \u0219i integrare european\u0103<\/a><\/strong><\/li>\n<\/ul>\n<\/li>\n<\/ul>\n","protected":false},"excerpt":{"rendered":"<p>Ghid de studii\/ Course catalogue Licen\u021b\u0103\/Bachelor Degree Informatic\u0103 Limba \u0219i literatura rom\u00e2n\u0103 &#8211; Limba \u0219i literatura englez\u0103 Limba \u0219i literatura englez\u0103 &#8211; Limba \u0219i literatura francez\u0103 Administra\u021bie public\u0103 Asisten\u021b\u0103 managerial\u0103 \u0219i administrativ\u0103 Pedagogie Pedagogia \u00eenv\u0103\u021b\u0103m\u00e2ntului primar \u0219i pre\u0219colar Master\/Master Degree Tehnologii avansate pentru prelucrarea informa\u021biei Studii culturale rom\u00e2ne\u0219ti \u00een context european Concepte \u015fi strategii de &hellip; <a href=\"https:\/\/timf.upg-ploiesti.ro\/ls\/ghid-de-studii\/\" class=\"more-link\">Continue reading <span class=\"screen-reader-text\">Ghid de studii<\/span> <span class=\"meta-nav\">&rarr;<\/span><\/a><\/p>\n","protected":false},"author":3,"featured_media":0,"parent":0,"menu_order":0,"comment_status":"closed","ping_status":"closed","template":"","meta":[],"_links":{"self":[{"href":"https:\/\/timf.upg-ploiesti.ro\/ls\/wp-json\/wp\/v2\/pages\/1689"}],"collection":[{"href":"https:\/\/timf.upg-ploiesti.ro\/ls\/wp-json\/wp\/v2\/pages"}],"about":[{"href":"https:\/\/timf.upg-ploiesti.ro\/ls\/wp-json\/wp\/v2\/types\/page"}],"author":[{"embeddable":true,"href":"https:\/\/timf.upg-ploiesti.ro\/ls\/wp-json\/wp\/v2\/users\/3"}],"replies":[{"embeddable":true,"href":"https:\/\/timf.upg-ploiesti.ro\/ls\/wp-json\/wp\/v2\/comments?post=1689"}],"version-history":[{"count":16,"href":"https:\/\/timf.upg-ploiesti.ro\/ls\/wp-json\/wp\/v2\/pages\/1689\/revisions"}],"predecessor-version":[{"id":1711,"href":"https:\/\/timf.upg-ploiesti.ro\/ls\/wp-json\/wp\/v2\/pages\/1689\/revisions\/1711"}],"wp:attachment":[{"href":"https:\/\/timf.upg-ploiesti.ro\/ls\/wp-json\/wp\/v2\/media?parent=1689"}],"curies":[{"name":"wp","href":"https:\/\/api.w.org\/{rel}","templated":true}]}}