{"id":1484,"date":"2019-07-08T23:14:38","date_gmt":"2019-07-08T20:14:38","guid":{"rendered":"https:\/\/timf.upg-ploiesti.ro\/ls\/?page_id=1484"},"modified":"2019-07-08T23:14:38","modified_gmt":"2019-07-08T20:14:38","slug":"master","status":"publish","type":"page","link":"https:\/\/timf.upg-ploiesti.ro\/ls\/admitere-2\/admitere\/taxe\/master\/","title":{"rendered":"Master"},"content":{"rendered":"<p><strong>Taxa de \u00eenscriere:<\/strong> <em><strong>150 lei<\/strong> <\/em>pentru fiecare program de studii\/ specializare la care se \u00eenscrie un candidat.<\/p>\n<p>Categoriile de candida\u0163i care beneficiaz\u0103 de <strong>scutire de tax\u0103 de \u00eenscriere pentru o singur\u0103 specializare<\/strong> sunt:<\/p>\n<ul>\n<li>copiii personalului didactic \u015fi didactic auxiliar aflat \u00een activitate sau pensionat;<\/li>\n<li>candida\u0163ii care sunt copii ai salaria\u0163ilor Universit\u0103\u0163ii Petrol-Gaze din Ploie\u015fti;<\/li>\n<li>candida\u0163ii care sunt salaria\u0163i ai Universit\u0103\u0163ii Petrol \u2013 Gaze din Ploie\u015fti;<\/li>\n<li>cadrele didactice din cadrul Universit\u0103\u0163ii Petrol &#8211; Gaze din Ploie\u015fti, care particip\u0103 pentru prima dat\u0103 la concursul de admitere la programele de studii universitare de master.<\/li>\n<\/ul>\n<p>Candida\u0163ii care sunt cadre didactice titulare \u00een \u00eenv\u0103\u0163\u0103m\u00e2ntul de stat beneficiaz\u0103 de o <strong>reducere de 50% a taxei de \u00eenscriere<\/strong> pentru un singur program de studii.<\/p>\n","protected":false},"excerpt":{"rendered":"<p>Taxa de \u00eenscriere: 150 lei pentru fiecare program de studii\/ specializare la care se \u00eenscrie un candidat. Categoriile de candida\u0163i care beneficiaz\u0103 de scutire de tax\u0103 de \u00eenscriere pentru o singur\u0103 specializare sunt: copiii personalului didactic \u015fi didactic auxiliar aflat \u00een activitate sau pensionat; candida\u0163ii care sunt copii ai salaria\u0163ilor Universit\u0103\u0163ii Petrol-Gaze din Ploie\u015fti; candida\u0163ii &hellip; <a href=\"https:\/\/timf.upg-ploiesti.ro\/ls\/admitere-2\/admitere\/taxe\/master\/\" class=\"more-link\">Continue reading <span class=\"screen-reader-text\">Master<\/span> <span class=\"meta-nav\">&rarr;<\/span><\/a><\/p>\n","protected":false},"author":3,"featured_media":0,"parent":1452,"menu_order":0,"comment_status":"closed","ping_status":"closed","template":"","meta":[],"_links":{"self":[{"href":"https:\/\/timf.upg-ploiesti.ro\/ls\/wp-json\/wp\/v2\/pages\/1484"}],"collection":[{"href":"https:\/\/timf.upg-ploiesti.ro\/ls\/wp-json\/wp\/v2\/pages"}],"about":[{"href":"https:\/\/timf.upg-ploiesti.ro\/ls\/wp-json\/wp\/v2\/types\/page"}],"author":[{"embeddable":true,"href":"https:\/\/timf.upg-ploiesti.ro\/ls\/wp-json\/wp\/v2\/users\/3"}],"replies":[{"embeddable":true,"href":"https:\/\/timf.upg-ploiesti.ro\/ls\/wp-json\/wp\/v2\/comments?post=1484"}],"version-history":[{"count":1,"href":"https:\/\/timf.upg-ploiesti.ro\/ls\/wp-json\/wp\/v2\/pages\/1484\/revisions"}],"predecessor-version":[{"id":1485,"href":"https:\/\/timf.upg-ploiesti.ro\/ls\/wp-json\/wp\/v2\/pages\/1484\/revisions\/1485"}],"up":[{"embeddable":true,"href":"https:\/\/timf.upg-ploiesti.ro\/ls\/wp-json\/wp\/v2\/pages\/1452"}],"wp:attachment":[{"href":"https:\/\/timf.upg-ploiesti.ro\/ls\/wp-json\/wp\/v2\/media?parent=1484"}],"curies":[{"name":"wp","href":"https:\/\/api.w.org\/{rel}","templated":true}]}}