{"id":1481,"date":"2019-07-08T23:11:50","date_gmt":"2019-07-08T20:11:50","guid":{"rendered":"https:\/\/timf.upg-ploiesti.ro\/ls\/?page_id=1481"},"modified":"2019-07-08T23:11:50","modified_gmt":"2019-07-08T20:11:50","slug":"licenta","status":"publish","type":"page","link":"https:\/\/timf.upg-ploiesti.ro\/ls\/admitere-2\/admitere\/taxe\/licenta\/","title":{"rendered":"Licen\u021b\u0103"},"content":{"rendered":"<p><strong>Taxa de \u00eenscriere:<\/strong> <em><strong>150 lei<\/strong> <\/em>pentru fiecare program de studii\/ specializare la care se \u00eenscrie un candidat.<\/p>\n<p>Categoriile de candida\u0163i care beneficiaz\u0103 <strong>de scutire de tax\u0103 de \u00eenscriere<\/strong> pentru un singur program de studii sunt:<\/p>\n<ul>\n<li>candida\u0163ii orfani de ambii p\u0103rin\u0163i;<\/li>\n<li>candida\u0163ii proveni\u0163i din casele de copii sau plasamente familiale;<\/li>\n<li>copiii personalului didactic \u015fi didactic auxiliar aflat \u00een activitate sau pensionat;<\/li>\n<li>candida\u0163ii care sunt copii ai salaria\u0163ilor Universit\u0103\u0163ii Petrol-Gaze din Ploie\u015fti;<\/li>\n<li>candida\u0163ii care sunt salaria\u0163i ai Universit\u0103\u0163ii Petrol \u2013 Gaze din Ploie\u015fti.<\/li>\n<\/ul>\n<p>Scutirea de la plata acestor taxe se face numai pe baza documentelor doveditoare prezentate de candida\u0163i \u015fi prev\u0103zute \u00een metodologia de admitere. Aprobarea scutirii se face de c\u0103tre comisiile tehnice de \u00eenscriere pe facult\u0103\u0163i. Pe dosar se men\u0163ioneaz\u0103 <em>scutit de tax\u0103 de \u00eenscriere<\/em>.<\/p>\n<p>Candida\u021bii care sunt cadre didactice titulare \u00een \u00eenv\u0103\u021b\u0103m\u00e2ntul de stat beneficiaz\u0103 de <strong>reducere de tax\u0103 de \u00eenscriere 50%<\/strong> pentru un singur program de studii. Reducerea de tax\u0103 se face numai pe baza documentelor doveditoare prezentate de candida\u0163i \u015fi prev\u0103zute \u00een metodologia de admitere. Aprobarea reducerii se face de c\u0103tre comisiile tehnice de \u00eenscriere pe facult\u0103\u0163i. Pe dosar se men\u0163ioneaz\u0103 <em>reducere tax\u0103 \u00eenscriere 50%<\/em>.<\/p>\n","protected":false},"excerpt":{"rendered":"<p>Taxa de \u00eenscriere: 150 lei pentru fiecare program de studii\/ specializare la care se \u00eenscrie un candidat. Categoriile de candida\u0163i care beneficiaz\u0103 de scutire de tax\u0103 de \u00eenscriere pentru un singur program de studii sunt: candida\u0163ii orfani de ambii p\u0103rin\u0163i; candida\u0163ii proveni\u0163i din casele de copii sau plasamente familiale; copiii personalului didactic \u015fi didactic auxiliar &hellip; <a href=\"https:\/\/timf.upg-ploiesti.ro\/ls\/admitere-2\/admitere\/taxe\/licenta\/\" class=\"more-link\">Continue reading <span class=\"screen-reader-text\">Licen\u021b\u0103<\/span> <span class=\"meta-nav\">&rarr;<\/span><\/a><\/p>\n","protected":false},"author":3,"featured_media":0,"parent":1452,"menu_order":0,"comment_status":"closed","ping_status":"closed","template":"","meta":[],"_links":{"self":[{"href":"https:\/\/timf.upg-ploiesti.ro\/ls\/wp-json\/wp\/v2\/pages\/1481"}],"collection":[{"href":"https:\/\/timf.upg-ploiesti.ro\/ls\/wp-json\/wp\/v2\/pages"}],"about":[{"href":"https:\/\/timf.upg-ploiesti.ro\/ls\/wp-json\/wp\/v2\/types\/page"}],"author":[{"embeddable":true,"href":"https:\/\/timf.upg-ploiesti.ro\/ls\/wp-json\/wp\/v2\/users\/3"}],"replies":[{"embeddable":true,"href":"https:\/\/timf.upg-ploiesti.ro\/ls\/wp-json\/wp\/v2\/comments?post=1481"}],"version-history":[{"count":1,"href":"https:\/\/timf.upg-ploiesti.ro\/ls\/wp-json\/wp\/v2\/pages\/1481\/revisions"}],"predecessor-version":[{"id":1482,"href":"https:\/\/timf.upg-ploiesti.ro\/ls\/wp-json\/wp\/v2\/pages\/1481\/revisions\/1482"}],"up":[{"embeddable":true,"href":"https:\/\/timf.upg-ploiesti.ro\/ls\/wp-json\/wp\/v2\/pages\/1452"}],"wp:attachment":[{"href":"https:\/\/timf.upg-ploiesti.ro\/ls\/wp-json\/wp\/v2\/media?parent=1481"}],"curies":[{"name":"wp","href":"https:\/\/api.w.org\/{rel}","templated":true}]}}