{"id":1463,"date":"2019-07-08T22:43:13","date_gmt":"2019-07-08T19:43:13","guid":{"rendered":"https:\/\/timf.upg-ploiesti.ro\/ls\/?page_id=1463"},"modified":"2019-07-09T17:41:41","modified_gmt":"2019-07-09T14:41:41","slug":"master","status":"publish","type":"page","link":"https:\/\/timf.upg-ploiesti.ro\/ls\/admitere-2\/admitere\/acte-de-inscriere\/master\/","title":{"rendered":"Master"},"content":{"rendered":"<div><strong>ACTELE NECESARE PENTRU \u00ceNSCRIEREA LA CONCURSUL DE ADMITERE PENTRU STUDII UNIVERSITARE DE MASTER &#8211; 2019<\/strong><\/div>\n<div><\/div>\n<div style=\"text-align: justify;\">Pentru \u00eenscrierea la concursul de admitere la studii universitare de master, la prima facultate din cadrul universit\u0103\u0163ii, la unul sau mai multe programe de master, candida\u0163ii trebuie s\u0103 depun\u0103, sub semn\u0103tur\u0103 proprie, <strong><em>un dosar plic (unic)<\/em> <\/strong>care cuprinde urm\u0103toarele acte:<\/div>\n<ul>\n<li style=\"text-align: justify;\"><strong><em>diploma de bacalaureat<\/em><\/strong>, <strong>\u00een original sau \u00een copie simpl\u0103<\/strong> certificat\u0103 conform cu originalul pe baza documentului original de secretarul sau pre\u0219edintele comisiei de admitere;<\/li>\n<li style=\"text-align: justify;\"><strong><em>diploma de licen\u0163\u0103 sau diploma de finalizare a studiilor universitare de lung\u0103 durat\u0103<\/em><\/strong>, \u00eenso\u0163it\u0103 de <strong><em>anexa acesteia (Foaia matricol\u0103 sau Suplimentul la diplom\u0103)<\/em>,<\/strong> \u00een <strong>original<\/strong> sau <strong>\u00een copie simpl\u0103<\/strong> certificat\u0103 conform cu originalul pe baza documentului original de secretarul sau pre\u0219edintele comisiei de admitere;<br \/>\n<strong>Absolven\u0163ii promo\u0163iei 2019 c\u0103rora \u00eenc\u0103 nu li s-au eliberat diploma de licen\u0163\u0103 sau echivalent\u0103 se pot \u00eenscrie pe baza <em>adeverin\u0163ei de absolvire a studiilor universitare de licen\u0163\u0103<\/em> eliberat\u0103 de o institu\u0163ie de \u00eenv\u0103\u0163\u0103m\u00e2nt superior acreditat\u0103<\/strong>, \u00een <strong>original sau<\/strong> <strong>\u00een copie simpl\u0103<\/strong> certificat\u0103 conform cu originalul pe baza documentului original de secretarul sau pre\u0219edintele comisiei de admitere;<\/li>\n<li style=\"text-align: justify;\"><strong><i>buletinul \/cartea de identitate<\/i><\/strong> \u00een <strong>copie simpl\u0103<\/strong>;<\/li>\n<li><strong><em>certificat de na\u015ftere<\/em><\/strong>, \u00een <strong>copie simpl\u0103<\/strong> certificat\u0103 conform cu originalul pe baza documentului original de secretarul sau pre\u0219edintele comisiei de admitere;<\/li>\n<li style=\"text-align: justify;\"><strong><em>certificat de c\u0103s\u0103torie,<\/em><\/strong> <strong>\u00een copie simpl\u0103<\/strong> certificat\u0103 conform cu originalul pe baza documentului original de secretarul sau pre\u0219edintele comisiei de admitere, pentru candida\u0163ii care \u015fi-au schimbat numele prin c\u0103s\u0103torie;<\/li>\n<li style=\"text-align: justify;\"><strong><em>adeverin\u0163\u0103 medical\u0103<\/em><\/strong> <strong>\u00een original<\/strong> sau<strong> \u00een copie simpl\u0103<\/strong> certificat\u0103 conform cu originalul pe baza documentului original de secretarul sau pre\u0219edintele comisiei de admitere, eliberat\u0103 de medicul de familie sau de medicul institu\u0163iei de \u00eenv\u0103\u0163\u0103m\u00e2nt superior absolvite, cu cel mult o lun\u0103 \u00eenainte de data \u00eenscrierii (cu preciz\u0103rile: <em>clinic s\u0103n\u0103tos; este\/nu este \u00een eviden\u0163\u0103 cu o boal\u0103 cronic\u0103<\/em>);<\/li>\n<li><strong>\u00a0<em>3 (trei) fotografii<\/em> 3&#215;4 cm.<\/strong><\/li>\n<\/ul>\n<p style=\"text-align: justify;\"><strong>IMPORTANT &#8211; Dosarul de \u00eenscriere trebuie completat \u0219i cu alte documente, dac\u0103 v\u0103 g\u0103si\u021bi \u00eentr-una din categoriile prezentate la sec\u021biunea <a href=\"https:\/\/timf.upg-ploiesti.ro\/ls\/wp-content\/uploads\/2019\/07\/cazuri_speciale_master.pdf\">Cazuri speciale<\/a> din Metodologia de organizare \u0219i desf\u0103\u0219urare a concursului de admitere la studii universitare de master 2019.<\/strong><\/p>\n<div style=\"text-align: justify;\"><strong>Pentru \u00eenscrierea la concursul de admitere la \u00eenv\u0103\u0163\u0103m\u00e2ntul universitar de master la a doua facultate \u015fi urm\u0103toarele din cadrul universit\u0103\u0163ii, la unul sau mai multe programe de master<\/strong>, un candidat trebuie s\u0103 depun\u0103, pe l\u00e2ng\u0103 dosarul unic depus la prima facultate, un dosar plic care con\u0163ine urm\u0103toarele:<\/div>\n<ul>\n<li style=\"text-align: justify;\"><em>adeverin\u0163\u0103 eliberat\u0103 de Comisia de admitere de la prima facultate<\/em> la care s-a \u00eenscris. Adeverin\u0163a trebuie s\u0103 fie \u015ftampilat\u0103 \u015fi semnat\u0103 de c\u0103tre pre\u015fedintele sau secretarul Comisiei de admitere a facult\u0103\u0163ii care a emis-o;<\/li>\n<li style=\"text-align: justify;\"><em>copie simpl\u0103 a diplomei de licen\u0163\u0103\/echivalent\u0103\/ a adeverin\u0163ei de absolvire a studiilor universitare de licen\u0163\u0103 pentru absolven\u0163ii promo\u0163iei 2019, eliberat\u0103 de Comisia de admitere de la prima facultate la care s-a \u00eenscris,<\/em> \u015ftampilat\u0103 \u015fi vizat\u0103 conform cu originalul de c\u0103tre pre\u015fedintele sau secretarul Comisiei de admitere a acestei facult\u0103\u0163i.<\/li>\n<\/ul>\n","protected":false},"excerpt":{"rendered":"<p>ACTELE NECESARE PENTRU \u00ceNSCRIEREA LA CONCURSUL DE ADMITERE PENTRU STUDII UNIVERSITARE DE MASTER &#8211; 2019 Pentru \u00eenscrierea la concursul de admitere la studii universitare de master, la prima facultate din cadrul universit\u0103\u0163ii, la unul sau mai multe programe de master, candida\u0163ii trebuie s\u0103 depun\u0103, sub semn\u0103tur\u0103 proprie, un dosar plic (unic) care cuprinde urm\u0103toarele acte: &hellip; <a href=\"https:\/\/timf.upg-ploiesti.ro\/ls\/admitere-2\/admitere\/acte-de-inscriere\/master\/\" class=\"more-link\">Continue reading <span class=\"screen-reader-text\">Master<\/span> <span class=\"meta-nav\">&rarr;<\/span><\/a><\/p>\n","protected":false},"author":3,"featured_media":0,"parent":1455,"menu_order":0,"comment_status":"closed","ping_status":"closed","template":"","meta":[],"_links":{"self":[{"href":"https:\/\/timf.upg-ploiesti.ro\/ls\/wp-json\/wp\/v2\/pages\/1463"}],"collection":[{"href":"https:\/\/timf.upg-ploiesti.ro\/ls\/wp-json\/wp\/v2\/pages"}],"about":[{"href":"https:\/\/timf.upg-ploiesti.ro\/ls\/wp-json\/wp\/v2\/types\/page"}],"author":[{"embeddable":true,"href":"https:\/\/timf.upg-ploiesti.ro\/ls\/wp-json\/wp\/v2\/users\/3"}],"replies":[{"embeddable":true,"href":"https:\/\/timf.upg-ploiesti.ro\/ls\/wp-json\/wp\/v2\/comments?post=1463"}],"version-history":[{"count":6,"href":"https:\/\/timf.upg-ploiesti.ro\/ls\/wp-json\/wp\/v2\/pages\/1463\/revisions"}],"predecessor-version":[{"id":1500,"href":"https:\/\/timf.upg-ploiesti.ro\/ls\/wp-json\/wp\/v2\/pages\/1463\/revisions\/1500"}],"up":[{"embeddable":true,"href":"https:\/\/timf.upg-ploiesti.ro\/ls\/wp-json\/wp\/v2\/pages\/1455"}],"wp:attachment":[{"href":"https:\/\/timf.upg-ploiesti.ro\/ls\/wp-json\/wp\/v2\/media?parent=1463"}],"curies":[{"name":"wp","href":"https:\/\/api.w.org\/{rel}","templated":true}]}}