{"id":1458,"date":"2019-07-08T22:33:28","date_gmt":"2019-07-08T19:33:28","guid":{"rendered":"https:\/\/timf.upg-ploiesti.ro\/ls\/?page_id=1458"},"modified":"2019-07-09T17:30:31","modified_gmt":"2019-07-09T14:30:31","slug":"licenta-2","status":"publish","type":"page","link":"https:\/\/timf.upg-ploiesti.ro\/ls\/admitere-2\/admitere\/acte-de-inscriere\/licenta-2\/","title":{"rendered":"Licen\u021b\u0103"},"content":{"rendered":"<p><strong>ACTELE\u00a0 NECESARE PENTRU \u00ceNSCRIEREA LA CONCURSUL DE ADMITERE PENTRU STUDII UNIVERSITARE DE LICEN\u0162\u0102 &#8211; 2019<\/strong><\/p>\n<p style=\"text-align: justify;\">Pentru \u00eenscrierea la concursul de admitere la \u00eenv\u0103\u0163\u0103m\u00e2ntul universitar de licen\u0163\u0103, la prima facultate din cadrul universit\u0103\u0163ii, la unul sau mai multe domenii, candida\u0163ii trebuie s\u0103 depun\u0103, sub semn\u0103tur\u0103 proprie, <strong>un dosar plic (unic)<\/strong> care cuprinde urm\u0103toarele acte:<\/p>\n<ul>\n<li style=\"text-align: justify;\">\u00a0<strong><em>diploma de bacalaureat<\/em><\/strong> sau <strong><em>adeverin\u0163a de promovare a examenului na\u0163ional de bacalaureat<\/em> <\/strong>(<em>pentru absolven\u0163ii din promo\u0163ia 2019<\/em>) sau diploma echivalent\u0103 cu aceasta, <strong>\u00een original sau \u00een copie simpl\u0103 <\/strong>certificat\u0103 conform cu originalul pe baza documentului original de secretarul sau pre\u0219edintele comisiei de admitere;<\/li>\n<li style=\"text-align: justify;\"><strong><em>b<\/em><em>uletinul\/cartea de identitate<\/em><\/strong> \u00een <strong>copie simpl\u0103<\/strong>;<\/li>\n<li style=\"text-align: justify;\"><strong><em>certificatul de na\u015ftere<\/em><\/strong> \u00een <strong>copie simpl\u0103 <\/strong>certificat\u0103 conform cu originalul pe baza documentului original de secretarul sau pre\u0219edintele comisiei de admitere;<\/li>\n<li style=\"text-align: justify;\"><strong><em>certificatul de c\u0103s\u0103torie<\/em><\/strong> \u00een <strong>copie simpl\u0103<\/strong> certificat\u0103 conform cu originalul pe baza documentului original de secretarul sau pre\u0219edintele comisiei de admitere, pentru candida\u0163ii care \u015fi-au schimbat numele prin c\u0103s\u0103torie;<\/li>\n<li><strong><em>3 (trei) fotografii<\/em> 3&#215;4 cm;<\/strong><\/li>\n<li style=\"text-align: justify;\"><strong><em>adeverin\u0163a medical\u0103<\/em><\/strong>, \u00een <strong>original sau \u00een copie simpl\u0103<\/strong> certificat\u0103 conform cu originalul pe baza documentului original de secretarul sau pre\u0219edintele comisiei de admitere, cu precizarea \u201eclinic s\u0103n\u0103tos\u201d, eliberat\u0103 de medicul de familie sau de c\u0103tre medicul liceului absolvit, cu cel mult o lun\u0103 \u00eenainte de data \u00eenscrierii. Candida\u0163ii cu afec\u0163iuni cronice vor prezenta adeverin\u0163e medicale vizate de medicul de familie; \u00een aceste adeverin\u0163e se va men\u0163iona \u00een mod expres gradul deficien\u0163elor, \u00een func\u0163ie de localizarea acestora \u015fi se va preciza dac\u0103 exist\u0103 avizul favorabil al medicilor de specialitate pentru op\u0163iunea educa\u0163ional\u0103 a candidatului. Candida\u0163ii care nu declar\u0103 afec\u0163iunile cronice sau prezint\u0103 adeverin\u0163e medicale neconforme cu starea lor de s\u0103n\u0103tate risc\u0103 s\u0103 suporte toate consecin\u0163ele prev\u0103zute de lege pentru astfel de fapte.<\/li>\n<\/ul>\n<p style=\"text-align: justify;\"><strong>IMPORTANT &#8211; Dosarul de \u00eenscriere trebuie completat \u0219i cu alte documente, dac\u0103 v\u0103 g\u0103si\u021bi \u00eentr-una din categoriile prezentate la sec\u021biunea <a href=\"https:\/\/timf.upg-ploiesti.ro\/ls\/wp-content\/uploads\/2019\/07\/cazuri_speciale_licen\u021b\u0103.pdf\">Cazuri speciale<\/a> din Metodologia de organizare \u0219i desf\u0103\u0219urare a concursului de admitere la studii universitare de licen\u021b\u0103 2019.<\/strong><\/p>\n<p><strong>Pentru \u00eenscrierea la concursul de admitere la \u00eenv\u0103\u0163\u0103m\u00e2ntul universitar de licen\u0163\u0103 la a doua facultate \u015fi urm\u0103toarele din cadrul universit\u0103\u0163ii, la unul sau mai multe domenii<\/strong>, un candidat trebuie depune, pe l\u00e2ng\u0103 dosarul unic depus la prima facultate, un <em>dosar plic<\/em> care trebuie s\u0103 con\u0163in\u0103 urm\u0103toarele:<\/p>\n<ul>\n<li><em>adeverin\u0163\u0103 eliberat\u0103 de Comisia de admitere de la prima facultate<\/em> la care s-a \u00eenscris. Adeverin\u0163a trebuie s\u0103 fie \u015ftampilat\u0103 \u015fi semnat\u0103 de pre\u015fedintele sau de secretarul Comisiei de admitere a facult\u0103\u0163ii care a emis-o;<\/li>\n<li><em>copie simpl\u0103 a diplomei de bacalaureat\/a adeverin\u0163ei de absolvire a liceului pentru promo\u0163ia 2019, eliberat\u0103 de Comisia de admitere de la prima facultate<\/em> la care s-a \u00eenscris, certificat\u0103 conform cu originalul de pre\u015fedintele sau secretarul Comisiei de admitere a acestei facult\u0103\u0163i.<\/li>\n<\/ul>\n","protected":false},"excerpt":{"rendered":"<p>ACTELE\u00a0 NECESARE PENTRU \u00ceNSCRIEREA LA CONCURSUL DE ADMITERE PENTRU STUDII UNIVERSITARE DE LICEN\u0162\u0102 &#8211; 2019 Pentru \u00eenscrierea la concursul de admitere la \u00eenv\u0103\u0163\u0103m\u00e2ntul universitar de licen\u0163\u0103, la prima facultate din cadrul universit\u0103\u0163ii, la unul sau mai multe domenii, candida\u0163ii trebuie s\u0103 depun\u0103, sub semn\u0103tur\u0103 proprie, un dosar plic (unic) care cuprinde urm\u0103toarele acte: \u00a0diploma de &hellip; <a href=\"https:\/\/timf.upg-ploiesti.ro\/ls\/admitere-2\/admitere\/acte-de-inscriere\/licenta-2\/\" class=\"more-link\">Continue reading <span class=\"screen-reader-text\">Licen\u021b\u0103<\/span> <span class=\"meta-nav\">&rarr;<\/span><\/a><\/p>\n","protected":false},"author":3,"featured_media":0,"parent":1455,"menu_order":0,"comment_status":"closed","ping_status":"closed","template":"","meta":[],"_links":{"self":[{"href":"https:\/\/timf.upg-ploiesti.ro\/ls\/wp-json\/wp\/v2\/pages\/1458"}],"collection":[{"href":"https:\/\/timf.upg-ploiesti.ro\/ls\/wp-json\/wp\/v2\/pages"}],"about":[{"href":"https:\/\/timf.upg-ploiesti.ro\/ls\/wp-json\/wp\/v2\/types\/page"}],"author":[{"embeddable":true,"href":"https:\/\/timf.upg-ploiesti.ro\/ls\/wp-json\/wp\/v2\/users\/3"}],"replies":[{"embeddable":true,"href":"https:\/\/timf.upg-ploiesti.ro\/ls\/wp-json\/wp\/v2\/comments?post=1458"}],"version-history":[{"count":5,"href":"https:\/\/timf.upg-ploiesti.ro\/ls\/wp-json\/wp\/v2\/pages\/1458\/revisions"}],"predecessor-version":[{"id":1498,"href":"https:\/\/timf.upg-ploiesti.ro\/ls\/wp-json\/wp\/v2\/pages\/1458\/revisions\/1498"}],"up":[{"embeddable":true,"href":"https:\/\/timf.upg-ploiesti.ro\/ls\/wp-json\/wp\/v2\/pages\/1455"}],"wp:attachment":[{"href":"https:\/\/timf.upg-ploiesti.ro\/ls\/wp-json\/wp\/v2\/media?parent=1458"}],"curies":[{"name":"wp","href":"https:\/\/api.w.org\/{rel}","templated":true}]}}