{"id":1449,"date":"2019-07-08T22:20:57","date_gmt":"2019-07-08T19:20:57","guid":{"rendered":"https:\/\/timf.upg-ploiesti.ro\/ls\/?page_id=1449"},"modified":"2019-09-09T13:01:52","modified_gmt":"2019-09-09T10:01:52","slug":"master","status":"publish","type":"page","link":"https:\/\/timf.upg-ploiesti.ro\/ls\/admitere-2\/admitere\/calendar\/master\/","title":{"rendered":"Master"},"content":{"rendered":"<p><a href=\"https:\/\/www.upg-ploiesti.ro\/sites\/default\/files\/admitere\/master\/2019\/calendar_admitere_2019_septembrie_master.pdf\">Programul de desf\u0103\u015furare a concursului de admitere la studii universitare de master Sesiunea Septembrie 2019<\/a><\/p>\n<p><a href=\"https:\/\/www.upg-ploiesti.ro\/sites\/default\/files\/admitere\/master\/2019\/calendar_admitere_2019_iulie_master.pdf\">Programul de desf\u0103\u015furare a concursului de admitere la studii universitare de master Sesiunea de var\u0103 2019<\/a><\/p>\n","protected":false},"excerpt":{"rendered":"<p>Programul de desf\u0103\u015furare a concursului de admitere la studii universitare de master Sesiunea Septembrie 2019 Programul de desf\u0103\u015furare a concursului de admitere la studii universitare de master Sesiunea de var\u0103 2019<\/p>\n","protected":false},"author":3,"featured_media":0,"parent":1435,"menu_order":0,"comment_status":"closed","ping_status":"closed","template":"","meta":[],"_links":{"self":[{"href":"https:\/\/timf.upg-ploiesti.ro\/ls\/wp-json\/wp\/v2\/pages\/1449"}],"collection":[{"href":"https:\/\/timf.upg-ploiesti.ro\/ls\/wp-json\/wp\/v2\/pages"}],"about":[{"href":"https:\/\/timf.upg-ploiesti.ro\/ls\/wp-json\/wp\/v2\/types\/page"}],"author":[{"embeddable":true,"href":"https:\/\/timf.upg-ploiesti.ro\/ls\/wp-json\/wp\/v2\/users\/3"}],"replies":[{"embeddable":true,"href":"https:\/\/timf.upg-ploiesti.ro\/ls\/wp-json\/wp\/v2\/comments?post=1449"}],"version-history":[{"count":2,"href":"https:\/\/timf.upg-ploiesti.ro\/ls\/wp-json\/wp\/v2\/pages\/1449\/revisions"}],"predecessor-version":[{"id":1577,"href":"https:\/\/timf.upg-ploiesti.ro\/ls\/wp-json\/wp\/v2\/pages\/1449\/revisions\/1577"}],"up":[{"embeddable":true,"href":"https:\/\/timf.upg-ploiesti.ro\/ls\/wp-json\/wp\/v2\/pages\/1435"}],"wp:attachment":[{"href":"https:\/\/timf.upg-ploiesti.ro\/ls\/wp-json\/wp\/v2\/media?parent=1449"}],"curies":[{"name":"wp","href":"https:\/\/api.w.org\/{rel}","templated":true}]}}