{"id":13,"date":"2015-10-03T13:03:42","date_gmt":"2015-10-03T13:03:42","guid":{"rendered":"https:\/\/timf.upg-ploiesti.ro\/ls\/?page_id=13"},"modified":"2020-11-20T13:05:18","modified_gmt":"2020-11-20T11:05:18","slug":"educatie","status":"publish","type":"page","link":"https:\/\/timf.upg-ploiesti.ro\/ls\/educatie\/","title":{"rendered":"Educa\u021bie"},"content":{"rendered":"<h3>PLANURI DE \u00ceNV\u0102\u021a\u0102M\u00c2NT<\/h3>\n<h5>Anul universitar 2020 &#8211; 2021<\/h5>\n<p><strong>Studii universitare de licen\u021b\u0103<\/strong>:<\/p>\n<ul>\n<li>\u00a0<a href=\"https:\/\/timf.upg-ploiesti.ro\/ls\/wp-content\/uploads\/2015\/10\/AnPreg.pdf\">An Preg\u0103titor<\/a><\/li>\n<li><a href=\"https:\/\/timf.upg-ploiesti.ro\/ls\/wp-content\/uploads\/2015\/10\/AP_20_21.zip\">Administra\u021bie Public\u0103<\/a><\/li>\n<li><a href=\"https:\/\/timf.upg-ploiesti.ro\/ls\/wp-content\/uploads\/2015\/10\/AMA_20_21.zip\">Asisten\u021b\u0103 Managerial\u0103 \u0219i Administrativ\u0103<\/a><\/li>\n<li><a href=\"https:\/\/timf.upg-ploiesti.ro\/ls\/wp-content\/uploads\/2015\/10\/EF_20_21.zip\">Englez\u0103 &#8211; Francez\u0103<\/a><\/li>\n<li><a href=\"https:\/\/timf.upg-ploiesti.ro\/ls\/wp-content\/uploads\/2015\/10\/RE_20_21.zip\">Rom\u00e2n\u0103 &#8211; Englez\u0103<\/a><\/li>\n<li><a href=\"https:\/\/timf.upg-ploiesti.ro\/ls\/wp-content\/uploads\/2015\/10\/INF_20_21.zip\">Informatic\u0103<\/a><\/li>\n<li><a href=\"https:\/\/timf.upg-ploiesti.ro\/ls\/wp-content\/uploads\/2015\/10\/PED_20_21.zip\">Pedagogie<\/a><\/li>\n<li><a href=\"https:\/\/timf.upg-ploiesti.ro\/ls\/wp-content\/uploads\/2015\/10\/PIPP_20_211.zip\">Pedagogia \u00cenv\u0103\u021b\u0103m\u00e2ntului Primar \u0219i Pre\u0219colar<\/a><\/li>\n<\/ul>\n<p><strong>Studii universitare de master<\/strong>:<\/p>\n<ul>\n<li><a href=\"https:\/\/timf.upg-ploiesti.ro\/ls\/wp-content\/uploads\/2015\/10\/SCRCE_20_21.zip\">Studii Culturale Rom\u00e2ne\u0219ti \u00een Context European<\/a><\/li>\n<li><a href=\"https:\/\/timf.upg-ploiesti.ro\/ls\/wp-content\/uploads\/2015\/10\/CSCI_20_21.zip\">Concepte \u015fi Strategii de Comunicare Intercultural\u0103<\/a><\/li>\n<li><a href=\"https:\/\/timf.upg-ploiesti.ro\/ls\/wp-content\/uploads\/2015\/10\/TAPI_20_21.zip\">Tehnologii Avansate pentru Prelucrarea Informa\u0163iei<\/a><\/li>\n<li><a href=\"https:\/\/timf.upg-ploiesti.ro\/ls\/wp-content\/uploads\/2015\/10\/APIE_20_21.zip\">Administra\u021bie Public\u0103 \u015fi Integrare European\u0103<\/a><\/li>\n<li><a href=\"https:\/\/timf.upg-ploiesti.ro\/ls\/wp-content\/uploads\/2015\/10\/CSDC_20_21.zip\">Consiliere \u0218colar\u0103 \u015fi Dezvoltarea Carierei<\/a><\/li>\n<li><a href=\"https:\/\/timf.upg-ploiesti.ro\/ls\/wp-content\/uploads\/2015\/10\/MMEIZ_20_21.zip\">Management Educa\u021bional \u0219i Integrare European\u0103<\/a><\/li>\n<\/ul>\n<h5>Anul universitar 2019 &#8211; 2020<\/h5>\n<p>Studii universitare de licen\u021b\u0103:<\/p>\n<ul>\n<li>\u00a0<a href=\"https:\/\/timf.upg-ploiesti.ro\/ls\/wp-content\/uploads\/2015\/10\/FLS_APR.pdf\">An Preg\u0103titor<\/a><\/li>\n<li><a href=\"https:\/\/timf.upg-ploiesti.ro\/ls\/wp-content\/uploads\/2015\/10\/Administratie-Publica.zip\">Administra\u021bie Public\u0103<\/a><\/li>\n<li><a href=\"https:\/\/timf.upg-ploiesti.ro\/ls\/wp-content\/uploads\/2015\/10\/Asistenta-Manageriala-si-Administrativa.zip\">Asisten\u021b\u0103 Managerial\u0103 \u0219i Administrativ\u0103<\/a><\/li>\n<li><a href=\"https:\/\/timf.upg-ploiesti.ro\/ls\/wp-content\/uploads\/2015\/10\/Engleza-Franceza.zip\">Englez\u0103 &#8211; Francez\u0103<\/a><\/li>\n<li><a href=\"https:\/\/timf.upg-ploiesti.ro\/ls\/wp-content\/uploads\/2015\/10\/Romana-Engleza.zip\">Rom\u00e2n\u0103 &#8211; Englez\u0103<\/a><\/li>\n<li><a href=\"https:\/\/timf.upg-ploiesti.ro\/ls\/wp-content\/uploads\/2015\/10\/Informatica.zip\">Informatic\u0103<\/a><\/li>\n<li><a href=\"https:\/\/timf.upg-ploiesti.ro\/ls\/wp-content\/uploads\/2015\/10\/Pedagogie.zip\">Pedagogie<\/a><\/li>\n<li><a href=\"https:\/\/timf.upg-ploiesti.ro\/ls\/wp-content\/uploads\/2015\/10\/PIPP.zip\">Pedagogia \u00cenv\u0103\u021b\u0103m\u00e2ntului Primar \u0219i Pre\u0219colar<\/a><\/li>\n<\/ul>\n<p>Studii universitare de master:<\/p>\n<ul>\n<li><a href=\"https:\/\/timf.upg-ploiesti.ro\/ls\/wp-content\/uploads\/2015\/10\/SCRCE.zip\">Studii Culturale Rom\u00e2ne\u0219ti \u00een Context European<\/a><\/li>\n<li><a href=\"https:\/\/timf.upg-ploiesti.ro\/ls\/wp-content\/uploads\/2015\/10\/CSCI.zip\">Concepte \u015fi Strategii de Comunicare Intercultural\u0103<\/a><\/li>\n<li><a href=\"https:\/\/timf.upg-ploiesti.ro\/ls\/wp-content\/uploads\/2015\/10\/TAPI.zip\">Tehnologii Avansate pentru Prelucrarea Informa\u0163iei<\/a><\/li>\n<li><a href=\"https:\/\/timf.upg-ploiesti.ro\/ls\/wp-content\/uploads\/2015\/10\/APIE.zip\">Administra\u021bie Public\u0103 \u015fi Integrare European\u0103<\/a><\/li>\n<li><a href=\"https:\/\/timf.upg-ploiesti.ro\/ls\/wp-content\/uploads\/2015\/10\/CSDC.zip\">Consiliere \u0218colar\u0103 \u015fi Dezvoltarea Carierei<\/a><\/li>\n<li><a href=\"https:\/\/timf.upg-ploiesti.ro\/ls\/wp-content\/uploads\/2015\/10\/MEIE.zip\">Management Educa\u021bional \u0219i Integrare European\u0103<\/a><\/li>\n<\/ul>\n<h5>Arhiv\u0103 planuri de \u00eenv\u0103\u021b\u0103m\u00e2nt (anterior anului universitar 2019 &#8211; 2020)<\/h5>\n<ul>\n<li><strong>\u00a0an universitar 2018 &#8211; 2018 (<a href=\"https:\/\/timf.upg-ploiesti.ro\/ls\/wp-content\/uploads\/2015\/10\/PLANURI-DE-INVATAMANT-2018-2019.zip\">Arhiv\u0103 planuri de \u00eenv\u0103\u021b\u0103m\u00e2nt<\/a>)<\/strong><\/li>\n<li><strong>an universitar 2017 &#8211; 2018 (<\/strong><strong><a href=\"https:\/\/timf.upg-ploiesti.ro\/ls\/files2\/planuri%20revizuite%20in%202017-2018%20anul%20I%20-%20v2.zip\">arhiva planuri revizuite<\/a><\/strong>, valabile \u00eencep\u00e2nd cu anul I 2017-2018;\u00a0<strong><a href=\"https:\/\/timf.upg-ploiesti.ro\/ls\/files2\/planuri%20vechi%20-%20anul%20III%2C%20II%2C%20I%20-%202017-2018.zip\">arhiva planuri valabile<\/a><\/strong> pentru anul I, cu excep\u021bia celor revizuite, respectiv pentru anii II \u0219i III)<\/li>\n<li><strong>an universitar 2016 &#8211; 2017<\/strong> (<strong><a href=\"https:\/\/timf.upg-ploiesti.ro\/ls\/files2\/planuri%20invatamant%20valabile%202016-2017.rar\">arhiv\u0103 planuri de \u00eenv\u0103\u021b\u0103m\u00e2nt<\/a><\/strong>)<\/li>\n<li><strong>an universitar 2015 &#8211; 2016<\/strong> (<a href=\"https:\/\/timf.upg-ploiesti.ro\/ls\/files2\/planuri_invatamant_2015-2016.zip\"><strong>arhiv\u0103 planuri de \u00eenv\u0103\u021b\u0103m\u00e2nt<\/strong><\/a>)<\/li>\n<li><strong>an universitar 2014 &#8211; 2015<\/strong> (<a href=\"\/images\/files\/planuri%20invatamint%202014-2015.rar\"><strong>arhiv\u0103 planuri de \u00eenv\u0103\u021b\u0103m\u00e2nt)<\/strong><\/a><\/li>\n<li><strong>an universitar 2013 &#8211; 2014<\/strong> (<strong><a href=\"\/images\/files\/Plan%20de%20invatamant%20LS%202013-2014.zip\">arhiv\u0103 planuri de \u00eenv\u0103\u021b\u0103m\u00e2nt<\/a><\/strong>)<\/li>\n<li><strong>an universitar 2012 &#8211; 2013<\/strong> (<a href=\"https:\/\/timf.upg-ploiesti.ro\/ls\/wp-content\/uploads\/2015\/10\/PLANURI-DE-\u00ceNV\u0102\u021a\u0102M\u00c2NT-2012-2013-LS.zip\"><strong>arhiv\u0103 planuri de \u00eenv\u0103\u021b\u0103m\u00e2nt<\/strong><\/a>)<\/li>\n<\/ul>\n<h5>Men\u021binerea acredit\u0103rii, cu calificativul maxim, pentru programul de studii universitare de masterat Tehnologii Avansate pentru Prelucrarea Informa\u021biei (\u00eenfiin\u021bat \u00een 2004) \u0219i pentru domeniul de masterat Informatic\u0103<\/h5>\n<p>\u00cen urma reevalu\u0103rii periodice, f\u0103cute o dat\u0103 la 5 ani, <em>domeniul de masterat Informatic\u0103 \u0219i programul de studii universitare de masterat Tehnologii Avansate pentru Prelucrarea Informa\u021biei \u00ee\u0219i men\u021bin acreditarea, cu calificativul maxim <\/em>&#8211; detalii <strong><a href=\"http:\/\/www.aracis.ro\/uploads\/media\/21.03.2019Hotarari_ale_Consiliului_ARACIS.pdf\">aici.<\/a><\/strong><\/p>\n<h3>Men\u021binerea acredit\u0103rii, cu calificativul maxim, pentru specializarea Rom\u00e2n\u0103-Englez\u0103<\/h3>\n<p>\u00cen urma reevaluarii periodice, f\u0103cute o dat\u0103 la 5 ani, specializarea Rom\u00e2n\u0103-Englez\u0103 \u00ee\u0219i men\u021bine acreditarea, cu calificativul maxim \u0219i men\u021binerea num\u0103rului de locuri la 150 &#8211; detalii <a href=\"http:\/\/www.aracis.ro\/uploads\/media\/_Hotarari_ale_Consiliului_ARACIS_din_29.06.2017__01.pdf\">aici.<\/a><\/p>\n<h3>Men\u021binerea acredit\u0103rii, cu calificativul maxim, pentru specializarea Informatic\u0103<\/h3>\n<p>\u00cen urma reevaluarii periodice, f\u0103cute o dat\u0103 la 5 ani, specializarea Informatic\u0103 \u00ee\u0219i men\u021bine acreditarea, cu calificativul maxim \u0219i cresterea num\u0103rului de locuri la 75 &#8211; detalii <a href=\"http:\/\/www.aracis.ro\/uploads\/media\/Hotarari_ale_Consiliului_ARACIS_din_30.05.2017.pdf\">aici.<\/a><\/p>\n<h3><strong><span lang=\"IT\" style=\"font-size: 20pt; font-family: 'Calibri','sans-serif';\">Responsabili de programe de studii<\/span><\/strong><strong><span lang=\"IT\" style=\"font-size: 20pt; font-family: 'Calibri','sans-serif';\"><br \/>\n<\/span><\/strong><\/h3>\n<ul>\n<li>Departamentul Tehnologia Informa\u021biei, Matematic\u0103, Fizic\u0103\n<ul>\n<li><em>Informatic\u0103<\/em>: conf. dr. inf. Gabriela Moise<\/li>\n<li><em>Tehnologii Avansate pentru Prelucrarea Informa\u021biei<\/em>: conf. dr. ing. Monica Vl\u0103doiu<\/li>\n<\/ul>\n<\/li>\n<li>Departamentul \u0218tiin\u021bele Educa\u021biei (<a href=\"\/images\/files\/responsabilii%20de%20program%20DSE.pdf\">responsabilii de program \u0218tiin\u021bele Educa\u021biei<\/a>)<\/li>\n<li>Departamentul Filologie<\/li>\n<\/ul>\n<h3>Responsabilii pe specializ\u0103ri \u0219i ani de studiu<\/h3>\n<ul>\n<li>Departamentul Tehnologia Informa\u021biei, Matematic\u0103, Fizic\u0103(<a href=\"https:\/\/timf.upg-ploiesti.ro\/www\/educatie\/licenta-informatica\/\">licen\u021b\u0103<\/a>, <a href=\"https:\/\/timf.upg-ploiesti.ro\/www\/educatie\/master-informatica\/\">master<\/a>)<\/li>\n<li>Departamentul \u0218tiin\u021bele Educa\u021biei (<a href=\"https:\/\/timf.upg-ploiesti.ro\/ls\/wp-content\/uploads\/2015\/10\/tutori-SED.pdf\">licen\u021b\u0103, master<\/a>)<\/li>\n<li>Departamentul Filologie (<a href=\"https:\/\/timf.upg-ploiesti.ro\/ls\/wp-content\/uploads\/2015\/10\/indrumatori_Filologie_licenta.png\">licen\u021b\u0103<\/a>, <a href=\"https:\/\/timf.upg-ploiesti.ro\/ls\/wp-content\/uploads\/2015\/10\/indrumatori_Filologie_licenta.png\">master<\/a>)<\/li>\n<\/ul>\n<p>&nbsp;<\/p>\n<hr \/>\n<p>&nbsp;<\/p>\n","protected":false},"excerpt":{"rendered":"<p>PLANURI DE \u00ceNV\u0102\u021a\u0102M\u00c2NT Anul universitar 2020 &#8211; 2021 Studii universitare de licen\u021b\u0103: \u00a0An Preg\u0103titor Administra\u021bie Public\u0103 Asisten\u021b\u0103 Managerial\u0103 \u0219i Administrativ\u0103 Englez\u0103 &#8211; Francez\u0103 Rom\u00e2n\u0103 &#8211; Englez\u0103 Informatic\u0103 Pedagogie Pedagogia \u00cenv\u0103\u021b\u0103m\u00e2ntului Primar \u0219i Pre\u0219colar Studii universitare de master: Studii Culturale Rom\u00e2ne\u0219ti \u00een Context European Concepte \u015fi Strategii de Comunicare Intercultural\u0103 Tehnologii Avansate pentru Prelucrarea Informa\u0163iei Administra\u021bie &hellip; <a href=\"https:\/\/timf.upg-ploiesti.ro\/ls\/educatie\/\" class=\"more-link\">Continue reading <span class=\"screen-reader-text\">Educa\u021bie<\/span> <span class=\"meta-nav\">&rarr;<\/span><\/a><\/p>\n","protected":false},"author":2,"featured_media":0,"parent":0,"menu_order":0,"comment_status":"closed","ping_status":"closed","template":"","meta":[],"_links":{"self":[{"href":"https:\/\/timf.upg-ploiesti.ro\/ls\/wp-json\/wp\/v2\/pages\/13"}],"collection":[{"href":"https:\/\/timf.upg-ploiesti.ro\/ls\/wp-json\/wp\/v2\/pages"}],"about":[{"href":"https:\/\/timf.upg-ploiesti.ro\/ls\/wp-json\/wp\/v2\/types\/page"}],"author":[{"embeddable":true,"href":"https:\/\/timf.upg-ploiesti.ro\/ls\/wp-json\/wp\/v2\/users\/2"}],"replies":[{"embeddable":true,"href":"https:\/\/timf.upg-ploiesti.ro\/ls\/wp-json\/wp\/v2\/comments?post=13"}],"version-history":[{"count":78,"href":"https:\/\/timf.upg-ploiesti.ro\/ls\/wp-json\/wp\/v2\/pages\/13\/revisions"}],"predecessor-version":[{"id":2913,"href":"https:\/\/timf.upg-ploiesti.ro\/ls\/wp-json\/wp\/v2\/pages\/13\/revisions\/2913"}],"wp:attachment":[{"href":"https:\/\/timf.upg-ploiesti.ro\/ls\/wp-json\/wp\/v2\/media?parent=13"}],"curies":[{"name":"wp","href":"https:\/\/api.w.org\/{rel}","templated":true}]}}