{"id":1292,"date":"2019-06-10T09:03:16","date_gmt":"2019-06-10T06:03:16","guid":{"rendered":"https:\/\/timf.upg-ploiesti.ro\/ls\/?page_id=1292"},"modified":"2020-07-06T21:55:56","modified_gmt":"2020-07-06T18:55:56","slug":"studii-universitare-de-master","status":"publish","type":"page","link":"https:\/\/timf.upg-ploiesti.ro\/ls\/admitere-2\/admitere\/studii-universitare-de-master\/","title":{"rendered":"Tematica admitere Master"},"content":{"rendered":"<h3><strong>Tematica examenului de admitere la studii universitare de master:<\/strong><\/h3>\n<ul>\n<li><a href=\"https:\/\/timf.upg-ploiesti.ro\/ls\/wp-content\/uploads\/2019\/06\/Tematica-admitere-Master_CSCI_SCRCE_Domeniul-Stiinte-Umaniste-2020.pdf\">Domeniul Filologie &#8211; specializ\u0103ri: Concepte \u0219i Strategii de Comunicare Intercultural\u0103 (CSCI) \u0219i Studii Culturale Rom\u00e2ne\u0219ti \u00een Context European(SCRCE); <\/a><i><\/i>\n<ul>\n<li><i>forma de examinare &#8211; eseu, \u00eenc\u0103rcat pe platforma online sau depus \u00een dosarul fizic la sediul UPG;<\/i><\/li>\n<\/ul>\n<\/li>\n<li><a href=\"https:\/\/timf.upg-ploiesti.ro\/ls\/wp-content\/uploads\/2019\/06\/Tematica_Admitere_Masterat_2020_ITIMFM.pdf\">Domeniul Informatic\u0103 &#8211; specializarea: Tehnologii Avansate pentru Prelucrarea Informa\u021biei;<\/a>\n<ul>\n<li style=\"text-align: justify;\">Forma de examinare pentru admitere la programul de master Tehnologii Avansate pentru Prelucrarea Informa\u021biei, domeniul Informatic\u0103, const\u0103 dintr-o <em>prob\u0103 oral\u0103 cu \u00eentreb\u0103ri din tematica afi\u0219at\u0103 pe site<\/em><\/li>\n<li>(<a href=\"https:\/\/timf.upg-ploiesti.ro\/ls\/wp-content\/uploads\/2019\/06\/Tematica_Admitere_Masterat_2020_ITIMFM.pdf\">https:\/\/timf.upg-ploiesti.ro\/ls\/wp-content\/uploads\/2019\/06\/Tematica_Admitere_Masterat_2020_ITIMFM.pdf<\/a>).<\/li>\n<li style=\"text-align: justify;\">Sus\u021binerea probei orale se va desf\u0103\u0219ura online si va avea loc \u00een data de <strong>21 iulie 2020<\/strong>, \u00eencep\u00e2nd cu ora <strong>10.30,<\/strong> utiliz\u00e2nd platforma <strong>Google Meet, <\/strong>fiind necesar un sistem multimedia <b><i>(camer\u0103 web, microfon, boxe<\/i>)<\/b>. V\u0103 rug\u0103m s\u0103 consulta\u021bi linkul <a href=\"https:\/\/apps.google.com\/meet\/\" target=\"_blank\" data-saferedirecturl=\"https:\/\/www.google.com\/url?q=https:\/\/apps.google.com\/meet\/&amp;source=gmail&amp;ust=1594045822102000&amp;usg=AFQjCNG74zhAJBMI-hjY5ujRgcE_bChjWA\">https:\/\/apps.google.com\/meet\/<\/a>.<\/li>\n<li style=\"text-align: justify;\">Candida\u021bii vor primi pe adresele de email furnizate la \u00eenscriere, link-ul particip\u0103rii la sesiunea de examinare \u0219i ora aproximativ\u0103 de examinare.\u00a0Ace\u0219tia vor ar\u0103ta comisiei un act de identitate<em>;<\/em><\/li>\n<li>\n<div style=\"text-align: justify;\"><em><strong>Important!<\/strong><\/em> Pentru \u00eentreb\u0103ri privind programul de studiu de master din domeniul Informatic\u0103 sau modul de lucru cu Google Meet\u00a0 trimite\u021bi mesaj la adresa <a href=\"mailto:itimf@upg-ploiesti.ro\" target=\"_blank\">itimf@upg-ploiesti.ro<\/a><\/div>\n<\/li>\n<\/ul>\n<\/li>\n<li><a href=\"https:\/\/timf.upg-ploiesti.ro\/ls\/wp-content\/uploads\/2019\/06\/Tematica-admitere-master-2020-Stiinte-ale-Educatiei-iulie-sept.pdf\">Domeniul \u0218tiin\u021be ale Educa\u021biei &#8211; specializ\u0103ri: Consiliere \u0218colar\u0103 \u015fi Dezvoltarea carierei (CSDC) \u0219i Management Educa\u021bional \u015fi Integrare European\u0103 (MEIE)<\/a>;\n<ul>\n<li><em>forma de examinare &#8211; eseu, \u00eenc\u0103rcat pe platforma online sau depus \u00een dosarul fizic la sediul UPG;<\/em><\/li>\n<\/ul>\n<\/li>\n<li><span style=\"color: #0b2000;\"><a href=\"https:\/\/timf.upg-ploiesti.ro\/ls\/wp-content\/uploads\/2019\/06\/Tematica-admitere-master-2020-Stiinte-Administrative.pdf\">Domeniul \u0218tiin\u021be Administrative &#8211; specializarea: Administra\u0163ie public\u0103 \u015fi integrare european\u0103 (APIE);<\/a><\/span>\n<ul>\n<li><i>forma de examinare &#8211; eseu<\/i>,\u00a0<em>\u00eenc\u0103rcat pe platforma online sau depus \u00een dosarul fizic la sediul UPG.<\/em><\/li>\n<\/ul>\n<\/li>\n<\/ul>\n","protected":false},"excerpt":{"rendered":"<p>Tematica examenului de admitere la studii universitare de master: Domeniul Filologie &#8211; specializ\u0103ri: Concepte \u0219i Strategii de Comunicare Intercultural\u0103 (CSCI) \u0219i Studii Culturale Rom\u00e2ne\u0219ti \u00een Context European(SCRCE); forma de examinare &#8211; eseu, \u00eenc\u0103rcat pe platforma online sau depus \u00een dosarul fizic la sediul UPG; Domeniul Informatic\u0103 &#8211; specializarea: Tehnologii Avansate pentru Prelucrarea Informa\u021biei; Forma de &hellip; <a href=\"https:\/\/timf.upg-ploiesti.ro\/ls\/admitere-2\/admitere\/studii-universitare-de-master\/\" class=\"more-link\">Continue reading <span class=\"screen-reader-text\">Tematica admitere Master<\/span> <span class=\"meta-nav\">&rarr;<\/span><\/a><\/p>\n","protected":false},"author":3,"featured_media":0,"parent":649,"menu_order":1,"comment_status":"closed","ping_status":"closed","template":"","meta":[],"_links":{"self":[{"href":"https:\/\/timf.upg-ploiesti.ro\/ls\/wp-json\/wp\/v2\/pages\/1292"}],"collection":[{"href":"https:\/\/timf.upg-ploiesti.ro\/ls\/wp-json\/wp\/v2\/pages"}],"about":[{"href":"https:\/\/timf.upg-ploiesti.ro\/ls\/wp-json\/wp\/v2\/types\/page"}],"author":[{"embeddable":true,"href":"https:\/\/timf.upg-ploiesti.ro\/ls\/wp-json\/wp\/v2\/users\/3"}],"replies":[{"embeddable":true,"href":"https:\/\/timf.upg-ploiesti.ro\/ls\/wp-json\/wp\/v2\/comments?post=1292"}],"version-history":[{"count":29,"href":"https:\/\/timf.upg-ploiesti.ro\/ls\/wp-json\/wp\/v2\/pages\/1292\/revisions"}],"predecessor-version":[{"id":2482,"href":"https:\/\/timf.upg-ploiesti.ro\/ls\/wp-json\/wp\/v2\/pages\/1292\/revisions\/2482"}],"up":[{"embeddable":true,"href":"https:\/\/timf.upg-ploiesti.ro\/ls\/wp-json\/wp\/v2\/pages\/649"}],"wp:attachment":[{"href":"https:\/\/timf.upg-ploiesti.ro\/ls\/wp-json\/wp\/v2\/media?parent=1292"}],"curies":[{"name":"wp","href":"https:\/\/api.w.org\/{rel}","templated":true}]}}