{"id":1112,"date":"2019-03-04T12:38:58","date_gmt":"2019-03-04T10:38:58","guid":{"rendered":"https:\/\/timf.upg-ploiesti.ro\/ls\/?page_id=1112"},"modified":"2019-04-01T12:53:21","modified_gmt":"2019-04-01T09:53:21","slug":"bacalaureat","status":"publish","type":"page","link":"https:\/\/timf.upg-ploiesti.ro\/ls\/bacalaureat\/","title":{"rendered":"Bacalaureat"},"content":{"rendered":"<h3>PREG\u0102TIRE BACALAUREAT<\/h3>\n<p>Universitatea Petrol-Gaze din Ploie\u0219ti, prin Facultatea de Litere \u0219i \u0218tiin\u021be, organizeaz\u0103 \u00een anul 2019, preg\u0103tire pentru examenul de Bacalaureat.<br \/>\nCursurile de preg\u0103tire sunt organizate <strong>gratuit<\/strong> la disciplinele <em>Limba \u0219i literatura rom\u00e2n\u0103<\/em>, <em>Matematic\u0103<\/em>, <em>competen\u021be lingvistice (englez\u0103, francez\u0103)<\/em> \u0219i discipline la alegere din aria curricular\u0103 <em>Om \u0219i Societate (logic\u0103, filosofie, psihologie)<\/em>.<\/p>\n<p><strong><span style=\"color: #008000;\"><em>Formularul pentru \u00eenscriere la aceste cursuri este disponibil<\/em><\/span><\/strong> <a href=\"https:\/\/goo.gl\/forms\/H70TggCKujCJDwfz1\">aici<\/a>.<\/p>\n<p>Programul preg\u0103tirii pentru examenul de bacalaureat este:<\/p>\n<ul>\n<li><a href=\"https:\/\/timf.upg-ploiesti.ro\/ls\/wp-content\/uploads\/2019\/03\/program_matematica.pdf\" target=\"_blank\">Matematic\u0103<\/a> &#8211; Sala FA1<\/li>\n<li>\n<div><a href=\"https:\/\/timf.upg-ploiesti.ro\/ls\/wp-content\/uploads\/2019\/03\/program_ro_en_fr2019aprilie.pdf\">Limba \u0219i literatura rom\u00e2n\u0103<\/a> &#8211; Sala FA2<\/div>\n<\/li>\n<li>\n<div><a href=\"https:\/\/timf.upg-ploiesti.ro\/ls\/wp-content\/uploads\/2019\/03\/program_ro_en_fr2019aprilie.pdf\">Englez\u0103<\/a> &#8211; Sala AII1<\/div>\n<\/li>\n<li>\n<div><a href=\"https:\/\/timf.upg-ploiesti.ro\/ls\/wp-content\/uploads\/2019\/03\/program_ro_en_fr2019aprilie.pdf\">Francez\u0103<\/a> &#8211; Sala AII3<\/div>\n<\/li>\n<li>\n<div><a href=\"https:\/\/timf.upg-ploiesti.ro\/ls\/wp-content\/uploads\/2019\/03\/program_Logica.pdf\" target=\"_blank\">Logic\u0103<\/a> &#8211; Sala JII9<\/div>\n<\/li>\n<li>\n<div><a href=\"https:\/\/timf.upg-ploiesti.ro\/ls\/wp-content\/uploads\/2019\/03\/program_psihologie.pdf\">Psihologie<\/a> &#8211; Sala JII10<\/div>\n<\/li>\n<\/ul>\n","protected":false},"excerpt":{"rendered":"<p>PREG\u0102TIRE BACALAUREAT Universitatea Petrol-Gaze din Ploie\u0219ti, prin Facultatea de Litere \u0219i \u0218tiin\u021be, organizeaz\u0103 \u00een anul 2019, preg\u0103tire pentru examenul de Bacalaureat. Cursurile de preg\u0103tire sunt organizate gratuit la disciplinele Limba \u0219i literatura rom\u00e2n\u0103, Matematic\u0103, competen\u021be lingvistice (englez\u0103, francez\u0103) \u0219i discipline la alegere din aria curricular\u0103 Om \u0219i Societate (logic\u0103, filosofie, psihologie). Formularul pentru \u00eenscriere la &hellip; <a href=\"https:\/\/timf.upg-ploiesti.ro\/ls\/bacalaureat\/\" class=\"more-link\">Continue reading <span class=\"screen-reader-text\">Bacalaureat<\/span> <span class=\"meta-nav\">&rarr;<\/span><\/a><\/p>\n","protected":false},"author":3,"featured_media":0,"parent":0,"menu_order":10,"comment_status":"closed","ping_status":"closed","template":"","meta":[],"_links":{"self":[{"href":"https:\/\/timf.upg-ploiesti.ro\/ls\/wp-json\/wp\/v2\/pages\/1112"}],"collection":[{"href":"https:\/\/timf.upg-ploiesti.ro\/ls\/wp-json\/wp\/v2\/pages"}],"about":[{"href":"https:\/\/timf.upg-ploiesti.ro\/ls\/wp-json\/wp\/v2\/types\/page"}],"author":[{"embeddable":true,"href":"https:\/\/timf.upg-ploiesti.ro\/ls\/wp-json\/wp\/v2\/users\/3"}],"replies":[{"embeddable":true,"href":"https:\/\/timf.upg-ploiesti.ro\/ls\/wp-json\/wp\/v2\/comments?post=1112"}],"version-history":[{"count":15,"href":"https:\/\/timf.upg-ploiesti.ro\/ls\/wp-json\/wp\/v2\/pages\/1112\/revisions"}],"predecessor-version":[{"id":1116,"href":"https:\/\/timf.upg-ploiesti.ro\/ls\/wp-json\/wp\/v2\/pages\/1112\/revisions\/1116"}],"wp:attachment":[{"href":"https:\/\/timf.upg-ploiesti.ro\/ls\/wp-json\/wp\/v2\/media?parent=1112"}],"curies":[{"name":"wp","href":"https:\/\/api.w.org\/{rel}","templated":true}]}}