{"id":10,"date":"2015-10-03T13:03:25","date_gmt":"2015-10-03T13:03:25","guid":{"rendered":"https:\/\/timf.upg-ploiesti.ro\/ls\/?page_id=10"},"modified":"2020-07-02T20:22:05","modified_gmt":"2020-07-02T17:22:05","slug":"prezentare","status":"publish","type":"page","link":"https:\/\/timf.upg-ploiesti.ro\/ls\/prezentare\/","title":{"rendered":"Prezentare"},"content":{"rendered":"<p>Facultatea de Litere \u0219i \u0218tiinte a fost \u00eenfiin\u021bat\u0103 \u00een anul 1992, atunci c\u00e2nd fostul Institut de Petrol \u0219i Gaze s-a transformat \u00een universitate, beneficiind de profesionalismul \u0219i, \u00een egal\u0103 m\u0103sur\u0103, entuziasmul echipei care a \u00eentreprins acest demers. \u00cen prezent cele trei departamente ale facult\u0103\u021bii noastre sus\u021bin 7 programe de studii la nivel de licen\u021b\u0103 \u0219i 6 la nivel de masterat (inv\u0103\u021b\u0103m\u00e2nt cu frecven\u021b\u0103 ):<\/p>\n<p><strong>Licen\u021b\u0103<\/strong><\/p>\n<p>Domeniu: Limb\u0103 \u0219i literatur\u0103; Specializ\u0103ri:<\/p>\n<ol>\n<li>Limba \u0219i literatura rom\u00e2n\u0103 &#8211; limba \u0219i literatura englez\u0103<\/li>\n<li>Limba \u0219i literatura englez\u0103 &#8211; limba \u0219i literatura francez\u0103<\/li>\n<\/ol>\n<p>Domeniu: Informatic\u0103; Specializare: Informatic\u0103<\/p>\n<p>Domeniu: Stiin\u021be administrative; Specializ\u0103ri:<\/p>\n<ol>\n<li>Administra\u021bie public\u0103<\/li>\n<li>Asisten\u021b\u0103 managerial\u0103 \u0219i administrativ\u0103<\/li>\n<\/ol>\n<p>Domeniu: Stiin\u021be ale educa\u021biei; Specializ\u0103ri:<\/p>\n<ol>\n<li>Pedagogie<\/li>\n<li>Pedagogia \u00eenv\u0103\u021b\u0103m\u00e2ntului primar \u0219i pre\u0219colar<\/li>\n<\/ol>\n<p><strong>Master<\/strong><\/p>\n<p>Domeniu: Filologie; Programe:<\/p>\n<ol>\n<li>Concepte \u0219i strategii de comunicare\u00a0 intercultural\u0103<\/li>\n<li>Studii culturale rom\u00e2ne\u0219ti \u00een context european<\/li>\n<\/ol>\n<p>Domeniu: Informatic\u0103; Program: Tehnologii avansate pentru prelucrarea informa\u021biei<\/p>\n<p>Domeniu: \u0218tiin\u021be administrative; Program: Administra\u021bie public\u0103 \u0219i integrare european\u0103<\/p>\n<p>Domeniu: \u0218tiin\u021be ale educa\u021biei; Programe:<\/p>\n<ol>\n<li>Consiliere \u0219colar\u0103 \u0219i dezvoltarea carierei<\/li>\n<li>Management educa\u021bional \u0219i integrare european\u0103<\/li>\n<\/ol>\n<p><strong>Contact<\/strong><\/p>\n<p class=\"contact-position\"><strong>Universitatea Petrol-Gaze din Ploie\u0219ti<\/strong><br \/>\n<strong> Facultatea de Litere \u0219i \u0218tiin\u021be<\/strong><\/p>\n<div class=\"contact-address\"><span class=\"jicons-icons\"> Adresa: <\/span><span class=\"contact-street\">B-dul Bucure\u015fti, nr.39, <\/span><span class=\"contact-suburb\">Ploiesti, <\/span> <span class=\"contact-state\"> Prahova, <\/span> <span class=\"contact-postcode\"> 100680 <\/span> <span class=\"contact-country\"> Romania<\/span><\/div>\n<p>Telefon: +40762244662<\/p>\n<p><span class=\"jicons-icons\">\u00a0F<\/span><span class=\"contact-fax\">ax: +40244575847 <\/span><\/p>\n<p>Email: ls@upg-ploiesti.ro<\/p>\n<p><strong>Departamente<\/strong><\/p>\n<ul>\n<li><a href=\"http:\/\/informatica.upg-ploiesti.ro\"><span class=\"albastru_rosu\">Informatic\u0103, Tehnologia Informa\u0163iei, Matematic\u0103 \u015fi Fizic\u0103<\/span><\/a>\n<ul>\n<li>adresa email: itimf@upg-ploiesti.ro<\/li>\n<\/ul>\n<\/li>\n<li><a class=\"albastru_rosu\" href=\"http:\/\/filologie.upg-ploiesti.ro\/\">Filologie<\/a><\/li>\n<li><a href=\"http:\/\/dse.upg-ploiesti.ro\">\u015etiin\u0163ele Educa\u0163iei<\/a><\/li>\n<\/ul>\n<p>\u00cen cadrul Departamentului de Filologie al\u00a0 Facult\u0103\u021bii de Litere \u0219i \u0218tiin\u021be func\u021bioneaz\u0103 <i>Colectivul de Limb\u0103, cultur\u0103 \u0219i civiliza\u021bie rom\u00e2neasc\u0103<\/i>. Acesta coordoneaz\u0103 instruirea studen\u021biilor din <strong>Anul preg\u0103titor<\/strong>. Informa\u021bii suplimentare g\u0103si\u021bi <a href=\"http:\/\/filologie.upg-ploiesti.ro\/programe-de-studiu\/anul-pregatitor\/\">aici<\/a>.<\/p>\n<hr \/>\n<p><strong>Decan<\/strong><\/p>\n<div>Prof. univ. dr. Mihaela SUDITU<\/div>\n<div>\n<div>\n<p>E-mail: msuditu at upg-ploiesti.ro<\/p>\n<\/div>\n<\/div>\n<div>\n<p><strong>Prodecani<\/strong><\/p>\n<\/div>\n<div>Conf. univ. dr. Cristina IRIDON<strong><br \/>\n<\/strong><\/div>\n<div>\n<div>\n<div>\n<p>E-mail: cristinairidon at yahoo.com<\/p>\n<div>\u0218ef lucr. dr. ing. Irina IONI\u021a\u0102<\/div>\n<div>\n<div>\n<p>E-mail: irinat at upg-ploiesti.ro<\/p>\n<\/div>\n<\/div>\n<div>\n<div>\n<hr \/>\n<p><strong>Secretare <\/strong>Angelica Vica, Nicoleta Florea<\/p>\n<\/div>\n<p>Telefon secretariat \u0219i decanat: +40762244662<\/p>\n<p>Fax +40-244-575 847<\/p>\n<p>Email: ls@upg-ploiesti.ro<\/p>\n<div>\n<hr \/>\n<\/div>\n<div><\/div>\n<div>\n<p>&nbsp;<\/p>\n<\/div>\n<\/div>\n<\/div>\n<\/div>\n<\/div>\n","protected":false},"excerpt":{"rendered":"<p>Facultatea de Litere \u0219i \u0218tiinte a fost \u00eenfiin\u021bat\u0103 \u00een anul 1992, atunci c\u00e2nd fostul Institut de Petrol \u0219i Gaze s-a transformat \u00een universitate, beneficiind de profesionalismul \u0219i, \u00een egal\u0103 m\u0103sur\u0103, entuziasmul echipei care a \u00eentreprins acest demers. \u00cen prezent cele trei departamente ale facult\u0103\u021bii noastre sus\u021bin 7 programe de studii la nivel de licen\u021b\u0103 \u0219i &hellip; <a href=\"https:\/\/timf.upg-ploiesti.ro\/ls\/prezentare\/\" class=\"more-link\">Continue reading <span class=\"screen-reader-text\">Prezentare<\/span> <span class=\"meta-nav\">&rarr;<\/span><\/a><\/p>\n","protected":false},"author":2,"featured_media":0,"parent":0,"menu_order":0,"comment_status":"closed","ping_status":"closed","template":"","meta":[],"_links":{"self":[{"href":"https:\/\/timf.upg-ploiesti.ro\/ls\/wp-json\/wp\/v2\/pages\/10"}],"collection":[{"href":"https:\/\/timf.upg-ploiesti.ro\/ls\/wp-json\/wp\/v2\/pages"}],"about":[{"href":"https:\/\/timf.upg-ploiesti.ro\/ls\/wp-json\/wp\/v2\/types\/page"}],"author":[{"embeddable":true,"href":"https:\/\/timf.upg-ploiesti.ro\/ls\/wp-json\/wp\/v2\/users\/2"}],"replies":[{"embeddable":true,"href":"https:\/\/timf.upg-ploiesti.ro\/ls\/wp-json\/wp\/v2\/comments?post=10"}],"version-history":[{"count":34,"href":"https:\/\/timf.upg-ploiesti.ro\/ls\/wp-json\/wp\/v2\/pages\/10\/revisions"}],"predecessor-version":[{"id":2454,"href":"https:\/\/timf.upg-ploiesti.ro\/ls\/wp-json\/wp\/v2\/pages\/10\/revisions\/2454"}],"wp:attachment":[{"href":"https:\/\/timf.upg-ploiesti.ro\/ls\/wp-json\/wp\/v2\/media?parent=10"}],"curies":[{"name":"wp","href":"https:\/\/api.w.org\/{rel}","templated":true}]}}